{"id":103362,"date":"2025-04-12T22:28:17","date_gmt":"2025-04-12T19:35:14","guid":{"rendered":"https:\/\/factory.sale\/?post_type=product&#038;p=103362"},"modified":"2025-04-12T23:11:26","modified_gmt":"2025-04-12T20:11:26","slug":"harvia-takkakiuas-50-sl-20-50m%c2%b3","status":"publish","type":"product","link":"https:\/\/factory.sale\/fi\/tuote\/harvia-takkakiuas-50-sl-20-50m%c2%b3\/","title":{"rendered":"Harvia takkakiuas 50 SL, 20-50m\u00b3"},"content":{"rendered":"<div class=\"video-wrapper \"><\/div>\n<p>&nbsp;<\/p>\n<p><strong>Tuotenumero:<\/strong> HARWK500SL<\/p>\n<p><strong>GTIN-koodi:<\/strong> 6417659001182<\/p>\n<p>&nbsp;<\/p>\n<p>Harvia 50 SL on korkealaatuinen ja monik\u00e4ytt\u00f6inen takkakiuas suuriin saunoihin ja suunniteltu l\u00f6ylytt\u00e4m\u00e4\u00e4n isojakin ryhmi\u00e4 kerralla. Harvia 50 SL on tunnelikiuas, joka asennetaan saunaan ja kiukaan tulipes\u00e4n luukku sein\u00e4n l\u00e4pi toiseen huoneeseen, jolloin kiuas toimii viereisen huoneen takkana tarjoten mahdollisuuden esimerkiksi makkaranpaistoon.<\/p>\n<p>Grafiitinmusta Harvia 50 SL puukiuas sis\u00e4lt\u00e4\u00e4 mahtavan kivim\u00e4\u00e4r\u00e4n, joka takaa tasaiset l\u00f6ylyt suuressa tilassa. Kiukaan luukun k\u00e4tisyys on valittavissa. T\u00e4m\u00e4 yhteis\u00f6kiuas soveltuu mainiosti esimerkiksi urheilu- ja leirikeskuksiin sek\u00e4 suuriin palveluyritysten saunoihin.<\/p>\n<p>&nbsp;<\/p>\n<p>&nbsp;<\/p>\n<p><strong>Tuotetiedot:<\/strong><\/p>\n<ul>\n<li>Tuotemerkki: Harvia<\/li>\n<li>Kiuasmalli: 50<\/li>\n<li>Takuuaika: 2 vuotta (kattaa materiaali- ja valmistusvirheet)<\/li>\n<\/ul>\n<p>&nbsp;<\/p>\n<p><strong>Tuotteen mitat:<\/strong><\/p>\n<ul>\n<li>Korkeus (mm): 1 050<\/li>\n<li>Leveys (mm): 510<\/li>\n<li>Hormiliit\u00e4nn\u00e4n halkaisija (mm): 140<\/li>\n<li>Tuotteen paino (kg): 175<\/li>\n<\/ul>\n<p>&nbsp;<\/p>\n<p>&nbsp;<\/p>\n<p><strong>Tuotteen ominaisuudet:<\/strong><\/p>\n<ul>\n<li>V\u00e4ri: Musta<\/li>\n<li>Materiaali: Ter\u00e4s<\/li>\n<li>Kiukaan tyyppi: Sein\u00e4n l\u00e4pi l\u00e4mmitett\u00e4v\u00e4, Suursaunakiuas<\/li>\n<li>Vesis\u00e4ili\u00f6llinen: Ei<\/li>\n<li>Syvyys+tulitilan jatke: 71,5 + 19,5 cm<\/li>\n<li>Umpiluukku, k\u00e4tisyys valittavissa<\/li>\n<li>Suositeltu kiuaskiven koko: \u00d8 10\u201315 cm<\/li>\n<li>Tulikannen paksuus: 10 mm<\/li>\n<li>Polttopuun pituus: 61 cm (max)<\/li>\n<li>Polttopuun halkaisija: 8-15 cm<\/li>\n<li>Nimellisteho: 40 kW<\/li>\n<li>Savuhormilta vaadittava l\u00e4mp\u00f6tilaluokka: T600<\/li>\n<li>Savuaukon sijainti p\u00e4\u00e4ll\u00e4 takareunasta keskelle reik\u00e4\u00e4: 580 mm<\/li>\n<li>Muuratut sein\u00e4t (B): Kiukaan ja seinien v\u00e4liin 50 mm ilmarako. Mik\u00e4li asennetaan sein\u00e4syvennykseen, j\u00e4t\u00e4 100 mm ilmarako<\/li>\n<li>Suojaet\u00e4isyydet ovat minimiet\u00e4isyyksi\u00e4, tutustu my\u00f6s kiukaan asennusohjeeseen<\/li>\n<li>Saatavilla olevat lis\u00e4tarvikkeet: Saunatarvikkeita<\/li>\n<li>Kiuaskivet eiv\u00e4t sis\u00e4lly perustoimitukseen (tilattavissa erikseen)<\/li>\n<li>Asentaminen betoni- tai tiilisein\u00e4\u00e4n tehtyyn aukkoon:<\/li>\n<li>Aukon leveys v\u00e4hint\u00e4\u00e4n: 350 mm<\/li>\n<li>Aukon korkeus v\u00e4hint\u00e4\u00e4n: 615 mm (lattiasta mitattuna)<\/li>\n<li>Sein\u00e4n enimm\u00e4ispaksuus: 150 mm<\/li>\n<li>Tarkemmat tiedot l\u00f6yd\u00e4t kiukaan k\u00e4ytt\u00f6ohjeesta<\/li>\n<\/ul>\n<p>&nbsp;<\/p>\n<p><strong>Tuotteen tekniset tiedot:<\/strong><\/p>\n<ul>\n<li>Kivim\u00e4\u00e4r\u00e4, max. (kg): 120<\/li>\n<\/ul>\n<p>&nbsp;<\/p>\n<p>&nbsp;<\/p>\n<p><strong>Tuotteen asentaminen ja k\u00e4ytt\u00f6\u00f6notto:<\/strong><\/p>\n<ul>\n<li>Saunan tilavuus, min. (m\u00b3): 20<\/li>\n<li>Saunan tilavuus, max. (m\u00b3): 50<\/li>\n<li>Suojaet\u00e4isyys kattoon (mm): 1 200<\/li>\n<li>Suojaet\u00e4isyys sivulle (mm): 500<\/li>\n<li>Hormiliit\u00e4nn\u00e4n sijainti: P\u00e4\u00e4ll\u00e4<\/li>\n<\/ul>\n<p>&nbsp;<\/p>\n<p>&nbsp;<\/p>\n<p><strong>Pakkauksen mitat ja paino:<\/strong><\/p>\n<ul>\n<li>Pakkauksen leveys (mm): 800,00<\/li>\n<li>Pakkauksen korkeus (mm): 1 240,00<\/li>\n<li>Pakkauksen syvyys (mm): 1 200,00<\/li>\n<li>Rahtipaino (kg): 206,50<\/li>\n<\/ul>\n<p>&nbsp;<\/p>\n<p>&nbsp;<\/p>\n<p><a href=\"https:\/\/factory.sale\/wp-content\/uploads\/2025\/04\/PKSL_FISVENDERUET_Y05-0148.pdf\" target=\"_blank\" rel=\"noopener\"><img loading=\"lazy\" decoding=\"async\" class=\"alignnone wp-image-103354\" src=\"https:\/\/factory.sale\/wp-content\/uploads\/2025\/04\/Harvia-50-SL-wood-burning-heater-20\u201350-m\u00b3-factory-sale-2-300x245.webp\" alt=\"\" width=\"500\" height=\"408\" srcset=\"https:\/\/factory.sale\/wp-content\/uploads\/2025\/04\/Harvia-50-SL-wood-burning-heater-20\u201350-m\u00b3-factory-sale-2-300x245.webp 300w, https:\/\/factory.sale\/wp-content\/uploads\/2025\/04\/Harvia-50-SL-wood-burning-heater-20\u201350-m\u00b3-factory-sale-2-1024x837.webp 1024w, https:\/\/factory.sale\/wp-content\/uploads\/2025\/04\/Harvia-50-SL-wood-burning-heater-20\u201350-m\u00b3-factory-sale-2-150x123.webp 150w, https:\/\/factory.sale\/wp-content\/uploads\/2025\/04\/Harvia-50-SL-wood-burning-heater-20\u201350-m\u00b3-factory-sale-2-1536x1255.webp 1536w, https:\/\/factory.sale\/wp-content\/uploads\/2025\/04\/Harvia-50-SL-wood-burning-heater-20\u201350-m\u00b3-factory-sale-2-600x490.webp 600w, https:\/\/factory.sale\/wp-content\/uploads\/2025\/04\/Harvia-50-SL-wood-burning-heater-20\u201350-m\u00b3-factory-sale-2.webp 1562w\" sizes=\"auto, (max-width: 500px) 100vw, 500px\" \/><\/a><\/p>\n<p><a href=\"https:\/\/factory.sale\/wp-content\/uploads\/2025\/04\/PKSL_FISVENDERUET_Y05-0148.pdf\" target=\"_blank\" rel=\"noopener\"><img loading=\"lazy\" decoding=\"async\" class=\"alignnone wp-image-103357\" src=\"https:\/\/factory.sale\/wp-content\/uploads\/2025\/04\/Harvia-50-SL-wood-burning-heater-20\u201350-m\u00b3-factory-sale-3-300x180.webp\" alt=\"\" width=\"495\" height=\"297\" srcset=\"https:\/\/factory.sale\/wp-content\/uploads\/2025\/04\/Harvia-50-SL-wood-burning-heater-20\u201350-m\u00b3-factory-sale-3-300x180.webp 300w, https:\/\/factory.sale\/wp-content\/uploads\/2025\/04\/Harvia-50-SL-wood-burning-heater-20\u201350-m\u00b3-factory-sale-3-1024x615.webp 1024w, https:\/\/factory.sale\/wp-content\/uploads\/2025\/04\/Harvia-50-SL-wood-burning-heater-20\u201350-m\u00b3-factory-sale-3-150x90.webp 150w, https:\/\/factory.sale\/wp-content\/uploads\/2025\/04\/Harvia-50-SL-wood-burning-heater-20\u201350-m\u00b3-factory-sale-3-600x360.webp 600w, https:\/\/factory.sale\/wp-content\/uploads\/2025\/04\/Harvia-50-SL-wood-burning-heater-20\u201350-m\u00b3-factory-sale-3.webp 1416w\" sizes=\"auto, (max-width: 495px) 100vw, 495px\" \/><\/a><\/p>\n<p>&nbsp;<\/p>\n<p>&nbsp;<\/p>\n<p><a href=\"https:\/\/factory.sale\/wp-content\/uploads\/2025\/04\/asennus-ja-kayttoohje_50sl.pdf\" target=\"_blank\" rel=\"noopener\">Asennus- ja k\u00e4yttoohje<\/a><\/p>\n<p><a href=\"https:\/\/factory.sale\/wp-content\/uploads\/2025\/04\/yleisesite.pdf\" target=\"_blank\" rel=\"noopener\">Yleisesite<\/a><\/p>\n","protected":false},"excerpt":{"rendered":"<p>Harvia 50 SL on korkealaatuinen ja monik\u00e4ytt\u00f6inen takkakiuas suuriin saunoihin ja suunniteltu l\u00f6ylytt\u00e4m\u00e4\u00e4n isojakin ryhmi\u00e4 kerralla. Harvia 50 SL on tunnelikiuas, joka asennetaan saunaan ja kiukaan tulipes\u00e4n luukku sein\u00e4n l\u00e4pi toiseen huoneeseen, jolloin kiuas toimii viereisen huoneen takkana tarjoten mahdollisuuden esimerkiksi makkaranpaistoon.<\/p>\n","protected":false},"featured_media":103353,"comment_status":"open","ping_status":"closed","template":"","meta":{"_acf_changed":false},"factory":[],"free-shipment":[],"product_brand":[],"product_cat":[1421,484],"product_tag":[2106],"class_list":{"0":"post-103362","1":"product","2":"type-product","3":"status-publish","4":"has-post-thumbnail","6":"product_cat-harvia-fi","7":"product_cat-saunan-kiukaat","8":"product_tag-sauna-fi","10":"first","11":"instock","12":"sale","13":"taxable","14":"shipping-taxable","15":"purchasable","16":"product-type-simple"},"acf":[],"_links":{"self":[{"href":"https:\/\/factory.sale\/fi\/wp-json\/wp\/v2\/product\/103362","targetHints":{"allow":["GET"]}}],"collection":[{"href":"https:\/\/factory.sale\/fi\/wp-json\/wp\/v2\/product"}],"about":[{"href":"https:\/\/factory.sale\/fi\/wp-json\/wp\/v2\/types\/product"}],"replies":[{"embeddable":true,"href":"https:\/\/factory.sale\/fi\/wp-json\/wp\/v2\/comments?post=103362"}],"wp:featuredmedia":[{"embeddable":true,"href":"https:\/\/factory.sale\/fi\/wp-json\/wp\/v2\/media\/103353"}],"wp:attachment":[{"href":"https:\/\/factory.sale\/fi\/wp-json\/wp\/v2\/media?parent=103362"}],"wp:term":[{"taxonomy":"factory","embeddable":true,"href":"https:\/\/factory.sale\/fi\/wp-json\/wp\/v2\/factory?post=103362"},{"taxonomy":"free-shipment","embeddable":true,"href":"https:\/\/factory.sale\/fi\/wp-json\/wp\/v2\/free-shipment?post=103362"},{"taxonomy":"product_brand","embeddable":true,"href":"https:\/\/factory.sale\/fi\/wp-json\/wp\/v2\/product_brand?post=103362"},{"taxonomy":"product_cat","embeddable":true,"href":"https:\/\/factory.sale\/fi\/wp-json\/wp\/v2\/product_cat?post=103362"},{"taxonomy":"product_tag","embeddable":true,"href":"https:\/\/factory.sale\/fi\/wp-json\/wp\/v2\/product_tag?post=103362"}],"curies":[{"name":"wp","href":"https:\/\/api.w.org\/{rel}","templated":true}]}}