{"id":103322,"date":"2025-04-11T13:17:39","date_gmt":"2025-04-11T12:00:49","guid":{"rendered":"https:\/\/factory.sale\/?post_type=product&#038;p=103322"},"modified":"2025-04-12T20:57:36","modified_gmt":"2025-04-12T17:57:36","slug":"harvia-legend-300-duo-takkakiuas-15-30m%c2%b3","status":"publish","type":"product","link":"https:\/\/factory.sale\/fi\/tuote\/harvia-legend-300-duo-takkakiuas-15-30m%c2%b3\/","title":{"rendered":"Harvia Legend 300 Duo takkakiuas, 15-30m\u00b3"},"content":{"rendered":"<div class=\"video-wrapper \"><\/div>\n<p>&nbsp;<\/p>\n<p><strong>Tuotenumero:<\/strong> HARWK300LDLUX<\/p>\n<p><strong>GTIN-koodi:<\/strong> 6417659012409<\/p>\n<p>&nbsp;<\/p>\n<p>Harvia Legend 300 Duo on todella n\u00e4ytt\u00e4v\u00e4 tunnelikiuas, joka on valmistettu k\u00e4sity\u00f6n\u00e4. T\u00e4m\u00e4 takkakiuas tarjoaa tuplasti mahdollisuuksia nauttia el\u00e4v\u00e4n tulen tunnelmasta ja l\u00e4mm\u00f6st\u00e4. Mustaan ter\u00e4skehikkoon mahtuu suuri m\u00e4\u00e4r\u00e4 kiuaskivi\u00e4, jotka pit\u00e4v\u00e4t huolen ainutlaatuisista l\u00f6ylyist\u00e4. Harvia Legend 300 Duo puukiuas asennetaan saunaan ja tulipes\u00e4n luukku sein\u00e4n l\u00e4pi toiseen huoneeseen, jolloin kiuas toimii takkana esimerkiksi olohuoneessa. Kiuas on yhteensopiva tyylikk\u00e4\u00e4n Harvia Duo lasisein\u00e4n kanssa, jolla saat kauniin lopputuloksen t\u00e4m\u00e4n takkakiukaan asennukseen.<\/p>\n<p>Harvia Legend 300 Duo tunnelikiuas on erinomainen valinta rentouttaviin hetkiin. Nautinnollisista l\u00f6ylyist\u00e4 voit siirty\u00e4 j\u00e4lkil\u00f6ylyihin ihailemaan takkatulta ja paistamaan vaikka makkaraa tai vaahtokarkkeja sek\u00e4 nauttimaan virvokkeita. Kiukaassa on puiden puhtaan palamisen mahdollistava nykyaikainen arinarakenne ja tavallista pienemm\u00e4t suojaet\u00e4isyydet palaviin materiaaleihin. T\u00e4m\u00e4 puukiuas on varustettu asennusta helpottavilla s\u00e4\u00e4dett\u00e4vill\u00e4 jaloilla ja my\u00f6s luukun k\u00e4tisyys on valittavissa.<\/p>\n<p>&nbsp;<\/p>\n<p>&nbsp;<\/p>\n<p><strong>Tuotetiedot:<\/strong><\/p>\n<ul>\n<li>Tuotemerkki: Harvia<\/li>\n<li>Kiuasmalli: Duo, Legend<\/li>\n<li>Takuuaika: 2 vuotta (kattaa materiaali- ja valmistusvirheet)<\/li>\n<\/ul>\n<p>&nbsp;<\/p>\n<p><strong>Tuotteen mitat:<\/strong><\/p>\n<ul>\n<li>Korkeus (mm): 1 040<\/li>\n<li>Halkaisija (mm): 600<\/li>\n<li>Hormiliit\u00e4nn\u00e4n halkaisija (mm): 115<\/li>\n<li>Tuotteen paino (kg): 99<\/li>\n<\/ul>\n<p>&nbsp;<\/p>\n<p><strong>Tuotteen ominaisuudet:\u00a0<\/strong><\/p>\n<ul>\n<li>V\u00e4ri: Musta<\/li>\n<li>Materiaali: Ter\u00e4s<\/li>\n<li>Kiukaan tyyppi: Sein\u00e4n l\u00e4pi l\u00e4mmitett\u00e4v\u00e4, Suursaunakiuas, Verkkokiuas<\/li>\n<li>Vesis\u00e4ili\u00f6llinen: Ei<\/li>\n<li>S\u00e4\u00e4t\u00f6jalat: 0-3 cm<\/li>\n<li>Syvyys+tulitilan jatke: 66 + 12 cm<\/li>\n<li>Harvian pajamestarin k\u00e4sintekem\u00e4 taidonn\u00e4yte<\/li>\n<li>Valurautainen lasiluukku, k\u00e4tisyys valittavissa<\/li>\n<li>Suositeltu kiuaskiven koko: \u00d8 10\u201315 cm<\/li>\n<li>Tulikannen paksuus: 6 mm<\/li>\n<li>Polttopuun pituus: 47 cm (max)<\/li>\n<li>Polttopuun halkaisija: 8-15 cm<\/li>\n<li>Nimellisteho: 23,5 kW<\/li>\n<li>Savuhormilta vaadittava l\u00e4mp\u00f6tilaluokka: T600<\/li>\n<li>Savuaukon sijainti takana lattiasta keskelle reik\u00e4\u00e4: 690 mm<\/li>\n<li>Savuaukon sijainti p\u00e4\u00e4ll\u00e4 takareunasta keskelle reik\u00e4\u00e4: 210 \u00b1 5 mm<\/li>\n<li>Muuratut sein\u00e4t (E): J\u00e4t\u00e4 kiukaan ja seinien v\u00e4liin 50 mm ilmarako. Jos asennetaan sein\u00e4syvennykseen, j\u00e4t\u00e4 100 mm ilmarako<\/li>\n<li>Suojaet\u00e4isyydet ovat minimiet\u00e4isyyksi\u00e4, tutustu my\u00f6s kiukaan asennusohjeeseen<\/li>\n<li>Saatavilla olevat lis\u00e4tarvikkeet: Harvia Duo lasisein\u00e4t, suojakaide SASPO240, suojasein\u00e4 WL200, suoja-alusta WL110, savuputkensuoja WL300, vedenl\u00e4mmitin Harvia Legend, Harvia Legend saunatarvikkeita<\/li>\n<li>Kiuaskivet eiv\u00e4t sis\u00e4lly perustoimitukseen (tilattavissa erikseen)<\/li>\n<li>Asentaminen betoni- tai tiilisein\u00e4\u00e4n tehtyyn aukkoon:<\/li>\n<li>Aukon leveys v\u00e4hint\u00e4\u00e4n: 405 mm<\/li>\n<li>Aukon korkeus v\u00e4hint\u00e4\u00e4n: 485 mm (lattiasta mitattuna)<\/li>\n<li>Sein\u00e4n enimm\u00e4ispaksuus: 120 mm<\/li>\n<li>Tarkemmat tiedot l\u00f6yd\u00e4t kiukaan k\u00e4ytt\u00f6ohjeesta<\/li>\n<li>Harvia Duo lasisein\u00e4asennus: Noudata lasisein\u00e4n omaa ohjetta<\/li>\n<\/ul>\n<p>&nbsp;<\/p>\n<p>&nbsp;<\/p>\n<p><strong>Tuotteen tekniset tiedot:\u00a0<\/strong><\/p>\n<ul>\n<li>Kivim\u00e4\u00e4r\u00e4, max. (kg): 260<\/li>\n<\/ul>\n<p>&nbsp;<\/p>\n<p>&nbsp;<\/p>\n<p><strong>Tuotteen asentaminen ja k\u00e4ytt\u00f6\u00f6notto:<\/strong><\/p>\n<ul>\n<li>Saunan tilavuus, min. (m\u00b3): 15<\/li>\n<li>Saunan tilavuus, max. (m\u00b3): 30<\/li>\n<li>Suojaet\u00e4isyys kattoon (mm): 1 000<\/li>\n<li>Suojaet\u00e4isyys sivulle (mm): 200<\/li>\n<li>Suojaet\u00e4isyys eteen (mm): 700<\/li>\n<li>Suojaet\u00e4isyys taakse (mm): 250<\/li>\n<li>Hormiliit\u00e4nn\u00e4n sijainti: P\u00e4\u00e4ll\u00e4, Takana<\/li>\n<\/ul>\n<p>&nbsp;<\/p>\n<p><strong>Pakkauksen mitat ja paino:\u00a0<\/strong><\/p>\n<ul>\n<li>Pakkauksen leveys (mm): 810,00<\/li>\n<li>Pakkauksen korkeus (mm): 1 060,00<\/li>\n<li>Pakkauksen syvyys (mm): 620,00<\/li>\n<li>Rahtipaino (kg): 101,30<\/li>\n<\/ul>\n<p>&nbsp;<\/p>\n<p><img loading=\"lazy\" decoding=\"async\" class=\"alignnone wp-image-103308\" src=\"https:\/\/factory.sale\/wp-content\/uploads\/2025\/04\/Harvia-Legend-300-Duo-fireplace-heater-15\u201330-m\u00b3-factory-sale-7-300x157.webp\" alt=\"\" width=\"518\" height=\"271\" srcset=\"https:\/\/factory.sale\/wp-content\/uploads\/2025\/04\/Harvia-Legend-300-Duo-fireplace-heater-15\u201330-m\u00b3-factory-sale-7-300x157.webp 300w, https:\/\/factory.sale\/wp-content\/uploads\/2025\/04\/Harvia-Legend-300-Duo-fireplace-heater-15\u201330-m\u00b3-factory-sale-7-1024x536.webp 1024w, https:\/\/factory.sale\/wp-content\/uploads\/2025\/04\/Harvia-Legend-300-Duo-fireplace-heater-15\u201330-m\u00b3-factory-sale-7-150x79.webp 150w, https:\/\/factory.sale\/wp-content\/uploads\/2025\/04\/Harvia-Legend-300-Duo-fireplace-heater-15\u201330-m\u00b3-factory-sale-7-1536x804.webp 1536w, https:\/\/factory.sale\/wp-content\/uploads\/2025\/04\/Harvia-Legend-300-Duo-fireplace-heater-15\u201330-m\u00b3-factory-sale-7-600x314.webp 600w, https:\/\/factory.sale\/wp-content\/uploads\/2025\/04\/Harvia-Legend-300-Duo-fireplace-heater-15\u201330-m\u00b3-factory-sale-7.webp 2002w\" sizes=\"auto, (max-width: 518px) 100vw, 518px\" \/><\/p>\n<p><img loading=\"lazy\" decoding=\"async\" class=\"alignnone wp-image-103311\" src=\"https:\/\/factory.sale\/wp-content\/uploads\/2025\/04\/Harvia-Legend-300-Duo-fireplace-heater-15\u201330-m\u00b3-factory-sale-8-300x110.webp\" alt=\"\" width=\"526\" height=\"193\" srcset=\"https:\/\/factory.sale\/wp-content\/uploads\/2025\/04\/Harvia-Legend-300-Duo-fireplace-heater-15\u201330-m\u00b3-factory-sale-8-300x110.webp 300w, https:\/\/factory.sale\/wp-content\/uploads\/2025\/04\/Harvia-Legend-300-Duo-fireplace-heater-15\u201330-m\u00b3-factory-sale-8-1024x375.webp 1024w, https:\/\/factory.sale\/wp-content\/uploads\/2025\/04\/Harvia-Legend-300-Duo-fireplace-heater-15\u201330-m\u00b3-factory-sale-8-150x55.webp 150w, https:\/\/factory.sale\/wp-content\/uploads\/2025\/04\/Harvia-Legend-300-Duo-fireplace-heater-15\u201330-m\u00b3-factory-sale-8-1536x562.webp 1536w, https:\/\/factory.sale\/wp-content\/uploads\/2025\/04\/Harvia-Legend-300-Duo-fireplace-heater-15\u201330-m\u00b3-factory-sale-8-600x220.webp 600w, https:\/\/factory.sale\/wp-content\/uploads\/2025\/04\/Harvia-Legend-300-Duo-fireplace-heater-15\u201330-m\u00b3-factory-sale-8.webp 1994w\" sizes=\"auto, (max-width: 526px) 100vw, 526px\" \/><\/p>\n<p><img loading=\"lazy\" decoding=\"async\" class=\"alignnone wp-image-103314\" src=\"https:\/\/factory.sale\/wp-content\/uploads\/2025\/04\/Harvia-Legend-300-Duo-fireplace-heater-15\u201330-m\u00b3-factory-sale-9-300x216.webp\" alt=\"\" width=\"513\" height=\"369\" srcset=\"https:\/\/factory.sale\/wp-content\/uploads\/2025\/04\/Harvia-Legend-300-Duo-fireplace-heater-15\u201330-m\u00b3-factory-sale-9-300x216.webp 300w, https:\/\/factory.sale\/wp-content\/uploads\/2025\/04\/Harvia-Legend-300-Duo-fireplace-heater-15\u201330-m\u00b3-factory-sale-9-1024x738.webp 1024w, https:\/\/factory.sale\/wp-content\/uploads\/2025\/04\/Harvia-Legend-300-Duo-fireplace-heater-15\u201330-m\u00b3-factory-sale-9-150x108.webp 150w, https:\/\/factory.sale\/wp-content\/uploads\/2025\/04\/Harvia-Legend-300-Duo-fireplace-heater-15\u201330-m\u00b3-factory-sale-9-1536x1107.webp 1536w, https:\/\/factory.sale\/wp-content\/uploads\/2025\/04\/Harvia-Legend-300-Duo-fireplace-heater-15\u201330-m\u00b3-factory-sale-9-600x433.webp 600w, https:\/\/factory.sale\/wp-content\/uploads\/2025\/04\/Harvia-Legend-300-Duo-fireplace-heater-15\u201330-m\u00b3-factory-sale-9.webp 1670w\" sizes=\"auto, (max-width: 513px) 100vw, 513px\" \/><\/p>\n<p>&nbsp;<\/p>\n<p>&nbsp;<\/p>\n<p><a href=\"https:\/\/factory.sale\/wp-content\/uploads\/2025\/04\/asennus-ja-kayttoohje-1.pdf\" target=\"_blank\" rel=\"noopener\">Asennus &#8211; ja k\u00e4ytt\u00f6ohje<\/a><\/p>\n<p><a href=\"https:\/\/factory.sale\/wp-content\/uploads\/2025\/04\/yleisesite.pdf\" target=\"_blank\" rel=\"noopener\">Yleisesite<\/a><\/p>\n<p>&nbsp;<\/p>\n<p>&nbsp;<\/p>\n<p>&nbsp;<\/p>\n<p>&nbsp;<\/p>\n<p>&nbsp;<\/p>\n<p>&nbsp;<\/p>\n","protected":false},"excerpt":{"rendered":"<p>Harvia Legend 300 Duo on todella n\u00e4ytt\u00e4v\u00e4 tunnelikiuas, joka on valmistettu k\u00e4sity\u00f6n\u00e4. T\u00e4m\u00e4 takkakiuas tarjoaa tuplasti mahdollisuuksia nauttia el\u00e4v\u00e4n tulen tunnelmasta ja l\u00e4mm\u00f6st\u00e4. Mustaan ter\u00e4skehikkoon mahtuu suuri m\u00e4\u00e4r\u00e4 kiuaskivi\u00e4, jotka pit\u00e4v\u00e4t huolen ainutlaatuisista l\u00f6ylyist\u00e4. Harvia Legend 300 Duo puukiuas asennetaan saunaan ja tulipes\u00e4n luukku sein\u00e4n l\u00e4pi toiseen huoneeseen, jolloin kiuas toimii takkana esimerkiksi olohuoneessa. Kiuas on yhteensopiva tyylikk\u00e4\u00e4n Harvia Duo lasisein\u00e4n kanssa, jolla saat kauniin lopputuloksen t\u00e4m\u00e4n takkakiukaan asennukseen.<\/p>\n","protected":false},"featured_media":103295,"comment_status":"open","ping_status":"closed","template":"","meta":{"_acf_changed":false},"factory":[],"free-shipment":[],"product_brand":[],"product_cat":[1421,484],"product_tag":[1152,2106],"class_list":{"0":"post-103322","1":"product","2":"type-product","3":"status-publish","4":"has-post-thumbnail","6":"product_cat-harvia-fi","7":"product_cat-saunan-kiukaat","8":"product_tag-harvia-fi","9":"product_tag-sauna-fi","11":"first","12":"instock","13":"sale","14":"taxable","15":"shipping-taxable","16":"purchasable","17":"product-type-simple"},"acf":[],"_links":{"self":[{"href":"https:\/\/factory.sale\/fi\/wp-json\/wp\/v2\/product\/103322","targetHints":{"allow":["GET"]}}],"collection":[{"href":"https:\/\/factory.sale\/fi\/wp-json\/wp\/v2\/product"}],"about":[{"href":"https:\/\/factory.sale\/fi\/wp-json\/wp\/v2\/types\/product"}],"replies":[{"embeddable":true,"href":"https:\/\/factory.sale\/fi\/wp-json\/wp\/v2\/comments?post=103322"}],"wp:featuredmedia":[{"embeddable":true,"href":"https:\/\/factory.sale\/fi\/wp-json\/wp\/v2\/media\/103295"}],"wp:attachment":[{"href":"https:\/\/factory.sale\/fi\/wp-json\/wp\/v2\/media?parent=103322"}],"wp:term":[{"taxonomy":"factory","embeddable":true,"href":"https:\/\/factory.sale\/fi\/wp-json\/wp\/v2\/factory?post=103322"},{"taxonomy":"free-shipment","embeddable":true,"href":"https:\/\/factory.sale\/fi\/wp-json\/wp\/v2\/free-shipment?post=103322"},{"taxonomy":"product_brand","embeddable":true,"href":"https:\/\/factory.sale\/fi\/wp-json\/wp\/v2\/product_brand?post=103322"},{"taxonomy":"product_cat","embeddable":true,"href":"https:\/\/factory.sale\/fi\/wp-json\/wp\/v2\/product_cat?post=103322"},{"taxonomy":"product_tag","embeddable":true,"href":"https:\/\/factory.sale\/fi\/wp-json\/wp\/v2\/product_tag?post=103322"}],"curies":[{"name":"wp","href":"https:\/\/api.w.org\/{rel}","templated":true}]}}