{"id":103275,"date":"2025-04-11T12:34:05","date_gmt":"2025-04-11T09:51:44","guid":{"rendered":"https:\/\/factory.sale\/?post_type=product&#038;p=103275"},"modified":"2025-04-12T21:03:19","modified_gmt":"2025-04-12T18:03:19","slug":"harvia-36-pro-puukiuas-14-36m%c2%b3","status":"publish","type":"product","link":"https:\/\/factory.sale\/fi\/tuote\/harvia-36-pro-puukiuas-14-36m%c2%b3\/","title":{"rendered":"Harvia 36 Pro puukiuas , 14-36m\u00b3"},"content":{"rendered":"<div class=\"video-wrapper \"><\/div>\n<p>&nbsp;<\/p>\n<p><strong>Tuotenumero: <\/strong>HARWKP360<\/p>\n<p><strong>GTIN-koodi:<\/strong> 6410082666836<\/p>\n<p>&nbsp;<\/p>\n<p>Korkealaatuinen Harvia 36 Pro on tunnelmallinen puukiuas nautinnollisia l\u00f6ylyj\u00e4 arvostavalle saunojalle. T\u00e4ss\u00e4 mustassa kiukaassa on tyylik\u00e4s lasiluukku, jonka l\u00e4pi voit ihailla el\u00e4v\u00e4\u00e4 tulta. Luukun k\u00e4tisyys on valittavissa tarpeen mukaan. Tulen tunnelmallinen r\u00e4tin\u00e4 tekee saunahetkest\u00e4si t\u00e4ydellisen rentouttavan el\u00e4myksen. Harvia 36 Pro tarjoaa muhkeita l\u00f6ylyhetkille isommallekin porukalle kerrallaan eik\u00e4 l\u00f6yly taatusti lopu kesken.<\/p>\n<p>&nbsp;<\/p>\n<p>&nbsp;<\/p>\n<p><strong>Tuotetiedot:<\/strong><\/p>\n<ul>\n<li>Tuotemerkki: Harvia<\/li>\n<li>Kiuasmalli: 36<\/li>\n<li>Takuuaika: 2 vuotta (kattaa materiaali- ja valmistusvirheet)<\/li>\n<\/ul>\n<p>&nbsp;<\/p>\n<p><strong>Tuotteen mitat:<\/strong><\/p>\n<ul>\n<li>Korkeus (mm): 810<\/li>\n<li>Leveys (mm): 510<\/li>\n<li>Syvyys (mm): 510<\/li>\n<li>Hormiliit\u00e4nn\u00e4n halkaisija (mm): 115<\/li>\n<li>Tuotteen paino (kg): 70<\/li>\n<\/ul>\n<p>&nbsp;<\/p>\n<p>&nbsp;<\/p>\n<p><strong>Tuotteen ominaisuudet:<\/strong><\/p>\n<ul>\n<li>V\u00e4ri: Musta<\/li>\n<li>Vesis\u00e4ili\u00f6llinen: Ei<\/li>\n<li>S\u00e4\u00e4t\u00f6jalat: 0-30 mm<\/li>\n<li>Lasiluukku, k\u00e4tisyys valittavissa<\/li>\n<li>Suositeltu kiuaskiven koko: \u00d8 10-15 cm<\/li>\n<li>Tulikannen paksuus: 6 mm<\/li>\n<li>Polttopuun pituus: 39 cm (max)<\/li>\n<li>Polttopuun halkaisija: 8-15 cm<\/li>\n<li>Nimellisteho: 31 kW<\/li>\n<li>Savuhormilta vaadittava l\u00e4mp\u00f6tilaluokka: T600<\/li>\n<li>Takaliit\u00e4nt\u00e4aukon sijainti lattiasta keskelle reik\u00e4\u00e4 (X): 690 mm<\/li>\n<li>Yl\u00e4liit\u00e4nt\u00e4aukon sijainti lattiasta aukon alaosaan (Y): 750 mm<\/li>\n<li>Yl\u00e4liit\u00e4nt\u00e4aukon sijainti takareunasta keskelle reik\u00e4\u00e4 (Z): 130 mm<\/li>\n<li>Muuratut sein\u00e4t (E): J\u00e4t\u00e4 kiukaan ja seinien v\u00e4liin 50 mm ilmarako. Jos asennetaan sein\u00e4syvennykseen, j\u00e4t\u00e4 100 mm ilmarako<\/li>\n<li>Suojaet\u00e4isyydet ovat minimiet\u00e4isyyksi\u00e4, tutustu my\u00f6s kiukaan asennusohjeeseen<\/li>\n<li>Saatavilla olevat lis\u00e4tarvikkeet: Suojasein\u00e4 (t\u00e4ysisuoja) WL850, suojasein\u00e4 (sivusuoja) WL800, suoja-alusta WL110, vedenl\u00e4mmittimi\u00e4 (useampi malli), saunatarvikkeita<\/li>\n<li>Kiuaskivet eiv\u00e4t sis\u00e4lly perustoimitukseen (tilattavissa erikseen)<\/li>\n<\/ul>\n<p>&nbsp;<\/p>\n<p>&nbsp;<\/p>\n<p><strong>Tuotteen tekniset tiedot:<\/strong><\/p>\n<ul>\n<li>Kivim\u00e4\u00e4r\u00e4, max. (kg): 60<\/li>\n<\/ul>\n<p>&nbsp;<\/p>\n<p><strong>Tuotteen asetaminen ja k\u00e4ytt\u00f6\u00f6notto:<\/strong><\/p>\n<ul>\n<li>Saunan tilavuus, min. (m\u00b3): 14<\/li>\n<li>Saunan tilavuus, max. (m\u00b3): 36<\/li>\n<li>Suojaet\u00e4isyys kattoon (mm): 1 250<\/li>\n<li>Suojaet\u00e4isyys sivulle (mm): 500<\/li>\n<li>Suojaet\u00e4isyys eteen (mm): 500<\/li>\n<li>Suojaet\u00e4isyys taakse (mm): 500<\/li>\n<li>Hormiliit\u00e4nn\u00e4n sijainti: P\u00e4\u00e4ll\u00e4, Takana<\/li>\n<\/ul>\n<p>&nbsp;<\/p>\n<p>&nbsp;<\/p>\n<p><strong>Pakkauksen mitat ja paino:<\/strong><\/p>\n<ul>\n<li>Pakkauksen leveys (mm): 580,00<\/li>\n<li>Pakkauksen korkeus (mm): 890,00<\/li>\n<li>Pakkauksen syvyys (mm): 560,00<\/li>\n<li>Rahtipaino (kg): 70,00<\/li>\n<\/ul>\n<p>&nbsp;<\/p>\n<p>&nbsp;<\/p>\n<p>&nbsp;<\/p>\n<p><a href=\"https:\/\/factory.sale\/wp-content\/uploads\/2025\/04\/yleisesite.pdf\" target=\"_blank\" rel=\"noopener\">Yleisesite<\/a><\/p>\n<p><a href=\"https:\/\/factory.sale\/wp-content\/uploads\/2025\/04\/asennus-ja-kayttoohje.pdf\" target=\"_blank\" rel=\"noopener\">Asennus- ja kayttoohje.<\/a><\/p>\n<p><a href=\"https:\/\/factory.sale\/wp-content\/uploads\/2025\/04\/pro-kiukaat-esite.pdf\" target=\"_blank\" rel=\"noopener\">Pro-kiukaat-esite<\/a><\/p>\n","protected":false},"excerpt":{"rendered":"<p>Harvia 36 Pro puukiuas soveltuu mainiosti esimerkiksi suuremman m\u00f6kkisaunan kiukaaksi. Kiukaassa on s\u00e4\u00e4dett\u00e4v\u00e4t jalat, jotka helpottavat kiukaan asennusta. Harvia 36 on tarkoitettu 14-36 m\u00b3 kokoisiin saunoihin. T\u00e4h\u00e4n kiukaaseen on saatavilla mukavasti my\u00f6s lis\u00e4tarvikkeita kuten suojavarusteita ja vedenl\u00e4mmittimi\u00e4.<\/p>\n","protected":false},"featured_media":103259,"comment_status":"open","ping_status":"closed","template":"","meta":{"_acf_changed":false},"factory":[],"free-shipment":[],"product_brand":[],"product_cat":[1421,484],"product_tag":[1152,2106,2011],"class_list":{"0":"post-103275","1":"product","2":"type-product","3":"status-publish","4":"has-post-thumbnail","6":"product_cat-harvia-fi","7":"product_cat-saunan-kiukaat","8":"product_tag-harvia-fi","9":"product_tag-sauna-fi","10":"product_tag-stove-fi","12":"first","13":"instock","14":"sale","15":"taxable","16":"shipping-taxable","17":"purchasable","18":"product-type-simple"},"acf":[],"_links":{"self":[{"href":"https:\/\/factory.sale\/fi\/wp-json\/wp\/v2\/product\/103275","targetHints":{"allow":["GET"]}}],"collection":[{"href":"https:\/\/factory.sale\/fi\/wp-json\/wp\/v2\/product"}],"about":[{"href":"https:\/\/factory.sale\/fi\/wp-json\/wp\/v2\/types\/product"}],"replies":[{"embeddable":true,"href":"https:\/\/factory.sale\/fi\/wp-json\/wp\/v2\/comments?post=103275"}],"wp:featuredmedia":[{"embeddable":true,"href":"https:\/\/factory.sale\/fi\/wp-json\/wp\/v2\/media\/103259"}],"wp:attachment":[{"href":"https:\/\/factory.sale\/fi\/wp-json\/wp\/v2\/media?parent=103275"}],"wp:term":[{"taxonomy":"factory","embeddable":true,"href":"https:\/\/factory.sale\/fi\/wp-json\/wp\/v2\/factory?post=103275"},{"taxonomy":"free-shipment","embeddable":true,"href":"https:\/\/factory.sale\/fi\/wp-json\/wp\/v2\/free-shipment?post=103275"},{"taxonomy":"product_brand","embeddable":true,"href":"https:\/\/factory.sale\/fi\/wp-json\/wp\/v2\/product_brand?post=103275"},{"taxonomy":"product_cat","embeddable":true,"href":"https:\/\/factory.sale\/fi\/wp-json\/wp\/v2\/product_cat?post=103275"},{"taxonomy":"product_tag","embeddable":true,"href":"https:\/\/factory.sale\/fi\/wp-json\/wp\/v2\/product_tag?post=103275"}],"curies":[{"name":"wp","href":"https:\/\/api.w.org\/{rel}","templated":true}]}}