{"id":103049,"date":"2025-04-06T23:33:33","date_gmt":"2025-04-06T20:33:37","guid":{"rendered":"https:\/\/factory.sale\/?post_type=product&#038;p=103049"},"modified":"2025-07-17T13:12:14","modified_gmt":"2025-07-17T10:12:14","slug":"yoshino-kumano-225m-kylpytynnyri-jossa-muovinen-sisusta-ja-integroitu-kamiina","status":"publish","type":"product","link":"https:\/\/factory.sale\/fi\/tuote\/yoshino-kumano-225m-kylpytynnyri-jossa-muovinen-sisusta-ja-integroitu-kamiina\/","title":{"rendered":"&#8220;Yoshino Kumano&#8221; 2,25m kylpytynnyri, jossa muovinen sisusta ja integroitu kamiina"},"content":{"rendered":"<p>T\u00e4m\u00e4 kylpytynnyri on saanut inspiraationsa Yoshino Kumano luonnonpuistosta Japanissa \u2013 pyh\u00e4st\u00e4 ja vehre\u00e4st\u00e4 paikasta, jossa aika virtaa hitaasti kuin vuoristopuro ja jokaisella hetkell\u00e4 on oma merkityksens\u00e4.<br \/>\nAivan kuten Yoshino Kumano vuorten v\u00e4liss\u00e4 kulkevat pyhiinvaellusreitit ohjaavat ihmisi\u00e4 sis\u00e4iseen rauhaan, t\u00e4m\u00e4 kylpytynnyri kutsuu sinua ottamaan aikaa itsellesi ja sukeltamaan hiljaisuuteen. Tynnyri on luotu niille, jotka arvostavat l\u00e4sn\u00e4oloa, ajatonta estetiikkaa ja aitoa k\u00e4sity\u00f6t\u00e4.<\/p>\n<p><strong>Yksinkertainen, mutta harkittu suunnittelu<br \/>\n<\/strong>Suunnittelu on tietoisesti pidetty yksinkertaisena, jotta se sopisi luonnollisesti jokaiseen ymp\u00e4rist\u00f6\u00f6n \u2013 oli kyseess\u00e4 sitten moderni terassi, mets\u00e4n laidalla oleva m\u00f6kki tai merenrannalla sijaitseva kes\u00e4asunto.<br \/>\nJokainen yksityiskohta, muodosta materiaaleihin, ilmaisee hillitty\u00e4 eleganssia, k\u00e4yt\u00e4nn\u00f6llisyytt\u00e4 ja laatua. Ulkon\u00e4k\u00f6 ei pyri liiallisesti huomiota her\u00e4tt\u00e4m\u00e4\u00e4n, vaan sulautuu ymp\u00e4rist\u00f6\u00f6n, korostaen rauhaa ja luonnon omaa ymp\u00e4rist\u00f6\u00e4.<\/p>\n<p><strong>Aitous, joka kest\u00e4\u00e4:<\/strong><br \/>\nT\u00e4m\u00e4 kylpytynnyri on valmistettu Virossa. Kotimainen tuotanto ja pohjoismaisen ilmaston erityispiirteiden huomioiminen tekev\u00e4t t\u00e4st\u00e4 kylpytynnyrist\u00e4 paitsi kauniin, my\u00f6s kest\u00e4v\u00e4n.<br \/>\nIntegroitu merialumiinista valmistettu kamiina vahvoilla hitsaussaumoilla takaa nopean ja tehokkaan l\u00e4mmityksen sek\u00e4 pitk\u00e4aikaisen toimintavarmuuden. Merialumiini on korroosionkest\u00e4v\u00e4 ja sopii my\u00f6s suolaiselle vedelle.<br \/>\nPaksulla geelikerroksella valettu lasikuitusisus tekee tynnyrist\u00e4 eritt\u00e4in vahvan, s\u00e4\u00e4nkest\u00e4v\u00e4n ja sopivan ymp\u00e4rivuotiseen k\u00e4ytt\u00f6\u00f6n.<br \/>\nL\u00e4mp\u00f6k\u00e4sitellyst\u00e4 puusta tehty viimeistely lis\u00e4\u00e4 l\u00e4mp\u00f6\u00e4 ja visuaalista pehmeytt\u00e4, korostaen k\u00e4sity\u00f6n\u00e4 valmistetun tuotteen luonnonl\u00e4heisyytt\u00e4 ja autenttisuutta.<\/p>\n<p><strong>Yoshino Kumano \u2013 enemm\u00e4n kuin nimi<\/strong><br \/>\nSinun valintasi, sinun tunteesi. Vesi, joka parantaa ja Hiljaisuus, joka virkist\u00e4\u00e4.<\/p>\n<p>Tuotekoodi: Y2,25m<\/p>\n<p>&nbsp;<\/p>\n<p>Pakkaus sis\u00e4lt\u00e4\u00e4:<\/p>\n<ul>\n<li>Lasikuitusisus, mahdollisuus valita 3 eri s\u00e4vyn v\u00e4lill\u00e4: tummanharmaa, vaaleanharmaa ja sininen<\/li>\n<li>L\u00e4mp\u00f6k\u00e4sitelty m\u00e4ntypuinen runko, viimeistelty puu\u00f6ljyll\u00e4 (musta tai ruskea)<\/li>\n<li>Alarunko ja suljettu kosteudenkest\u00e4v\u00e4 vanerialaosa<\/li>\n<li>Merialumiinista valmistettu, integroitu lasiluukullinen kamiina (35kW), mahdollisuus valita musta tai ruostumaton ter\u00e4spaneeli<\/li>\n<li>2 m savupiippusetti l\u00e4mp\u00f6suojalla<\/li>\n<li>Poistoventtiili<\/li>\n<li>Py\u00f6re\u00e4t portaat<\/li>\n<\/ul>\n<p>Tekniset tiedot:<\/p>\n<ul>\n<li>Materiaali: 20 mm paksu l\u00e4mp\u00f6k\u00e4sitelty m\u00e4nty, \u00f6ljyviimeistelty<\/li>\n<li>Ulkoinen \u00d8: 2250 mm<\/li>\n<li>Sis\u00e4inen \u00d8: 2030 mm<\/li>\n<li>Korkeus: 1180 mm<\/li>\n<li>Sis\u00e4inen syvyys: 880 mm<\/li>\n<li>Paino: 220 kg<\/li>\n<li>Tilavuus: 1500 litraa<\/li>\n<li>Henkil\u00f6m\u00e4\u00e4r\u00e4: 7-8<\/li>\n<li>L\u00e4mmitysaika 5-38\u00b0: 2-2,5h<\/li>\n<li>Integroitu kamiina: 35 kW<\/li>\n<li>Polttopuun pituus: enint\u00e4\u00e4n 50 cm<\/li>\n<\/ul>\n<p>Valinnaiset lis\u00e4varusteet:<\/p>\n<ul>\n<li>L\u00e4mp\u00f6kansi 10cm<\/li>\n<li>WPC-muovilevy ulkoverhous<\/li>\n<li>PVC-kansi<\/li>\n<li>Polyuretaanieristys<\/li>\n<li>Niskatuki<\/li>\n<li>LED-valo 1 lampulla<\/li>\n<li>LED-valo 2 lampulla<\/li>\n<li>LED-valo 4 lampulla<\/li>\n<li>Poreallas 8 suuttimella, 700W pumppu<\/li>\n<li>Poreallas 16 suuttimella, 900W pumppu<\/li>\n<li>Digitaalinen l\u00e4mp\u00f6mittari (integroitu)<\/li>\n<li>Kelluva bluetooth-l\u00e4mp\u00f6mittari<\/li>\n<li>Savupiipun lis\u00e4jatke 1m<\/li>\n<li>Kipin\u00e4nsammutin<\/li>\n<li>Jalkakylpy<\/li>\n<li>Puinen mela veden sekoittamiseen<\/li>\n<li>Kylpytynnyrin sis\u00e4suodatin<\/li>\n<li>Hiekan suodatusj\u00e4rjestelm\u00e4 + suodatinpallot + tulpat 2kpl<\/li>\n<li>Suodatinj\u00e4rjestelm\u00e4n kaappi<\/li>\n<li>Dutrion-tabletit veden puhdistukseen, paketti<\/li>\n<li>Puinen mukiteline<\/li>\n<li>Kylpyl\u00e4n alusta, muovi, musta v\u00e4ri<\/li>\n<\/ul>\n<p><a href=\"https:\/\/factory.sale\/wp-content\/uploads\/2024\/09\/Paloturvallisuus-ja-turvaetaisyydet.pdf\" target=\"_blank\" rel=\"noopener\">Paloturvallisuus ja turvaet\u00e4isyydet<\/a><\/p>\n<p><a href=\"https:\/\/factory.sale\/wp-content\/uploads\/2025\/04\/yoshino-kumano-225m-hot-tub-factory-sale-4.webp\" target=\"_blank\" rel=\"noopener\">Pohjapiirros l\u00f6ytyy t\u00e4\u00e4lt\u00e4<\/a><\/p>\n","protected":false},"excerpt":{"rendered":"<p>&#8220;Yoshino Kumano&#8221; kylpytynnyri \u2013 Luonnon raikas hengitys ja hiljaisuus, joka virkist\u00e4\u00e4.<br \/>\nKotimainen, pohjoismaiseen ilmastoon valmistettu kylpytynnyri, jonka design on luotu minimalistisella otteella \u2013 esteettisesti hillitty, tasapainoinen ja ajattoman kaunis.<\/p>\n<p>Pitk\u00e4aikainen takuu<br \/>\nTukeva lasikuituvahvike vahvalla geelipinnoitteella<br \/>\nVirolaisten metallimestarien valmistama merik\u00e4ytt\u00f6inen alumiinil\u00e4mmitin vankilla hitsauksilla<br \/>\nL\u00e4mp\u00f6k\u00e4sitelty ja \u00f6ljyll\u00e4 kyll\u00e4stetty m\u00e4ntyulkoverhous<\/p>\n","protected":false},"featured_media":103055,"comment_status":"open","ping_status":"closed","template":"","meta":{"_acf_changed":false},"factory":[],"free-shipment":[],"product_brand":[],"product_cat":[2210,2588],"product_tag":[2846],"class_list":{"0":"post-103049","1":"product","2":"type-product","3":"status-publish","4":"has-post-thumbnail","6":"product_cat-kylpytynnyrit","7":"product_cat-lasikuituiset-kylpytynnyrit","8":"product_tag-hot-tub-fi","10":"first","11":"instock","12":"sale","13":"taxable","14":"shipping-taxable","15":"purchasable","16":"product-type-simple"},"acf":[],"_links":{"self":[{"href":"https:\/\/factory.sale\/fi\/wp-json\/wp\/v2\/product\/103049","targetHints":{"allow":["GET"]}}],"collection":[{"href":"https:\/\/factory.sale\/fi\/wp-json\/wp\/v2\/product"}],"about":[{"href":"https:\/\/factory.sale\/fi\/wp-json\/wp\/v2\/types\/product"}],"replies":[{"embeddable":true,"href":"https:\/\/factory.sale\/fi\/wp-json\/wp\/v2\/comments?post=103049"}],"wp:featuredmedia":[{"embeddable":true,"href":"https:\/\/factory.sale\/fi\/wp-json\/wp\/v2\/media\/103055"}],"wp:attachment":[{"href":"https:\/\/factory.sale\/fi\/wp-json\/wp\/v2\/media?parent=103049"}],"wp:term":[{"taxonomy":"factory","embeddable":true,"href":"https:\/\/factory.sale\/fi\/wp-json\/wp\/v2\/factory?post=103049"},{"taxonomy":"free-shipment","embeddable":true,"href":"https:\/\/factory.sale\/fi\/wp-json\/wp\/v2\/free-shipment?post=103049"},{"taxonomy":"product_brand","embeddable":true,"href":"https:\/\/factory.sale\/fi\/wp-json\/wp\/v2\/product_brand?post=103049"},{"taxonomy":"product_cat","embeddable":true,"href":"https:\/\/factory.sale\/fi\/wp-json\/wp\/v2\/product_cat?post=103049"},{"taxonomy":"product_tag","embeddable":true,"href":"https:\/\/factory.sale\/fi\/wp-json\/wp\/v2\/product_tag?post=103049"}],"curies":[{"name":"wp","href":"https:\/\/api.w.org\/{rel}","templated":true}]}}