{"id":102956,"date":"2025-04-06T15:26:32","date_gmt":"2025-04-06T12:43:07","guid":{"rendered":"https:\/\/factory.sale\/?post_type=product&#038;p=102956"},"modified":"2025-04-27T11:53:29","modified_gmt":"2025-04-27T08:53:29","slug":"woodengold-tammi-kalanruotoparketti-tg-rustiikki-70x350-mm","status":"publish","type":"product","link":"https:\/\/factory.sale\/fi\/tuote\/woodengold-tammi-kalanruotoparketti-tg-rustiikki-70x350-mm\/","title":{"rendered":"Woodengold tammi kalanruotoparketti T&#038;G rustiikki (70&#215;350 mm)"},"content":{"rendered":"<p>Rustikki \u2013 Suuremmat luonnollisen tammen v\u00e4rivaihtelut ovat sallittuja. Noin 20 mm:n oksat ovat sallittuja. Kevyempi pintapuu on sallittu osittain laudan reunoilla. Kaikki halkeamat ja avoimet oksat t\u00e4ytet\u00e4\u00e4n erityisell\u00e4 t\u00e4yteaineella ja hiotaan sile\u00e4ksi.<\/p>\n<p>Woodengold-parketit on valmistettu kest\u00e4m\u00e4\u00e4n vaihtelevaa pohjoismaista ilmastoa. Kaikki Woodengoldin tammi- ja saarnimateriaalit on kuivattu hitaasti. Pohjakerroksissa on k\u00e4ytetty vain korkealaatuisia materiaaleja. N\u00e4m\u00e4 tekij\u00e4t varmistavat valmiin lattian vakauden. Parketilla on tarkka geometria. S\u00e4ilyt\u00e4 sis\u00e4tiloissa 40\u201360 % suhteellinen kosteus ymp\u00e4ri vuoden.<\/p>\n<p>&nbsp;<\/p>\n<p>&nbsp;<\/p>\n<p><strong>Tekniset tiedot:<\/strong><\/p>\n<ul>\n<li>Leveys: 70 mm<\/li>\n<li>Pituus: 350 mm<\/li>\n<li>Paksuus: 11 mm<\/li>\n<li>Puulaji: Tammi<\/li>\n<li>Lajitelma: Rustikki<\/li>\n<li>Pintak\u00e4sittely: \u00d6ljytty (12 s\u00e4vy\u00e4) \/ Lakattu (2 s\u00e4vy\u00e4)<\/li>\n<li>Kuvio: Kalanruoto<\/li>\n<li>Viisteet: 4-sivuviisteet \/ ilman viisteit\u00e4<\/li>\n<li>Rakenne: 2-kerroksinen<\/li>\n<li>Pintakerros: Tammi 5 mm<\/li>\n<li>Harjaus: Kevyesti harjattu \/ sile\u00e4<\/li>\n<li>Asennustapa: Liimattava<\/li>\n<li>Pakkaus: Kutistemuovilla suojattu pahvilaatikko, 1,470 m\u00b2<\/li>\n<li>Toimitusaika: 6\u20138 viikkoa<\/li>\n<\/ul>\n<p>&nbsp;<\/p>\n<p>&nbsp;<\/p>\n<p><em>Tukkuhinta per m2: 300m2 &#8211; 41.07 \u20ac (ilman ALV)<\/em><\/p>\n<p>&nbsp;<\/p>\n<p>&nbsp;<\/p>\n<p><strong>Mahdollista tilata my\u00f6s \u00f6ljyttyn\u00e4 valittavana 12 UV-\u00f6ljyv\u00e4ris\u00e4vy\u00e4:<\/strong><\/p>\n<p><img loading=\"lazy\" decoding=\"async\" class=\"alignnone wp-image-103782\" src=\"https:\/\/factory.sale\/wp-content\/uploads\/2025\/04\/woodengold-oil-tones-factory-sale-300x225.webp\" sizes=\"auto, (max-width: 776px) 100vw, 776px\" srcset=\"https:\/\/factory.sale\/wp-content\/uploads\/2025\/04\/woodengold-oil-tones-factory-sale-300x225.webp 300w, https:\/\/factory.sale\/wp-content\/uploads\/2025\/04\/woodengold-oil-tones-factory-sale-1024x768.webp 1024w, https:\/\/factory.sale\/wp-content\/uploads\/2025\/04\/woodengold-oil-tones-factory-sale-150x113.webp 150w, https:\/\/factory.sale\/wp-content\/uploads\/2025\/04\/woodengold-oil-tones-factory-sale-1536x1152.webp 1536w, https:\/\/factory.sale\/wp-content\/uploads\/2025\/04\/woodengold-oil-tones-factory-sale-600x450.webp 600w, https:\/\/factory.sale\/wp-content\/uploads\/2025\/04\/woodengold-oil-tones-factory-sale.webp 2048w\" alt=\"\" width=\"776\" height=\"582\" \/><\/p>\n<p>&nbsp;<\/p>\n<p><strong>Lis\u00e4ksi voit valita kahden lakkas\u00e4vyn v\u00e4lill\u00e4 (katso kuvagalleria).<\/strong><\/p>\n","protected":false},"excerpt":{"rendered":"<p>Woodengold-parketti tarjoaa korkealaatuisen, luonnollisen puulattian, jossa yhdistyv\u00e4t ajaton eleganssi ja kest\u00e4vyys. T\u00e4ydellinen valinta sek\u00e4 klassisiin ett\u00e4 moderneihin sisustuksiin.<\/p>\n<p>Ota yhteytt\u00e4 \u2013 teemme sinulle parhaan tarjouksen projektiisi.<\/p>\n<p><strong>Hinta per m\u00b2<\/strong><\/p>\n","protected":false},"featured_media":102950,"comment_status":"open","ping_status":"closed","template":"","meta":{"_acf_changed":false},"factory":[],"free-shipment":[],"product_brand":[],"product_cat":[1797,450,4334],"product_tag":[504,589,2098],"class_list":{"0":"post-102956","1":"product","2":"type-product","3":"status-publish","4":"has-post-thumbnail","6":"product_cat-kalanruotoparketti","7":"product_cat-parketti","8":"product_cat-woodengold-fi","9":"product_tag-floor-fi","10":"product_tag-oak-fi","11":"product_tag-parquet-fi","13":"first","14":"instock","15":"sale","16":"taxable","17":"shipping-taxable","18":"purchasable","19":"product-type-simple"},"acf":[],"_links":{"self":[{"href":"https:\/\/factory.sale\/fi\/wp-json\/wp\/v2\/product\/102956","targetHints":{"allow":["GET"]}}],"collection":[{"href":"https:\/\/factory.sale\/fi\/wp-json\/wp\/v2\/product"}],"about":[{"href":"https:\/\/factory.sale\/fi\/wp-json\/wp\/v2\/types\/product"}],"replies":[{"embeddable":true,"href":"https:\/\/factory.sale\/fi\/wp-json\/wp\/v2\/comments?post=102956"}],"wp:featuredmedia":[{"embeddable":true,"href":"https:\/\/factory.sale\/fi\/wp-json\/wp\/v2\/media\/102950"}],"wp:attachment":[{"href":"https:\/\/factory.sale\/fi\/wp-json\/wp\/v2\/media?parent=102956"}],"wp:term":[{"taxonomy":"factory","embeddable":true,"href":"https:\/\/factory.sale\/fi\/wp-json\/wp\/v2\/factory?post=102956"},{"taxonomy":"free-shipment","embeddable":true,"href":"https:\/\/factory.sale\/fi\/wp-json\/wp\/v2\/free-shipment?post=102956"},{"taxonomy":"product_brand","embeddable":true,"href":"https:\/\/factory.sale\/fi\/wp-json\/wp\/v2\/product_brand?post=102956"},{"taxonomy":"product_cat","embeddable":true,"href":"https:\/\/factory.sale\/fi\/wp-json\/wp\/v2\/product_cat?post=102956"},{"taxonomy":"product_tag","embeddable":true,"href":"https:\/\/factory.sale\/fi\/wp-json\/wp\/v2\/product_tag?post=102956"}],"curies":[{"name":"wp","href":"https:\/\/api.w.org\/{rel}","templated":true}]}}