{"id":102780,"date":"2025-04-06T10:32:39","date_gmt":"2025-04-06T07:56:13","guid":{"rendered":"https:\/\/factory.sale\/?post_type=product&#038;p=102780"},"modified":"2025-04-27T12:34:04","modified_gmt":"2025-04-27T09:34:04","slug":"woodengold-tammi-ranskalainen-kalanruotoparketti-chevron-45-60-tg-obiekt-90x500-mm","status":"publish","type":"product","link":"https:\/\/factory.sale\/fi\/tuote\/woodengold-tammi-ranskalainen-kalanruotoparketti-chevron-45-60-tg-obiekt-90x500-mm\/","title":{"rendered":"Woodengold tammi ranskalainen kalanruotoparketti chevron 45\u00b0\/60\u00b0 T&#038;G obiekt (90&#215;500 mm)"},"content":{"rendered":"<p>Obiekt \u2013 Suuremmat luonnollisen tammen v\u00e4rivaihtelut ovat sallittuja. Noin 15 mm:n oksat ovat sallittuja. Ei sis\u00e4ll\u00e4 kevyemp\u00e4\u00e4 pintapuuta. Kaikki halkeamat ja avoimet oksat t\u00e4ytet\u00e4\u00e4n erityisell\u00e4 t\u00e4yteaineella ja hiotaan sile\u00e4ksi.<\/p>\n<p>Woodengold-parketit on valmistettu kest\u00e4m\u00e4\u00e4n vaihtelevaa pohjoismaista ilmastoa. Kaikki Woodengoldin tammi- ja saarnimateriaalit on kuivattu hitaasti. Pohjakerroksissa on k\u00e4ytetty vain korkealaatuisia materiaaleja. N\u00e4m\u00e4 tekij\u00e4t varmistavat valmiin lattian vakauden. Parketilla on tarkka geometria. S\u00e4ilyt\u00e4 sis\u00e4tiloissa 40\u201360 % suhteellinen kosteus ymp\u00e4ri vuoden.<\/p>\n<p>&nbsp;<\/p>\n<p>&nbsp;<\/p>\n<p><strong>Tekniset tiedot:<\/strong><\/p>\n<ul>\n<li>Leveys: 90 mm<\/li>\n<li>Pituus: 500 mm<\/li>\n<li>Paksuus: 15 mm, 11 mm<\/li>\n<li>Puulaji: Tammi<\/li>\n<li>Lajitelma: Obiekt<\/li>\n<li>Pintak\u00e4sittely: \u00d6ljytty (12 s\u00e4vy\u00e4)<\/li>\n<li>Kuvio: Kalanruoto (Chevron)<\/li>\n<li>Viisteet: 4-sivuviisteet<\/li>\n<li>Rakenne: 2-kerroksinen<\/li>\n<li>Pintakerros: Tammi 3,6 mm<\/li>\n<li>Harjaus: Kevyesti harjattu \/ sile\u00e4<\/li>\n<li>Asennustapa: Liimattava<\/li>\n<li>Pakkaus: Kutistemuovilla suojattu pahvilaatikko, 0,9 m\u00b2<\/li>\n<li>Toimitusaika: 8\u20139 viikkoa<\/li>\n<\/ul>\n<p>&nbsp;<\/p>\n<p>&nbsp;<\/p>\n<p>&nbsp;<\/p>\n<p><em>Tukkuhinta per m2: 300m2 &#8211; 65,29 \u20ac (ilman ALV)<\/em><\/p>\n<p>&nbsp;<\/p>\n<p>&nbsp;<\/p>\n<p><strong>Mahdollista tilata my\u00f6s \u00f6ljyttyn\u00e4 valittavana 12 UV-\u00f6ljyv\u00e4ris\u00e4vy\u00e4:<\/strong><\/p>\n<p><img loading=\"lazy\" decoding=\"async\" class=\"alignnone wp-image-103782\" src=\"https:\/\/factory.sale\/wp-content\/uploads\/2025\/04\/woodengold-oil-tones-factory-sale-300x225.webp\" sizes=\"auto, (max-width: 776px) 100vw, 776px\" srcset=\"https:\/\/factory.sale\/wp-content\/uploads\/2025\/04\/woodengold-oil-tones-factory-sale-300x225.webp 300w, https:\/\/factory.sale\/wp-content\/uploads\/2025\/04\/woodengold-oil-tones-factory-sale-1024x768.webp 1024w, https:\/\/factory.sale\/wp-content\/uploads\/2025\/04\/woodengold-oil-tones-factory-sale-150x113.webp 150w, https:\/\/factory.sale\/wp-content\/uploads\/2025\/04\/woodengold-oil-tones-factory-sale-1536x1152.webp 1536w, https:\/\/factory.sale\/wp-content\/uploads\/2025\/04\/woodengold-oil-tones-factory-sale-600x450.webp 600w, https:\/\/factory.sale\/wp-content\/uploads\/2025\/04\/woodengold-oil-tones-factory-sale.webp 2048w\" alt=\"\" width=\"776\" height=\"582\" \/><\/p>\n","protected":false},"excerpt":{"rendered":"<p>Woodengold-parketti tarjoaa korkealaatuisen, luonnollisen puulattian, jossa yhdistyv\u00e4t ajaton eleganssi ja kest\u00e4vyys. T\u00e4ydellinen valinta sek\u00e4 klassisiin ett\u00e4 moderneihin sisustuksiin.<\/p>\n<p>Ota yhteytt\u00e4 \u2013 teemme sinulle parhaan tarjouksen projektiisi.<\/p>\n<p><strong>Hinta per m\u00b2<\/strong><\/p>\n","protected":false},"featured_media":102777,"comment_status":"open","ping_status":"closed","template":"","meta":{"_acf_changed":false},"factory":[],"free-shipment":[],"product_brand":[],"product_cat":[1797,450,4334],"product_tag":[589,2098],"class_list":{"0":"post-102780","1":"product","2":"type-product","3":"status-publish","4":"has-post-thumbnail","6":"product_cat-kalanruotoparketti","7":"product_cat-parketti","8":"product_cat-woodengold-fi","9":"product_tag-oak-fi","10":"product_tag-parquet-fi","12":"first","13":"instock","14":"sale","15":"taxable","16":"shipping-taxable","17":"purchasable","18":"product-type-simple"},"acf":[],"_links":{"self":[{"href":"https:\/\/factory.sale\/fi\/wp-json\/wp\/v2\/product\/102780","targetHints":{"allow":["GET"]}}],"collection":[{"href":"https:\/\/factory.sale\/fi\/wp-json\/wp\/v2\/product"}],"about":[{"href":"https:\/\/factory.sale\/fi\/wp-json\/wp\/v2\/types\/product"}],"replies":[{"embeddable":true,"href":"https:\/\/factory.sale\/fi\/wp-json\/wp\/v2\/comments?post=102780"}],"wp:featuredmedia":[{"embeddable":true,"href":"https:\/\/factory.sale\/fi\/wp-json\/wp\/v2\/media\/102777"}],"wp:attachment":[{"href":"https:\/\/factory.sale\/fi\/wp-json\/wp\/v2\/media?parent=102780"}],"wp:term":[{"taxonomy":"factory","embeddable":true,"href":"https:\/\/factory.sale\/fi\/wp-json\/wp\/v2\/factory?post=102780"},{"taxonomy":"free-shipment","embeddable":true,"href":"https:\/\/factory.sale\/fi\/wp-json\/wp\/v2\/free-shipment?post=102780"},{"taxonomy":"product_brand","embeddable":true,"href":"https:\/\/factory.sale\/fi\/wp-json\/wp\/v2\/product_brand?post=102780"},{"taxonomy":"product_cat","embeddable":true,"href":"https:\/\/factory.sale\/fi\/wp-json\/wp\/v2\/product_cat?post=102780"},{"taxonomy":"product_tag","embeddable":true,"href":"https:\/\/factory.sale\/fi\/wp-json\/wp\/v2\/product_tag?post=102780"}],"curies":[{"name":"wp","href":"https:\/\/api.w.org\/{rel}","templated":true}]}}