{"id":102684,"date":"2025-04-04T01:08:33","date_gmt":"2025-04-03T22:20:55","guid":{"rendered":"https:\/\/factory.sale\/?post_type=product&#038;p=102684"},"modified":"2025-04-04T13:14:24","modified_gmt":"2025-04-04T10:14:24","slug":"woodengold-tammi-kalanruotoparketti-tg-natur","status":"publish","type":"product","link":"https:\/\/factory.sale\/fi\/tuote\/woodengold-tammi-kalanruotoparketti-tg-natur\/","title":{"rendered":"Woodengold tammi kalanruotoparketti T&#038;G natur"},"content":{"rendered":"<p>Natur \u2013 Sallittuja ovat kevyet tammipuun luonnolliset s\u00e4vyvaihtelut ja oksankohdat enint\u00e4\u00e4n noin 5 mm asti. Vaaleaa pintapuuta ei sallita.<\/p>\n<p>Woodengold-parketit on valmistettu kest\u00e4m\u00e4\u00e4n vaihtelevaa pohjoismaista ilmastoa. Kaikki Woodengoldin tammi- ja saarnimateriaali on kuivattu hitaasti. Alakerroksissa k\u00e4ytet\u00e4\u00e4n ainoastaan korkealaatuisia materiaaleja. N\u00e4m\u00e4 tekij\u00e4t takaavat valmiin lattian vakauden. Parketin geometria on eritt\u00e4in tarkka. Pid\u00e4 sis\u00e4tilojen suhteellinen ilmankosteus ymp\u00e4ri vuoden 40\u201360 % RH.<\/p>\n<p>&nbsp;<\/p>\n<p>&nbsp;<\/p>\n<p><strong>Tekniset tiedot:<\/strong><\/p>\n<ul>\n<li>Leveys: 90 mm<\/li>\n<li>Pituus: 600 mm<\/li>\n<li>Paksuus: 15 mm, 11 mm<\/li>\n<li>Puulaji: Tammi<\/li>\n<li>Lajitelma: Natur<\/li>\n<li>Pintak\u00e4sittely: \u00d6ljytty (13 s\u00e4vy\u00e4) \/ Lakattu (2 s\u00e4vy\u00e4)<\/li>\n<li>Kuvio: Kalasaba<\/li>\n<li>Viisteet: 4-sivuviisteet \/ ilman viisteit\u00e4<\/li>\n<li>Rakenne: 2-kerroksinen<\/li>\n<li>Pintakerros: Tammi 3,6 mm<\/li>\n<li>Harjaus: Kevyesti harjattu \/ sile\u00e4<\/li>\n<li>Asennustapa: Liimattava<\/li>\n<li>Pakkaus: Kutistemuovilla suojattu pahvilaatikko, 1,08 m\u00b2<\/li>\n<li>Toimitusaika: 8\u201310 viikkoa<\/li>\n<\/ul>\n<p>&nbsp;<\/p>\n","protected":false},"excerpt":{"rendered":"<p>Woodengold-parketti tarjoaa korkealaatuista, luonnollista puulattiaa, jossa yhdistyv\u00e4t ajaton eleganssi ja kest\u00e4vyys. T\u00e4ydellinen valinta sek\u00e4 klassisiin ett\u00e4 moderneihin sisustuksiin.<\/p>\n<p>Ota meihin yhteytt\u00e4 \u2013 teemme sinulle parhaan tarjouksen projektiisi.<\/p>\n<p><strong>Hinta per m\u00b2<\/strong><\/p>\n","protected":false},"featured_media":102678,"comment_status":"open","ping_status":"closed","template":"","meta":{"_acf_changed":false},"factory":[],"free-shipment":[],"product_brand":[],"product_cat":[1797,450],"product_tag":[504],"class_list":{"0":"post-102684","1":"product","2":"type-product","3":"status-publish","4":"has-post-thumbnail","6":"product_cat-kalanruotoparketti","7":"product_cat-parketti","8":"product_tag-floor-fi","10":"first","11":"instock","12":"sale","13":"taxable","14":"shipping-taxable","15":"purchasable","16":"product-type-simple"},"acf":[],"_links":{"self":[{"href":"https:\/\/factory.sale\/fi\/wp-json\/wp\/v2\/product\/102684","targetHints":{"allow":["GET"]}}],"collection":[{"href":"https:\/\/factory.sale\/fi\/wp-json\/wp\/v2\/product"}],"about":[{"href":"https:\/\/factory.sale\/fi\/wp-json\/wp\/v2\/types\/product"}],"replies":[{"embeddable":true,"href":"https:\/\/factory.sale\/fi\/wp-json\/wp\/v2\/comments?post=102684"}],"wp:featuredmedia":[{"embeddable":true,"href":"https:\/\/factory.sale\/fi\/wp-json\/wp\/v2\/media\/102678"}],"wp:attachment":[{"href":"https:\/\/factory.sale\/fi\/wp-json\/wp\/v2\/media?parent=102684"}],"wp:term":[{"taxonomy":"factory","embeddable":true,"href":"https:\/\/factory.sale\/fi\/wp-json\/wp\/v2\/factory?post=102684"},{"taxonomy":"free-shipment","embeddable":true,"href":"https:\/\/factory.sale\/fi\/wp-json\/wp\/v2\/free-shipment?post=102684"},{"taxonomy":"product_brand","embeddable":true,"href":"https:\/\/factory.sale\/fi\/wp-json\/wp\/v2\/product_brand?post=102684"},{"taxonomy":"product_cat","embeddable":true,"href":"https:\/\/factory.sale\/fi\/wp-json\/wp\/v2\/product_cat?post=102684"},{"taxonomy":"product_tag","embeddable":true,"href":"https:\/\/factory.sale\/fi\/wp-json\/wp\/v2\/product_tag?post=102684"}],"curies":[{"name":"wp","href":"https:\/\/api.w.org\/{rel}","templated":true}]}}