{"id":102672,"date":"2025-04-04T00:43:23","date_gmt":"2025-04-03T21:59:11","guid":{"rendered":"https:\/\/factory.sale\/?post_type=product&#038;p=102672"},"modified":"2025-04-27T11:50:20","modified_gmt":"2025-04-27T08:50:20","slug":"woodengold-tammi-kalanruotoparketti-tg-obiekt-90x600-mm","status":"publish","type":"product","link":"https:\/\/factory.sale\/fi\/tuote\/woodengold-tammi-kalanruotoparketti-tg-obiekt-90x600-mm\/","title":{"rendered":"Woodengold tammi kalanruotoparketti T&#038;G obiekt (90&#215;600 mm)"},"content":{"rendered":"<p>Obiekt \u2013 Luonnolliset tammipuun s\u00e4vyvaihtelut ovat sallittuja, mukaan lukien suuremmat v\u00e4rierot. Oksankohdat ovat sallittuja noin 15 mm asti. Vaaleaa pintapuuta ei sallita. Kaikki halkeamat ja irronneet oksankohdat on t\u00e4ytetty erikoiskitill\u00e4 ja hiottu sileiksi.<\/p>\n<p>Woodengold-parketit on valmistettu kest\u00e4m\u00e4\u00e4n vaihtelevaa pohjoismaista ilmastoa. Kaikki Woodengoldin tammi- ja saarnimateriaali on kuivattu hitaasti. Alakerroksissa k\u00e4ytet\u00e4\u00e4n ainoastaan korkealaatuisia materiaaleja. N\u00e4m\u00e4 tekij\u00e4t takaavat valmiin lattian vakauden. Parketin geometria on eritt\u00e4in tarkka. Pid\u00e4 sis\u00e4tilojen suhteellinen ilmankosteus ymp\u00e4ri vuoden 40\u201360 % RH.<\/p>\n<p>&nbsp;<\/p>\n<p>&nbsp;<\/p>\n<p><strong>Tekniset tiedot:<\/strong><\/p>\n<ul>\n<li>Leveys: 90 mm<\/li>\n<li>Pituus: 600 mm<\/li>\n<li>Paksuus: 15 mm, 11 mm<\/li>\n<li>Puulaji: Tammi<\/li>\n<li>Lajitelma: Obiekt<\/li>\n<li>Pintak\u00e4sittely: \u00d6ljytty (12 s\u00e4vy\u00e4) \/ Lakattu (2 s\u00e4vy\u00e4)<\/li>\n<li>Kuvio: Kalasaba<\/li>\n<li>Viisteet: 4-sivuviisteet \/ ilman viisteit\u00e4<\/li>\n<li>Rakenne: 2-kerroksinen<\/li>\n<li>Pintakerros: Tammi 3,6 mm<\/li>\n<li>Harjaus: Kevyesti harjattu \/ sile\u00e4<\/li>\n<li>Asennustapa: Liimattava<\/li>\n<li>Pakkaus: Kutistemuovilla suojattu pahvilaatikko, 1,08 m\u00b2<\/li>\n<li>Toimitusaika: 8\u201310 viikkoa<\/li>\n<\/ul>\n<p>&nbsp;<\/p>\n<p>&nbsp;<\/p>\n<p><em>Tukkuhinta per m2: 300m2 &#8211; 60.14 \u20ac (ilman ALV)<\/em><\/p>\n<p>&nbsp;<\/p>\n<p>&nbsp;<\/p>\n<p><strong>Mahdollista tilata my\u00f6s \u00f6ljyttyn\u00e4 valittavana 12 UV-\u00f6ljyv\u00e4ris\u00e4vy\u00e4:<\/strong><\/p>\n<p><img loading=\"lazy\" decoding=\"async\" class=\"alignnone wp-image-103782\" src=\"https:\/\/factory.sale\/wp-content\/uploads\/2025\/04\/woodengold-oil-tones-factory-sale-300x225.webp\" sizes=\"auto, (max-width: 776px) 100vw, 776px\" srcset=\"https:\/\/factory.sale\/wp-content\/uploads\/2025\/04\/woodengold-oil-tones-factory-sale-300x225.webp 300w, https:\/\/factory.sale\/wp-content\/uploads\/2025\/04\/woodengold-oil-tones-factory-sale-1024x768.webp 1024w, https:\/\/factory.sale\/wp-content\/uploads\/2025\/04\/woodengold-oil-tones-factory-sale-150x113.webp 150w, https:\/\/factory.sale\/wp-content\/uploads\/2025\/04\/woodengold-oil-tones-factory-sale-1536x1152.webp 1536w, https:\/\/factory.sale\/wp-content\/uploads\/2025\/04\/woodengold-oil-tones-factory-sale-600x450.webp 600w, https:\/\/factory.sale\/wp-content\/uploads\/2025\/04\/woodengold-oil-tones-factory-sale.webp 2048w\" alt=\"\" width=\"776\" height=\"582\" \/><\/p>\n<p>&nbsp;<\/p>\n<p><strong>Lis\u00e4ksi voit valita kahden lakkas\u00e4vyn v\u00e4lill\u00e4 (katso kuvagalleria).<\/strong><\/p>\n","protected":false},"excerpt":{"rendered":"<p>Woodengold-parketti tarjoaa korkealaatuista, luonnollista puulattiaa, jossa yhdistyv\u00e4t ajaton eleganssi ja kest\u00e4vyys. T\u00e4ydellinen valinta sek\u00e4 klassisiin ett\u00e4 moderneihin sisustuksiin.<\/p>\n<p>Ota yhteytt\u00e4 \u2013 teemme sinulle parhaan tarjouksen projektiisi.<\/p>\n<p><strong>Hinta per m\u00b2<\/strong><\/p>\n","protected":false},"featured_media":102666,"comment_status":"open","ping_status":"closed","template":"","meta":{"_acf_changed":false},"factory":[],"free-shipment":[],"product_brand":[],"product_cat":[1797,450,4334],"product_tag":[589],"class_list":{"0":"post-102672","1":"product","2":"type-product","3":"status-publish","4":"has-post-thumbnail","6":"product_cat-kalanruotoparketti","7":"product_cat-parketti","8":"product_cat-woodengold-fi","9":"product_tag-oak-fi","11":"first","12":"instock","13":"sale","14":"taxable","15":"shipping-taxable","16":"purchasable","17":"product-type-simple"},"acf":[],"_links":{"self":[{"href":"https:\/\/factory.sale\/fi\/wp-json\/wp\/v2\/product\/102672","targetHints":{"allow":["GET"]}}],"collection":[{"href":"https:\/\/factory.sale\/fi\/wp-json\/wp\/v2\/product"}],"about":[{"href":"https:\/\/factory.sale\/fi\/wp-json\/wp\/v2\/types\/product"}],"replies":[{"embeddable":true,"href":"https:\/\/factory.sale\/fi\/wp-json\/wp\/v2\/comments?post=102672"}],"wp:featuredmedia":[{"embeddable":true,"href":"https:\/\/factory.sale\/fi\/wp-json\/wp\/v2\/media\/102666"}],"wp:attachment":[{"href":"https:\/\/factory.sale\/fi\/wp-json\/wp\/v2\/media?parent=102672"}],"wp:term":[{"taxonomy":"factory","embeddable":true,"href":"https:\/\/factory.sale\/fi\/wp-json\/wp\/v2\/factory?post=102672"},{"taxonomy":"free-shipment","embeddable":true,"href":"https:\/\/factory.sale\/fi\/wp-json\/wp\/v2\/free-shipment?post=102672"},{"taxonomy":"product_brand","embeddable":true,"href":"https:\/\/factory.sale\/fi\/wp-json\/wp\/v2\/product_brand?post=102672"},{"taxonomy":"product_cat","embeddable":true,"href":"https:\/\/factory.sale\/fi\/wp-json\/wp\/v2\/product_cat?post=102672"},{"taxonomy":"product_tag","embeddable":true,"href":"https:\/\/factory.sale\/fi\/wp-json\/wp\/v2\/product_tag?post=102672"}],"curies":[{"name":"wp","href":"https:\/\/api.w.org\/{rel}","templated":true}]}}