{"id":102312,"date":"2026-03-12T16:33:46","date_gmt":"2025-03-28T14:55:21","guid":{"rendered":"https:\/\/factory.sale\/?post_type=product&#038;p=102312"},"modified":"2025-11-24T11:53:34","modified_gmt":"2025-11-24T08:53:34","slug":"musta-helmi-3-horizontal-%e2%88%85-22-m-puulammitteinen-kylpytynnyri-integroidulla-kamiinalla-8-10-henkilolle-jopa-35-enemman-istumatilaa-lampokansi-sisaltyy-hintaan","status":"publish","type":"product","link":"https:\/\/factory.sale\/fi\/tuote\/musta-helmi-3-horizontal-%e2%88%85-22-m-puulammitteinen-kylpytynnyri-integroidulla-kamiinalla-8-10-henkilolle-jopa-35-enemman-istumatilaa-lampokansi-sisaltyy-hintaan\/","title":{"rendered":"Musta Helmi 3 Horizontal \u2013 \u2205 2,2 m puul\u00e4mmitteinen kylpytynnyri integroidulla kamiinalla (8\u201310 henkil\u00f6lle), jopa 35 % enemm\u00e4n istumatilaa. L\u00e4mp\u00f6kansi sis\u00e4ltyy hintaan!"},"content":{"rendered":"<p class=\"\" data-start=\"803\" data-end=\"881\"><strong data-start=\"803\" data-end=\"881\">Musta Helmi 3 Horizontal \u2013 enemm\u00e4n tilaa rentoutumiseen, enemm\u00e4n syit\u00e4 nauttia.<\/strong><\/p>\n<p class=\"\" data-start=\"883\" data-end=\"1223\">Mukavuutta ja kapasiteettia silm\u00e4ll\u00e4 pit\u00e4en suunniteltu Musta Helmi 3 Horizontal tarjoaa jopa 35 % enemm\u00e4n istumatilaa verrattuna perinteisiin integroidulla kamiinalla varustettuihin paljuihin. Olitpa sitten viihdytt\u00e4m\u00e4ss\u00e4 vieraita tai etsim\u00e4ss\u00e4 rauhallista omaa hetke\u00e4, t\u00e4m\u00e4 palju yhdist\u00e4\u00e4 ylellisyyden, toimivuuden ja energiatehokkuuden.<\/p>\n<p class=\"\" data-start=\"1225\" data-end=\"1564\">Altaan syd\u00e4n on korkealaatuinen meriluokan Gelcoat-lasikuitusisus \u2013 sama materiaali, jota k\u00e4ytet\u00e4\u00e4n luksusjahdeissa. 25 kW:n sis\u00e4\u00e4nrakennettu ruostumattomasta ter\u00e4ksest\u00e4 (AISI 304) valmistettu kamiina l\u00e4mmitt\u00e4\u00e4 veden 38\u201340 asteeseen noin 1,5\u20132,5 tunnissa. Mukavuuden vuoksi toimitukseen sis\u00e4ltyv\u00e4t my\u00f6s kelluva l\u00e4mp\u00f6mittari ja \u00f6ljytty kuusiporras.<\/p>\n<p class=\"\" data-start=\"1566\" data-end=\"1678\">Ja kyll\u00e4 \u2013 l\u00e4mp\u00f6kansi sis\u00e4ltyy aina hintaan, tehden t\u00e4st\u00e4 altaasta yht\u00e4 energiatehokkaan kuin houkuttelevan.<\/p>\n<p class=\"\" data-start=\"1680\" data-end=\"1974\">Musta Helmi 3 Horizontal on t\u00e4ysin muokattavissa \u2013 valittavanasi on runsaasti lis\u00e4varusteita, valaistusvaihtoehtoja ja ulkoverhouksia. Halusitpa sitten modernin WPC-paneelin, rentouttavan hierontaj\u00e4rjestelm\u00e4n tai tunnelmallisen LED-valaistuksen, autamme sinua luomaan t\u00e4ydellisen kokonaisuuden.<\/p>\n<h3 class=\"\" data-start=\"1650\" data-end=\"1675\"><strong data-start=\"1654\" data-end=\"1675\">Paketti sis\u00e4lt\u00e4\u00e4:<\/strong><\/h3>\n<ul>\n<li class=\"\" data-start=\"120\" data-end=\"200\">\n<p class=\"\" data-start=\"122\" data-end=\"200\">Sis\u00e4\u00e4nrakennettu puul\u00e4mmitteinen kamiina (25 kW), ruostumaton ter\u00e4s AISI 304<\/p>\n<\/li>\n<li class=\"\" data-start=\"201\" data-end=\"225\">\n<p class=\"\" data-start=\"203\" data-end=\"225\">Vedenpoistoventtiili<\/p>\n<\/li>\n<li class=\"\" data-start=\"226\" data-end=\"269\">\n<p class=\"\" data-start=\"228\" data-end=\"269\">\u00d6ljytty tai k\u00e4sittelem\u00e4t\u00f6n kuusiverhous<\/p>\n<\/li>\n<li class=\"\" data-start=\"270\" data-end=\"304\">\n<p class=\"\" data-start=\"272\" data-end=\"304\">2-osainen savupiippu (2 \u00d7 1 m)<\/p>\n<\/li>\n<li class=\"\" data-start=\"305\" data-end=\"335\">\n<p class=\"\" data-start=\"307\" data-end=\"335\">Piipun l\u00e4mp\u00f6suoja ja hattu<\/p>\n<\/li>\n<li class=\"\" data-start=\"336\" data-end=\"374\">\n<p class=\"\" data-start=\"338\" data-end=\"374\">Ruostumattomat vedenpoistoliit\u00e4nn\u00e4t<\/p>\n<\/li>\n<li class=\"\" data-start=\"375\" data-end=\"394\">\n<p class=\"\" data-start=\"377\" data-end=\"394\">Kuusipuutikkaat<\/p>\n<\/li>\n<li class=\"\" data-start=\"395\" data-end=\"419\">\n<p class=\"\" data-start=\"397\" data-end=\"419\">Kelluva l\u00e4mp\u00f6mittari<\/p>\n<\/li>\n<li class=\"\" data-start=\"420\" data-end=\"468\">\n<p class=\"\" data-start=\"422\" data-end=\"468\">L\u00e4mp\u00f6kansi (v\u00e4rit: musta, harmaa tai ruskea)<\/p>\n<\/li>\n<li class=\"\" data-start=\"469\" data-end=\"575\">\n<p class=\"\" data-start=\"471\" data-end=\"575\">Meriluokan Gelcoat-lasikuitusisus (RAL 9001 kermanvalkoinen, RAL 7015 harmaa, RAL 5012 taivaansininen)<\/p>\n<\/li>\n<\/ul>\n<p><strong><img loading=\"lazy\" decoding=\"async\" class=\"alignnone wp-image-86083\" src=\"https:\/\/factory.sale\/wp-content\/uploads\/2024\/04\/Colors-300x240.jpg\" alt=\"\" width=\"339\" height=\"271\" srcset=\"https:\/\/factory.sale\/wp-content\/uploads\/2024\/04\/Colors-300x240.jpg 300w, https:\/\/factory.sale\/wp-content\/uploads\/2024\/04\/Colors-150x120.jpg 150w, https:\/\/factory.sale\/wp-content\/uploads\/2024\/04\/Colors-600x480.jpg 600w, https:\/\/factory.sale\/wp-content\/uploads\/2024\/04\/Colors.jpg 750w\" sizes=\"auto, (max-width: 339px) 100vw, 339px\" \/><\/strong><\/p>\n<ul>\n<li>Lis\u00e4maksusta on mahdollista valita akryylisisus. V\u00e4rivaihtoehdot: Sininen RAL5012, Valkoinen\/kermanv\u00e4rinen RAL9001, Harmaa RAL7015, Musta marmori, Sininen marmori, Kahvimarmori, Vihre\u00e4 marmori, Valkoinen marmori, Ruskea marmori.<\/li>\n<\/ul>\n<p><img loading=\"lazy\" decoding=\"async\" class=\"alignnone wp-image-100885\" src=\"https:\/\/factory.sale\/wp-content\/uploads\/2024\/04\/marmori-300x120.webp\" alt=\"\" width=\"598\" height=\"239\" srcset=\"https:\/\/factory.sale\/wp-content\/uploads\/2024\/04\/marmori-300x120.webp 300w, https:\/\/factory.sale\/wp-content\/uploads\/2024\/04\/marmori-150x60.webp 150w, https:\/\/factory.sale\/wp-content\/uploads\/2024\/04\/marmori-600x240.webp 600w, https:\/\/factory.sale\/wp-content\/uploads\/2024\/04\/marmori.webp 750w\" sizes=\"auto, (max-width: 598px) 100vw, 598px\" \/><\/p>\n<h3 class=\"\" data-start=\"826\" data-end=\"850\"><strong data-start=\"830\" data-end=\"850\">Tekniset tiedot:<\/strong><\/h3>\n<ul data-start=\"851\" data-end=\"1289\">\n<li class=\"\" data-start=\"851\" data-end=\"882\">\n<p class=\"\" data-start=\"853\" data-end=\"882\">Kapasiteetti: 8\u201310 aikuista<\/p>\n<\/li>\n<li class=\"\" data-start=\"883\" data-end=\"934\">\n<p class=\"\" data-start=\"885\" data-end=\"934\">Sisusmateriaali: meriluokan lasikuitu (Gelcoat)<\/p>\n<\/li>\n<li class=\"\" data-start=\"935\" data-end=\"961\">\n<p class=\"\" data-start=\"937\" data-end=\"961\">Ulkohalkaisija: 220 cm<\/p>\n<\/li>\n<li class=\"\" data-start=\"962\" data-end=\"988\">\n<p class=\"\" data-start=\"964\" data-end=\"988\">Sis\u00e4halkaisija: 200 cm<\/p>\n<\/li>\n<li class=\"\" data-start=\"989\" data-end=\"1008\">\n<p class=\"\" data-start=\"991\" data-end=\"1008\">Korkeus: 105 cm<\/p>\n<\/li>\n<li class=\"\" data-start=\"1009\" data-end=\"1037\">\n<p class=\"\" data-start=\"1011\" data-end=\"1037\">Tilavuus: n. 1300 litraa<\/p>\n<\/li>\n<li class=\"\" data-start=\"1038\" data-end=\"1084\">\n<p class=\"\" data-start=\"1040\" data-end=\"1084\">L\u00e4mmitysaika: n. 1,5\u20132,5 tuntia (38\u201340 \u00b0C)<\/p>\n<\/li>\n<li class=\"\" data-start=\"1085\" data-end=\"1165\">\n<p class=\"\" data-start=\"1087\" data-end=\"1165\">Kamiinamateriaali: ruostumaton ter\u00e4s AISI 304 (p\u00e4ivitett\u00e4viss\u00e4 AISI 316:ksi)<\/p>\n<\/li>\n<li class=\"\" data-start=\"1166\" data-end=\"1192\">\n<p class=\"\" data-start=\"1168\" data-end=\"1192\">Lis\u00e4eristys saatavilla<\/p>\n<\/li>\n<li class=\"\" data-start=\"1193\" data-end=\"1216\">\n<p class=\"\" data-start=\"1195\" data-end=\"1216\">L\u00e4mp\u00f6kansi sis\u00e4ltyy<\/p>\n<\/li>\n<li class=\"\" data-start=\"1217\" data-end=\"1289\">\n<p class=\"\" data-start=\"1219\" data-end=\"1289\">S\u00e4hk\u00f6liit\u00e4nt\u00e4valmius: hierontaj\u00e4rjestelm\u00e4t, valaistus ja s\u00e4hk\u00f6l\u00e4mmitys<\/p>\n<\/li>\n<\/ul>\n<p><img loading=\"lazy\" decoding=\"async\" class=\"alignnone wp-image-102104\" src=\"https:\/\/factory.sale\/wp-content\/uploads\/2024\/04\/jets-factory-sale-2-300x60.webp\" alt=\"\" width=\"595\" height=\"119\" srcset=\"https:\/\/factory.sale\/wp-content\/uploads\/2024\/04\/jets-factory-sale-2-300x60.webp 300w, https:\/\/factory.sale\/wp-content\/uploads\/2024\/04\/jets-factory-sale-2-150x30.webp 150w, https:\/\/factory.sale\/wp-content\/uploads\/2024\/04\/jets-factory-sale-2-600x120.webp 600w, https:\/\/factory.sale\/wp-content\/uploads\/2024\/04\/jets-factory-sale-2.webp 750w\" sizes=\"auto, (max-width: 595px) 100vw, 595px\" \/><\/p>\n<h3 class=\"\" data-start=\"139\" data-end=\"175\"><strong data-start=\"143\" data-end=\"175\">Lis\u00e4varusteet (lis\u00e4hintaan):<\/strong><\/h3>\n<p class=\"\" data-start=\"177\" data-end=\"203\"><strong data-start=\"177\" data-end=\"201\">Ulkopeite \/ verhous:<\/strong><\/p>\n<ul>\n<li class=\"\" data-start=\"204\" data-end=\"280\">\n<p class=\"\" data-start=\"206\" data-end=\"280\">Maalattu kuusiverhous<\/p>\n<\/li>\n<li class=\"\" data-start=\"281\" data-end=\"328\">\n<p class=\"\" data-start=\"283\" data-end=\"328\">L\u00e4mp\u00f6k\u00e4sitelty puuverhous (\u00f6ljytty)<\/p>\n<\/li>\n<li class=\"\" data-start=\"329\" data-end=\"377\">\n<p class=\"\" data-start=\"331\" data-end=\"377\">L\u00e4mp\u00f6k\u00e4sitelty puuverhous (maalattu)<\/p>\n<\/li>\n<\/ul>\n<p class=\"\" data-start=\"331\" data-end=\"377\">*maalattu Remmers-kuullotteella, saatavilla useissa eri s\u00e4vyiss\u00e4. V\u00e4rikartat l\u00f6yd\u00e4t t\u00e4\u00e4lt\u00e4:\u00a0<a href=\"https:\/\/factory.sale\/wp-content\/uploads\/2024\/06\/Remmers-lasuur.pdf\" target=\"_blank\" rel=\"noopener\">v\u00e4rikartta 1<\/a>,\u00a0<a href=\"https:\/\/factory.sale\/wp-content\/uploads\/2024\/06\/ZI10906_2250_DE_1_81907.pdf\" target=\"_blank\" rel=\"noopener\">v\u00e4rikartta 2<\/a><\/p>\n<ul>\n<li class=\"\" data-start=\"378\" data-end=\"437\">\n<p class=\"\" data-start=\"380\" data-end=\"437\">WPC-verhous (antrasiitti, tummanruskea, harmaa)<\/p>\n<\/li>\n<\/ul>\n<p><img loading=\"lazy\" decoding=\"async\" class=\"alignnone wp-image-102001\" src=\"https:\/\/factory.sale\/wp-content\/uploads\/2024\/04\/WPC-factory-sale-300x100.webp\" alt=\"\" width=\"438\" height=\"146\" srcset=\"https:\/\/factory.sale\/wp-content\/uploads\/2024\/04\/WPC-factory-sale-300x100.webp 300w, https:\/\/factory.sale\/wp-content\/uploads\/2024\/04\/WPC-factory-sale-150x50.webp 150w, https:\/\/factory.sale\/wp-content\/uploads\/2024\/04\/WPC-factory-sale-600x200.webp 600w, https:\/\/factory.sale\/wp-content\/uploads\/2024\/04\/WPC-factory-sale.webp 750w\" sizes=\"auto, (max-width: 438px) 100vw, 438px\" \/><\/p>\n<p class=\"\" data-start=\"439\" data-end=\"453\"><strong data-start=\"439\" data-end=\"451\">Portaat:<\/strong><\/p>\n<ul data-start=\"454\" data-end=\"582\">\n<li class=\"\" data-start=\"454\" data-end=\"477\">\n<p class=\"\" data-start=\"456\" data-end=\"477\">Vakioportaat<\/p>\n<\/li>\n<li class=\"\" data-start=\"478\" data-end=\"504\">\n<p class=\"\" data-start=\"480\" data-end=\"504\">Py\u00f6re\u00e4t portaat<\/p>\n<\/li>\n<li class=\"\" data-start=\"505\" data-end=\"536\">\n<p class=\"\" data-start=\"507\" data-end=\"536\">Platform M -portaat<\/p>\n<\/li>\n<\/ul>\n<p><img loading=\"lazy\" decoding=\"async\" class=\"alignnone wp-image-102323\" src=\"https:\/\/factory.sale\/wp-content\/uploads\/2025\/03\/portaat-300x100.webp\" alt=\"\" width=\"864\" height=\"288\" srcset=\"https:\/\/factory.sale\/wp-content\/uploads\/2025\/03\/portaat-300x100.webp 300w, https:\/\/factory.sale\/wp-content\/uploads\/2025\/03\/portaat-150x50.webp 150w, https:\/\/factory.sale\/wp-content\/uploads\/2025\/03\/portaat-600x200.webp 600w, https:\/\/factory.sale\/wp-content\/uploads\/2025\/03\/portaat.webp 750w\" sizes=\"auto, (max-width: 864px) 100vw, 864px\" \/><\/p>\n<ul data-start=\"454\" data-end=\"582\">\n<li class=\"\" data-start=\"537\" data-end=\"582\">\n<p class=\"\" data-start=\"539\" data-end=\"582\">Ter\u00e4ksiset kiristysrenkaat (2 kpl)<\/p>\n<\/li>\n<\/ul>\n<p class=\"\" data-start=\"584\" data-end=\"636\"><strong data-start=\"584\" data-end=\"634\">Hyllyt (vain kuusi- tai l\u00e4mp\u00f6puuverhoukselle):<\/strong><\/p>\n<ul data-start=\"637\" data-end=\"688\">\n<li class=\"\" data-start=\"637\" data-end=\"661\">\n<p class=\"\" data-start=\"639\" data-end=\"661\">Puiset hyllyt<\/p>\n<\/li>\n<li class=\"\" data-start=\"662\" data-end=\"688\">\n<p class=\"\" data-start=\"664\" data-end=\"688\">Muoviset hyllyt<\/p>\n<\/li>\n<\/ul>\n<p><img loading=\"lazy\" decoding=\"async\" class=\"alignnone wp-image-102317\" src=\"https:\/\/factory.sale\/wp-content\/uploads\/2025\/03\/hyllyt-300x100.webp\" alt=\"\" width=\"648\" height=\"216\" srcset=\"https:\/\/factory.sale\/wp-content\/uploads\/2025\/03\/hyllyt-300x100.webp 300w, https:\/\/factory.sale\/wp-content\/uploads\/2025\/03\/hyllyt-150x50.webp 150w, https:\/\/factory.sale\/wp-content\/uploads\/2025\/03\/hyllyt-600x200.webp 600w, https:\/\/factory.sale\/wp-content\/uploads\/2025\/03\/hyllyt.webp 750w\" sizes=\"auto, (max-width: 648px) 100vw, 648px\" \/><\/p>\n<p class=\"\" data-start=\"690\" data-end=\"723\"><strong data-start=\"690\" data-end=\"721\">Vedenk\u00e4sittely ja suodatus:<\/strong><\/p>\n<ul data-start=\"724\" data-end=\"997\">\n<li class=\"\" data-start=\"724\" data-end=\"776\">\n<p class=\"\" data-start=\"726\" data-end=\"776\">Ruostumaton ter\u00e4ksiliit\u00e4nt\u00e4 suodattimelle<\/p>\n<\/li>\n<li class=\"\" data-start=\"777\" data-end=\"803\">\n<p class=\"\" data-start=\"779\" data-end=\"803\">Hiekkasuodatin<\/p>\n<\/li>\n<li class=\"\" data-start=\"804\" data-end=\"849\">\n<p class=\"\" data-start=\"806\" data-end=\"849\">Suodattimen t\u00e4yte (puuvillapallot)<\/p>\n<\/li>\n<li class=\"\" data-start=\"850\" data-end=\"885\">\n<p class=\"\" data-start=\"852\" data-end=\"885\">Suodatinlaatikko (kuusi)<\/p>\n<\/li>\n<li class=\"\" data-start=\"886\" data-end=\"924\">\n<p class=\"\" data-start=\"888\" data-end=\"924\">Suodatinlaatikko (l\u00e4mp\u00f6puu)<\/p>\n<\/li>\n<li class=\"\" data-start=\"925\" data-end=\"959\">\n<p class=\"\" data-start=\"927\" data-end=\"959\">Suodatinlaatikko (WPC)<\/p>\n<\/li>\n<li class=\"\" data-start=\"960\" data-end=\"997\">\n<p class=\"\" data-start=\"962\" data-end=\"997\">UV-C lamppu (Blue Lagoon)<\/p>\n<\/li>\n<\/ul>\n<p class=\"\" data-start=\"999\" data-end=\"1019\"><strong data-start=\"999\" data-end=\"1017\">S\u00e4hk\u00f6l\u00e4mmitys:<\/strong><\/p>\n<ul data-start=\"1020\" data-end=\"1112\">\n<li class=\"\" data-start=\"1020\" data-end=\"1050\">\n<p class=\"\" data-start=\"1022\" data-end=\"1050\">3 kW s\u00e4hk\u00f6l\u00e4mmitin<\/p>\n<\/li>\n<li class=\"\" data-start=\"1051\" data-end=\"1081\">\n<p class=\"\" data-start=\"1053\" data-end=\"1081\">6 kW s\u00e4hk\u00f6l\u00e4mmitin<\/p>\n<\/li>\n<li class=\"\" data-start=\"1082\" data-end=\"1112\">\n<p class=\"\" data-start=\"1084\" data-end=\"1112\">9 kW s\u00e4hk\u00f6l\u00e4mmitin<\/p>\n<\/li>\n<\/ul>\n<p class=\"\" data-start=\"1114\" data-end=\"1147\"><strong data-start=\"1114\" data-end=\"1145\">Lis\u00e4eristys ja p\u00e4ivitykset:<\/strong><\/p>\n<ul data-start=\"1148\" data-end=\"1240\">\n<li class=\"\" data-start=\"1148\" data-end=\"1191\">\n<p class=\"\" data-start=\"1150\" data-end=\"1191\">Lis\u00e4eristys (polyuretaanivaahto)<\/p>\n<\/li>\n<li class=\"\" data-start=\"1192\" data-end=\"1240\">\n<p class=\"\" data-start=\"1194\" data-end=\"1240\">Kamiinan p\u00e4ivitys AISI 316 -ter\u00e4kseen<\/p>\n<\/li>\n<\/ul>\n<p class=\"\" data-start=\"2403\" data-end=\"2430\"><strong data-start=\"2403\" data-end=\"2428\">Hierontaj\u00e4rjestelm\u00e4t:<\/strong><\/p>\n<ul data-start=\"2431\" data-end=\"2646\">\n<li class=\"\" data-start=\"2431\" data-end=\"2468\">\n<p class=\"\" data-start=\"2433\" data-end=\"2468\">Vesihieronta \u2013 8 suutinta<\/p>\n<\/li>\n<li class=\"\" data-start=\"2469\" data-end=\"2551\">\n<p class=\"\" data-start=\"2471\" data-end=\"2551\">Yhdistelm\u00e4: 18 vesihierontasuutinta + 4 isoa suutinta + 4 ilmasuutinta<\/p>\n<\/li>\n<li class=\"\" data-start=\"2552\" data-end=\"2590\">\n<p class=\"\" data-start=\"2554\" data-end=\"2590\">Ilmahieronta \u2013 12 suutinta<\/p>\n<\/li>\n<li class=\"\" data-start=\"2591\" data-end=\"2646\">\n<p class=\"\" data-start=\"2593\" data-end=\"2646\">Yhdistelm\u00e4: 8 vesisuutinta + 4 ilmasuutinta<\/p>\n<\/li>\n<\/ul>\n<p class=\"\" data-start=\"2648\" data-end=\"2664\"><strong data-start=\"2648\" data-end=\"2662\">Valaistus:<\/strong><\/p>\n<ul data-start=\"2665\" data-end=\"2876\">\n<li class=\"\" data-start=\"2665\" data-end=\"2687\">\n<p class=\"\" data-start=\"2667\" data-end=\"2687\">1 \u00d7 iso LED<\/p>\n<\/li>\n<li class=\"\" data-start=\"2688\" data-end=\"2714\">\n<p class=\"\" data-start=\"2690\" data-end=\"2714\">2 \u00d7 iso LED<\/p>\n<\/li>\n<li class=\"\" data-start=\"2715\" data-end=\"2740\">\n<p class=\"\" data-start=\"2717\" data-end=\"2740\">10 \u00d7 mini LED<\/p>\n<\/li>\n<li class=\"\" data-start=\"2741\" data-end=\"2772\">\n<p class=\"\" data-start=\"2743\" data-end=\"2772\">1 iso + 10 mini LED<\/p>\n<\/li>\n<li class=\"\" data-start=\"2773\" data-end=\"2804\">\n<p class=\"\" data-start=\"2775\" data-end=\"2804\">2 isoa + 6 mini LED<\/p>\n<\/li>\n<li class=\"\" data-start=\"2805\" data-end=\"2837\">\n<p class=\"\" data-start=\"2807\" data-end=\"2837\">2 isoa + 10 mini LED<\/p>\n<\/li>\n<li class=\"\" data-start=\"2838\" data-end=\"2876\">\n<p class=\"\" data-start=\"2840\" data-end=\"2876\">LED-valonauha ulkoreunalla<\/p>\n<\/li>\n<\/ul>\n<p><img loading=\"lazy\" decoding=\"async\" class=\"alignnone wp-image-102320\" src=\"https:\/\/factory.sale\/wp-content\/uploads\/2025\/03\/LED-2-1-300x100.webp\" alt=\"\" width=\"597\" height=\"199\" srcset=\"https:\/\/factory.sale\/wp-content\/uploads\/2025\/03\/LED-2-1-300x100.webp 300w, https:\/\/factory.sale\/wp-content\/uploads\/2025\/03\/LED-2-1-150x50.webp 150w, https:\/\/factory.sale\/wp-content\/uploads\/2025\/03\/LED-2-1-600x200.webp 600w, https:\/\/factory.sale\/wp-content\/uploads\/2025\/03\/LED-2-1.webp 750w\" sizes=\"auto, (max-width: 597px) 100vw, 597px\" \/><\/p>\n<p>&nbsp;<\/p>\n<p>Tuotekoodi: kubblackp3<\/p>\n<p><strong>Tarvitsetko lis\u00e4tietoa? Ota meihin yhteytt\u00e4 \u2013 autamme mielell\u00e4mme asennuksessa ja teknisiss\u00e4 kysymyksiss\u00e4!<\/strong><\/p>\n<div class=\"video-wrapper \"><iframe loading=\"lazy\" title=\"BlackPearl hot tub\" width=\"500\" height=\"281\" src=\"https:\/\/www.youtube.com\/embed\/yC12XRrt2_c?feature=oembed\" frameborder=\"0\" allow=\"accelerometer; autoplay; clipboard-write; encrypted-media; gyroscope; picture-in-picture; web-share\" referrerpolicy=\"strict-origin-when-cross-origin\" allowfullscreen><\/iframe><\/div>\n<p>&nbsp;<\/p>\n","protected":false},"excerpt":{"rendered":"<p><strong data-start=\"355\" data-end=\"406\">Virtaviivainen muotoilu, \u00e4lyk\u00e4s tilank\u00e4ytt\u00f6.<\/strong><br data-start=\"406\" data-end=\"409\" \/>Musta Helmi 3 Horizontal on puul\u00e4mmitteinen kylpytynnyri niille, jotka arvostavat tyylik\u00e4st\u00e4 ulkon\u00e4k\u00f6\u00e4, mukavuutta ja tehokasta tilank\u00e4ytt\u00f6\u00e4. Ergonominen sis\u00e4rakenne tarjoaa jopa 35 % enemm\u00e4n istumatilaa kuin perinteiset altaat, ja mukana tuleva l\u00e4mp\u00f6kansi varmistaa nopeamman l\u00e4mmityksen ja paremman l\u00e4mm\u00f6neristyksen \u2013 kaikki yhdess\u00e4 ylellisess\u00e4 paketissa.<\/p>\n","protected":false},"featured_media":102160,"comment_status":"open","ping_status":"closed","template":"","meta":{"_acf_changed":false},"factory":[],"free-shipment":[],"product_brand":[],"product_cat":[2210,2588],"product_tag":[4437],"class_list":{"0":"post-102312","1":"product","2":"type-product","3":"status-publish","4":"has-post-thumbnail","6":"product_cat-kylpytynnyrit","7":"product_cat-lasikuituiset-kylpytynnyrit","8":"product_tag-luxury-hot-tub-fi","10":"first","11":"instock","12":"sale","13":"taxable","14":"shipping-taxable","15":"purchasable","16":"product-type-simple"},"acf":[],"_links":{"self":[{"href":"https:\/\/factory.sale\/fi\/wp-json\/wp\/v2\/product\/102312","targetHints":{"allow":["GET"]}}],"collection":[{"href":"https:\/\/factory.sale\/fi\/wp-json\/wp\/v2\/product"}],"about":[{"href":"https:\/\/factory.sale\/fi\/wp-json\/wp\/v2\/types\/product"}],"replies":[{"embeddable":true,"href":"https:\/\/factory.sale\/fi\/wp-json\/wp\/v2\/comments?post=102312"}],"wp:featuredmedia":[{"embeddable":true,"href":"https:\/\/factory.sale\/fi\/wp-json\/wp\/v2\/media\/102160"}],"wp:attachment":[{"href":"https:\/\/factory.sale\/fi\/wp-json\/wp\/v2\/media?parent=102312"}],"wp:term":[{"taxonomy":"factory","embeddable":true,"href":"https:\/\/factory.sale\/fi\/wp-json\/wp\/v2\/factory?post=102312"},{"taxonomy":"free-shipment","embeddable":true,"href":"https:\/\/factory.sale\/fi\/wp-json\/wp\/v2\/free-shipment?post=102312"},{"taxonomy":"product_brand","embeddable":true,"href":"https:\/\/factory.sale\/fi\/wp-json\/wp\/v2\/product_brand?post=102312"},{"taxonomy":"product_cat","embeddable":true,"href":"https:\/\/factory.sale\/fi\/wp-json\/wp\/v2\/product_cat?post=102312"},{"taxonomy":"product_tag","embeddable":true,"href":"https:\/\/factory.sale\/fi\/wp-json\/wp\/v2\/product_tag?post=102312"}],"curies":[{"name":"wp","href":"https:\/\/api.w.org\/{rel}","templated":true}]}}