{"id":102310,"date":"2026-03-12T16:33:53","date_gmt":"2025-03-27T13:52:03","guid":{"rendered":"https:\/\/factory.sale\/?post_type=product&#038;p=102310"},"modified":"2025-11-24T11:43:14","modified_gmt":"2025-11-24T08:43:14","slug":"musta-helmi-1-%e2%88%85-22-m-puulammitteinen-kylpytynnyri-integroidulla-kamiinalla-6-8-henkilolle-taysin-muokattavissa-lampokansi-sisaltyy-hintaan","status":"publish","type":"product","link":"https:\/\/factory.sale\/fi\/tuote\/musta-helmi-1-%e2%88%85-22-m-puulammitteinen-kylpytynnyri-integroidulla-kamiinalla-6-8-henkilolle-taysin-muokattavissa-lampokansi-sisaltyy-hintaan\/","title":{"rendered":"Musta Helmi 1 \u2013 \u2205 2,2 m puul\u00e4mmitteinen kylpytynnyri integroidulla kamiinalla (6\u20138 henkil\u00f6lle), t\u00e4ysin muokattavissa. L\u00e4mp\u00f6kansi sis\u00e4ltyy hintaan!"},"content":{"rendered":"<p class=\"\" data-start=\"786\" data-end=\"842\"><strong data-start=\"786\" data-end=\"840\">Musta Helmi 1 \u2013 oma spa-hetkesi, uudessa muodossa.<\/strong><\/p>\n<p class=\"\" data-start=\"844\" data-end=\"1098\">Musta Helmi 1 on suurempi versio suosituimmasta py\u00f6re\u00e4st\u00e4 kylpytynnyrist\u00e4mme. Siihen mahtuu mukavasti 6\u20138 henkil\u00f6\u00e4, ja sen syd\u00e4n on tehokas 30 kW:n sis\u00e4\u00e4nrakennettu puukamiina, joka on valmistettu korkealaatuisesta ruostumattomasta ter\u00e4ksest\u00e4 (AISI 304).<\/p>\n<p class=\"\" data-start=\"1100\" data-end=\"1353\">Sisus on meriluokan Gelcoat-lasikuitua \u2013 samaa kest\u00e4v\u00e4\u00e4 materiaalia k\u00e4ytet\u00e4\u00e4n luksusjahdeissa. Vakiona saatavilla s\u00e4vyt: kerma valkoinen (RAL 9001), liuskekivenharmaa (RAL 7015) ja taivaansininen (RAL 5012). Lis\u00e4varusteena my\u00f6s helmenharmaa viimeistely.<\/p>\n<p class=\"\" data-start=\"1355\" data-end=\"1643\">Jokainen yksityiskohta on suunniteltu helpottamaan k\u00e4ytt\u00f6\u00e4 ja parantamaan mukavuutta: \u00f6ljytty kuusipaneeli, 2 metrin savupiippu l\u00e4mp\u00f6suojalla ja hatussa, kuusiportaat sek\u00e4 kelluva l\u00e4mp\u00f6mittari. Ja jotta nautinto olisi vaivatonta \u2013 l\u00e4mp\u00f6kansi sis\u00e4ltyy jokaiseen Musta Helmi 1 -pakettiin.<\/p>\n<h3 class=\"\" data-start=\"1650\" data-end=\"1675\"><strong data-start=\"1654\" data-end=\"1675\">Paketti sis\u00e4lt\u00e4\u00e4:<\/strong><\/h3>\n<ul data-start=\"1676\" data-end=\"2101\">\n<li class=\"\" data-start=\"1676\" data-end=\"1743\">\n<p class=\"\" data-start=\"1678\" data-end=\"1743\">Sis\u00e4\u00e4nrakennettu puukamiina (30 kW), ruostumaton ter\u00e4s AISI 304<\/p>\n<\/li>\n<li class=\"\" data-start=\"1744\" data-end=\"1768\">\n<p class=\"\" data-start=\"1746\" data-end=\"1768\">Vedenpoistoventtiili<\/p>\n<\/li>\n<li class=\"\" data-start=\"1769\" data-end=\"1812\">\n<p class=\"\" data-start=\"1771\" data-end=\"1812\">\u00d6ljytty tai k\u00e4sittelem\u00e4t\u00f6n kuusiverhous<\/p>\n<\/li>\n<li class=\"\" data-start=\"1813\" data-end=\"1847\">\n<p class=\"\" data-start=\"1815\" data-end=\"1847\">2-osainen savupiippu (2 \u00d7 1 m)<\/p>\n<\/li>\n<li class=\"\" data-start=\"1848\" data-end=\"1878\">\n<p class=\"\" data-start=\"1850\" data-end=\"1878\">Piipun l\u00e4mp\u00f6suoja ja hattu<\/p>\n<\/li>\n<li class=\"\" data-start=\"1879\" data-end=\"1917\">\n<p class=\"\" data-start=\"1881\" data-end=\"1917\">Ruostumattomat vedenpoistoliit\u00e4nn\u00e4t<\/p>\n<\/li>\n<li class=\"\" data-start=\"1918\" data-end=\"1937\">\n<p class=\"\" data-start=\"1920\" data-end=\"1937\">Kuusipuutikkaat<\/p>\n<\/li>\n<li class=\"\" data-start=\"1938\" data-end=\"1962\">\n<p class=\"\" data-start=\"1940\" data-end=\"1962\">Kelluva l\u00e4mp\u00f6mittari<\/p>\n<\/li>\n<li class=\"\" data-start=\"1963\" data-end=\"2011\">\n<p class=\"\" data-start=\"1965\" data-end=\"2011\">L\u00e4mp\u00f6kansi (v\u00e4rit: musta, harmaa tai ruskea)<\/p>\n<\/li>\n<li class=\"\" data-start=\"2012\" data-end=\"2101\">\n<p class=\"\" data-start=\"2014\" data-end=\"2101\">Meriluokan Gelcoat-lasikuitusisus (RAL 9001 kerma, RAL 7015 harmaa, RAL 5012 sininen)<\/p>\n<\/li>\n<\/ul>\n<p><strong><img loading=\"lazy\" decoding=\"async\" class=\"alignnone wp-image-86083\" src=\"https:\/\/factory.sale\/wp-content\/uploads\/2024\/04\/Colors-300x240.jpg\" alt=\"\" width=\"339\" height=\"271\" srcset=\"https:\/\/factory.sale\/wp-content\/uploads\/2024\/04\/Colors-300x240.jpg 300w, https:\/\/factory.sale\/wp-content\/uploads\/2024\/04\/Colors-150x120.jpg 150w, https:\/\/factory.sale\/wp-content\/uploads\/2024\/04\/Colors-600x480.jpg 600w, https:\/\/factory.sale\/wp-content\/uploads\/2024\/04\/Colors.jpg 750w\" sizes=\"auto, (max-width: 339px) 100vw, 339px\" \/><\/strong><\/p>\n<ul>\n<li>Lis\u00e4maksusta on mahdollista valita akryylisisus. V\u00e4rivaihtoehdot: Sininen RAL5012, Valkoinen\/kermanv\u00e4rinen RAL9001, Harmaa RAL7015, Musta marmori, Sininen marmori, Kahvimarmori, Vihre\u00e4 marmori, Valkoinen marmori, Ruskea marmori.<\/li>\n<\/ul>\n<p><img loading=\"lazy\" decoding=\"async\" class=\"alignnone wp-image-100885\" src=\"https:\/\/factory.sale\/wp-content\/uploads\/2024\/04\/marmori-300x120.webp\" alt=\"\" width=\"598\" height=\"239\" srcset=\"https:\/\/factory.sale\/wp-content\/uploads\/2024\/04\/marmori-300x120.webp 300w, https:\/\/factory.sale\/wp-content\/uploads\/2024\/04\/marmori-150x60.webp 150w, https:\/\/factory.sale\/wp-content\/uploads\/2024\/04\/marmori-600x240.webp 600w, https:\/\/factory.sale\/wp-content\/uploads\/2024\/04\/marmori.webp 750w\" sizes=\"auto, (max-width: 598px) 100vw, 598px\" \/><\/p>\n<h3 class=\"\" data-start=\"2355\" data-end=\"2379\"><strong data-start=\"2359\" data-end=\"2379\">Tekniset tiedot:<\/strong><\/h3>\n<ul data-start=\"2380\" data-end=\"2803\">\n<li class=\"\" data-start=\"2380\" data-end=\"2410\">\n<p class=\"\" data-start=\"2382\" data-end=\"2410\">Kapasiteetti: 6\u20138 aikuista<\/p>\n<\/li>\n<li class=\"\" data-start=\"2411\" data-end=\"2462\">\n<p class=\"\" data-start=\"2413\" data-end=\"2462\">Sisusmateriaali: meriluokan lasikuitu (Gelcoat)<\/p>\n<\/li>\n<li class=\"\" data-start=\"2463\" data-end=\"2489\">\n<p class=\"\" data-start=\"2465\" data-end=\"2489\">Ulkohalkaisija: 220 cm<\/p>\n<\/li>\n<li class=\"\" data-start=\"2490\" data-end=\"2516\">\n<p class=\"\" data-start=\"2492\" data-end=\"2516\">Sis\u00e4halkaisija: 200 cm<\/p>\n<\/li>\n<li class=\"\" data-start=\"2517\" data-end=\"2536\">\n<p class=\"\" data-start=\"2519\" data-end=\"2536\">Korkeus: 105 cm<\/p>\n<\/li>\n<li class=\"\" data-start=\"2537\" data-end=\"2565\">\n<p class=\"\" data-start=\"2539\" data-end=\"2565\">Tilavuus: n. 1400 litraa<\/p>\n<\/li>\n<li class=\"\" data-start=\"2566\" data-end=\"2612\">\n<p class=\"\" data-start=\"2568\" data-end=\"2612\">L\u00e4mmitysaika: n. 1,5\u20132,5 tuntia (38\u201340 \u00b0C)<\/p>\n<\/li>\n<li class=\"\" data-start=\"2613\" data-end=\"2693\">\n<p class=\"\" data-start=\"2615\" data-end=\"2693\">Kamiinamateriaali: ruostumaton ter\u00e4s AISI 304 (p\u00e4ivitett\u00e4viss\u00e4 AISI 316:ksi)<\/p>\n<\/li>\n<li class=\"\" data-start=\"2694\" data-end=\"2720\">\n<p class=\"\" data-start=\"2696\" data-end=\"2720\">Lis\u00e4eristys saatavilla<\/p>\n<\/li>\n<li class=\"\" data-start=\"2721\" data-end=\"2744\">\n<p class=\"\" data-start=\"2723\" data-end=\"2744\">L\u00e4mp\u00f6kansi sis\u00e4ltyy<\/p>\n<\/li>\n<li class=\"\" data-start=\"2745\" data-end=\"2803\">\n<p class=\"\" data-start=\"2747\" data-end=\"2803\">S\u00e4hk\u00f6liit\u00e4nt\u00e4valmius: hieronta, valaistus, s\u00e4hk\u00f6l\u00e4mmitys<\/p>\n<\/li>\n<\/ul>\n<p><img loading=\"lazy\" decoding=\"async\" class=\"alignnone wp-image-102104\" src=\"https:\/\/factory.sale\/wp-content\/uploads\/2024\/04\/jets-factory-sale-2-300x60.webp\" alt=\"\" width=\"595\" height=\"119\" srcset=\"https:\/\/factory.sale\/wp-content\/uploads\/2024\/04\/jets-factory-sale-2-300x60.webp 300w, https:\/\/factory.sale\/wp-content\/uploads\/2024\/04\/jets-factory-sale-2-150x30.webp 150w, https:\/\/factory.sale\/wp-content\/uploads\/2024\/04\/jets-factory-sale-2-600x120.webp 600w, https:\/\/factory.sale\/wp-content\/uploads\/2024\/04\/jets-factory-sale-2.webp 750w\" sizes=\"auto, (max-width: 595px) 100vw, 595px\" \/><\/p>\n<h3 class=\"\" data-start=\"139\" data-end=\"175\"><strong data-start=\"143\" data-end=\"175\">Lis\u00e4varusteet (lis\u00e4hintaan):<\/strong><\/h3>\n<p class=\"\" data-start=\"177\" data-end=\"203\"><strong data-start=\"177\" data-end=\"201\">Ulkopeite \/ verhous:<\/strong><\/p>\n<ul>\n<li class=\"\" data-start=\"204\" data-end=\"280\">\n<p class=\"\" data-start=\"206\" data-end=\"280\">Maalattu kuusiverhous<\/p>\n<\/li>\n<li class=\"\" data-start=\"281\" data-end=\"328\">\n<p class=\"\" data-start=\"283\" data-end=\"328\">L\u00e4mp\u00f6k\u00e4sitelty puuverhous (\u00f6ljytty)<\/p>\n<\/li>\n<li class=\"\" data-start=\"329\" data-end=\"377\">\n<p class=\"\" data-start=\"331\" data-end=\"377\">L\u00e4mp\u00f6k\u00e4sitelty puuverhous (maalattu)<\/p>\n<\/li>\n<\/ul>\n<p class=\"\" data-start=\"331\" data-end=\"377\">*maalattu Remmers-kuullotteella, saatavilla useissa eri s\u00e4vyiss\u00e4. V\u00e4rikartat l\u00f6yd\u00e4t t\u00e4\u00e4lt\u00e4:\u00a0<a href=\"https:\/\/factory.sale\/wp-content\/uploads\/2024\/06\/Remmers-lasuur.pdf\" target=\"_blank\" rel=\"noopener\">v\u00e4rikartta 1<\/a>,\u00a0<a href=\"https:\/\/factory.sale\/wp-content\/uploads\/2024\/06\/ZI10906_2250_DE_1_81907.pdf\" target=\"_blank\" rel=\"noopener\">v\u00e4rikartta 2<\/a><\/p>\n<ul>\n<li class=\"\" data-start=\"378\" data-end=\"437\">\n<p class=\"\" data-start=\"380\" data-end=\"437\">WPC-verhous (antrasiitti, tummanruskea, harmaa)<\/p>\n<\/li>\n<\/ul>\n<p><img loading=\"lazy\" decoding=\"async\" class=\"alignnone wp-image-102001\" src=\"https:\/\/factory.sale\/wp-content\/uploads\/2024\/04\/WPC-factory-sale-300x100.webp\" alt=\"\" width=\"438\" height=\"146\" srcset=\"https:\/\/factory.sale\/wp-content\/uploads\/2024\/04\/WPC-factory-sale-300x100.webp 300w, https:\/\/factory.sale\/wp-content\/uploads\/2024\/04\/WPC-factory-sale-150x50.webp 150w, https:\/\/factory.sale\/wp-content\/uploads\/2024\/04\/WPC-factory-sale-600x200.webp 600w, https:\/\/factory.sale\/wp-content\/uploads\/2024\/04\/WPC-factory-sale.webp 750w\" sizes=\"auto, (max-width: 438px) 100vw, 438px\" \/><\/p>\n<p class=\"\" data-start=\"439\" data-end=\"453\"><strong data-start=\"439\" data-end=\"451\">Portaat:<\/strong><\/p>\n<ul data-start=\"454\" data-end=\"582\">\n<li class=\"\" data-start=\"454\" data-end=\"477\">\n<p class=\"\" data-start=\"456\" data-end=\"477\">Vakioportaat<\/p>\n<\/li>\n<li class=\"\" data-start=\"478\" data-end=\"504\">\n<p class=\"\" data-start=\"480\" data-end=\"504\">Py\u00f6re\u00e4t portaat<\/p>\n<\/li>\n<li class=\"\" data-start=\"505\" data-end=\"536\">\n<p class=\"\" data-start=\"507\" data-end=\"536\">Platform M -portaat<\/p>\n<\/li>\n<\/ul>\n<p><img loading=\"lazy\" decoding=\"async\" class=\"alignnone wp-image-102323\" src=\"https:\/\/factory.sale\/wp-content\/uploads\/2025\/03\/portaat-300x100.webp\" alt=\"\" width=\"864\" height=\"288\" srcset=\"https:\/\/factory.sale\/wp-content\/uploads\/2025\/03\/portaat-300x100.webp 300w, https:\/\/factory.sale\/wp-content\/uploads\/2025\/03\/portaat-150x50.webp 150w, https:\/\/factory.sale\/wp-content\/uploads\/2025\/03\/portaat-600x200.webp 600w, https:\/\/factory.sale\/wp-content\/uploads\/2025\/03\/portaat.webp 750w\" sizes=\"auto, (max-width: 864px) 100vw, 864px\" \/><\/p>\n<ul data-start=\"454\" data-end=\"582\">\n<li class=\"\" data-start=\"537\" data-end=\"582\">\n<p class=\"\" data-start=\"539\" data-end=\"582\">Ter\u00e4ksiset kiristysrenkaat (2 kpl)<\/p>\n<\/li>\n<\/ul>\n<p class=\"\" data-start=\"584\" data-end=\"636\"><strong data-start=\"584\" data-end=\"634\">Hyllyt (vain kuusi- tai l\u00e4mp\u00f6puuverhoukselle):<\/strong><\/p>\n<ul data-start=\"637\" data-end=\"688\">\n<li class=\"\" data-start=\"637\" data-end=\"661\">\n<p class=\"\" data-start=\"639\" data-end=\"661\">Puiset hyllyt<\/p>\n<\/li>\n<li class=\"\" data-start=\"662\" data-end=\"688\">\n<p class=\"\" data-start=\"664\" data-end=\"688\">Muoviset hyllyt<\/p>\n<\/li>\n<\/ul>\n<p><img loading=\"lazy\" decoding=\"async\" class=\"alignnone wp-image-102317\" src=\"https:\/\/factory.sale\/wp-content\/uploads\/2025\/03\/hyllyt-300x100.webp\" alt=\"\" width=\"648\" height=\"216\" srcset=\"https:\/\/factory.sale\/wp-content\/uploads\/2025\/03\/hyllyt-300x100.webp 300w, https:\/\/factory.sale\/wp-content\/uploads\/2025\/03\/hyllyt-150x50.webp 150w, https:\/\/factory.sale\/wp-content\/uploads\/2025\/03\/hyllyt-600x200.webp 600w, https:\/\/factory.sale\/wp-content\/uploads\/2025\/03\/hyllyt.webp 750w\" sizes=\"auto, (max-width: 648px) 100vw, 648px\" \/><\/p>\n<p class=\"\" data-start=\"690\" data-end=\"723\"><strong data-start=\"690\" data-end=\"721\">Vedenk\u00e4sittely ja suodatus:<\/strong><\/p>\n<ul data-start=\"724\" data-end=\"997\">\n<li class=\"\" data-start=\"724\" data-end=\"776\">\n<p class=\"\" data-start=\"726\" data-end=\"776\">Ruostumaton ter\u00e4ksiliit\u00e4nt\u00e4 suodattimelle<\/p>\n<\/li>\n<li class=\"\" data-start=\"777\" data-end=\"803\">\n<p class=\"\" data-start=\"779\" data-end=\"803\">Hiekkasuodatin<\/p>\n<\/li>\n<li class=\"\" data-start=\"804\" data-end=\"849\">\n<p class=\"\" data-start=\"806\" data-end=\"849\">Suodattimen t\u00e4yte (puuvillapallot)<\/p>\n<\/li>\n<li class=\"\" data-start=\"850\" data-end=\"885\">\n<p class=\"\" data-start=\"852\" data-end=\"885\">Suodatinlaatikko (kuusi)<\/p>\n<\/li>\n<li class=\"\" data-start=\"886\" data-end=\"924\">\n<p class=\"\" data-start=\"888\" data-end=\"924\">Suodatinlaatikko (l\u00e4mp\u00f6puu)<\/p>\n<\/li>\n<li class=\"\" data-start=\"925\" data-end=\"959\">\n<p class=\"\" data-start=\"927\" data-end=\"959\">Suodatinlaatikko (WPC)<\/p>\n<\/li>\n<li class=\"\" data-start=\"960\" data-end=\"997\">\n<p class=\"\" data-start=\"962\" data-end=\"997\">UV-C lamppu (Blue Lagoon)<\/p>\n<\/li>\n<\/ul>\n<p class=\"\" data-start=\"999\" data-end=\"1019\"><strong data-start=\"999\" data-end=\"1017\">S\u00e4hk\u00f6l\u00e4mmitys:<\/strong><\/p>\n<ul data-start=\"1020\" data-end=\"1112\">\n<li class=\"\" data-start=\"1020\" data-end=\"1050\">\n<p class=\"\" data-start=\"1022\" data-end=\"1050\">3 kW s\u00e4hk\u00f6l\u00e4mmitin<\/p>\n<\/li>\n<li class=\"\" data-start=\"1051\" data-end=\"1081\">\n<p class=\"\" data-start=\"1053\" data-end=\"1081\">6 kW s\u00e4hk\u00f6l\u00e4mmitin<\/p>\n<\/li>\n<li class=\"\" data-start=\"1082\" data-end=\"1112\">\n<p class=\"\" data-start=\"1084\" data-end=\"1112\">9 kW s\u00e4hk\u00f6l\u00e4mmitin<\/p>\n<\/li>\n<\/ul>\n<p class=\"\" data-start=\"1114\" data-end=\"1147\"><strong data-start=\"1114\" data-end=\"1145\">Lis\u00e4eristys ja p\u00e4ivitykset:<\/strong><\/p>\n<ul data-start=\"1148\" data-end=\"1240\">\n<li class=\"\" data-start=\"1148\" data-end=\"1191\">\n<p class=\"\" data-start=\"1150\" data-end=\"1191\">Lis\u00e4eristys (polyuretaanivaahto)<\/p>\n<\/li>\n<li class=\"\" data-start=\"1192\" data-end=\"1240\">\n<p class=\"\" data-start=\"1194\" data-end=\"1240\">Kamiinan p\u00e4ivitys AISI 316 -ter\u00e4kseen<\/p>\n<\/li>\n<\/ul>\n<p class=\"\" data-start=\"1242\" data-end=\"1269\"><strong data-start=\"1242\" data-end=\"1267\">Hierontaj\u00e4rjestelm\u00e4t:<\/strong><\/p>\n<ul data-start=\"1270\" data-end=\"1534\">\n<li class=\"\" data-start=\"1270\" data-end=\"1318\">\n<p class=\"\" data-start=\"1272\" data-end=\"1318\">Vesihierontaj\u00e4rjestelm\u00e4 \u2013 8 suutinta<\/p>\n<\/li>\n<li class=\"\" data-start=\"1319\" data-end=\"1368\">\n<p class=\"\" data-start=\"1321\" data-end=\"1368\">Ilmahierontaj\u00e4rjestelm\u00e4 \u2013 12 suutinta<\/p>\n<\/li>\n<li class=\"\" data-start=\"1369\" data-end=\"1425\">\n<p class=\"\" data-start=\"1371\" data-end=\"1425\">Yhdistelm\u00e4 (8 vesisuutinta + 4 ilmasuutinta)<\/p>\n<\/li>\n<li class=\"\" data-start=\"1426\" data-end=\"1495\">\n<p class=\"\" data-start=\"1428\" data-end=\"1495\">Laajennettu yhdistelm\u00e4 (22 vesisuutinta + 4 ilmasuutinta)<\/p>\n<\/li>\n<li class=\"\" data-start=\"1496\" data-end=\"1534\">\n<p class=\"\" data-start=\"1498\" data-end=\"1534\">Ilmahieronta \u2013 18 suutinta<\/p>\n<\/li>\n<\/ul>\n<p class=\"\" data-start=\"1536\" data-end=\"1552\"><strong data-start=\"1536\" data-end=\"1550\">Valaistus:<\/strong><\/p>\n<ul data-start=\"1553\" data-end=\"1764\">\n<li class=\"\" data-start=\"1553\" data-end=\"1575\">\n<p class=\"\" data-start=\"1555\" data-end=\"1575\">1 \u00d7 iso LED<\/p>\n<\/li>\n<li class=\"\" data-start=\"1576\" data-end=\"1602\">\n<p class=\"\" data-start=\"1578\" data-end=\"1602\">2 \u00d7 iso LED<\/p>\n<\/li>\n<li class=\"\" data-start=\"1603\" data-end=\"1628\">\n<p class=\"\" data-start=\"1605\" data-end=\"1628\">10 \u00d7 mini LED<\/p>\n<\/li>\n<li class=\"\" data-start=\"1629\" data-end=\"1660\">\n<p class=\"\" data-start=\"1631\" data-end=\"1660\">1 iso + 10 mini LED<\/p>\n<\/li>\n<li class=\"\" data-start=\"1661\" data-end=\"1692\">\n<p class=\"\" data-start=\"1663\" data-end=\"1692\">2 isoa + 6 mini LED<\/p>\n<\/li>\n<li class=\"\" data-start=\"1693\" data-end=\"1725\">\n<p class=\"\" data-start=\"1695\" data-end=\"1725\">2 isoa + 10 mini LED<\/p>\n<\/li>\n<li class=\"\" data-start=\"1726\" data-end=\"1764\">\n<p class=\"\" data-start=\"1728\" data-end=\"1764\">LED-valonauha ulkoreunalla<\/p>\n<\/li>\n<\/ul>\n<p><img loading=\"lazy\" decoding=\"async\" class=\"alignnone wp-image-102320\" src=\"https:\/\/factory.sale\/wp-content\/uploads\/2025\/03\/LED-2-1-300x100.webp\" alt=\"\" width=\"597\" height=\"199\" srcset=\"https:\/\/factory.sale\/wp-content\/uploads\/2025\/03\/LED-2-1-300x100.webp 300w, https:\/\/factory.sale\/wp-content\/uploads\/2025\/03\/LED-2-1-150x50.webp 150w, https:\/\/factory.sale\/wp-content\/uploads\/2025\/03\/LED-2-1-600x200.webp 600w, https:\/\/factory.sale\/wp-content\/uploads\/2025\/03\/LED-2-1.webp 750w\" sizes=\"auto, (max-width: 597px) 100vw, 597px\" \/><\/p>\n<p>Tuotekoodi: kubblackp1<\/p>\n<p><strong>Tarvitsetko lis\u00e4tietoa? Ota meihin yhteytt\u00e4 \u2013 autamme mielell\u00e4mme asennuksessa ja teknisiss\u00e4 kysymyksiss\u00e4!<\/strong><\/p>\n<div class=\"video-wrapper \"><iframe loading=\"lazy\" title=\"BlackPearl hot tub\" width=\"500\" height=\"281\" src=\"https:\/\/www.youtube.com\/embed\/yC12XRrt2_c?feature=oembed\" frameborder=\"0\" allow=\"accelerometer; autoplay; clipboard-write; encrypted-media; gyroscope; picture-in-picture; web-share\" referrerpolicy=\"strict-origin-when-cross-origin\" allowfullscreen><\/iframe><\/div>\n","protected":false},"excerpt":{"rendered":"<p><strong data-start=\"369\" data-end=\"417\">Ajaton eleganssi, suunniteltu juuri sinulle.<\/strong><br data-start=\"417\" data-end=\"420\" \/>Musta Helmi 1 on klassinen puul\u00e4mmitteinen kylpytynnyri, jossa on meriluokan lasikuitusisus ja sis\u00e4\u00e4nrakennettu ruostumattomasta ter\u00e4ksest\u00e4 valmistettu kamiina. T\u00e4ydellinen valinta sinulle, joka arvostat mukavuutta, kest\u00e4vyytt\u00e4 ja mahdollisuutta luoda juuri oman n\u00e4k\u00f6inen kokonaisuus \u2013 ja mik\u00e4 parasta, l\u00e4mp\u00f6kansi sis\u00e4ltyy hintaan!<\/p>\n","protected":false},"featured_media":102135,"comment_status":"open","ping_status":"closed","template":"","meta":{"_acf_changed":false},"factory":[],"free-shipment":[],"product_brand":[],"product_cat":[2210,2588],"product_tag":[4437],"class_list":{"0":"post-102310","1":"product","2":"type-product","3":"status-publish","4":"has-post-thumbnail","6":"product_cat-kylpytynnyrit","7":"product_cat-lasikuituiset-kylpytynnyrit","8":"product_tag-luxury-hot-tub-fi","10":"first","11":"instock","12":"sale","13":"taxable","14":"shipping-taxable","15":"purchasable","16":"product-type-simple"},"acf":[],"_links":{"self":[{"href":"https:\/\/factory.sale\/fi\/wp-json\/wp\/v2\/product\/102310","targetHints":{"allow":["GET"]}}],"collection":[{"href":"https:\/\/factory.sale\/fi\/wp-json\/wp\/v2\/product"}],"about":[{"href":"https:\/\/factory.sale\/fi\/wp-json\/wp\/v2\/types\/product"}],"replies":[{"embeddable":true,"href":"https:\/\/factory.sale\/fi\/wp-json\/wp\/v2\/comments?post=102310"}],"wp:featuredmedia":[{"embeddable":true,"href":"https:\/\/factory.sale\/fi\/wp-json\/wp\/v2\/media\/102135"}],"wp:attachment":[{"href":"https:\/\/factory.sale\/fi\/wp-json\/wp\/v2\/media?parent=102310"}],"wp:term":[{"taxonomy":"factory","embeddable":true,"href":"https:\/\/factory.sale\/fi\/wp-json\/wp\/v2\/factory?post=102310"},{"taxonomy":"free-shipment","embeddable":true,"href":"https:\/\/factory.sale\/fi\/wp-json\/wp\/v2\/free-shipment?post=102310"},{"taxonomy":"product_brand","embeddable":true,"href":"https:\/\/factory.sale\/fi\/wp-json\/wp\/v2\/product_brand?post=102310"},{"taxonomy":"product_cat","embeddable":true,"href":"https:\/\/factory.sale\/fi\/wp-json\/wp\/v2\/product_cat?post=102310"},{"taxonomy":"product_tag","embeddable":true,"href":"https:\/\/factory.sale\/fi\/wp-json\/wp\/v2\/product_tag?post=102310"}],"curies":[{"name":"wp","href":"https:\/\/api.w.org\/{rel}","templated":true}]}}