{"id":102012,"date":"2025-03-24T23:17:24","date_gmt":"2025-03-24T20:26:11","guid":{"rendered":"https:\/\/factory.sale\/?post_type=product&#038;p=102012"},"modified":"2025-03-24T23:26:39","modified_gmt":"2025-03-24T20:26:39","slug":"vinyylilattia-winclic-3116-tammi-latte-1220x179x40-mm","status":"publish","type":"product","link":"https:\/\/factory.sale\/fi\/tuote\/vinyylilattia-winclic-3116-tammi-latte-1220x179x40-mm\/","title":{"rendered":"Vinyylilattia Winclic 3116 Tammi Latte 1220x179x4,0 mm"},"content":{"rendered":"<p>Winclic 3116 Tammi Latte on laadukas ja miellytt\u00e4v\u00e4 vinyylilankku. Winclic vinyylilankkulattian harjatussa pinnassa on elegantti tammikuvio. Lankku ei naarmunnu helposti, sill\u00e4 se on pinnoitettu kovaa kulutusta kest\u00e4v\u00e4ll\u00e4 ja helposti puhdistettavalla polyuretaanilla. Lattian asennus on helppo lukkopontin ansiosta.<\/p>\n<p>&nbsp;<\/p>\n<p><strong>Tuotetiedot:<\/strong><\/p>\n<ul>\n<li>Tuotenumero: WINCLIC3116-JH12573<\/li>\n<li>GTIN-koodi: 4745090460391<\/li>\n<li>Leveys (mm): 179<\/li>\n<li>Pituus (mm): 1 220<\/li>\n<li>Paksuus (mm): 4<\/li>\n<li>Pakkauskoko (m\u00b2): 2,62<\/li>\n<li>V\u00e4ri: Vaalea<\/li>\n<li>Materiaali: Vinyyli<\/li>\n<li>Puulaji: Tammi<\/li>\n<li>Lattiatyyppi: 1-sauvainen<\/li>\n<li>K\u00e4ytt\u00f6luokka: 23, 31<\/li>\n<li>Liukastumisesto: R10<\/li>\n<li>Kulutuskerroksen paksuus: 0,3 mm<\/li>\n<li>Lattial\u00e4mmityksen max l\u00e4mp\u00f6tila: +27 \u00b0C<\/li>\n<li>Pinta: polyuretaani PUR<\/li>\n<\/ul>\n<p>&nbsp;<\/p>\n<p><strong>Tuotteen asentaminen:<\/strong><\/p>\n<p>Asennustapa: Lukkopontti<\/p>\n<p>&nbsp;<\/p>\n<p><strong>Pakkauksen:<\/strong><\/p>\n<p>Rahtipaino (kg): 21,71<\/p>\n<p>&nbsp;<\/p>\n<p><a href=\"https:\/\/factory.sale\/wp-content\/uploads\/2025\/03\/Winclick30_SPC_2G_ASENNUS_JA_KAYTTOOHJEET_FI.pdf\" target=\"_blank\" rel=\"noopener\">Asennus- ja k\u00e4ytt\u00f6ohjeet<\/a><\/p>\n","protected":false},"excerpt":{"rendered":"<p>Winclic 3116 Tammi Latte -vinyylilattia tuo tilaan vaalean tammikuvion harjatulla pinnalla, naarmuuntumista kest\u00e4v\u00e4ll\u00e4 polyuretaanipinnoitteella ja helpolla lukkoponttiasennuksella. Kest\u00e4v\u00e4 ja elegantti valinta moderniin sisustukseen ja kevyeseen kaupalliseen k\u00e4ytt\u00f6\u00f6n.<\/p>\n<p><em>Paketin koko 2,62m2<\/em><br \/>\n<em>T\u00e4m\u00e4 on neli\u00f6hinta!<\/em><\/p>\n","protected":false},"featured_media":102009,"comment_status":"open","ping_status":"closed","template":"","meta":{"_acf_changed":false},"factory":[],"free-shipment":[],"product_brand":[],"product_cat":[1594,36],"product_tag":[],"class_list":{"0":"post-102012","1":"product","2":"type-product","3":"status-publish","4":"has-post-thumbnail","6":"product_cat-vinyl-flooring","7":"product_cat-floor","9":"first","10":"instock","11":"sale","12":"taxable","13":"shipping-taxable","14":"purchasable","15":"product-type-simple"},"acf":[],"_links":{"self":[{"href":"https:\/\/factory.sale\/fi\/wp-json\/wp\/v2\/product\/102012","targetHints":{"allow":["GET"]}}],"collection":[{"href":"https:\/\/factory.sale\/fi\/wp-json\/wp\/v2\/product"}],"about":[{"href":"https:\/\/factory.sale\/fi\/wp-json\/wp\/v2\/types\/product"}],"replies":[{"embeddable":true,"href":"https:\/\/factory.sale\/fi\/wp-json\/wp\/v2\/comments?post=102012"}],"wp:featuredmedia":[{"embeddable":true,"href":"https:\/\/factory.sale\/fi\/wp-json\/wp\/v2\/media\/102009"}],"wp:attachment":[{"href":"https:\/\/factory.sale\/fi\/wp-json\/wp\/v2\/media?parent=102012"}],"wp:term":[{"taxonomy":"factory","embeddable":true,"href":"https:\/\/factory.sale\/fi\/wp-json\/wp\/v2\/factory?post=102012"},{"taxonomy":"free-shipment","embeddable":true,"href":"https:\/\/factory.sale\/fi\/wp-json\/wp\/v2\/free-shipment?post=102012"},{"taxonomy":"product_brand","embeddable":true,"href":"https:\/\/factory.sale\/fi\/wp-json\/wp\/v2\/product_brand?post=102012"},{"taxonomy":"product_cat","embeddable":true,"href":"https:\/\/factory.sale\/fi\/wp-json\/wp\/v2\/product_cat?post=102012"},{"taxonomy":"product_tag","embeddable":true,"href":"https:\/\/factory.sale\/fi\/wp-json\/wp\/v2\/product_tag?post=102012"}],"curies":[{"name":"wp","href":"https:\/\/api.w.org\/{rel}","templated":true}]}}