{"id":101991,"date":"2025-03-24T18:23:59","date_gmt":"2025-03-24T15:36:18","guid":{"rendered":"https:\/\/factory.sale\/?post_type=product&#038;p=101991"},"modified":"2025-03-24T19:58:39","modified_gmt":"2025-03-24T16:58:39","slug":"vinyylilattia-winclic-3115-tammi-natural-1220x179x4-0mm","status":"publish","type":"product","link":"https:\/\/factory.sale\/fi\/tuote\/vinyylilattia-winclic-3115-tammi-natural-1220x179x4-0mm\/","title":{"rendered":"Vinyylilattia Winclic 3115 tammi natural, 1220x179x4.0mm"},"content":{"rendered":"<p>Winclic-vinyylilankuissa yhdistyv\u00e4t luonnollisen n\u00e4k\u00f6iset puukuosit ja vinyylin kest\u00e4vyys sek\u00e4 helppohoitoisuus. Laadukkaan ja miellytt\u00e4v\u00e4n Tammi Natural-vinyylilankkulattian harjatussa pinnassa on elegantti tammikuvio. Lankku kest\u00e4\u00e4 hyvin kulutusta eik\u00e4 naarmuunnu helposti. Lattian asennus on helppo lukkopontin ansiosta.<\/p>\n<p>&nbsp;<\/p>\n<p><strong>Tuotetiedot:<\/strong><\/p>\n<ul>\n<li>Tuotenumero: HANDWINCLIC3115-BNAS1002<br \/>\nGTIN-koodi: 9780201379624<\/li>\n<li>Leveys (mm): 179<\/li>\n<li>Pituus (mm): 1 220<\/li>\n<li>Paksuus (mm): 4<\/li>\n<li>Pakkauskoko (m\u00b2): 2,62<\/li>\n<li>V\u00e4ri: Vaalea<\/li>\n<li>Materiaali: Vinyyli<\/li>\n<li>Puulaji: Tammi<\/li>\n<li>Pintak\u00e4sittely: PUR<\/li>\n<li>Yhteensopiva lattial\u00e4mmityksen kanssa: Kyll\u00e4<\/li>\n<li>Lattiatyyppi: 1-sauvainen<\/li>\n<li>K\u00e4ytt\u00f6luokka: 23, 31<\/li>\n<li>Paloluokka: Bfl-s1<\/li>\n<li>Liukastumisesto: R10<\/li>\n<li>Lattial\u00e4mmityksen max l\u00e4mp\u00f6tila: +27 \u00b0C<\/li>\n<\/ul>\n<p>&nbsp;<\/p>\n<p><strong>Tuotteen asentaminen:<\/strong><\/p>\n<p>Asennustapa: Lukkopontti<\/p>\n<p>&nbsp;<\/p>\n<p><strong>Pakkauksen tiedot:<\/strong><\/p>\n<p>Rahtipaino (kg): 21,71<\/p>\n<p>&nbsp;<\/p>\n<p>&nbsp;<\/p>\n<p><a href=\"https:\/\/factory.sale\/wp-content\/uploads\/2025\/03\/Winclick30_SPC_2G_ASENNUS_JA_KAYTTOOHJEET_FI.pdf\" target=\"_blank\" rel=\"noopener\">Asennus- ja k\u00e4ytt\u00f6ohjeet<\/a><\/p>\n","protected":false},"excerpt":{"rendered":"<p>Winclic 3115 Tammi Natural -vinyylilattia yhdist\u00e4\u00e4 elegantin tammikuvion, vinyylin kest\u00e4vyyden ja helpon asennuksen. Harjattu pinta, kliklukitusj\u00e4rjestelm\u00e4 ja yhteensopivuus lattial\u00e4mmityksen kanssa tekev\u00e4t siit\u00e4 ihanteellisen valinnan moderneihin koteihin ja kevyisiin liiketiloihin.<\/p>\n<p><em>Paketin koko 2,62m2<\/em><br \/>\n<em>T\u00e4m\u00e4 on neli\u00f6hinta!<\/em><\/p>\n","protected":false},"featured_media":101988,"comment_status":"open","ping_status":"closed","template":"","meta":{"_acf_changed":false},"factory":[],"free-shipment":[],"product_brand":[],"product_cat":[446,1596],"product_tag":[],"class_list":{"0":"post-101991","1":"product","2":"type-product","3":"status-publish","4":"has-post-thumbnail","6":"product_cat-lattiat","7":"product_cat-vinyylilattiat","9":"first","10":"instock","11":"sale","12":"taxable","13":"shipping-taxable","14":"purchasable","15":"product-type-simple"},"acf":[],"_links":{"self":[{"href":"https:\/\/factory.sale\/fi\/wp-json\/wp\/v2\/product\/101991","targetHints":{"allow":["GET"]}}],"collection":[{"href":"https:\/\/factory.sale\/fi\/wp-json\/wp\/v2\/product"}],"about":[{"href":"https:\/\/factory.sale\/fi\/wp-json\/wp\/v2\/types\/product"}],"replies":[{"embeddable":true,"href":"https:\/\/factory.sale\/fi\/wp-json\/wp\/v2\/comments?post=101991"}],"wp:featuredmedia":[{"embeddable":true,"href":"https:\/\/factory.sale\/fi\/wp-json\/wp\/v2\/media\/101988"}],"wp:attachment":[{"href":"https:\/\/factory.sale\/fi\/wp-json\/wp\/v2\/media?parent=101991"}],"wp:term":[{"taxonomy":"factory","embeddable":true,"href":"https:\/\/factory.sale\/fi\/wp-json\/wp\/v2\/factory?post=101991"},{"taxonomy":"free-shipment","embeddable":true,"href":"https:\/\/factory.sale\/fi\/wp-json\/wp\/v2\/free-shipment?post=101991"},{"taxonomy":"product_brand","embeddable":true,"href":"https:\/\/factory.sale\/fi\/wp-json\/wp\/v2\/product_brand?post=101991"},{"taxonomy":"product_cat","embeddable":true,"href":"https:\/\/factory.sale\/fi\/wp-json\/wp\/v2\/product_cat?post=101991"},{"taxonomy":"product_tag","embeddable":true,"href":"https:\/\/factory.sale\/fi\/wp-json\/wp\/v2\/product_tag?post=101991"}],"curies":[{"name":"wp","href":"https:\/\/api.w.org\/{rel}","templated":true}]}}