{"id":101979,"date":"2025-03-24T17:49:10","date_gmt":"2025-03-24T15:06:04","guid":{"rendered":"https:\/\/factory.sale\/?post_type=product&#038;p=101979"},"modified":"2025-03-25T00:02:54","modified_gmt":"2025-03-24T21:02:54","slug":"vinyylilattia-winclic-3117-tammi-nordic-1220x179x40-mm","status":"publish","type":"product","link":"https:\/\/factory.sale\/fi\/tuote\/vinyylilattia-winclic-3117-tammi-nordic-1220x179x40-mm\/","title":{"rendered":"Vinyylilattia Winclic 3117 Tammi Nordic 1220x179x4,0 mm"},"content":{"rendered":"<p>Winclic 3117 Tammi Nordic on laadukas ja miellytt\u00e4v\u00e4 vinyylilankku. Winclic vinyylilankkulattian harjatussa pinnassa on elegantti tammikuvio. Lankku ei naarmunnu helposti, sill\u00e4 se on pinnoitettu kovaa kulutusta kest\u00e4v\u00e4ll\u00e4 ja helposti puhdistettavalla polyuretaanilla. Lattian asennus on helppo lukkopontin ansiosta.<\/p>\n<p>&nbsp;<\/p>\n<p><strong>Tuotetiedot:<\/strong><\/p>\n<ul>\n<li>Tuotenumero: WINCLIC3117-JH614<\/li>\n<li>GTIN-koodi: 4745090460407<\/li>\n<li>Leveys (mm): 179<\/li>\n<li>Pituus (mm): 1 220<\/li>\n<li>Paksuus (mm): 4<\/li>\n<li>Pakkauskoko (kpl): 12<\/li>\n<li>Pakkauskoko (m\u00b2): 2,62<\/li>\n<li>V\u00e4ri: Vaalea<\/li>\n<li>Materiaali: Vinyyli<\/li>\n<li>Puulaji: Tammi<\/li>\n<li>Lattiatyyppi: 1-sauvainen<\/li>\n<li>K\u00e4ytt\u00f6luokka: 23, 31<\/li>\n<li>Liukastumisesto: R10<\/li>\n<li>kulutuskerroksen paksuus: 0,3 mm<\/li>\n<li>Lattial\u00e4mmityksen max l\u00e4mp\u00f6tila: +27 \u00b0C<\/li>\n<li>Pinta: polyuretaani PUR<\/li>\n<\/ul>\n<p>&nbsp;<\/p>\n<p><strong>Tuotteen asentamminen ja k\u00e4ytt\u00f6\u00f6notto:<\/strong><\/p>\n<p>Asennustapa: Lukkopontti<\/p>\n<p>&nbsp;<\/p>\n<p><strong>Pakkauksen tiedot:<\/strong><\/p>\n<p>Rahtipaino (kg): 21,71<\/p>\n<p>&nbsp;<\/p>\n<p>&nbsp;<\/p>\n<p><a href=\"https:\/\/factory.sale\/wp-content\/uploads\/2025\/03\/Winclick30_SPC_2G_ASENNUS_JA_KAYTTOOHJEET_FI.pdf\" target=\"_blank\" rel=\"noopener\">Asennus- ja k\u00e4ytt\u00f6ohjeet<\/a><\/p>\n","protected":false},"excerpt":{"rendered":"<p>Kest\u00e4v\u00e4 ja tyylik\u00e4s Winclic 3117 Tammi Nordic -vinyylilattia tarjoaa vaalean tammikuvion harjatulla pinnalla, helpon lukkoponttiasennuksen ja naarmuuntumista kest\u00e4v\u00e4n polyuretaanipinnan \u2013 ihanteellinen moderniin kotiin ja kevyeseen kaupalliseen k\u00e4ytt\u00f6\u00f6n.<\/p>\n<p><em>Paketin koko 2,62m2<\/em><br \/>\n<em>T\u00e4m\u00e4 on neli\u00f6hinta!<\/em><\/p>\n","protected":false},"featured_media":101976,"comment_status":"open","ping_status":"closed","template":"","meta":{"_acf_changed":false},"factory":[],"free-shipment":[],"product_brand":[],"product_cat":[446,1596],"product_tag":[504],"class_list":{"0":"post-101979","1":"product","2":"type-product","3":"status-publish","4":"has-post-thumbnail","6":"product_cat-lattiat","7":"product_cat-vinyylilattiat","8":"product_tag-floor-fi","10":"first","11":"instock","12":"sale","13":"taxable","14":"shipping-taxable","15":"purchasable","16":"product-type-simple"},"acf":[],"_links":{"self":[{"href":"https:\/\/factory.sale\/fi\/wp-json\/wp\/v2\/product\/101979","targetHints":{"allow":["GET"]}}],"collection":[{"href":"https:\/\/factory.sale\/fi\/wp-json\/wp\/v2\/product"}],"about":[{"href":"https:\/\/factory.sale\/fi\/wp-json\/wp\/v2\/types\/product"}],"replies":[{"embeddable":true,"href":"https:\/\/factory.sale\/fi\/wp-json\/wp\/v2\/comments?post=101979"}],"wp:featuredmedia":[{"embeddable":true,"href":"https:\/\/factory.sale\/fi\/wp-json\/wp\/v2\/media\/101976"}],"wp:attachment":[{"href":"https:\/\/factory.sale\/fi\/wp-json\/wp\/v2\/media?parent=101979"}],"wp:term":[{"taxonomy":"factory","embeddable":true,"href":"https:\/\/factory.sale\/fi\/wp-json\/wp\/v2\/factory?post=101979"},{"taxonomy":"free-shipment","embeddable":true,"href":"https:\/\/factory.sale\/fi\/wp-json\/wp\/v2\/free-shipment?post=101979"},{"taxonomy":"product_brand","embeddable":true,"href":"https:\/\/factory.sale\/fi\/wp-json\/wp\/v2\/product_brand?post=101979"},{"taxonomy":"product_cat","embeddable":true,"href":"https:\/\/factory.sale\/fi\/wp-json\/wp\/v2\/product_cat?post=101979"},{"taxonomy":"product_tag","embeddable":true,"href":"https:\/\/factory.sale\/fi\/wp-json\/wp\/v2\/product_tag?post=101979"}],"curies":[{"name":"wp","href":"https:\/\/api.w.org\/{rel}","templated":true}]}}