{"id":101931,"date":"2025-03-23T21:45:51","date_gmt":"2025-03-23T18:55:41","guid":{"rendered":"https:\/\/factory.sale\/?post_type=product&#038;p=101931"},"modified":"2025-03-25T18:46:28","modified_gmt":"2025-03-25T15:46:28","slug":"termotyynyt-seinakiinnikkeille","status":"publish","type":"product","link":"https:\/\/factory.sale\/fi\/tuote\/termotyynyt-seinakiinnikkeille\/","title":{"rendered":"L\u00e4mp\u00f6tyynyt sein\u00e4kiinnikkeille"},"content":{"rendered":"<p><strong>Tuotetiedot:<\/strong><\/p>\n<div class=\"overflow-x-auto contain-inline-size\">\n<table style=\"height: 155px;\" width=\"718\" data-start=\"59\" data-end=\"534\">\n<thead data-start=\"59\" data-end=\"168\">\n<tr data-start=\"59\" data-end=\"168\">\n<th data-start=\"59\" data-end=\"77\"><strong data-start=\"61\" data-end=\"74\">Koko (mm)<\/strong><\/th>\n<th data-start=\"77\" data-end=\"104\"><strong data-start=\"79\" data-end=\"97\">Koko (tuuma)<\/strong><\/th>\n<th data-start=\"104\" data-end=\"122\"><strong data-start=\"106\" data-end=\"121\">Tuotenumero<\/strong><\/th>\n<th data-start=\"122\" data-end=\"147\"><strong data-start=\"124\" data-end=\"139\">Paino \/ kpl<\/strong><\/th>\n<th data-start=\"147\" data-end=\"168\"><strong data-start=\"149\" data-end=\"164\">Pakkauskoko<\/strong><\/th>\n<\/tr>\n<\/thead>\n<tbody data-start=\"287\" data-end=\"534\">\n<tr data-start=\"287\" data-end=\"410\">\n<td>104 \u00d7 128<\/td>\n<td>4 1\/8\u2033 \u00d7 5 1\/16\u2033<\/td>\n<td>05.104.128<\/td>\n<td>30 g (0.066 lb)<\/td>\n<td>200 kpl<\/td>\n<\/tr>\n<tr data-start=\"411\" data-end=\"534\">\n<td>70 \u00d7 59<\/td>\n<td>2 3\/4\u2033 \u00d7 2 5\/16\u2033<\/td>\n<td>05.59.70<\/td>\n<td>13 g (0.029 lb)<\/td>\n<td>500 kpl<\/td>\n<\/tr>\n<\/tbody>\n<\/table>\n<\/div>\n<p>&nbsp;<\/p>\n<p>Materiaali: Polypropeeni<\/p>\n<p>Esiasennettu sein\u00e4kiinnikkeisiin (tyypillisesti).<\/p>\n<p>&nbsp;<\/p>\n<p>&nbsp;<\/p>\n<p><em><strong>Ota meihin yhteytt\u00e4 saadaksesi lis\u00e4tietoja tai henkil\u00f6kohtaisen tarjouksen!<\/strong><\/em><\/p>\n<p>&nbsp;<\/p>\n","protected":false},"excerpt":{"rendered":"<p>Kest\u00e4v\u00e4t polypropeeniset termotyynyt sein\u00e4kiinnikkeille, saatavilla kahdessa koossa (104\u00d7128 mm ja 70\u00d759 mm). Kevyet, esiasennetut ja ihanteelliset tehokkaaseen asennukseen.<\/p>\n","protected":false},"featured_media":101928,"comment_status":"open","ping_status":"closed","template":"","meta":{"_acf_changed":false},"factory":[],"free-shipment":[],"product_brand":[],"product_cat":[4255,768],"product_tag":[],"class_list":{"0":"post-101931","1":"product","2":"type-product","3":"status-publish","4":"has-post-thumbnail","6":"product_cat-facade-support-systems","7":"product_cat-general-construction","9":"first","10":"instock","11":"taxable","12":"shipping-taxable","13":"purchasable","14":"product-type-simple"},"acf":[],"_links":{"self":[{"href":"https:\/\/factory.sale\/fi\/wp-json\/wp\/v2\/product\/101931","targetHints":{"allow":["GET"]}}],"collection":[{"href":"https:\/\/factory.sale\/fi\/wp-json\/wp\/v2\/product"}],"about":[{"href":"https:\/\/factory.sale\/fi\/wp-json\/wp\/v2\/types\/product"}],"replies":[{"embeddable":true,"href":"https:\/\/factory.sale\/fi\/wp-json\/wp\/v2\/comments?post=101931"}],"wp:featuredmedia":[{"embeddable":true,"href":"https:\/\/factory.sale\/fi\/wp-json\/wp\/v2\/media\/101928"}],"wp:attachment":[{"href":"https:\/\/factory.sale\/fi\/wp-json\/wp\/v2\/media?parent=101931"}],"wp:term":[{"taxonomy":"factory","embeddable":true,"href":"https:\/\/factory.sale\/fi\/wp-json\/wp\/v2\/factory?post=101931"},{"taxonomy":"free-shipment","embeddable":true,"href":"https:\/\/factory.sale\/fi\/wp-json\/wp\/v2\/free-shipment?post=101931"},{"taxonomy":"product_brand","embeddable":true,"href":"https:\/\/factory.sale\/fi\/wp-json\/wp\/v2\/product_brand?post=101931"},{"taxonomy":"product_cat","embeddable":true,"href":"https:\/\/factory.sale\/fi\/wp-json\/wp\/v2\/product_cat?post=101931"},{"taxonomy":"product_tag","embeddable":true,"href":"https:\/\/factory.sale\/fi\/wp-json\/wp\/v2\/product_tag?post=101931"}],"curies":[{"name":"wp","href":"https:\/\/api.w.org\/{rel}","templated":true}]}}