{"id":101916,"date":"2025-03-17T15:35:46","date_gmt":"2025-03-23T12:50:12","guid":{"rendered":"https:\/\/factory.sale\/?post_type=product&#038;p=101916"},"modified":"2025-03-25T18:45:47","modified_gmt":"2025-03-25T15:45:47","slug":"tl-kaksiosaiset-kiinnikkeet","status":"publish","type":"product","link":"https:\/\/factory.sale\/fi\/tuote\/tl-kaksiosaiset-kiinnikkeet\/","title":{"rendered":"T&#038;L kaksiosaiset kiinnikkeet"},"content":{"rendered":"<p><strong>Tekninen tieto kaksiosaisista kiinnikkeist\u00e4:<\/strong><\/p>\n<table cellspacing=\"0\" cellpadding=\"0\">\n<tbody>\n<tr>\n<td valign=\"top\"><strong>Kiinnitys sein\u00e4\u00e4n\u2003<\/strong><\/td>\n<td valign=\"top\"><span style=\"color: #000000; font-family: Helvetica Neue; font-size: small;\"><b>Tuotekoodi<\/b><\/span><\/td>\n<\/tr>\n<tr>\n<td valign=\"top\">Rei\u00e4t M10 [3\/8\u201d halkaisija] kiinnitykselle; sopii betoni-\/muurattuihin seiniin<\/td>\n<td valign=\"top\"><span style=\"color: #000000; font-family: Helvetica Neue; font-size: small;\">02.FU.length.10<\/span><\/td>\n<\/tr>\n<tr>\n<td valign=\"top\">Rei\u00e4t M8 [5\/16\u201d halkaisija] kiinnitykselle; sopii betoni-\/muurattuihin seiniin<\/td>\n<td valign=\"top\"><span style=\"color: #000000; font-family: Helvetica Neue; font-size: small;\">02.FU.length.8<\/span><\/td>\n<\/tr>\n<tr>\n<td valign=\"top\">Rei\u00e4t \u00f86.3 [1\/4\u201d halkaisija] kiinnitykselle; sopii rankarunkoisiin seiniin<\/td>\n<td valign=\"top\"><span style=\"color: #000000; font-family: Helvetica Neue; font-size: small;\">02.FU.length.63<\/span><\/td>\n<\/tr>\n<\/tbody>\n<\/table>\n<p>&nbsp;<\/p>\n<p>Profiilin ja kiinnikkeen v\u00e4liseen kiinnitykseen k\u00e4ytet\u00e4\u00e4n A2 (304) itseporautuvia ruuveja \u00f84.8&#215;19 mm [#10-16&#215;3\/4\u201d].<\/p>\n<p>&nbsp;<\/p>\n<p><strong>Ota meihin yhteytt\u00e4 saadaksesi lis\u00e4tietoa tai henkil\u00f6kohtaisen tarjouksen!<\/strong><\/p>\n<p>&nbsp;<\/p>\n","protected":false},"excerpt":{"rendered":"<p>Kaksiosaiset kiinnikkeet tarjoavat vahvan ja luotettavan tuen erilaisille sein\u00e4rakenteille, kuten betoni-, muuraus- ja rankaseinille. Saatavilla M10-, M8- tai \u00f86.3 mm -kiinnitysrei\u2019ill\u00e4, jotka takaavat varman kiinnityksen. Profiilin ja kiinnikkeen liitoksessa k\u00e4yt\u00e4 A2 (304) itseporautuvia ruuveja \u00f84.8&#215;19 mm. Ota meihin yhteytt\u00e4 saadaksesi lis\u00e4tietoa tai henkil\u00f6kohtaisen tarjouksen!<\/p>\n<p>&nbsp;<\/p>\n","protected":false},"featured_media":101361,"comment_status":"open","ping_status":"closed","template":"","meta":{"_acf_changed":false},"factory":[],"free-shipment":[],"product_brand":[],"product_cat":[4257,1321],"product_tag":[],"class_list":{"0":"post-101916","1":"product","2":"type-product","3":"status-publish","4":"has-post-thumbnail","6":"product_cat-julkisivun-tukijarjestelmat","7":"product_cat-yleinen-rakentaminen","9":"first","10":"instock","11":"taxable","12":"shipping-taxable","13":"purchasable","14":"product-type-simple"},"acf":[],"_links":{"self":[{"href":"https:\/\/factory.sale\/fi\/wp-json\/wp\/v2\/product\/101916","targetHints":{"allow":["GET"]}}],"collection":[{"href":"https:\/\/factory.sale\/fi\/wp-json\/wp\/v2\/product"}],"about":[{"href":"https:\/\/factory.sale\/fi\/wp-json\/wp\/v2\/types\/product"}],"replies":[{"embeddable":true,"href":"https:\/\/factory.sale\/fi\/wp-json\/wp\/v2\/comments?post=101916"}],"wp:featuredmedia":[{"embeddable":true,"href":"https:\/\/factory.sale\/fi\/wp-json\/wp\/v2\/media\/101361"}],"wp:attachment":[{"href":"https:\/\/factory.sale\/fi\/wp-json\/wp\/v2\/media?parent=101916"}],"wp:term":[{"taxonomy":"factory","embeddable":true,"href":"https:\/\/factory.sale\/fi\/wp-json\/wp\/v2\/factory?post=101916"},{"taxonomy":"free-shipment","embeddable":true,"href":"https:\/\/factory.sale\/fi\/wp-json\/wp\/v2\/free-shipment?post=101916"},{"taxonomy":"product_brand","embeddable":true,"href":"https:\/\/factory.sale\/fi\/wp-json\/wp\/v2\/product_brand?post=101916"},{"taxonomy":"product_cat","embeddable":true,"href":"https:\/\/factory.sale\/fi\/wp-json\/wp\/v2\/product_cat?post=101916"},{"taxonomy":"product_tag","embeddable":true,"href":"https:\/\/factory.sale\/fi\/wp-json\/wp\/v2\/product_tag?post=101916"}],"curies":[{"name":"wp","href":"https:\/\/api.w.org\/{rel}","templated":true}]}}