{"id":101349,"date":"2025-03-17T12:11:36","date_gmt":"2025-03-17T09:44:51","guid":{"rendered":"https:\/\/factory.sale\/?post_type=product&#038;p=101349"},"modified":"2025-03-25T14:42:48","modified_gmt":"2025-03-25T11:42:48","slug":"qtb-ruostumattomasta-teraksesta-seinakiinnikkeet","status":"publish","type":"product","link":"https:\/\/factory.sale\/fi\/tuote\/qtb-ruostumattomasta-teraksesta-seinakiinnikkeet\/","title":{"rendered":"QTB sein\u00e4kiinnikkeet ruostumattomasta ter\u00e4ksest\u00e4"},"content":{"rendered":"<p><strong>Tuotetiedot:<\/strong><\/p>\n<table style=\"height: 500px;\" width=\"1394\" cellspacing=\"0\" cellpadding=\"0\">\n<tbody>\n<tr>\n<td valign=\"top\"><strong>Kiinnikkeen tyyppi<\/strong><\/td>\n<td valign=\"top\"><strong>K\u00e4ytt\u00f6tarkoitus<\/strong><\/td>\n<td valign=\"top\"><strong>Kiinnitysvaatimukset<\/strong><\/td>\n<td valign=\"top\"><strong>Mitat<\/strong><\/td>\n<td valign=\"top\"><span style=\"color: #000000; font-family: Helvetica Neue; font-size: small;\"><b>Tuotenumero.<\/b><\/span><\/td>\n<\/tr>\n<tr>\n<td valign=\"top\"><strong>Kaksoiskiinnike<\/strong><\/td>\n<td valign=\"top\">K\u00e4ytet\u00e4\u00e4n kiinte\u00e4n\u00e4 tukipisteen\u00e4 \/ pysyv\u00e4n kuorman tukena \u2013 absorboi pysyv\u00e4n kuorman ja osan tuulikuormasta.<\/td>\n<td valign=\"top\">Kiinte\u00e4n tukipisteen kiinnikkeet on asennettava py\u00f6reisiin reikiin.<\/td>\n<td valign=\"top\">160 mm [6 5\/16\u201d] korkeus<\/td>\n<td valign=\"top\">02.4.pituus.160.10 (\u00d810 mm kiinnike, betoni\/muuraussein\u00e4t), 02.4.pituus.160.63 (\u00d86.3 mm kiinnike, rankasein\u00e4t)<\/td>\n<\/tr>\n<tr>\n<td valign=\"top\"><span style=\"color: #000000; font-family: Helvetica Neue; font-size: small;\"><b>Yksitt\u00e4iskiinnike <\/b><\/span><\/td>\n<td valign=\"top\">K\u00e4ytet\u00e4\u00e4n liukupisteen\u00e4 \/ tuulikuorman tukena \u2013 absorboi tuulikuorman ja profiilin l\u00e4mp\u00f6liikkeen.<\/td>\n<td valign=\"top\">Liukupisteen kiinnikkeet on asennettava uran keskelle, jotta profiili voi laajentua ja supistua vapaasti.<\/td>\n<td valign=\"top\">70 mm [2 3\/4\u201d] korkeus<\/td>\n<td valign=\"top\">02.4.pituus.70.10 (\u00d810 mm kiinnike, betoni\/muuraussein\u00e4t), 02.4.pituus.70.63 (\u00d86.3 mm kiinnike, rankasein\u00e4t)<\/td>\n<\/tr>\n<\/tbody>\n<\/table>\n<p>&nbsp;<\/p>\n<p>&nbsp;<\/p>\n<p>&nbsp;<\/p>\n<p><strong>S\u00e4\u00e4t\u00f6alue:<\/strong><\/p>\n<p><a href=\"https:\/\/factory.sale\/wp-content\/uploads\/2025\/03\/QTB-stainless-steel-wall-brackets_08-2024.pdf\" target=\"_blank\" rel=\"noopener\"><img loading=\"lazy\" decoding=\"async\" class=\"alignnone wp-image-101342\" src=\"https:\/\/factory.sale\/wp-content\/uploads\/2025\/03\/range-of-adjustments-wall-brackets-factory-sale-300x170.webp\" alt=\"\" width=\"1189\" height=\"674\" srcset=\"https:\/\/factory.sale\/wp-content\/uploads\/2025\/03\/range-of-adjustments-wall-brackets-factory-sale-300x170.webp 300w, https:\/\/factory.sale\/wp-content\/uploads\/2025\/03\/range-of-adjustments-wall-brackets-factory-sale-1024x579.webp 1024w, https:\/\/factory.sale\/wp-content\/uploads\/2025\/03\/range-of-adjustments-wall-brackets-factory-sale-150x85.webp 150w, https:\/\/factory.sale\/wp-content\/uploads\/2025\/03\/range-of-adjustments-wall-brackets-factory-sale-1536x869.webp 1536w, https:\/\/factory.sale\/wp-content\/uploads\/2025\/03\/range-of-adjustments-wall-brackets-factory-sale-600x339.webp 600w\" sizes=\"auto, (max-width: 1189px) 100vw, 1189px\" \/><\/a><\/p>\n<p>&nbsp;<\/p>\n<p>&nbsp;<\/p>\n<p>&nbsp;<\/p>\n<p>Minimi 20 mm (3\/4&#8221;) limitys kiinnikkeen ja profiilin v\u00e4lill\u00e4 on vaadittava.<\/p>\n<p>Kaikki s\u00e4\u00e4t\u00f6mitat perustuvat 60 mm (2 3\/8&#8221;) syv\u00e4\u00e4n pystysuoraan profiiliin.<\/p>\n<p>Materiaali: 1.4404 (AISI 316L) ruostumaton ter\u00e4s.<\/p>\n<p>Projektikohtaiset sein\u00e4kiinnikkeet ovat saatavilla tilauksesta.<\/p>\n<p>&nbsp;<\/p>\n<p>&nbsp;<\/p>\n<p>&nbsp;<\/p>\n<p><em><strong>Ota yhteytt\u00e4 saadaksesi lis\u00e4tietoja ja pyyd\u00e4 henkil\u00f6kohtainen tarjous!<\/strong><\/em><\/p>\n<p>&nbsp;<\/p>\n<p>&nbsp;<\/p>\n<p><a href=\"https:\/\/factory.sale\/wp-content\/uploads\/2025\/03\/QTB-stainless-steel-wall-brackets_08-2024.pdf\" target=\"_blank\" rel=\"noopener\">QTB Ruostumattomasta Ter\u00e4ksest\u00e4 Sein\u00e4kiinnikkeet PDF<br \/>\n<\/a><\/p>\n","protected":false},"excerpt":{"rendered":"<p>QTB ruostumattomasta ter\u00e4ksest\u00e4 valmistetut sein\u00e4kiinnikkeet tarjoavat kest\u00e4v\u00e4n ja luotettavan tuen sek\u00e4 kiinteille ett\u00e4 liukuville pisteille. Valmistettu korkealaatuisesta AISI 316L ruostumattomasta ter\u00e4ksest\u00e4. Takaavat vahvan kantokyvyn ja s\u00e4\u00e4nkest\u00e4vyyden. Ihanteellinen betoni-, muuraus- ja nastaseinille, saatavilla useita kiinnitysvaihtoehtoja.<\/p>\n","protected":false},"featured_media":101337,"comment_status":"open","ping_status":"closed","template":"","meta":{"_acf_changed":false},"factory":[],"free-shipment":[],"product_brand":[],"product_cat":[4257,1321],"product_tag":[],"class_list":{"0":"post-101349","1":"product","2":"type-product","3":"status-publish","4":"has-post-thumbnail","6":"product_cat-julkisivun-tukijarjestelmat","7":"product_cat-yleinen-rakentaminen","9":"first","10":"instock","11":"taxable","12":"shipping-taxable","13":"purchasable","14":"product-type-simple"},"acf":[],"_links":{"self":[{"href":"https:\/\/factory.sale\/fi\/wp-json\/wp\/v2\/product\/101349","targetHints":{"allow":["GET"]}}],"collection":[{"href":"https:\/\/factory.sale\/fi\/wp-json\/wp\/v2\/product"}],"about":[{"href":"https:\/\/factory.sale\/fi\/wp-json\/wp\/v2\/types\/product"}],"replies":[{"embeddable":true,"href":"https:\/\/factory.sale\/fi\/wp-json\/wp\/v2\/comments?post=101349"}],"wp:featuredmedia":[{"embeddable":true,"href":"https:\/\/factory.sale\/fi\/wp-json\/wp\/v2\/media\/101337"}],"wp:attachment":[{"href":"https:\/\/factory.sale\/fi\/wp-json\/wp\/v2\/media?parent=101349"}],"wp:term":[{"taxonomy":"factory","embeddable":true,"href":"https:\/\/factory.sale\/fi\/wp-json\/wp\/v2\/factory?post=101349"},{"taxonomy":"free-shipment","embeddable":true,"href":"https:\/\/factory.sale\/fi\/wp-json\/wp\/v2\/free-shipment?post=101349"},{"taxonomy":"product_brand","embeddable":true,"href":"https:\/\/factory.sale\/fi\/wp-json\/wp\/v2\/product_brand?post=101349"},{"taxonomy":"product_cat","embeddable":true,"href":"https:\/\/factory.sale\/fi\/wp-json\/wp\/v2\/product_cat?post=101349"},{"taxonomy":"product_tag","embeddable":true,"href":"https:\/\/factory.sale\/fi\/wp-json\/wp\/v2\/product_tag?post=101349"}],"curies":[{"name":"wp","href":"https:\/\/api.w.org\/{rel}","templated":true}]}}