{"id":101282,"date":"2025-03-16T09:30:26","date_gmt":"2025-03-16T06:30:28","guid":{"rendered":"https:\/\/factory.sale\/?post_type=product&#038;p=101282"},"modified":"2026-03-05T15:40:03","modified_gmt":"2026-03-05T12:40:03","slug":"huum-savupiippu-seinan-lapi-takaliitannalla","status":"publish","type":"product","link":"https:\/\/factory.sale\/fi\/tuote\/huum-savupiippu-seinan-lapi-takaliitannalla\/","title":{"rendered":"HUUM savupiippu sein\u00e4n l\u00e4pi, takaliit\u00e4nn\u00e4ll\u00e4"},"content":{"rendered":"<h2 data-start=\"0\" data-end=\"14\"><span style=\"font-size: 14pt;\">HUUM savupiippu sein\u00e4n l\u00e4pi, takaliit\u00e4nn\u00e4ll\u00e4<\/span><\/h2>\n<p data-start=\"0\" data-end=\"14\">SARJA SIS\u00c4LT\u00d6:<\/p>\n<ul>\n<li data-start=\"16\" data-end=\"355\">Yksisein\u00e4inen savupiippuliit\u00e4nt\u00e4, katkaistavissa 150\u2013250 mm<\/li>\n<li data-start=\"16\" data-end=\"355\">Kaksisein\u00e4inen hitsattu savupiipun jalusta<\/li>\n<li data-start=\"16\" data-end=\"355\">Kaksisein\u00e4inen savupiippu 0,25 m<\/li>\n<li data-start=\"16\" data-end=\"355\">90 asteen kaksisein\u00e4inen savupiippukulma<\/li>\n<li data-start=\"16\" data-end=\"355\">Peitelevy (kaksiosainen)<\/li>\n<li data-start=\"16\" data-end=\"355\">T600-eristelevy sein\u00e4lle ja katolle<\/li>\n<li data-start=\"16\" data-end=\"355\">Kaksisein\u00e4inen savupiippu 1,0 m<\/li>\n<li data-start=\"16\" data-end=\"355\">S\u00e4\u00e4dett\u00e4v\u00e4 sein\u00e4kiinnike 50\u2013150 mm<\/li>\n<li data-start=\"16\" data-end=\"355\">Savupiipun hattu<\/li>\n<\/ul>\n<p data-start=\"357\" data-end=\"557\" data-is-last-node=\"\" data-is-only-node=\"\">Turvallisuuden varmistamiseksi huolehdi, ett\u00e4 yksisein\u00e4isten savupiipun osien (A1, A2) ja palavien materiaalien v\u00e4linen turvaet\u00e4isyys on v\u00e4hint\u00e4\u00e4n 500 mm ja kaksisein\u00e4isten osien (H3) v\u00e4hint\u00e4\u00e4n 50 mm.<\/p>\n<p><img loading=\"lazy\" decoding=\"async\" class=\"alignnone wp-image-101298\" src=\"https:\/\/factory.sale\/wp-content\/uploads\/2025\/03\/HUUM-savupiipusarja-212x300.jpg\" alt=\"\" width=\"758\" height=\"1073\" srcset=\"https:\/\/factory.sale\/wp-content\/uploads\/2025\/03\/HUUM-savupiipusarja-212x300.jpg 212w, https:\/\/factory.sale\/wp-content\/uploads\/2025\/03\/HUUM-savupiipusarja-724x1024.jpg 724w, https:\/\/factory.sale\/wp-content\/uploads\/2025\/03\/HUUM-savupiipusarja-106x150.jpg 106w, https:\/\/factory.sale\/wp-content\/uploads\/2025\/03\/HUUM-savupiipusarja-1086x1536.jpg 1086w, https:\/\/factory.sale\/wp-content\/uploads\/2025\/03\/HUUM-savupiipusarja-600x849.jpg 600w, https:\/\/factory.sale\/wp-content\/uploads\/2025\/03\/HUUM-savupiipusarja.jpg 1414w\" sizes=\"auto, (max-width: 758px) 100vw, 758px\" \/><\/p>\n<p>EAN: 4744103017539<\/p>\n<p><a href=\"https:\/\/factory.sale\/wp-content\/uploads\/2025\/03\/Savupiippu-asetettu-seinan-lapi-ylapuolen-liitos.pdf\" target=\"_blank\" rel=\"noopener\">Tuotelehti l\u00f6ytyy t\u00e4\u00e4lt\u00e4<\/a><\/p>\n","protected":false},"excerpt":{"rendered":"<p>T\u00e4m\u00e4 savupiippusarja on suunniteltu ulottumaan sivusein\u00e4n l\u00e4pi ja se on yhteensopiva HUUMin puul\u00e4mmitteisten kiukaiden kanssa.<\/p>\n","protected":false},"featured_media":101294,"comment_status":"open","ping_status":"closed","template":"","meta":{"_acf_changed":false},"factory":[],"free-shipment":[],"product_brand":[4433],"product_cat":[4161,4893,1334],"product_tag":[859,2106],"class_list":{"0":"post-101282","1":"product","2":"type-product","3":"status-publish","4":"has-post-thumbnail","6":"product_brand-huum-fi","7":"product_cat-piippusetit","8":"product_cat-sauna-kiukaiden-tarvikkeet","9":"product_cat-saunatarvikkeet","10":"product_tag-huum-fi","11":"product_tag-sauna-fi","13":"first","14":"instock","15":"sale","16":"taxable","17":"shipping-taxable","18":"purchasable","19":"product-type-simple"},"acf":[],"_links":{"self":[{"href":"https:\/\/factory.sale\/fi\/wp-json\/wp\/v2\/product\/101282","targetHints":{"allow":["GET"]}}],"collection":[{"href":"https:\/\/factory.sale\/fi\/wp-json\/wp\/v2\/product"}],"about":[{"href":"https:\/\/factory.sale\/fi\/wp-json\/wp\/v2\/types\/product"}],"replies":[{"embeddable":true,"href":"https:\/\/factory.sale\/fi\/wp-json\/wp\/v2\/comments?post=101282"}],"wp:featuredmedia":[{"embeddable":true,"href":"https:\/\/factory.sale\/fi\/wp-json\/wp\/v2\/media\/101294"}],"wp:attachment":[{"href":"https:\/\/factory.sale\/fi\/wp-json\/wp\/v2\/media?parent=101282"}],"wp:term":[{"taxonomy":"factory","embeddable":true,"href":"https:\/\/factory.sale\/fi\/wp-json\/wp\/v2\/factory?post=101282"},{"taxonomy":"free-shipment","embeddable":true,"href":"https:\/\/factory.sale\/fi\/wp-json\/wp\/v2\/free-shipment?post=101282"},{"taxonomy":"product_brand","embeddable":true,"href":"https:\/\/factory.sale\/fi\/wp-json\/wp\/v2\/product_brand?post=101282"},{"taxonomy":"product_cat","embeddable":true,"href":"https:\/\/factory.sale\/fi\/wp-json\/wp\/v2\/product_cat?post=101282"},{"taxonomy":"product_tag","embeddable":true,"href":"https:\/\/factory.sale\/fi\/wp-json\/wp\/v2\/product_tag?post=101282"}],"curies":[{"name":"wp","href":"https:\/\/api.w.org\/{rel}","templated":true}]}}