{"id":101245,"date":"2024-11-11T01:16:57","date_gmt":"2025-03-15T18:50:22","guid":{"rendered":"https:\/\/factory.sale\/?post_type=product&#038;p=101245"},"modified":"2026-03-29T14:58:12","modified_gmt":"2026-03-29T11:58:12","slug":"sauna-icon-220-lampopuusta","status":"publish","type":"product","link":"https:\/\/factory.sale\/fi\/tuote\/sauna-icon-220-lampopuusta\/","title":{"rendered":"Sauna ICON 220 l\u00e4mp\u00f6puusta"},"content":{"rendered":"<p data-start=\"119\" data-end=\"446\">Icon 220 -saunamme on valmistettu korkealaatuisesta l\u00e4mp\u00f6puusta, joka takaa saunalle erinomaisen vakauden ja pitk\u00e4n k\u00e4ytt\u00f6i\u00e4n. L\u00e4mp\u00f6puu sopii erityisen hyvin ulkok\u00e4ytt\u00f6\u00f6n ja kest\u00e4\u00e4 vaativat s\u00e4\u00e4olosuhteet. Lis\u00e4ksi se soveltuu erinomaisesti allergikoille, sill\u00e4 l\u00e4mp\u00f6k\u00e4sittely v\u00e4hent\u00e4\u00e4 huomattavasti puun home- ja bakteeririski\u00e4.<\/p>\n<p data-start=\"454\" data-end=\"474\"><strong data-start=\"454\" data-end=\"474\">Tekniset tiedot:<\/strong><\/p>\n<ul data-start=\"476\" data-end=\"858\">\n<li data-start=\"476\" data-end=\"503\">Kokonaispituus: 2200 mm<\/li>\n<li data-start=\"504\" data-end=\"531\">Ulkohalkaisija: 2310 mm<\/li>\n<li data-start=\"532\" data-end=\"560\">Kokonaiskorkeus: 2360 mm<\/li>\n<li data-start=\"561\" data-end=\"582\">Sivusein\u00e4t: 42 mm<\/li>\n<li data-start=\"583\" data-end=\"605\">P\u00e4\u00e4tysein\u00e4t: 28 mm<\/li>\n<li data-start=\"606\" data-end=\"638\">Materiaali: l\u00e4mp\u00f6puu (m\u00e4nty)<\/li>\n<li data-start=\"639\" data-end=\"676\">Lauteiden materiaali: l\u00e4mp\u00f6puu (haapa)<\/li>\n<li data-start=\"677\" data-end=\"703\">Lauteen syvyys: 600 mm<\/li>\n<li data-start=\"704\" data-end=\"772\">Lasinen ovi: 1890 x 690 mm, karkaistu pronssins\u00e4vyinen lasi 8 mm<\/li>\n<li data-start=\"773\" data-end=\"827\">Kattohuovan v\u00e4rit: ruskea, vihre\u00e4, musta, punainen<\/li>\n<li data-start=\"828\" data-end=\"858\">Kapasiteetti: 4\u20136 henkil\u00f6\u00e4<\/li>\n<\/ul>\n<p data-start=\"802\" data-end=\"828\"><strong data-start=\"802\" data-end=\"828\">Tyylik\u00e4s Cube-muotoilu<\/strong><\/p>\n<p data-start=\"830\" data-end=\"1067\">Cube-muotoinen Icon-sauna sopii t\u00e4ydellisesti moderniin pihaan. Tyylik\u00e4s muotoilu tarjoaa enemm\u00e4n tilaa perinteiseen tynnyrisaunaan verrattuna. Korkeammat 2-tasoiset lauteet antavat korkeamman istumapaikan, joten l\u00e4mm\u00f6n jakautuminen on keskittyneemp\u00e4\u00e4 saunan k\u00e4ytt\u00e4j\u00e4lle.<\/p>\n<p data-start=\"1069\" data-end=\"1091\"><strong data-start=\"1069\" data-end=\"1091\">Kompakti ja helppo<\/strong><\/p>\n<p data-start=\"1093\" data-end=\"1305\">Icon 220 sopii mainiosti pienemp\u00e4\u00e4nkin pihaan, eik\u00e4 se vaadi kallista pohjaty\u00f6t\u00e4. Sauna on helppo koota itse, ja kompaktista koostaan huolimatta se tarjoaa tilavat l\u00f6ylyt jopa nelj\u00e4lle henkil\u00f6lle samanaikaisesti.<\/p>\n<p data-start=\"1307\" data-end=\"1334\"><strong data-start=\"1307\" data-end=\"1334\">Joustava ja turvallinen<\/strong><\/p>\n<p data-start=\"1336\" data-end=\"1590\">Kuutiomainen muoto mahdollistaa monipuolisen l\u00e4mmittimen sijoituksen. Icon 220 on suunniteltu niin, ett\u00e4 kiuas voidaan sijoittaa turvallisesti ja k\u00e4yt\u00e4nn\u00f6llisesti. K\u00e4ytt\u00e4j\u00e4yst\u00e4v\u00e4llinen suunnittelu tekee saunomisesta miellytt\u00e4v\u00e4\u00e4 ja turvallista koko perheelle.<\/p>\n<p data-start=\"1592\" data-end=\"1614\"><strong data-start=\"1592\" data-end=\"1614\">Tietoa l\u00e4mp\u00f6puusta<\/strong><\/p>\n<p data-start=\"1616\" data-end=\"1925\">L\u00e4mp\u00f6puun valmistuksessa puu kuumennetaan 180\u2013230 \u00b0C l\u00e4mp\u00f6tilaan hapettomissa olosuhteissa. T\u00e4m\u00e4 k\u00e4sittely v\u00e4hent\u00e4\u00e4 merkitt\u00e4v\u00e4sti puun kyky\u00e4 ime\u00e4 kosteutta sek\u00e4 poistaa puusta sienille ja bakteereille elint\u00e4rke\u00e4n ravinnonl\u00e4hteen. K\u00e4sittely parantaa huomattavasti puun kest\u00e4vyytt\u00e4 sek\u00e4 pident\u00e4\u00e4 sen k\u00e4ytt\u00f6ik\u00e4\u00e4.<\/p>\n<p data-start=\"1927\" data-end=\"1943\">L\u00e4mp\u00f6puun etuja:<\/p>\n<ul data-start=\"1945\" data-end=\"2153\">\n<li data-start=\"1945\" data-end=\"1984\">Erityisen pitk\u00e4 s\u00e4ilyvyysaika<\/li>\n<li data-start=\"1945\" data-end=\"1984\">Kest\u00e4\u00e4 m\u00e4t\u00e4\u00e4<\/li>\n<li data-start=\"1945\" data-end=\"1984\">Turvotuksen ja kutistumisen v\u00e4hentyminen<\/li>\n<li data-start=\"1945\" data-end=\"1984\">Lastujen ja halkeamien muodostumisen v\u00e4hentyminen<\/li>\n<li data-start=\"1945\" data-end=\"1984\">Puu pysyy mitoiltaan vakaana<\/li>\n<li data-start=\"1945\" data-end=\"1984\">Kantavuuden parantuminen<\/li>\n<li data-start=\"2109\" data-end=\"2153\">Huomattavasti pienempi veden imeytyminen<\/li>\n<\/ul>\n<p data-start=\"2155\" data-end=\"2175\"><strong data-start=\"2155\" data-end=\"2175\">Toimitussis\u00e4lt\u00f6:<\/strong><\/p>\n<ul data-start=\"2177\" data-end=\"2497\">\n<li data-start=\"2177\" data-end=\"2197\">Perustusjalat<\/li>\n<li data-start=\"2198\" data-end=\"2227\">Sivusein\u00e4t ja p\u00e4\u00e4tysein\u00e4t<\/li>\n<li data-start=\"2228\" data-end=\"2257\">Saunalauteet ja jalkatuet<\/li>\n<li data-start=\"2258\" data-end=\"2285\">Bitumikatto (katehuopa)<\/li>\n<li data-start=\"2286\" data-end=\"2303\">R\u00e4yst\u00e4slaudat<\/li>\n<li data-start=\"2304\" data-end=\"2314\">Lattia<\/li>\n<li data-start=\"2315\" data-end=\"2354\">Etuterassi penkeill\u00e4 ja lattialla<\/li>\n<li data-start=\"2355\" data-end=\"2369\">Kiuassuoja<\/li>\n<li data-start=\"2370\" data-end=\"2404\">Ruostumattomat kiristysvanteet<\/li>\n<li data-start=\"2405\" data-end=\"2453\">Asennussarja (ruuvit ja kiinnitystarvikkeet)<\/li>\n<li data-start=\"2454\" data-end=\"2473\">Tuuletusritil\u00e4t<\/li>\n<li data-start=\"2474\" data-end=\"2497\">Selke\u00e4 kokoamisohje<\/li>\n<\/ul>\n<p>Pakkaus: 1 lava, mitat n. 235 x 120 x 120 cm, paino noin 900 kg<\/p>\n<p>HUOM! Setti ei sis\u00e4ll\u00e4 kiuasta. <a href=\"https:\/\/factory.sale\/fi\/tuote\/puukiuas-harvia-m3\/\" target=\"_blank\" rel=\"noopener\">Sopivan puukiukaan l\u00f6yd\u00e4t t\u00e4\u00e4lt\u00e4<\/a>.<\/p>\n<p><strong>Valinnaiset lis\u00e4varusteet (lis\u00e4maksusta)<\/strong><\/p>\n<ul>\n<li>Puolipanoraamaikkuna takasein\u00e4ss\u00e4 (saatavana pronssisena tai peilipintaisena)<\/li>\n<li>T\u00e4yslasinen takasein\u00e4 (saatavana pronssisena tai peilipintaisena)<\/li>\n<li>Lasinen etusein\u00e4 (lasiovella) (saatavana pronssisena tai peilipintaisena)<\/li>\n<li>LED-valonauhat<\/li>\n<li>2 avattavaa ikkunaa<\/li>\n<li>2 avaamatonta ikkunaa<\/li>\n<li>Selk\u00e4nojasarja (2kpl)<\/li>\n<li>Niskatukisarja (2 kpl)<\/li>\n<li>Saunatarvikesarja (\u00e4mp\u00e4ri, kauha ja l\u00e4mp\u00f6mittari)<\/li>\n<li>Vesis\u00e4ili\u00f6 savupiippua varten<\/li>\n<li>Savupiippusarja + l\u00e4mmityskivet<\/li>\n<li>Puukiuas <a href=\"https:\/\/factory.sale\/fi\/tuote\/puulammitin-huum-hive-wood-13-kw\/\" target=\"_blank\" rel=\"noopener\">HUUM HIVE Wood 13 kW<\/a><\/li>\n<li>Puukiuas <a href=\"https:\/\/factory.sale\/fi\/tuote\/huum-hive-flow-puulammitteinen-98kw\/\" target=\"_blank\" rel=\"noopener\">HUUM HIVE Flow 9,8 kW<\/a><\/li>\n<li>S\u00e4hk\u00f6kiuas <a href=\"https:\/\/factory.sale\/fi\/tuote\/sahkokiuas-huum-hive-12kw\/\" target=\"_blank\" rel=\"noopener\">HUUM HIVE 12 kW<\/a><\/li>\n<li>S\u00e4hk\u00f6kiuas <a href=\"https:\/\/factory.sale\/fi\/tuote\/sahkokiuas-harvia-cilindro-pc90-9kw\/\" target=\"_blank\" rel=\"noopener\">Harvia PC90<\/a><\/li>\n<li>S\u00e4hk\u00f6kiuas <a href=\"https:\/\/factory.sale\/fi\/tuote\/sahkokiuas-huum-hive-mini-9kw\/\" target=\"_blank\" rel=\"noopener\">HUUM HIVE Mini 9 kW<\/a><\/li>\n<li>S\u00e4hk\u00f6kiuas <a href=\"https:\/\/factory.sale\/fi\/tuote\/huum-drop-sahkokiuas-9-kw\/\" target=\"_blank\" rel=\"noopener\">HUUM DROP 9 kW<\/a><\/li>\n<\/ul>\n<p>Termopuuk\u00e4sittely antaa puulle tasaisen, ruskean v\u00e4rin, joka muuttuu harmaaksi UV-s\u00e4teilyn vaikutuksesta kuten kaikki muutkin puulajit. Siksi suosittelemme k\u00e4sittelem\u00e4\u00e4n puuta puunsuoja-aineella.<\/p>\n","protected":false},"excerpt":{"rendered":"<p>Icon 220 yhdist\u00e4\u00e4 ylellisyyden ja modernin muotoilun, tarjoten avaran ja tyylikk\u00e4\u00e4n rentoutumisel\u00e4myksen puutarhaasi. T\u00e4m\u00e4 premium-sauna on t\u00e4ydellinen lis\u00e4 kotiisi, jossa hyvinvointi kohtaa tyylin.<\/p>\n","protected":false},"featured_media":92125,"comment_status":"open","ping_status":"closed","template":"","meta":{"_acf_changed":false},"factory":[],"free-shipment":[],"product_brand":[],"product_cat":[1121,1317,1644],"product_tag":[4452,2106],"class_list":{"0":"post-101245","1":"product","2":"type-product","3":"status-publish","4":"has-post-thumbnail","6":"product_cat-saniteetti","7":"product_cat-sauna-fi","8":"product_cat-tynnyrisauna","9":"product_tag-garden-sauna-fi","10":"product_tag-sauna-fi","12":"first","13":"instock","14":"sale","15":"taxable","16":"shipping-taxable","17":"purchasable","18":"product-type-simple"},"acf":[],"_links":{"self":[{"href":"https:\/\/factory.sale\/fi\/wp-json\/wp\/v2\/product\/101245","targetHints":{"allow":["GET"]}}],"collection":[{"href":"https:\/\/factory.sale\/fi\/wp-json\/wp\/v2\/product"}],"about":[{"href":"https:\/\/factory.sale\/fi\/wp-json\/wp\/v2\/types\/product"}],"replies":[{"embeddable":true,"href":"https:\/\/factory.sale\/fi\/wp-json\/wp\/v2\/comments?post=101245"}],"wp:featuredmedia":[{"embeddable":true,"href":"https:\/\/factory.sale\/fi\/wp-json\/wp\/v2\/media\/92125"}],"wp:attachment":[{"href":"https:\/\/factory.sale\/fi\/wp-json\/wp\/v2\/media?parent=101245"}],"wp:term":[{"taxonomy":"factory","embeddable":true,"href":"https:\/\/factory.sale\/fi\/wp-json\/wp\/v2\/factory?post=101245"},{"taxonomy":"free-shipment","embeddable":true,"href":"https:\/\/factory.sale\/fi\/wp-json\/wp\/v2\/free-shipment?post=101245"},{"taxonomy":"product_brand","embeddable":true,"href":"https:\/\/factory.sale\/fi\/wp-json\/wp\/v2\/product_brand?post=101245"},{"taxonomy":"product_cat","embeddable":true,"href":"https:\/\/factory.sale\/fi\/wp-json\/wp\/v2\/product_cat?post=101245"},{"taxonomy":"product_tag","embeddable":true,"href":"https:\/\/factory.sale\/fi\/wp-json\/wp\/v2\/product_tag?post=101245"}],"curies":[{"name":"wp","href":"https:\/\/api.w.org\/{rel}","templated":true}]}}