{"id":101221,"date":"2025-03-15T19:39:18","date_gmt":"2025-03-15T16:39:21","guid":{"rendered":"https:\/\/factory.sale\/?post_type=product&#038;p=101221"},"modified":"2026-03-29T12:17:58","modified_gmt":"2026-03-29T09:17:58","slug":"sauna-icon-385","status":"publish","type":"product","link":"https:\/\/factory.sale\/fi\/tuote\/sauna-icon-385\/","title":{"rendered":"Sauna ICON 385"},"content":{"rendered":"<p data-start=\"173\" data-end=\"462\">Icon 385\u00a0 -mallimme on valmistettu laadukkaasta pohjoismaisesta kuusesta, jonka ansiosta sauna on vakaa, kest\u00e4v\u00e4 ja perinteisen tyylik\u00e4s. Saunan lauteet ovat valmistettu korkealaatuisesta, k\u00e4sittelem\u00e4tt\u00f6m\u00e4st\u00e4 tervalep\u00e4st\u00e4, joka takaa miellytt\u00e4v\u00e4n ja luonnollisen saunakokemuksen.<\/p>\n<p data-start=\"464\" data-end=\"851\">Icon 385 on vaikuttava sauna, jossa yhdistyv\u00e4t tilavuus, tyylik\u00e4s muotoilu ja laadukkaat materiaalit. T\u00e4m\u00e4 385 x 231 x 236 cm kokoinen sauna tarjoaa runsaasti tilaa usealle henkil\u00f6lle sis\u00e4lt\u00e4en sek\u00e4 saunahuoneen ett\u00e4 rentoutumistilan. Rakenne koostuu 42 mm paksuista sivuseinist\u00e4 ja 28 mm paksuista etu- ja takaseinist\u00e4, mik\u00e4 takaa optimaalisen eristyksen ja pitk\u00e4n k\u00e4ytt\u00f6i\u00e4n.<\/p>\n<p data-start=\"853\" data-end=\"1110\">Kaksinkertainen lasiovi ja suuret ikkunat 8 mm karkaistusta pronssinv\u00e4risest\u00e4 lasista luovat valoisan ja ilmavan tunnelman saunan sis\u00e4lle. Lis\u00e4ksi on mahdollista valita puolikaaren muotoinen takasein\u00e4, joka tuo saunaan ainutlaatuisen arkkitehtonisen ilmeen.<\/p>\n<p data-start=\"1112\" data-end=\"1453\">Saunan mukana toimitetaan kaikki tarvittavat varusteet, kuten lauteet (k\u00e4sittelem\u00e4t\u00f6nt\u00e4 lepp\u00e4\u00e4), lattia, l\u00e4mp\u00f6suoja, kattotiilet ja ruostumattomasta ter\u00e4ksest\u00e4 valmistetut kiristysvanteet. Terassialue luo luonnollisen yhteyden saunan ja ulkotilan v\u00e4lille, tehden siit\u00e4 ihanteellisen paikan rentoutumiseen ja vilvoitteluun saunomisen lomassa.<\/p>\n<p><strong>Tekniset tiedot:<\/strong><\/p>\n<ul>\n<li>Kokonaispituus: 3850 mm<\/li>\n<li>Halkaisija: 2310 mm<\/li>\n<li>Kokonaiskorkeus: 2360 mm<\/li>\n<li>Sivusein\u00e4t: 42 mm<\/li>\n<li>P\u00e4\u00e4tysein\u00e4t: 28 mm<\/li>\n<li>Materiaali: Korkealaatuinen skandinaavinen kuusi, k\u00e4sittelem\u00e4t\u00f6n<\/li>\n<li>Saunan lauteet: Lepp\u00e4, k\u00e4sittelem\u00e4t\u00f6n. Puunsuojaukseen suosittelemme <a href=\"https:\/\/factory.sale\/fi\/tuote\/variton-oljy-saunan-lauteille-supi-laudesuoja-1l\/\" target=\"_blank\" rel=\"noopener\">Tikkurila Sauna SUPI -sarjaa<\/a><\/li>\n<li>Saunan lauteiden syvyys: 600 mm<\/li>\n<li>2 x lasiovi: 1890 x 690 mm, karkaistu lasi 8 mm (pronssin s\u00e4vy)<\/li>\n<li>Katon v\u00e4rit: ruskea, vihre\u00e4, musta, punainen<\/li>\n<li>Kaksi erillist\u00e4 huonetta ja terassi<\/li>\n<li>Kapasiteetti: 4-6 henkil\u00f6\u00e4<\/li>\n<\/ul>\n<p data-start=\"1854\" data-end=\"2137\">DESIGN<br data-start=\"1864\" data-end=\"1867\" \/>Kuutiomainen muotoilu sopii t\u00e4ydellisesti my\u00f6s moderneihin puutarhoihin. T\u00e4m\u00e4 uusi design tarjoaa paremman saunael\u00e4myksen tarjoten enemm\u00e4n tilaa ja mukavuutta kuin perinteinen tynnyrisauna. Icon 385 Deluxe on kuitenkin edelleen yht\u00e4 helppo koota ja tarvittaessa siirt\u00e4\u00e4.<\/p>\n<p data-start=\"2139\" data-end=\"2389\">TILAVA JA K\u00c4YT\u00c4NN\u00d6LLINEN<br data-start=\"2167\" data-end=\"2170\" \/>Icon 385 Deluxe on suunniteltu koko perheen yhteisiin hetkiin, mutta silti riitt\u00e4v\u00e4n kompakti sopiakseen useimpiin nykyaikaisiin pihoihin. Sauna on helppo ja nopea asentaa, tehden siit\u00e4 k\u00e4yt\u00e4nn\u00f6llisen lis\u00e4n puutarhaasi.<\/p>\n<p data-start=\"2391\" data-end=\"2739\">MUKAVUUS<br data-start=\"2403\" data-end=\"2406\" \/>K\u00e4yt\u00e4nn\u00f6llinen kahden huoneen ratkaisu tarjoaa varsinaisen saunahuoneen lis\u00e4ksi erillisen pukuhuoneen tai rentoutumistilan, joka sopii t\u00e4ydellisesti taukojen pit\u00e4miseen ja seurusteluun. T\u00e4m\u00e4 lis\u00e4tila auttaa s\u00e4ilytt\u00e4m\u00e4\u00e4n l\u00e4mm\u00f6n saunahuoneessa. Sauna soveltuu sek\u00e4 s\u00e4hk\u00f6- ett\u00e4 puul\u00e4mmitteisille kiukaille asiakkaan mieltymysten mukaan.<\/p>\n<p data-start=\"2741\" data-end=\"3188\">POHJOISMAISEN KUUSEN OMINAISUUDET<br data-start=\"2778\" data-end=\"2781\" \/>Pohjoismainen kuusi on klassinen saunamateriaali, joka tunnetaan erinomaisesta vakaudesta ja hyv\u00e4st\u00e4 l\u00e4mm\u00f6neristyksest\u00e4. Puu on luonnostaan vaalean s\u00e4vyinen ja perinteisen kaunis. Kaikki puulajit, my\u00f6s pohjoismainen kuusi, harmaantuvat UV-s\u00e4teilyn vaikutuksesta ajan my\u00f6t\u00e4. Suosittelemme k\u00e4sittelem\u00e4\u00e4n saunan puuosat puunsuoja-aineella, jotta puu s\u00e4ilytt\u00e4\u00e4 kauneutensa ja kest\u00e4vyyden mahdollisimman pitk\u00e4\u00e4n.<\/p>\n<p><strong>Setti sis\u00e4lt\u00e4\u00e4:<\/strong><\/p>\n<ul>\n<li>Pohjakehykset<\/li>\n<li>Sivu- ja p\u00e4\u00e4tysein\u00e4t<\/li>\n<li>2 x lasiovi &#8211; 8mm karkaistu lasi (pronssin s\u00e4vy)<\/li>\n<li>Saunalauteet ja jalkatuet<\/li>\n<li>Kattomateriaali (bitumipaanu)<\/li>\n<li>Viimeistelynauhat<\/li>\n<li>Lattia<\/li>\n<li>Terassi penkeill\u00e4 ja lattialla<\/li>\n<li>Kiuassuoja<\/li>\n<li>Ruostumattomasta ter\u00e4ksest\u00e4 valmistetut kiristystangot<\/li>\n<li>Asennussarja (ruuvit ja kiinnikkeet)<\/li>\n<li>Tuuletusritil\u00e4t<\/li>\n<li>Tarkat asennusohjeet<\/li>\n<\/ul>\n<p>Pakkaus: 1 lava, mitat n. 385 x 120 x 120 cm, paino noin 1250 kg<\/p>\n<p>HUOM! Setiss\u00e4 ei ole kiuasta. <a href=\"https:\/\/factory.sale\/fi\/tuote\/sahkokiuas-harvia-cilindro-pc90-9kw\/\" target=\"_blank\" rel=\"noopener\">L\u00f6yd\u00e4 sopiva s\u00e4hk\u00f6kiuas t\u00e4st\u00e4<\/a> ja <a href=\"https:\/\/factory.sale\/fi\/tuote\/puukiuas-harvia-m3\/\" target=\"_blank\" rel=\"noopener\">puukiuas t\u00e4st\u00e4<\/a>.<\/p>\n<p><strong>Valinnaiset lis\u00e4varusteet (lis\u00e4maksusta)<\/strong><\/p>\n<ul>\n<li>Puolipanoraamaikkuna takasein\u00e4ss\u00e4 (saatavana pronssisena tai peilipintaisena)<\/li>\n<li>T\u00e4yslasinen takasein\u00e4 (saatavana pronssisena tai peilipintaisena)<\/li>\n<li>Lasinen etusein\u00e4 (lasiovella) (saatavana pronssisena tai peilipintaisena)<\/li>\n<li>LED-valonauhat<\/li>\n<li>2 avattavaa ikkunaa<\/li>\n<li>2 avaamatonta ikkunaa<\/li>\n<li>Selk\u00e4nojasarja (2kpl)<\/li>\n<li>Niskatukisarja (2 kpl)<\/li>\n<li>Saunatarvikesarja (\u00e4mp\u00e4ri, kauha ja l\u00e4mp\u00f6mittari)<\/li>\n<li>Vesis\u00e4ili\u00f6 savupiippua varten<\/li>\n<li>Savupiippusarja + l\u00e4mmityskivet<\/li>\n<li>Puukiuas <a href=\"https:\/\/factory.sale\/fi\/tuote\/puulammitin-huum-hive-wood-13-kw\/\" target=\"_blank\" rel=\"noopener\">HUUM HIVE Wood 13 kW<\/a><\/li>\n<li>Puukiuas <a href=\"https:\/\/factory.sale\/fi\/tuote\/huum-hive-flow-puulammitteinen-98kw\/\" target=\"_blank\" rel=\"noopener\">HUUM HIVE Flow 9,8 kW<\/a><\/li>\n<li>S\u00e4hk\u00f6kiuas <a href=\"https:\/\/factory.sale\/fi\/tuote\/sahkokiuas-huum-hive-12kw\/\" target=\"_blank\" rel=\"noopener\">HUUM HIVE 12 kW<\/a><\/li>\n<li>S\u00e4hk\u00f6kiuas <a href=\"https:\/\/factory.sale\/fi\/tuote\/sahkokiuas-harvia-cilindro-pc90-9kw\/\" target=\"_blank\" rel=\"noopener\">Harvia PC90<\/a><\/li>\n<li>S\u00e4hk\u00f6kiuas <a href=\"https:\/\/factory.sale\/fi\/tuote\/sahkokiuas-huum-hive-mini-9kw\/\" target=\"_blank\" rel=\"noopener\">HUUM HIVE Mini 9 kW<\/a><\/li>\n<li>S\u00e4hk\u00f6kiuas <a href=\"https:\/\/factory.sale\/fi\/tuote\/huum-drop-sahkokiuas-9-kw\/\" target=\"_blank\" rel=\"noopener\">HUUM DROP 9 kW<\/a><\/li>\n<\/ul>\n<p>Termopuuk\u00e4sittely antaa puulle tasaisen, ruskean v\u00e4rin, joka muuttuu harmaaksi UV-s\u00e4teilyn vaikutuksesta kuten kaikki muutkin puulajit. Siksi suosittelemme k\u00e4sittelem\u00e4\u00e4n puuta puunsuoja-aineella.<\/p>\n","protected":false},"excerpt":{"rendered":"<p>Icon 385 tarjoaa t\u00e4ydellisen saunael\u00e4myksen. Sen suurempi koko ja erillinen pukuhuone\/rentoutumistila lis\u00e4\u00e4v\u00e4t k\u00e4ytt\u00f6mukavuutta entisest\u00e4\u00e4n. Laadukkaasta pohjoismaisesta kuusesta valmistettu ylellinen sauna on kest\u00e4v\u00e4 ja kauniin luonnollinen, luoden elegantin ja viihtyis\u00e4n tunnelman. Nauti rentouttavista hetkist\u00e4 omassa aiasasi t\u00e4ss\u00e4 tilavassa ja tyylikk\u00e4\u00e4ss\u00e4 saunassa, joka on suunniteltu rentoutumiseen ja hyvinvoinnin edist\u00e4miseen.<\/p>\n","protected":false},"featured_media":92182,"comment_status":"open","ping_status":"closed","template":"","meta":{"_acf_changed":false},"factory":[],"free-shipment":[],"product_brand":[],"product_cat":[1121,1317,2258,1644],"product_tag":[4452],"class_list":{"0":"post-101221","1":"product","2":"type-product","3":"status-publish","4":"has-post-thumbnail","6":"product_cat-saniteetti","7":"product_cat-sauna-fi","8":"product_cat-saunakuutiot","9":"product_cat-tynnyrisauna","10":"product_tag-garden-sauna-fi","12":"first","13":"instock","14":"sale","15":"taxable","16":"shipping-taxable","17":"purchasable","18":"product-type-simple"},"acf":[],"_links":{"self":[{"href":"https:\/\/factory.sale\/fi\/wp-json\/wp\/v2\/product\/101221","targetHints":{"allow":["GET"]}}],"collection":[{"href":"https:\/\/factory.sale\/fi\/wp-json\/wp\/v2\/product"}],"about":[{"href":"https:\/\/factory.sale\/fi\/wp-json\/wp\/v2\/types\/product"}],"replies":[{"embeddable":true,"href":"https:\/\/factory.sale\/fi\/wp-json\/wp\/v2\/comments?post=101221"}],"wp:featuredmedia":[{"embeddable":true,"href":"https:\/\/factory.sale\/fi\/wp-json\/wp\/v2\/media\/92182"}],"wp:attachment":[{"href":"https:\/\/factory.sale\/fi\/wp-json\/wp\/v2\/media?parent=101221"}],"wp:term":[{"taxonomy":"factory","embeddable":true,"href":"https:\/\/factory.sale\/fi\/wp-json\/wp\/v2\/factory?post=101221"},{"taxonomy":"free-shipment","embeddable":true,"href":"https:\/\/factory.sale\/fi\/wp-json\/wp\/v2\/free-shipment?post=101221"},{"taxonomy":"product_brand","embeddable":true,"href":"https:\/\/factory.sale\/fi\/wp-json\/wp\/v2\/product_brand?post=101221"},{"taxonomy":"product_cat","embeddable":true,"href":"https:\/\/factory.sale\/fi\/wp-json\/wp\/v2\/product_cat?post=101221"},{"taxonomy":"product_tag","embeddable":true,"href":"https:\/\/factory.sale\/fi\/wp-json\/wp\/v2\/product_tag?post=101221"}],"curies":[{"name":"wp","href":"https:\/\/api.w.org\/{rel}","templated":true}]}}