{"id":101172,"date":"2025-03-13T11:52:09","date_gmt":"2025-03-13T09:42:34","guid":{"rendered":"https:\/\/factory.sale\/?post_type=product&#038;p=101172"},"modified":"2025-03-25T14:39:10","modified_gmt":"2025-03-25T11:39:10","slug":"l-muotoinen-standardiprofiilit","status":"publish","type":"product","link":"https:\/\/factory.sale\/fi\/tuote\/l-muotoinen-standardiprofiilit\/","title":{"rendered":"L-muotoiset standardiprofiilit"},"content":{"rendered":"<p><strong>Pintak\u00e4sittely:<\/strong><\/p>\n<ul>\n<li>Maalaamaton tai MF vakiona<\/li>\n<li>Jauhemaalattu RAL 7021, Qualicoat luokka 1<\/li>\n<li>Anodisoitu E6\/C35 (musta) 12 \u03bcm<\/li>\n<li>Erikois-RAL-v\u00e4rit ja muut Qualicoat-luokat sek\u00e4 anodisoinnin paksuudet ja viimeistelyt saatavilla pyynn\u00f6st\u00e4<\/li>\n<\/ul>\n<p>&nbsp;<\/p>\n<p>&nbsp;<\/p>\n<p><strong>Tekniset tiedot:<\/strong><\/p>\n<table style=\"height: 872px;\" width=\"729\" cellspacing=\"0\" cellpadding=\"0\">\n<tbody>\n<tr>\n<td valign=\"top\"><span style=\"color: #000000; font-family: Helvetica Neue; font-size: small;\"><b>Mitat (A x B x T\u2090 x T\u1d66) [mm]<\/b><\/span><\/td>\n<td valign=\"top\"><span style=\"color: #000000; font-family: Helvetica Neue; font-size: small;\"><b>Mitat (A x B x T\u2090 x T\u1d66) [tuumat]<\/b><\/span><\/td>\n<td valign=\"top\"><span style=\"color: #000000; font-family: Helvetica Neue; font-size: small;\"><b>Tuote nr.<\/b><\/span><\/td>\n<td valign=\"top\"><span style=\"color: #000000; font-family: Helvetica Neue; font-size: small;\"><b>Paino [g\/m]<\/b><\/span><\/td>\n<td valign=\"top\"><span style=\"color: #000000; font-family: Helvetica Neue; font-size: small;\"><b>Paino [lb\/ft]<\/b><\/span><\/td>\n<\/tr>\n<tr>\n<td valign=\"top\"><span style=\"color: #000000; font-family: Helvetica Neue; font-size: small;\"><b>150 x 70 x 6 x 6<\/b><\/span><\/td>\n<td valign=\"top\"><span style=\"color: #000000; font-family: Helvetica Neue; font-size: small;\">5.906 x 2.756 x 0.236 x 0.236<\/span><\/td>\n<td valign=\"top\"><span style=\"color: #000000; font-family: Helvetica Neue; font-size: small;\">01.1.150706.6000<\/span><\/td>\n<td valign=\"top\"><span style=\"color: #000000; font-family: Helvetica Neue; font-size: small;\">3467<\/span><\/td>\n<td valign=\"top\"><span style=\"color: #000000; font-family: Helvetica Neue; font-size: small;\">2.392<\/span><\/td>\n<\/tr>\n<tr>\n<td valign=\"top\"><span style=\"color: #000000; font-family: Helvetica Neue; font-size: small;\"><b>100 x 50 x 3 x 3<\/b><\/span><\/td>\n<td valign=\"top\"><span style=\"color: #000000; font-family: Helvetica Neue; font-size: small;\">3.937 x 1.969 x 0.118 x 0.118<\/span><\/td>\n<td valign=\"top\"><span style=\"color: #000000; font-family: Helvetica Neue; font-size: small;\">01.1.100503.6000<\/span><\/td>\n<td valign=\"top\"><span style=\"color: #000000; font-family: Helvetica Neue; font-size: small;\">1191<\/span><\/td>\n<td valign=\"top\"><span style=\"color: #000000; font-family: Helvetica Neue; font-size: small;\">0.82<\/span><\/td>\n<\/tr>\n<tr>\n<td valign=\"top\"><span style=\"color: #000000; font-family: Helvetica Neue; font-size: small;\"><b>80 x 40 x 4 x 4<\/b><\/span><\/td>\n<td valign=\"top\"><span style=\"color: #000000; font-family: Helvetica Neue; font-size: small;\">3.150 x 1.575 x 0.157 x 0.157<\/span><\/td>\n<td valign=\"top\"><span style=\"color: #000000; font-family: Helvetica Neue; font-size: small;\">01.1.80404.6000<\/span><\/td>\n<td valign=\"top\"><span style=\"color: #000000; font-family: Helvetica Neue; font-size: small;\">1245<\/span><\/td>\n<td valign=\"top\"><span style=\"color: #000000; font-family: Helvetica Neue; font-size: small;\">0.837<\/span><\/td>\n<\/tr>\n<tr>\n<td valign=\"top\"><span style=\"color: #000000; font-family: Helvetica Neue; font-size: small;\"><b>80 x 25 x 3 x 3<\/b><\/span><\/td>\n<td valign=\"top\"><span style=\"color: #000000; font-family: Helvetica Neue; font-size: small;\">3.150 x 0.984 x 0.118 x 0.118<\/span><\/td>\n<td valign=\"top\"><span style=\"color: #000000; font-family: Helvetica Neue; font-size: small;\">01.1.80253.6000<\/span><\/td>\n<td valign=\"top\"><span style=\"color: #000000; font-family: Helvetica Neue; font-size: small;\">826<\/span><\/td>\n<td valign=\"top\"><span style=\"color: #000000; font-family: Helvetica Neue; font-size: small;\">0.569<\/span><\/td>\n<\/tr>\n<tr>\n<td valign=\"top\"><span style=\"color: #000000; font-family: Helvetica Neue; font-size: small;\"><b>60 x 60 x 4 x 4<\/b><\/span><\/td>\n<td valign=\"top\"><span style=\"color: #000000; font-family: Helvetica Neue; font-size: small;\">2.362 x 2.362 x 0.157 x 0.157<\/span><\/td>\n<td valign=\"top\"><span style=\"color: #000000; font-family: Helvetica Neue; font-size: small;\">01.1.60604.6000<\/span><\/td>\n<td valign=\"top\"><span style=\"color: #000000; font-family: Helvetica Neue; font-size: small;\">1257<\/span><\/td>\n<td valign=\"top\"><span style=\"color: #000000; font-family: Helvetica Neue; font-size: small;\">0.845<\/span><\/td>\n<\/tr>\n<tr>\n<td valign=\"top\"><span style=\"color: #000000; font-family: Helvetica Neue; font-size: small;\"><b>60 x 60 x 3 x 3<\/b><\/span><\/td>\n<td valign=\"top\"><span style=\"color: #000000; font-family: Helvetica Neue; font-size: small;\">2.362 x 2.362 x 0.118 x 0.118<\/span><\/td>\n<td valign=\"top\"><span style=\"color: #000000; font-family: Helvetica Neue; font-size: small;\">01.1.60603.6000<\/span><\/td>\n<td valign=\"top\"><span style=\"color: #000000; font-family: Helvetica Neue; font-size: small;\">951<\/span><\/td>\n<td valign=\"top\"><span style=\"color: #000000; font-family: Helvetica Neue; font-size: small;\">0.639<\/span><\/td>\n<\/tr>\n<tr>\n<td valign=\"top\"><span style=\"color: #000000; font-family: Helvetica Neue; font-size: small;\"><b>60 x 40 x 2 x 2<\/b><\/span><\/td>\n<td valign=\"top\"><span style=\"color: #000000; font-family: Helvetica Neue; font-size: small;\">2.362 x 1.575 x 0.079 x 0.079<\/span><\/td>\n<td valign=\"top\"><span style=\"color: #000000; font-family: Helvetica Neue; font-size: small;\">01.1.60402.6000<\/span><\/td>\n<td valign=\"top\"><span style=\"color: #000000; font-family: Helvetica Neue; font-size: small;\">529<\/span><\/td>\n<td valign=\"top\"><span style=\"color: #000000; font-family: Helvetica Neue; font-size: small;\">0.364<\/span><\/td>\n<\/tr>\n<tr>\n<td valign=\"top\"><span style=\"color: #000000; font-family: Helvetica Neue; font-size: small;\"><b>60 x 40 x 1.4 x 1.4<\/b><\/span><\/td>\n<td valign=\"top\"><span style=\"color: #000000; font-family: Helvetica Neue; font-size: small;\">2.362 x 1.575 x 0.055 x 0.118<\/span><\/td>\n<td valign=\"top\"><span style=\"color: #000000; font-family: Helvetica Neue; font-size: small;\">01.1.604014.6000<\/span><\/td>\n<td valign=\"top\"><span style=\"color: #000000; font-family: Helvetica Neue; font-size: small;\">455<\/span><\/td>\n<td valign=\"top\"><span style=\"color: #000000; font-family: Helvetica Neue; font-size: small;\">0.313<\/span><\/td>\n<\/tr>\n<tr>\n<td valign=\"top\"><span style=\"color: #000000; font-family: Helvetica Neue; font-size: small;\"><b>60 x 30 x 2 x 2<\/b><\/span><\/td>\n<td valign=\"top\"><span style=\"color: #000000; font-family: Helvetica Neue; font-size: small;\">2.362 x 1.181 x 0.079 x 0.079<\/span><\/td>\n<td valign=\"top\"><span style=\"color: #000000; font-family: Helvetica Neue; font-size: small;\">01.1.60302.6000<\/span><\/td>\n<td valign=\"top\"><span style=\"color: #000000; font-family: Helvetica Neue; font-size: small;\">457<\/span><\/td>\n<td valign=\"top\"><span style=\"color: #000000; font-family: Helvetica Neue; font-size: small;\">0.327<\/span><\/td>\n<\/tr>\n<tr>\n<td valign=\"top\"><span style=\"color: #000000; font-family: Helvetica Neue; font-size: small;\"><b>60 x 25 x 3 x 3<\/b><\/span><\/td>\n<td valign=\"top\"><span style=\"color: #000000; font-family: Helvetica Neue; font-size: small;\">2.362 x 0.984 x 0.118 x 0.118<\/span><\/td>\n<td valign=\"top\"><span style=\"color: #000000; font-family: Helvetica Neue; font-size: small;\">01.1.60253.6000<\/span><\/td>\n<td valign=\"top\"><span style=\"color: #000000; font-family: Helvetica Neue; font-size: small;\">662<\/span><\/td>\n<td valign=\"top\"><span style=\"color: #000000; font-family: Helvetica Neue; font-size: small;\">0.458<\/span><\/td>\n<\/tr>\n<tr>\n<td valign=\"top\"><span style=\"color: #000000; font-family: Helvetica Neue; font-size: small;\"><b>42 x 25 x 3 x 3<\/b><\/span><\/td>\n<td valign=\"top\"><span style=\"color: #000000; font-family: Helvetica Neue; font-size: small;\">1.654 x 0.945 x 0.118 x 0.118<\/span><\/td>\n<td valign=\"top\"><span style=\"color: #000000; font-family: Helvetica Neue; font-size: small;\">01.1.42253.6000<\/span><\/td>\n<td valign=\"top\"><span style=\"color: #000000; font-family: Helvetica Neue; font-size: small;\">517<\/span><\/td>\n<td valign=\"top\"><span style=\"color: #000000; font-family: Helvetica Neue; font-size: small;\">0.357<\/span><\/td>\n<\/tr>\n<tr>\n<td valign=\"top\"><span style=\"color: #000000; font-family: Helvetica Neue; font-size: small;\"><b>40 x 40 x 3 x 3<\/b><\/span><\/td>\n<td valign=\"top\"><span style=\"color: #000000; font-family: Helvetica Neue; font-size: small;\">1.575 x 1.575 x 0.118 x 0.118<\/span><\/td>\n<td valign=\"top\"><span style=\"color: #000000; font-family: Helvetica Neue; font-size: small;\">01.1.40403.6000<\/span><\/td>\n<td valign=\"top\"><span style=\"color: #000000; font-family: Helvetica Neue; font-size: small;\">626<\/span><\/td>\n<td valign=\"top\"><span style=\"color: #000000; font-family: Helvetica Neue; font-size: small;\">0.421<\/span><\/td>\n<\/tr>\n<tr>\n<td valign=\"top\"><span style=\"color: #000000; font-family: Helvetica Neue; font-size: small;\"><b>40 x 40 x 2 x 2<\/b><\/span><\/td>\n<td valign=\"top\"><span style=\"color: #000000; font-family: Helvetica Neue; font-size: small;\">1.575 x 1.575 x 0.079 x 0.079<\/span><\/td>\n<td valign=\"top\"><span style=\"color: #000000; font-family: Helvetica Neue; font-size: small;\">01.1.40402.6000<\/span><\/td>\n<td valign=\"top\"><span style=\"color: #000000; font-family: Helvetica Neue; font-size: small;\">421<\/span><\/td>\n<td valign=\"top\"><span style=\"color: #000000; font-family: Helvetica Neue; font-size: small;\">0.29<\/span><\/td>\n<\/tr>\n<tr>\n<td valign=\"top\"><span style=\"color: #000000; font-family: Helvetica Neue; font-size: small;\"><b>40 x 20 x 2 x 2<\/b><\/span><\/td>\n<td valign=\"top\"><span style=\"color: #000000; font-family: Helvetica Neue; font-size: small;\">1.575 x 0.787 x 0.079 x 0.079<\/span><\/td>\n<td valign=\"top\"><span style=\"color: #000000; font-family: Helvetica Neue; font-size: small;\">01.1.40202.6000<\/span><\/td>\n<td valign=\"top\"><span style=\"color: #000000; font-family: Helvetica Neue; font-size: small;\">315<\/span><\/td>\n<td valign=\"top\"><span style=\"color: #000000; font-family: Helvetica Neue; font-size: small;\">0.217<\/span><\/td>\n<\/tr>\n<\/tbody>\n<\/table>\n<p>&nbsp;<\/p>\n<p>&nbsp;<\/p>\n<p><strong><em>Ota yhteytt\u00e4 saadaksesi lis\u00e4tietoja ja pyyd\u00e4 henkil\u00f6kohtainen tarjous!<\/em><\/strong><\/p>\n","protected":false},"excerpt":{"rendered":"<p>Vakiona maalaamaton ja 6000 mm [20\u2019] pitk\u00e4.<\/p>\n<p>L-muotoiset standardiprofiilit ovat rakenteellisia elementtej\u00e4, joita k\u00e4ytet\u00e4\u00e4n yleisesti rakentamisessa ja valmistuksessa kulmien ja reunojen vahvistamiseen. Ne tarjoavat vakautta ja tukea erilaisissa kohteissa, kuten runkorakenteissa, hyllyiss\u00e4 ja reunaviimeistelyiss\u00e4. Saatavilla eri kokoisina vastaamaan erilaisiin rakenteellisiin vaatimuksiin.<\/p>\n","protected":false},"featured_media":101168,"comment_status":"open","ping_status":"closed","template":"","meta":{"_acf_changed":false},"factory":[],"free-shipment":[],"product_brand":[],"product_cat":[4257,1321],"product_tag":[],"class_list":{"0":"post-101172","1":"product","2":"type-product","3":"status-publish","4":"has-post-thumbnail","6":"product_cat-julkisivun-tukijarjestelmat","7":"product_cat-yleinen-rakentaminen","9":"first","10":"instock","11":"taxable","12":"shipping-taxable","13":"purchasable","14":"product-type-simple"},"acf":[],"_links":{"self":[{"href":"https:\/\/factory.sale\/fi\/wp-json\/wp\/v2\/product\/101172","targetHints":{"allow":["GET"]}}],"collection":[{"href":"https:\/\/factory.sale\/fi\/wp-json\/wp\/v2\/product"}],"about":[{"href":"https:\/\/factory.sale\/fi\/wp-json\/wp\/v2\/types\/product"}],"replies":[{"embeddable":true,"href":"https:\/\/factory.sale\/fi\/wp-json\/wp\/v2\/comments?post=101172"}],"wp:featuredmedia":[{"embeddable":true,"href":"https:\/\/factory.sale\/fi\/wp-json\/wp\/v2\/media\/101168"}],"wp:attachment":[{"href":"https:\/\/factory.sale\/fi\/wp-json\/wp\/v2\/media?parent=101172"}],"wp:term":[{"taxonomy":"factory","embeddable":true,"href":"https:\/\/factory.sale\/fi\/wp-json\/wp\/v2\/factory?post=101172"},{"taxonomy":"free-shipment","embeddable":true,"href":"https:\/\/factory.sale\/fi\/wp-json\/wp\/v2\/free-shipment?post=101172"},{"taxonomy":"product_brand","embeddable":true,"href":"https:\/\/factory.sale\/fi\/wp-json\/wp\/v2\/product_brand?post=101172"},{"taxonomy":"product_cat","embeddable":true,"href":"https:\/\/factory.sale\/fi\/wp-json\/wp\/v2\/product_cat?post=101172"},{"taxonomy":"product_tag","embeddable":true,"href":"https:\/\/factory.sale\/fi\/wp-json\/wp\/v2\/product_tag?post=101172"}],"curies":[{"name":"wp","href":"https:\/\/api.w.org\/{rel}","templated":true}]}}