{"id":101113,"date":"2025-03-10T12:04:55","date_gmt":"2025-03-10T09:07:10","guid":{"rendered":"https:\/\/factory.sale\/?post_type=product&#038;p=101113"},"modified":"2025-03-25T18:38:05","modified_gmt":"2025-03-25T15:38:05","slug":"qv1-2-t-l-profiilit","status":"publish","type":"product","link":"https:\/\/factory.sale\/fi\/tuote\/qv1-2-t-l-profiilit\/","title":{"rendered":"QV1.2 T &#038; L profiilit"},"content":{"rendered":"<p>QV1.2 on n\u00e4kyv\u00e4ll\u00e4 kiinnityksell\u00e4 varustettu j\u00e4rjestelm\u00e4, joka on suunniteltu k\u00e4ytett\u00e4v\u00e4ksi metallisilla tai puisilla runkoseinill\u00e4 sek\u00e4 tilanteissa, joissa pystykiskoille tarvitaan vaakasuuntainen tuki. Paneelit kiinnitet\u00e4\u00e4n pystysuoriin HAT- ja J-kiskoihin n\u00e4kyvill\u00e4 kiinnikkeill\u00e4.<\/p>\n<p>&nbsp;<\/p>\n<p><strong>Pystykiskot kiinnitet\u00e4\u00e4n yhteen johonkin seuraavista vaakasuuntaisten tukien kokoonpanoista:<\/strong><\/p>\n<ul>\n<li>Jatkuvat vaakasuuntaiset HAT- \/ J- \/ Z-kiskot, jotka kiinnitet\u00e4\u00e4n suoraan sein\u00e4\u00e4n.<\/li>\n<li>Jatkuvat vaakasuuntaiset T-kiskot, jotka kiinnitet\u00e4\u00e4n runkosein\u00e4\u00e4n. L-kiinnikkeet asennetaan jokaisen pystykiskon kohdalle ja kiinnitet\u00e4\u00e4n vaakasuoraan T-kiskoon.<\/li>\n<li>Jatkuvat L-kiskot, jotka kiinnitet\u00e4\u00e4n QHB-sein\u00e4kiinnikkeisiin.<\/li>\n<li>Kaikki vaihtoehdot ovat saatavilla l\u00e4mp\u00f6tyynyill\u00e4, jotka v\u00e4hent\u00e4v\u00e4t l\u00e4mp\u00f6siltoja ja est\u00e4v\u00e4t galvaanista korroosiota.<\/li>\n<\/ul>\n<p>&nbsp;<\/p>\n<p><strong>L\u00e4mp\u00f6tehokkuus<\/strong><\/p>\n<p>L\u00e4mp\u00f6tyynyjen k\u00e4ytt\u00f6 v\u00e4hent\u00e4\u00e4 l\u00e4mp\u00f6siltoja. Ekstruusiomateriaalien lujuus mahdollistaa v\u00e4hemm\u00e4n sein\u00e4kiinnikkeiden k\u00e4ytt\u00f6\u00e4 ja ruuvil\u00e4pivientej\u00e4 verrattuna muihin kiinnitysmenetelmiin. J\u00e4rjestelm\u00e4n l\u00e4mp\u00f6tehokkuus vaihtelee huomattavasti sein\u00e4rakenteen, ulkoisen eristyksen paksuuden, julkisivumateriaalien ja sein\u00e4kiinnikkeiden et\u00e4isyyden mukaan. Projektikohtainen l\u00e4mp\u00f6mallinnus on saatavilla pyynn\u00f6st\u00e4.<\/p>\n<p>&nbsp;<\/p>\n<p><strong>Julkisivumateriaalit:<\/strong><\/p>\n<ul>\n<li>HPL<\/li>\n<li>Kuitusementti<\/li>\n<li>GFRC<\/li>\n<li>Kivi<\/li>\n<li>Keraami<\/li>\n<li>ACM<\/li>\n<li>Metallipaneelit<\/li>\n<\/ul>\n<p>&nbsp;<\/p>\n<p>L-profiileja on saatavilla valmiiksi valmistetuilla pitkitt\u00e4isrei\u2019ill\u00e4 tilauksesta.<\/p>\n<p>&nbsp;<\/p>\n<p><strong>Viimeistelyvaihtoehdot:<\/strong><\/p>\n<ul>\n<li>Vakiona maalaamaton tai mf<\/li>\n<li>Pulverimaalattu RAL 7021, Class 1 Qualicoat<\/li>\n<li>Anodisoitu E6\/C35 (musta) 12 \u03bcm<\/li>\n<li>Erikois-RAL-v\u00e4rit ja muut Qualicoat-luokan viimeistelyt sek\u00e4 erilaiset anodisoinnin paksuudet ja viimeistelyt saatavilla pyynn\u00f6st\u00e4<\/li>\n<\/ul>\n<p>&nbsp;<\/p>\n<table data-start=\"1807\" data-end=\"2956\">\n<thead data-start=\"1807\" data-end=\"1932\">\n<tr data-start=\"1807\" data-end=\"1932\">\n<th data-start=\"1807\" data-end=\"1843\"><strong data-start=\"1809\" data-end=\"1824\">Komponentit<\/strong><\/th>\n<th data-start=\"1843\" data-end=\"1912\"><strong data-start=\"1845\" data-end=\"1859\">Materiaali<\/strong><\/th>\n<th data-start=\"1912\" data-end=\"1932\"><strong data-start=\"1914\" data-end=\"1930\">Huomautukset<\/strong><\/th>\n<\/tr>\n<\/thead>\n<tbody data-start=\"2056\" data-end=\"2956\">\n<tr data-start=\"2056\" data-end=\"2229\">\n<td><strong data-start=\"2058\" data-end=\"2083\">Vaaka- ja pystykiskot<\/strong><\/td>\n<td>Suulakepuristettu alumiini, seos AW 6063 T66<\/td>\n<td>Maalaamaton, RAL-maalattu, anodisoitu 12 \u00b5m (tai enemm\u00e4n pyynn\u00f6st\u00e4)<\/td>\n<\/tr>\n<tr data-start=\"2230\" data-end=\"2420\">\n<td><strong data-start=\"2232\" data-end=\"2256\">QHB-sein\u00e4kiinnikkeet<\/strong><\/td>\n<td>Suulakepuristettu alumiini, seos AW 6063 T66<\/td>\n<td>Ontelon syvyys \u2013 tarkista yrityksen uusin toimitusohjelma; tyypillisesti maalaamaton.<\/td>\n<\/tr>\n<tr data-start=\"2421\" data-end=\"2552\">\n<td><strong data-start=\"2423\" data-end=\"2440\">L-kiinnikkeet<\/strong><\/td>\n<td>Suulakepuristettu alumiini, seos AW 6063 T66<\/td>\n<td>Tyypillisesti maalaamaton.<\/td>\n<\/tr>\n<tr data-start=\"2553\" data-end=\"2739\">\n<td><strong data-start=\"2555\" data-end=\"2573\">Lis\u00e4tarvikkeet<\/strong><\/td>\n<td>Suulakepuristettu alumiini, seos AW 6063 T66 tai T6; alumiinilevyseos AW 5754 H22<\/td>\n<td>Maalaamaton, RAL-maalattu, anodisoitu 12 \u00b5m (tai enemm\u00e4n pyynn\u00f6st\u00e4).<\/td>\n<\/tr>\n<tr data-start=\"2740\" data-end=\"2848\">\n<td><strong data-start=\"2742\" data-end=\"2762\">QHB-termo-tyynyt<\/strong><\/td>\n<td>Polypropeeni<\/td>\n<td>\u2013<\/td>\n<\/tr>\n<tr data-start=\"2849\" data-end=\"2956\">\n<td><strong data-start=\"2851\" data-end=\"2866\">Kiinnikkeet<\/strong><\/td>\n<td>Ruostumaton ter\u00e4s tai korroosionkest\u00e4v\u00e4 pinnoite<\/td>\n<td>\u2013<\/td>\n<\/tr>\n<\/tbody>\n<\/table>\n<p>&nbsp;<\/p>\n<p>&nbsp;<\/p>\n<p>&nbsp;<\/p>\n<p><strong><em>Ota rohkeasti yhteytt\u00e4 saadaksesi lis\u00e4tietoa ja pyyd\u00e4 henkil\u00f6kohtainen tarjous!<\/em><\/strong><\/p>\n<p>&nbsp;<\/p>\n<p>&nbsp;<\/p>\n<p><a href=\"https:\/\/factory.sale\/wp-content\/uploads\/2025\/03\/QV1.2_Exposed-fasteners_studs_details_02-2024.pdf\" target=\"_blank\" rel=\"noopener\">Tekniset tiedot PDF<\/a><\/p>\n<p><a href=\"https:\/\/factory.sale\/wp-content\/uploads\/2025\/03\/QTB-stainless-steel-wall-brackets_08-2024.pdf\" target=\"_blank\" rel=\"noopener\">QTB ruostumattomasta ter\u00e4ksest\u00e4 valmistetut sein\u00e4telineet PDF<\/a><\/p>\n<p><a href=\"https:\/\/factory.sale\/wp-content\/uploads\/2025\/03\/QVB-aluminum-wall-brackets_08-2024.pdf\" target=\"_blank\" rel=\"noopener\">QVB alumiiniset sein\u00e4kiinnikkeet PDF<\/a><\/p>\n<p><a href=\"https:\/\/factory.sale\/wp-content\/uploads\/2025\/03\/Q-Vent_FA_QTB_Stainless_Steel_Wall_Brackets_Zertifikat_EN_2024.08.22.pdf\" target=\"_blank\" rel=\"noopener\">Passiivitalon todistus<\/a><\/p>\n","protected":false},"excerpt":{"rendered":"<p>Vakiona maalaamaton ja 6000 mm [20\u2019] pitk\u00e4 sek\u00e4 ilman pitkitt\u00e4isreiki\u00e4.<\/p>\n<ul>\n<li>Kolme vaihtoehtoa vaakatuelle<\/li>\n<li>Yhteensopiva useimpien julkisivumateriaalien kanssa<\/li>\n<li>Sis\u00e4\u00e4nrakennettu s\u00e4\u00e4dett\u00e4vyys<\/li>\n<li>L\u00e4mp\u00f6katkaistu l\u00e4mp\u00f6tyynyjen avulla<\/li>\n<li>A1 palamaton<\/li>\n<li>100 % kierr\u00e4tett\u00e4v\u00e4<\/li>\n<\/ul>\n","protected":false},"featured_media":101164,"comment_status":"open","ping_status":"closed","template":"","meta":{"_acf_changed":false},"factory":[],"free-shipment":[],"product_brand":[],"product_cat":[4257,1321],"product_tag":[],"class_list":{"0":"post-101113","1":"product","2":"type-product","3":"status-publish","4":"has-post-thumbnail","6":"product_cat-julkisivun-tukijarjestelmat","7":"product_cat-yleinen-rakentaminen","9":"first","10":"instock","11":"taxable","12":"shipping-taxable","13":"purchasable","14":"product-type-simple"},"acf":[],"_links":{"self":[{"href":"https:\/\/factory.sale\/fi\/wp-json\/wp\/v2\/product\/101113","targetHints":{"allow":["GET"]}}],"collection":[{"href":"https:\/\/factory.sale\/fi\/wp-json\/wp\/v2\/product"}],"about":[{"href":"https:\/\/factory.sale\/fi\/wp-json\/wp\/v2\/types\/product"}],"replies":[{"embeddable":true,"href":"https:\/\/factory.sale\/fi\/wp-json\/wp\/v2\/comments?post=101113"}],"wp:featuredmedia":[{"embeddable":true,"href":"https:\/\/factory.sale\/fi\/wp-json\/wp\/v2\/media\/101164"}],"wp:attachment":[{"href":"https:\/\/factory.sale\/fi\/wp-json\/wp\/v2\/media?parent=101113"}],"wp:term":[{"taxonomy":"factory","embeddable":true,"href":"https:\/\/factory.sale\/fi\/wp-json\/wp\/v2\/factory?post=101113"},{"taxonomy":"free-shipment","embeddable":true,"href":"https:\/\/factory.sale\/fi\/wp-json\/wp\/v2\/free-shipment?post=101113"},{"taxonomy":"product_brand","embeddable":true,"href":"https:\/\/factory.sale\/fi\/wp-json\/wp\/v2\/product_brand?post=101113"},{"taxonomy":"product_cat","embeddable":true,"href":"https:\/\/factory.sale\/fi\/wp-json\/wp\/v2\/product_cat?post=101113"},{"taxonomy":"product_tag","embeddable":true,"href":"https:\/\/factory.sale\/fi\/wp-json\/wp\/v2\/product_tag?post=101113"}],"curies":[{"name":"wp","href":"https:\/\/api.w.org\/{rel}","templated":true}]}}