{"id":101046,"date":"2025-03-04T15:34:21","date_gmt":"2025-03-04T12:40:32","guid":{"rendered":"https:\/\/factory.sale\/?post_type=product&#038;p=101046"},"modified":"2025-09-28T23:31:51","modified_gmt":"2025-09-28T20:31:51","slug":"topdex-terassilauta-duo-tummanharmaa-harmaa-22x140x3850mm","status":"publish","type":"product","link":"https:\/\/factory.sale\/fi\/tuote\/topdex-terassilauta-duo-tummanharmaa-harmaa-22x140x3850mm\/","title":{"rendered":"TopDex terassilauta DUO Tummanharmaa \/ Harmaa 22x140x3850mm"},"content":{"rendered":"<p>T\u00e4m\u00e4 moderni puukomposiittilauta yhdist\u00e4\u00e4 aidon puun kauniin ulkon\u00e4\u00f6n, huipputason kest\u00e4vyyden ja vaivattoman yll\u00e4pidon yhteen t\u00e4ydelliseen ratkaisuun. Kaksipuoleisen komposiittilaudan luonnollinen ja tyylik\u00e4s puunsyykuvio tuo ulkotilaan ripauksen luksusta ja tarjoaa miellytt\u00e4v\u00e4n, huoltovapaan kokemuksen. T\u00e4m\u00e4 pitk\u00e4ik\u00e4inen materiaali sopii terassille, parvekkeelle tai pihan oleskelualueille, kun arvostat luonnollista ilmett\u00e4 ilman kompromisseja.<\/p>\n<p>Ekologinen ja kaksis\u00e4vyinen puukomposiitti on t\u00e4ydellinen valinta kaikkiin tyyleihin. Se kest\u00e4\u00e4 tehokkaasti s\u00e4\u00e4t\u00e4, UV-s\u00e4teily\u00e4, kosteutta ja naarmuja erityisen suojaavan kerroksen ja tukevan ontelorakenteensa ansiosta. Pinta hylkii tahroja \u2013 viini, \u00f6ljy ja kahvi pyyhkiytyv\u00e4t vaivatta pois, joten terassi pysyy upeana vuodesta toiseen. Laudan helppo asennus ja huoleton puhdistus tekev\u00e4t siit\u00e4 ihanteellisen valinnan kiireiseen arkeen.<\/p>\n<p>Syv\u00e4, 3D-puunsyykuviointi viimeistelee aidon puun tuntuman ja ilmeen \u2013 ilman haalistumista tai muovista vaikutelmaa. T\u00e4m\u00e4 kuviointi on my\u00f6s k\u00e4yt\u00e4nn\u00f6llinen, sill\u00e4 se ehk\u00e4isee liukastumista sateella, joten lauta soveltuu t\u00e4ydellisesti uima-altaan ymp\u00e4rille tai muille kosteille alueille. Lopputuloksena on huoleton, turvallinen ja laadukas valinta, joka t\u00e4ydent\u00e4\u00e4 jokaista sisustustyyli\u00e4 ja tuo tilaan pitk\u00e4aikaista kauneutta.<\/p>\n<p>Valmistettu kierr\u00e4tysmateriaalista, jossa on 60 % kierr\u00e4tetty\u00e4 puukuitua ja 35 % kierr\u00e4tysmuovia, t\u00e4m\u00e4 puukomposiitti on turvallinen valinta niin ihmisille, el\u00e4imille kuin ymp\u00e4rist\u00f6lle. Tuotteessa k\u00e4ytetyt raaka-aineet ovat t\u00e4ysin myrkytt\u00f6mi\u00e4.<\/p>\n<p>Huomioithan, ett\u00e4 tuotekuvien s\u00e4vyt ovat viitteellisi\u00e4 ja saattavat vaihdella n\u00e4ytt\u00f6asetuksista ja valaistuksesta riippuen. Autamme mielell\u00e4mme oikean s\u00e4vyn valinnassa ja tarjoamme veloituksetta mallipalat, jotta voit varmistaa tuotteen sopivuuden.<\/p>\n<p>&nbsp;<\/p>\n<p><strong>Kiinnikkeet<\/strong><\/p>\n<p>Lis\u00e4tess\u00e4si terassilaudan tarjouskoriin huomaathan lis\u00e4t\u00e4 erillisen\u00e4 tuotteena haluamasi kiinnikevaihtoehdon (muovinen tai rosterinen), jolloin laskemme tarjoukseesi mukaan tarvitsemasi m\u00e4\u00e4r\u00e4n kiinnikkeit\u00e4.<\/p>\n<p>Puukomposiittilaudat on helppo ja nopea asentaa piilokiinnityksell\u00e4 mukana tulevan selke\u00e4n ohjeen mukaisesti. Yhdell\u00e4 laatikolla muovisia kiinnikkeit\u00e4 saat tehty\u00e4 10 m2 terassia. Muovisia kiinnikkeit\u00e4 k\u00e4ytt\u00e4ess\u00e4si terassilautojen v\u00e4liksi tulee 5 mm. Yksi kiinnikelaatikko sis\u00e4lt\u00e4\u00e4 200 kpl T-kiinnikett\u00e4, 50 lukituskiinnikett\u00e4 ja 10 aloituskiinnikett\u00e4.<\/p>\n<p>Jos haluat terassilaudoille pienemm\u00e4n raon kuin 5 mm, rosterikiinnikkeill\u00e4 saat tehty\u00e4 2 mm raon. Yksi pussi rosterikiinnikkeit\u00e4 sis\u00e4lt\u00e4\u00e4 100 kpl kiinnikkeit\u00e4. T\u00e4ss\u00e4 tapauksessa huomaathan, ett\u00e4 lis\u00e4ksi tulee ostaa erikseen rosteriset lukituskiinnikkeet ja aloituskiinnikkeet. Puukomposiitin ty\u00f6st\u00e4miseen soveltuvat kaikki samat ty\u00f6kalut kuin luonnonpuun ty\u00f6st\u00e4miseen.<\/p>\n<p>&nbsp;<\/p>\n<p>&nbsp;<\/p>\n<p><strong>Puukomposiitin hy\u00f6dyt<\/strong><\/p>\n<ul>\n<li>Puukomposiitti on huoltovapaa terassilauta ja aitamateriaali. Ajoittainen terassin peseminen riitt\u00e4\u00e4 pit\u00e4m\u00e4\u00e4n komposiittiterassista hyv\u00e4\u00e4 huolta.<\/li>\n<li>Komposiittimme valmistetaan kierr\u00e4tyst\u00e4 puusta ja muovista, mik\u00e4 tekee siit\u00e4 ekologisen valinnan. Sen voi my\u00f6s kierr\u00e4tt\u00e4\u00e4 kokonaan.Puukomposiitti on terveellinen valinta sinulle ja ymp\u00e4rist\u00f6lle.<\/li>\n<li>Se ei sis\u00e4ll\u00e4 myrkyllisi\u00e4 ainesosia, kuten raskasmetalleja tai kemikaaleja.Terassilaudoitus ja aidat kest\u00e4v\u00e4t mekaanista kulutusta ja s\u00e4\u00e4n vaihteluita poikkeuksellisen hyvin.<\/li>\n<li>Puukomposiitin elinkaari on yleisesti ottaen pidempi kuin luonnonpuun. Puukomposiitin v\u00e4ri s\u00e4ilyy oikeanlaisena.<\/li>\n<li>Kaksipuolinen terassilauta s\u00e4ilytt\u00e4\u00e4 v\u00e4rins\u00e4 ajan my\u00f6t\u00e4 haalistumatta. Terassilaudoitus ja piha-aita ovat vaivattomia asentaa.<\/li>\n<li>Puukomposiitti tunnetaan my\u00f6s loisteliaasta mittatarkkuudestaan.Komposiittiterassi tuntuu miellytt\u00e4v\u00e4lt\u00e4 jalan alla, eiv\u00e4tk\u00e4 tikut tai halkeamat kutittele jalkapohjiasi. My\u00f6sk\u00e4\u00e4n komposiittiaita ei tikkuunnu.<\/li>\n<\/ul>\n<p>&nbsp;<\/p>\n<p>&nbsp;<\/p>\n<p><strong>Tekniset tuotetiedot:<\/strong><\/p>\n<ul>\n<li>Pituus: 3,85 m<\/li>\n<li>Leveys : 140<\/li>\n<li>Paksuus: 22<\/li>\n<li>Sertifikaatit: PEFC, Suomalaisen ty\u00f6n liitto<\/li>\n<li>Materiaali: Puukomposiitti<\/li>\n<\/ul>\n<p>&nbsp;<\/p>\n<p>&nbsp;<\/p>\n<p><strong>Paketin riittoisuus:<\/strong><\/p>\n<ul>\n<li>Pituus: 3,85 m<\/li>\n<li>Paketin riittoisuus m2\/pkt: 0,56 m2\/pkt<\/li>\n<li>Paketin riittoisuus m\/pkt: \u00a03,9 m\/pkt<\/li>\n<\/ul>\n","protected":false},"excerpt":{"rendered":"<p>Terassikomposiittilauta DUO on huippuluokan valinta, joka yhdist\u00e4\u00e4 kest\u00e4vyyden ja helppohoitoisuuden \u2013 t\u00e4ydellinen ratkaisu terassille, parvekkeelle tai pihaan. Tyylik\u00e4s kaksiv\u00e4rinen design tarjoaa joustavuutta v\u00e4rien suhteen, ja aidon puun tuntua j\u00e4ljittelev\u00e4 3D-kuviointi lis\u00e4\u00e4 turvallisuutta. Uudistettu rakenne minimoi l\u00e4mp\u00f6laajenemista ja pident\u00e4\u00e4 huomattavasti lautojen k\u00e4ytt\u00f6ik\u00e4\u00e4. Kest\u00e4v\u00e4 pintakerros suojaa tehokkaasti vedelt\u00e4, lialta ja naarmuilta, mik\u00e4 pit\u00e4\u00e4 pinnan siistin\u00e4 ja est\u00e4\u00e4 v\u00e4rin haalistumisen. Huoleton puukomposiitti ei tikkuunnu tai halkeile, eik\u00e4 se vaadi vuosittaista \u00f6ljy\u00e4mist\u00e4 tai muuta k\u00e4sittely\u00e4. Se kest\u00e4\u00e4 s\u00e4\u00e4n vaihtelut ja UV-s\u00e4teily\u00e4 ja on helppo asentaa sek\u00e4 puhdistaa.<\/p>\n<p><img loading=\"lazy\" decoding=\"async\" class=\"alignnone size-medium wp-image-101022\" src=\"https:\/\/factory.sale\/wp-content\/uploads\/2025\/03\/pefc-label-pefc03-31-329-pieksawood-160x300.webp\" alt=\"\" width=\"160\" height=\"300\" srcset=\"https:\/\/factory.sale\/wp-content\/uploads\/2025\/03\/pefc-label-pefc03-31-329-pieksawood-160x300.webp 160w, https:\/\/factory.sale\/wp-content\/uploads\/2025\/03\/pefc-label-pefc03-31-329-pieksawood-546x1024.webp 546w, https:\/\/factory.sale\/wp-content\/uploads\/2025\/03\/pefc-label-pefc03-31-329-pieksawood-80x150.webp 80w, https:\/\/factory.sale\/wp-content\/uploads\/2025\/03\/pefc-label-pefc03-31-329-pieksawood-600x1125.webp 600w, https:\/\/factory.sale\/wp-content\/uploads\/2025\/03\/pefc-label-pefc03-31-329-pieksawood.webp 732w\" sizes=\"auto, (max-width: 160px) 100vw, 160px\" \/><img loading=\"lazy\" decoding=\"async\" class=\"alignnone size-medium wp-image-101025\" src=\"https:\/\/factory.sale\/wp-content\/uploads\/2025\/03\/STL_suomalaisen_tyon_liiton_jasen_sininen_rgb-1-300x95.webp\" alt=\"\" width=\"300\" height=\"95\" srcset=\"https:\/\/factory.sale\/wp-content\/uploads\/2025\/03\/STL_suomalaisen_tyon_liiton_jasen_sininen_rgb-1-300x95.webp 300w, https:\/\/factory.sale\/wp-content\/uploads\/2025\/03\/STL_suomalaisen_tyon_liiton_jasen_sininen_rgb-1-1024x323.webp 1024w, https:\/\/factory.sale\/wp-content\/uploads\/2025\/03\/STL_suomalaisen_tyon_liiton_jasen_sininen_rgb-1-150x47.webp 150w, https:\/\/factory.sale\/wp-content\/uploads\/2025\/03\/STL_suomalaisen_tyon_liiton_jasen_sininen_rgb-1-1536x485.webp 1536w, https:\/\/factory.sale\/wp-content\/uploads\/2025\/03\/STL_suomalaisen_tyon_liiton_jasen_sininen_rgb-1-600x189.webp 600w, https:\/\/factory.sale\/wp-content\/uploads\/2025\/03\/STL_suomalaisen_tyon_liiton_jasen_sininen_rgb-1.webp 1920w\" sizes=\"auto, (max-width: 300px) 100vw, 300px\" \/><\/p>\n<p>&nbsp;<\/p>\n<p>Hinta per jm<\/p>\n","protected":false},"featured_media":101034,"comment_status":"open","ping_status":"closed","template":"","meta":{"_acf_changed":false},"factory":[],"free-shipment":[],"product_brand":[],"product_cat":[446,451],"product_tag":[],"class_list":{"0":"post-101046","1":"product","2":"type-product","3":"status-publish","4":"has-post-thumbnail","6":"product_cat-lattiat","7":"product_cat-terassilaudat","9":"first","10":"instock","11":"sale","12":"taxable","13":"shipping-taxable","14":"purchasable","15":"product-type-simple"},"acf":[],"_links":{"self":[{"href":"https:\/\/factory.sale\/fi\/wp-json\/wp\/v2\/product\/101046","targetHints":{"allow":["GET"]}}],"collection":[{"href":"https:\/\/factory.sale\/fi\/wp-json\/wp\/v2\/product"}],"about":[{"href":"https:\/\/factory.sale\/fi\/wp-json\/wp\/v2\/types\/product"}],"replies":[{"embeddable":true,"href":"https:\/\/factory.sale\/fi\/wp-json\/wp\/v2\/comments?post=101046"}],"wp:featuredmedia":[{"embeddable":true,"href":"https:\/\/factory.sale\/fi\/wp-json\/wp\/v2\/media\/101034"}],"wp:attachment":[{"href":"https:\/\/factory.sale\/fi\/wp-json\/wp\/v2\/media?parent=101046"}],"wp:term":[{"taxonomy":"factory","embeddable":true,"href":"https:\/\/factory.sale\/fi\/wp-json\/wp\/v2\/factory?post=101046"},{"taxonomy":"free-shipment","embeddable":true,"href":"https:\/\/factory.sale\/fi\/wp-json\/wp\/v2\/free-shipment?post=101046"},{"taxonomy":"product_brand","embeddable":true,"href":"https:\/\/factory.sale\/fi\/wp-json\/wp\/v2\/product_brand?post=101046"},{"taxonomy":"product_cat","embeddable":true,"href":"https:\/\/factory.sale\/fi\/wp-json\/wp\/v2\/product_cat?post=101046"},{"taxonomy":"product_tag","embeddable":true,"href":"https:\/\/factory.sale\/fi\/wp-json\/wp\/v2\/product_tag?post=101046"}],"curies":[{"name":"wp","href":"https:\/\/api.w.org\/{rel}","templated":true}]}}