{"id":100988,"date":"2025-03-04T11:34:31","date_gmt":"2025-03-04T10:18:11","guid":{"rendered":"https:\/\/factory.sale\/?post_type=product&#038;p=100988"},"modified":"2026-04-03T15:39:06","modified_gmt":"2026-04-03T12:39:06","slug":"lasikuidusta-valmistettu-kylmaallas-yhdelle-henkilolle","status":"publish","type":"product","link":"https:\/\/factory.sale\/fi\/tuote\/lasikuidusta-valmistettu-kylmaallas-yhdelle-henkilolle\/","title":{"rendered":"Lasikuidusta valmistettu kylm\u00e4allas yhdelle henkil\u00f6lle"},"content":{"rendered":"<p><video style=\"max-width: 100%; height: auto; display: block;\" preload=\"auto\" autoplay=\"autoplay\" loop=\"loop\" muted=\"\" controls=\"controls\" width=\"900\" height=\"450\"><source src=\"https:\/\/factory.sale\/wp-content\/uploads\/2025\/03\/IMG_8207.mp4\" type=\"video\/mp4\" \/>Your browser does not support the video tag.<\/video><\/p>\n<p>Virkist\u00e4 kehoasi ja mielt\u00e4si lasikuidusta valmistetulla kylm\u00e4altaalla, joka on suunniteltu yhdelle henkil\u00f6lle. Tynnyrin halkaisija on 106 cm ja korkeus 93,5 cm, mik\u00e4 takaa syv\u00e4n ja virkist\u00e4v\u00e4n kylm\u00e4kylvyn, mutta kompakti muotoilu sopii mihin tahansa tilaan. 400 litran lasikuitusis\u00e4osa takaa erinomaisen kest\u00e4vyyden ja 18 mm l\u00e4mp\u00f6k\u00e4sitelty puuverhoilu tuo luonnollista eleganssia.<\/p>\n<p>Oikean l\u00e4mp\u00f6tilan yll\u00e4pit\u00e4minen on t\u00e4rke\u00e4\u00e4 kylm\u00e4altaan tehokkuudelle. Vaikka kylm\u00e4allas pit\u00e4\u00e4 veden viile\u00e4n\u00e4, ulkoinen s\u00e4hk\u00f6inen j\u00e4\u00e4hdytin antaa ihanteellisen l\u00e4mp\u00f6tilan lihaspalautumiseen, rentoutumiseen ja verenkierron edist\u00e4miseen. J\u00e4\u00e4hdytin toimii my\u00f6s l\u00e4mmittimen\u00e4, jos haluat nauttia l\u00e4mpim\u00e4st\u00e4 kylvyst\u00e4.<\/p>\n<p>&nbsp;<\/p>\n<p><strong>Peruspaketti sis\u00e4lt\u00e4\u00e4:<\/strong><\/p>\n<ul>\n<li>Lasikuidusta valmistettu tynnyri, joka on p\u00e4\u00e4llystetty 18 mm l\u00e4mp\u00f6puulla<\/li>\n<li>Tyhjennyshana<\/li>\n<\/ul>\n<p>&nbsp;<\/p>\n<p>&nbsp;<\/p>\n<p><strong>V\u00e4ri:<\/strong><\/p>\n<p>Sininen, harmaa, turkoosi, beige, musta<\/p>\n<p><strong><img loading=\"lazy\" decoding=\"async\" class=\"alignnone wp-image-100985\" src=\"https:\/\/factory.sale\/wp-content\/uploads\/2025\/03\/hot-tub-colours-factory-sale-300x59.webp\" alt=\"\" width=\"559\" height=\"110\" srcset=\"https:\/\/factory.sale\/wp-content\/uploads\/2025\/03\/hot-tub-colours-factory-sale-300x59.webp 300w, https:\/\/factory.sale\/wp-content\/uploads\/2025\/03\/hot-tub-colours-factory-sale-1024x202.webp 1024w, https:\/\/factory.sale\/wp-content\/uploads\/2025\/03\/hot-tub-colours-factory-sale-150x30.webp 150w, https:\/\/factory.sale\/wp-content\/uploads\/2025\/03\/hot-tub-colours-factory-sale-1536x303.webp 1536w, https:\/\/factory.sale\/wp-content\/uploads\/2025\/03\/hot-tub-colours-factory-sale-600x118.webp 600w, https:\/\/factory.sale\/wp-content\/uploads\/2025\/03\/hot-tub-colours-factory-sale.webp 1904w\" sizes=\"auto, (max-width: 559px) 100vw, 559px\" \/><\/strong><\/p>\n<p>&nbsp;<\/p>\n<p>&nbsp;<\/p>\n<p><strong>J\u00e4\u00e4hdytin ja suositellut lis\u00e4varusteet:<\/strong><\/p>\n<p>J\u00e4\u00e4hdytin, puulaatikko j\u00e4\u00e4hdyttimelle, l\u00e4mp\u00f6eristekansi 1.0 m, rappu l\u00e4mp\u00f6puu, tyhjennyshana, jalkojen pesuvati<\/p>\n<p><img loading=\"lazy\" decoding=\"async\" class=\"alignnone wp-image-100982\" src=\"https:\/\/factory.sale\/wp-content\/uploads\/2025\/03\/Fiberglass-cold-plunge-tub-for-one-accessories-factory-sale-300x146.webp\" alt=\"\" width=\"569\" height=\"277\" srcset=\"https:\/\/factory.sale\/wp-content\/uploads\/2025\/03\/Fiberglass-cold-plunge-tub-for-one-accessories-factory-sale-300x146.webp 300w, https:\/\/factory.sale\/wp-content\/uploads\/2025\/03\/Fiberglass-cold-plunge-tub-for-one-accessories-factory-sale-1024x498.webp 1024w, https:\/\/factory.sale\/wp-content\/uploads\/2025\/03\/Fiberglass-cold-plunge-tub-for-one-accessories-factory-sale-150x73.webp 150w, https:\/\/factory.sale\/wp-content\/uploads\/2025\/03\/Fiberglass-cold-plunge-tub-for-one-accessories-factory-sale-1536x746.webp 1536w, https:\/\/factory.sale\/wp-content\/uploads\/2025\/03\/Fiberglass-cold-plunge-tub-for-one-accessories-factory-sale-2048x995.webp 2048w, https:\/\/factory.sale\/wp-content\/uploads\/2025\/03\/Fiberglass-cold-plunge-tub-for-one-accessories-factory-sale-600x292.webp 600w\" sizes=\"auto, (max-width: 569px) 100vw, 569px\" \/><\/p>\n<p>&nbsp;<\/p>\n<p>&nbsp;<\/p>\n<div id=\"productTabContent\" class=\"tab-content\">\n<div id=\"description\" class=\"tab-pane fade show active\" role=\"tabpanel\" aria-labelledby=\"description-tab\">\n<div class=\"lepopup-element lepopup-element-4 lepopup-element-html lepopup-animated lepopup-fadeIn\" data-type=\"html\" data-top=\"30\" data-left=\"90\" data-animation-in=\"fadeIn\" data-animation-out=\"fadeOut\">\n<div>\n<p><b>Kuljetustiedot:<\/b><\/p>\n<p>Toimitus kuorma-autolla, jossa on takalaitanostin.<\/p>\n<\/div>\n<\/div>\n<\/div>\n<\/div>\n<div class=\"pt-3\"><\/div>\n","protected":false},"excerpt":{"rendered":"<p>T\u00e4ydenn\u00e4 hyvinvointirutiiniasi yhdelle k\u00e4ytt\u00e4j\u00e4lle suunnitellulla lasikuituisella kylm\u00e4vesialtaalla. Kompakti, 106 cm halkaisijaltaan oleva ja kest\u00e4v\u00e4 400 litran lasikuituinen rakenne takaa optimaalisen lihasten palautumisen, paremman verenkierron ja tehokkaan kylm\u00e4terapian. 18 mm l\u00e4mp\u00f6puinen ulkoverhoilu antaa altaalle tyylikk\u00e4\u00e4n ja luonnonl\u00e4heisen ilmeen, kun taas valinnainen s\u00e4hk\u00f6inen j\u00e4\u00e4hdytin pit\u00e4\u00e4 veden t\u00e4ydellisess\u00e4 l\u00e4mp\u00f6tilassa. Ihanteellinen urheilijoille, hyvinvoinnista kiinnostuneille ja palautumista arvostaville henkil\u00f6ille.<\/p>\n","protected":false},"featured_media":100976,"comment_status":"open","ping_status":"closed","template":"","meta":{"_acf_changed":false},"factory":[],"free-shipment":[],"product_brand":[],"product_cat":[3028,2210],"product_tag":[],"class_list":{"0":"post-100988","1":"product","2":"type-product","3":"status-publish","4":"has-post-thumbnail","6":"product_cat-kulmavesipaljut","7":"product_cat-kylpytynnyrit","9":"first","10":"instock","11":"sale","12":"taxable","13":"shipping-taxable","14":"purchasable","15":"product-type-simple"},"acf":[],"_links":{"self":[{"href":"https:\/\/factory.sale\/fi\/wp-json\/wp\/v2\/product\/100988","targetHints":{"allow":["GET"]}}],"collection":[{"href":"https:\/\/factory.sale\/fi\/wp-json\/wp\/v2\/product"}],"about":[{"href":"https:\/\/factory.sale\/fi\/wp-json\/wp\/v2\/types\/product"}],"replies":[{"embeddable":true,"href":"https:\/\/factory.sale\/fi\/wp-json\/wp\/v2\/comments?post=100988"}],"wp:featuredmedia":[{"embeddable":true,"href":"https:\/\/factory.sale\/fi\/wp-json\/wp\/v2\/media\/100976"}],"wp:attachment":[{"href":"https:\/\/factory.sale\/fi\/wp-json\/wp\/v2\/media?parent=100988"}],"wp:term":[{"taxonomy":"factory","embeddable":true,"href":"https:\/\/factory.sale\/fi\/wp-json\/wp\/v2\/factory?post=100988"},{"taxonomy":"free-shipment","embeddable":true,"href":"https:\/\/factory.sale\/fi\/wp-json\/wp\/v2\/free-shipment?post=100988"},{"taxonomy":"product_brand","embeddable":true,"href":"https:\/\/factory.sale\/fi\/wp-json\/wp\/v2\/product_brand?post=100988"},{"taxonomy":"product_cat","embeddable":true,"href":"https:\/\/factory.sale\/fi\/wp-json\/wp\/v2\/product_cat?post=100988"},{"taxonomy":"product_tag","embeddable":true,"href":"https:\/\/factory.sale\/fi\/wp-json\/wp\/v2\/product_tag?post=100988"}],"curies":[{"name":"wp","href":"https:\/\/api.w.org\/{rel}","templated":true}]}}