{"id":100890,"date":"2025-03-01T22:38:02","date_gmt":"2025-03-01T19:38:05","guid":{"rendered":"https:\/\/factory.sale\/?post_type=product&#038;p=100890"},"modified":"2025-03-02T12:35:31","modified_gmt":"2025-03-02T09:35:31","slug":"infrapunasauna-kahdelle-henkilolle-luonnonpuu","status":"publish","type":"product","link":"https:\/\/factory.sale\/fi\/tuote\/infrapunasauna-kahdelle-henkilolle-luonnonpuu\/","title":{"rendered":"Infrapunasauna kahdelle henkil\u00f6lle, luonnonpuu"},"content":{"rendered":"<p>&nbsp;<\/p>\n<p><strong>Lis\u00e4tietoja:<\/strong><\/p>\n<ul>\n<li>Koko: 1200 x 1050 x 1900 mm<\/li>\n<li>Teho: 1700 W<\/li>\n<li>5 kpl keramiikkal\u00e4mmittimi\u00e4<\/li>\n<li>L\u00e4mp\u00f6\u00e4 kest\u00e4v\u00e4t turvalasit<\/li>\n<li>CD\/radio<\/li>\n<li>V\u00e4riterapia<\/li>\n<li>Ilman ionisaattori<\/li>\n<li>Elektroninen ohjauspaneeli<\/li>\n<li>LED-valot<\/li>\n<li>Valmistettu kanadalaisesta setripuusta<\/li>\n<li>Ei suositella eritt\u00e4in kosteisiin huoneisiin<\/li>\n<\/ul>\n<p>&nbsp;<\/p>\n<p><strong>MITEN INFRAPUNASAUNA EROAA TAVALLISESTA SAUNASTA?<\/strong><\/p>\n<p>Perinteisess\u00e4 saunassa k\u00e4ytet\u00e4\u00e4n kuumaa ilmaa l\u00e4mm\u00f6n siirt\u00e4miseen ihmiskehoon, kun taas infrapunas\u00e4teily l\u00e4mmitt\u00e4\u00e4 suoraan kehon kudoksia. Vaikka infrapunasaunan l\u00e4mp\u00f6tila on mukavan l\u00e4mmin, pysyen 35-45\u00b0C v\u00e4lill\u00e4, sen l\u00e4mp\u00f6vaikutus on syvempi ja tehokkaampi. Lis\u00e4ksi infrapunasaunalla on parantava vaikutus ihmiskehoon ja sit\u00e4 k\u00e4ytet\u00e4\u00e4n terapeuttisiin tarkoituksiin. Infrapunas\u00e4teily imeytyy suoraan kudoksiin aiheuttaen voimakasta hikoilua ilman korkeiden l\u00e4mp\u00f6tilojen ep\u00e4mukavuutta. Hikoilu infrapunasaunassa on l\u00e4hes kolme kertaa voimakkaampaa kuin tavallisessa saunassa (jossa l\u00e4mp\u00f6tila on yleens\u00e4 80-110 \u00b0C). Useita j\u00e4tetuotteita, kuten toksiineja, alkoholia, nikotiinia, kolesterolia ja mahdollisesti sy\u00f6p\u00e4\u00e4 aiheuttavia raskasmetalleja, kuten sinkki\u00e4, lyijy\u00e4 ja nikkeli\u00e4, vapautuu hikoilun my\u00f6t\u00e4. Ihon huokoset puhdistuvat, ihon s\u00e4vy, kimmoisuus, rakenne ja ulkon\u00e4k\u00f6 paranevat.<\/p>\n<p>\u2022 Infrapunasaunan alhaisempi l\u00e4mp\u00f6tila sopii niille, jotka joutuvat olemaan varovaisia saunomistoimenpiteiden kanssa syd\u00e4n- ja verisuonitautien vuoksi.<\/p>\n<p>\u2022 Infrapunasauna ei my\u00f6sk\u00e4\u00e4n kuormita tai vaikeuta hengitt\u00e4mist\u00e4, koska ilmankosteus ei ole liiallista eik\u00e4 ilman l\u00e4mp\u00f6tila ole kovin korkea, toisin kuin tavallisessa saunassa.<\/p>\n<p>\u2022 Imeytynyt infrapunas\u00e4teily aiheuttaa l\u00e4mm\u00f6n levi\u00e4m<\/p>\n<p>\u2022 Infrapunasauna v\u00e4hent\u00e4\u00e4 v\u00e4symyst\u00e4 ja stressi\u00e4.<\/p>\n<p>\u2022 Lis\u00e4ksi infrapunasaunan k\u00e4ytt\u00f6 on k\u00e4tev\u00e4mp\u00e4\u00e4, koska l\u00e4mmitysaika on lyhyempi ja k\u00e4ytt\u00f6kustannukset ovat alhaisemmat.<\/p>\n<p>&nbsp;<\/p>\n<p>&nbsp;<\/p>\n<p><strong>MITK\u00c4 OVAT INFRAPUNASAUNAN P\u00c4\u00c4ASIALLISET POSITIIVISET TERVEYSEDUT KEHOLLE?<\/strong><\/p>\n<p>Infrapunasauna polttaa kaloreita, auttaen rasvakudoksen v\u00e4hent\u00e4misess\u00e4. Keho tarvitsee energiaa hikoilun eritt\u00e4miseen: 0,586 kcal tarvitaan 1 g hikoilun eritt\u00e4miseen. American Medical Association -lehti toteaa: &#8220;Kohtuulliseen hikoiluun vastaavan korkean l\u00e4mp\u00f6tilan aikana henkil\u00f6, jolla on keskim\u00e4\u00e4r\u00e4inen kunto, voi menett\u00e4\u00e4 jopa 500 g 30 minuutin saunassa oleskelun aikana, mik\u00e4 vastaa noin 300 kcal. Henkil\u00f6, jolla on hyv\u00e4 hikoilu, voi kuitenkin kuluttaa vaivattomasti keskim\u00e4\u00e4rin 600-800 kcal, mik\u00e4 vastaa 10-15 km juoksemista. Vaikka menetetty paino palautuu veden kustannuksella, kulutettujen kalorien m\u00e4\u00e4r\u00e4 ei palautu&#8221;. Infrapunasauna on hy\u00f6dyllinen niille, jotka eiv\u00e4t voi liikkua s\u00e4\u00e4nn\u00f6llisesti, mutta haluavat hallita painoa ja edist\u00e4\u00e4 terveytt\u00e4 samalla kun harjoittavat fyysist\u00e4 aktiivisuutta.<\/p>\n<p>&nbsp;<\/p>\n<p><strong>Keskim\u00e4\u00e4r\u00e4isen 68 kg painavan henkil\u00f6n kuluttamien kalorien m\u00e4\u00e4r\u00e4 30 minuutissa:<\/strong><\/p>\n<p>Laji kulutetut kalorit:<\/p>\n<ul>\n<li>Soutaminen 600<\/li>\n<li>Pitk\u00e4n matkan juoksu 590<\/li>\n<li>Intensiivinen mailapeli 510<\/li>\n<li>Rintauinti 300<\/li>\n<li>Tennis (nopea peli) 265<\/li>\n<li>Py\u00f6r\u00e4ily 225<\/li>\n<li>Golf 150<\/li>\n<li>K\u00e4vely 150<\/li>\n<li>Infrapunasauna 600-800<\/li>\n<\/ul>\n<p>Infrapunasauna vahvistaa syd\u00e4n- ja verisuonij\u00e4rjestelm\u00e4\u00e4. Hikoilun eritt\u00e4misen ohella tapahtuu useita muita muutoksia liiallisen l\u00e4mm\u00f6n poistamiseksi. Syke ja syd\u00e4men tilavuus kasvavat, ja syd\u00e4n pumppaa enemm\u00e4n verta laajentuneiden verisuonten l\u00e4pi, saavuttaen siten harjoittelun tulokset. Saksalaisten tutkijoiden tekem\u00e4n tutkimuksen mukaan perifeerinen verenkierto parani ja verenpainelukemat laskivat I ja II asteen verenpainetautipotilailla yhden tunnin infrapunasaunan j\u00e4lkeen. Infrapunasauna puhdistaa ihoa, parantaa ihon ulkon\u00e4k\u00f6\u00e4, stimuloi ihosolujen uusiutumista parantamalla ihon verenkiertoa<\/p>\n<p>&nbsp;<\/p>\n<p>&nbsp;<\/p>\n","protected":false},"excerpt":{"rendered":"<p>Infrapunasauna nelj\u00e4lle hengelle on korkealaatuinen setrisauna, jossa infrapunas\u00e4teily imeytyy suoraan kudoksiin aiheuttaen voimakasta hikoilua ilman korkeiden l\u00e4mp\u00f6tilojen ep\u00e4mukavuutta. Hikoilu infrapunasaunassa on l\u00e4hes kolme kertaa voimakkaampaa kuin tavallisessa saunassa (jossa l\u00e4mp\u00f6tila on yleens\u00e4 80-110 \u00b0C).<\/p>\n","protected":false},"featured_media":100893,"comment_status":"open","ping_status":"closed","template":"","meta":{"_acf_changed":false},"factory":[],"free-shipment":[],"product_brand":[],"product_cat":[2443,1317],"product_tag":[2106],"class_list":{"0":"post-100890","1":"product","2":"type-product","3":"status-publish","4":"has-post-thumbnail","6":"product_cat-infrapunasauna","7":"product_cat-sauna-fi","8":"product_tag-sauna-fi","10":"first","11":"instock","12":"sale","13":"taxable","14":"shipping-taxable","15":"purchasable","16":"product-type-simple"},"acf":[],"_links":{"self":[{"href":"https:\/\/factory.sale\/fi\/wp-json\/wp\/v2\/product\/100890","targetHints":{"allow":["GET"]}}],"collection":[{"href":"https:\/\/factory.sale\/fi\/wp-json\/wp\/v2\/product"}],"about":[{"href":"https:\/\/factory.sale\/fi\/wp-json\/wp\/v2\/types\/product"}],"replies":[{"embeddable":true,"href":"https:\/\/factory.sale\/fi\/wp-json\/wp\/v2\/comments?post=100890"}],"wp:featuredmedia":[{"embeddable":true,"href":"https:\/\/factory.sale\/fi\/wp-json\/wp\/v2\/media\/100893"}],"wp:attachment":[{"href":"https:\/\/factory.sale\/fi\/wp-json\/wp\/v2\/media?parent=100890"}],"wp:term":[{"taxonomy":"factory","embeddable":true,"href":"https:\/\/factory.sale\/fi\/wp-json\/wp\/v2\/factory?post=100890"},{"taxonomy":"free-shipment","embeddable":true,"href":"https:\/\/factory.sale\/fi\/wp-json\/wp\/v2\/free-shipment?post=100890"},{"taxonomy":"product_brand","embeddable":true,"href":"https:\/\/factory.sale\/fi\/wp-json\/wp\/v2\/product_brand?post=100890"},{"taxonomy":"product_cat","embeddable":true,"href":"https:\/\/factory.sale\/fi\/wp-json\/wp\/v2\/product_cat?post=100890"},{"taxonomy":"product_tag","embeddable":true,"href":"https:\/\/factory.sale\/fi\/wp-json\/wp\/v2\/product_tag?post=100890"}],"curies":[{"name":"wp","href":"https:\/\/api.w.org\/{rel}","templated":true}]}}