{"id":100858,"date":"2025-03-01T19:13:16","date_gmt":"2025-03-01T16:13:19","guid":{"rendered":"https:\/\/factory.sale\/?post_type=product&#038;p=100858"},"modified":"2026-03-29T12:50:20","modified_gmt":"2026-03-29T09:50:20","slug":"kylmaallas-ukko-ofuro-veden-jaahdytin-lammittimella-black-edition","status":"publish","type":"product","link":"https:\/\/factory.sale\/fi\/tuote\/kylmaallas-ukko-ofuro-veden-jaahdytin-lammittimella-black-edition\/","title":{"rendered":"Kylm\u00e4allas Ukko Ofuro veden j\u00e4\u00e4hdytin-l\u00e4mmittimell\u00e4, black edition"},"content":{"rendered":"<p>On yleinen harhaluulo, ett\u00e4 kylm\u00e4vesikylpy on \u00e4\u00e4rimm\u00e4inen kokemus, mutta kahdeksan tunnin ty\u00f6p\u00e4iv\u00e4 toimistossa on viel\u00e4kin rankempi. Avantouimarit eiv\u00e4t ole outojen tapojen harrastajia, vaan ihmisi\u00e4, jotka v\u00e4litt\u00e4v\u00e4t omasta terveydest\u00e4\u00e4n ja hyvinvoinnistaan. Tutkimukset ovat osoittaneet, ett\u00e4 kylm\u00e4altistus voi vaikuttaa ihmisen biologiaan ja auttaa ylitt\u00e4m\u00e4\u00e4n fyysisi\u00e4 rajoja.<\/p>\n<p>Viime aikoina suosiotaan on kasvattanut Wim Hof -menetelm\u00e4, joka keskittyy siihen, miten tietoisesti ja turvallisesti vahvistaa sek\u00e4 fyysist\u00e4 ett\u00e4 henkist\u00e4 hyvinvointia hengitystekniikoiden, kylm\u00e4altistuksen ja mindfulness-harjoitusten avulla. Kylm\u00e4vesiallas on loistava tapa harjoittaa t\u00e4t\u00e4 kaikkea mukavasti omassa kodissa. Kompaktin kokonsa ansiosta se sopii t\u00e4ydellisesti mihin tahansa tilaan.<\/p>\n<p>Urheilijoille huippukunnon saavuttaminen edellytt\u00e4\u00e4 tietoista ja taitavaa harjoittelua, mutta nopea palautuminen on yht\u00e4 t\u00e4rke\u00e4\u00e4. Kylm\u00e4vesiallas on edullinen ja k\u00e4tev\u00e4 ratkaisu palautumiseen. Tutkimukset osoittavat, ett\u00e4 kylm\u00e4altistus v\u00e4hent\u00e4\u00e4 tulehduksia, lievitt\u00e4\u00e4 kipua, edist\u00e4\u00e4 aineenvaihduntaa ja alentaa stressitasoja. Lis\u00e4ksi se parantaa keskittymiskyky\u00e4 ja ty\u00f6tehoa, stimuloi verenkiertoa ja nopeuttaa lihasten palautumista.<\/p>\n<p>Kylm\u00e4vesikylvyn k\u00e4yt\u00f6n aloittaminen kannattaa tehd\u00e4 lyhyill\u00e4 sessioilla, seurata kehon reaktioita ja l\u00f6yt\u00e4\u00e4 itselle sopiva tasapaino.<\/p>\n<p><strong>Tekniset tiedot:<\/strong><\/p>\n<ul>\n<li>Leveys: 1200 mm<\/li>\n<li>Pituus: 1900 mm<\/li>\n<li>Korkeus: 970 mm<\/li>\n<li>Kapasiteetti: 2 henkil\u00f6<\/li>\n<li>Paino: 160 kg<\/li>\n<li>Vesikapasiteetti: 800 L<\/li>\n<\/ul>\n<p><strong>Setti sis\u00e4lt\u00e4\u00e4:<\/strong><\/p>\n<ul>\n<li>Lasikuitusis\u00e4osa (musta)<\/li>\n<li>S\u00e4\u00e4nkest\u00e4v\u00e4ll\u00e4 suojak\u00e4sittelyll\u00e4 viimeistelty l\u00e4mp\u00f6puinen ulkoviimeistely (musta)<\/li>\n<li>Portaat<\/li>\n<li><a href=\"https:\/\/factory.sale\/wp-content\/uploads\/2024\/12\/cooler-heater-for-ice-bath-cold-plunge-factory.sale_.webp\" target=\"_blank\" rel=\"noopener\">Vedenj\u00e4\u00e4hdytin-l\u00e4mmitin<\/a><\/li>\n<li>Valmius vedenj\u00e4\u00e4hdyttimen liit\u00e4nn\u00f6ille<\/li>\n<\/ul>\n<p><strong>Mukautettavat lis\u00e4varusteet:<\/strong><\/p>\n<ul>\n<li>Eristekansi<\/li>\n<li>PUR-vaahtoeristys<\/li>\n<li>LED-valot<\/li>\n<li>Digitaalinen integroitu l\u00e4mp\u00f6mittari<\/li>\n<\/ul>\n<p>Paranna hyvinvointiasi laadukkaalla kylm\u00e4altaallamme.<\/p>\n<p>Nauti kylm\u00e4hoidon virkist\u00e4v\u00e4st\u00e4 voimasta ja terveellisemm\u00e4st\u00e4 el\u00e4m\u00e4ntavasta.<\/p>\n<p>Paketin mitat: 235 cm x 120 cm x 150 cm<br \/>\nPaino: 160 kg<\/p>\n","protected":false},"excerpt":{"rendered":"<p>Vapauta sis\u00e4inen voimasi!<br \/>\nNopea el\u00e4m\u00e4nrytmi ja pitk\u00e4t tunnit tietokoneen \u00e4\u00e4ress\u00e4 voivat olla yht\u00e4 uuvuttavia kuin kest\u00e4vyysurheilu. Kylm\u00e4vesikylpy on yksinkertainen, nopea ja luonnollinen tapa vahvistaa sek\u00e4 henkist\u00e4 ett\u00e4 fyysist\u00e4 hyvinvointia. Se on my\u00f6s korvaamaton apuv\u00e4line huippu-urheilijoiden palautumisessa.<\/p>\n","protected":false},"featured_media":100842,"comment_status":"open","ping_status":"closed","template":"","meta":{"_acf_changed":false},"factory":[],"free-shipment":[],"product_brand":[],"product_cat":[3028,2210],"product_tag":[4439,2849],"class_list":{"0":"post-100858","1":"product","2":"type-product","3":"status-publish","4":"has-post-thumbnail","6":"product_cat-kulmavesipaljut","7":"product_cat-kylpytynnyrit","8":"product_tag-cold-plunge-fi","9":"product_tag-wellness-fi","11":"first","12":"instock","13":"sale","14":"taxable","15":"shipping-taxable","16":"purchasable","17":"product-type-simple"},"acf":[],"_links":{"self":[{"href":"https:\/\/factory.sale\/fi\/wp-json\/wp\/v2\/product\/100858","targetHints":{"allow":["GET"]}}],"collection":[{"href":"https:\/\/factory.sale\/fi\/wp-json\/wp\/v2\/product"}],"about":[{"href":"https:\/\/factory.sale\/fi\/wp-json\/wp\/v2\/types\/product"}],"replies":[{"embeddable":true,"href":"https:\/\/factory.sale\/fi\/wp-json\/wp\/v2\/comments?post=100858"}],"wp:featuredmedia":[{"embeddable":true,"href":"https:\/\/factory.sale\/fi\/wp-json\/wp\/v2\/media\/100842"}],"wp:attachment":[{"href":"https:\/\/factory.sale\/fi\/wp-json\/wp\/v2\/media?parent=100858"}],"wp:term":[{"taxonomy":"factory","embeddable":true,"href":"https:\/\/factory.sale\/fi\/wp-json\/wp\/v2\/factory?post=100858"},{"taxonomy":"free-shipment","embeddable":true,"href":"https:\/\/factory.sale\/fi\/wp-json\/wp\/v2\/free-shipment?post=100858"},{"taxonomy":"product_brand","embeddable":true,"href":"https:\/\/factory.sale\/fi\/wp-json\/wp\/v2\/product_brand?post=100858"},{"taxonomy":"product_cat","embeddable":true,"href":"https:\/\/factory.sale\/fi\/wp-json\/wp\/v2\/product_cat?post=100858"},{"taxonomy":"product_tag","embeddable":true,"href":"https:\/\/factory.sale\/fi\/wp-json\/wp\/v2\/product_tag?post=100858"}],"curies":[{"name":"wp","href":"https:\/\/api.w.org\/{rel}","templated":true}]}}