{"id":100721,"date":"2025-02-26T15:58:10","date_gmt":"2025-02-26T12:58:13","guid":{"rendered":"https:\/\/factory.sale\/?post_type=product&#038;p=100721"},"modified":"2026-03-29T12:44:11","modified_gmt":"2026-03-29T09:44:11","slug":"kylmavesiallas-icon-icetub-veden-jaahdytin-lammittimella-black-edition","status":"publish","type":"product","link":"https:\/\/factory.sale\/fi\/tuote\/kylmavesiallas-icon-icetub-veden-jaahdytin-lammittimella-black-edition\/","title":{"rendered":"Kylm\u00e4vesiallas &#8220;Icon Icetub&#8221; veden j\u00e4\u00e4hdytin-l\u00e4mmittimell\u00e4, black edition"},"content":{"rendered":"<p>On yleinen harhaluulo, ett\u00e4 kylm\u00e4vesikylpy on \u00e4\u00e4rimm\u00e4inen kokemus, mutta kahdeksan tunnin ty\u00f6p\u00e4iv\u00e4 toimistossa on viel\u00e4kin rankempi. Avantouimarit eiv\u00e4t ole outojen tapojen harrastajia, vaan ihmisi\u00e4, jotka v\u00e4litt\u00e4v\u00e4t omasta terveydest\u00e4\u00e4n ja hyvinvoinnistaan. Tutkimukset ovat osoittaneet, ett\u00e4 kylm\u00e4altistus voi vaikuttaa ihmisen biologiaan ja auttaa ylitt\u00e4m\u00e4\u00e4n fyysisi\u00e4 rajoja.<\/p>\n<p>Viime aikoina Wim Hof -menetelm\u00e4 on kasvattanut suosiotaan. Se keskittyy siihen, miten tietoisesti ja turvallisesti vahvistaa sek\u00e4 fyysist\u00e4 ett\u00e4 henkist\u00e4 hyvinvointia hengitystekniikoiden, kylm\u00e4altistuksen ja mindfulness-harjoitusten avulla. Kylm\u00e4vesiallas on loistava tapa harjoittaa t\u00e4t\u00e4 kaikkea mukavasti omassa kodissa. Kompaktin kokonsa ansiosta se sopii t\u00e4ydellisesti mihin tahansa tilaan.<\/p>\n<p>Urheilijoilta huippusuorituksen saavuttaminen vaatii ammattitaitoista ja tietoista harjoittelua, mutta nopealla palautumisella on yht\u00e4 t\u00e4rke\u00e4 rooli. Kylm\u00e4vesiallas on edullinen ja k\u00e4tev\u00e4 ratkaisu palautumiseen. Tutkimukset osoittavat, ett\u00e4 kylm\u00e4altistus v\u00e4hent\u00e4\u00e4 tulehduksia, lievitt\u00e4\u00e4 kipua, edist\u00e4\u00e4 aineenvaihduntaa ja alentaa stressitasoja. Lis\u00e4ksi se parantaa keskittymiskyky\u00e4 ja ty\u00f6tehoa, stimuloi verenkiertoa ja nopeuttaa lihasten palautumista.<\/p>\n<p>Kylm\u00e4vesialtaan k\u00e4yt\u00f6n aloittaminen kannattaa tehd\u00e4 lyhyill\u00e4 sessioilla, seurata kehon reaktioita ja l\u00f6yt\u00e4\u00e4 itselle sopiva tasapaino.<\/p>\n<p>Tekniset tiedot:<\/p>\n<ul>\n<li>Leveys: 1040 mm<\/li>\n<li>Pituus: 1040 mm<\/li>\n<li>Korkeus: 1050 mm<\/li>\n<li>Kapasiteetti: 1 henkil\u00f6<\/li>\n<li>Vesitilavuus: 470L<\/li>\n<\/ul>\n<p>Pakkaus sis\u00e4lt\u00e4\u00e4:<\/p>\n<ul>\n<li>Lasikuitusisus- musta<\/li>\n<li>L\u00e4mp\u00f6k\u00e4sitelty puuverhoilu, jossa s\u00e4\u00e4nkest\u00e4v\u00e4 pintak\u00e4sittely<\/li>\n<li>Veden j\u00e4\u00e4hdytin-l\u00e4mmitin tarkan l\u00e4mp\u00f6tilan hallintaan<\/li>\n<li>J\u00e4\u00e4hdytysj\u00e4rjestelm\u00e4n liit\u00e4nn\u00e4t<\/li>\n<li>Portaat helpompaan altaaseen nousuun<\/li>\n<\/ul>\n<p>Mukautettavat lis\u00e4varusteet:<\/p>\n<ul>\n<li>PUR-vahtoeristys paremman l\u00e4mp\u00f6tilan yll\u00e4pitoon<\/li>\n<li>LED-valaistus rentouttavan tunnelman luomiseksi<\/li>\n<li>Eristetty kansi<\/li>\n<li>Digitaalinen integroitu l\u00e4mp\u00f6mittari<\/li>\n<li>Veden j\u00e4\u00e4hdytin-l\u00e4mmittimen suojakotelo<\/li>\n<li>Virkist\u00e4 kehosi laadukkaalla kylm\u00e4vesialtaalla!<\/li>\n<\/ul>\n<p>Nauti kylm\u00e4hoidon virkist\u00e4v\u00e4st\u00e4 vaikutuksesta ja omaksu terveellisempi el\u00e4m\u00e4ntapa vaivattomasti.<\/p>\n","protected":false},"excerpt":{"rendered":"<p>Vapauta sis\u00e4inen voimasi!<br \/>\nNopea el\u00e4m\u00e4nrytmi ja pitk\u00e4t tunnit tietokoneen \u00e4\u00e4ress\u00e4 voivat olla yht\u00e4 uuvuttavia kuin kest\u00e4vyysurheilu. Kylm\u00e4vesiallas on yksinkertainen, nopea ja luonnollinen tapa vahvistaa sek\u00e4 henkist\u00e4 ett\u00e4 fyysist\u00e4 hyvinvointia. Se on my\u00f6s korvaamaton apuv\u00e4line huippu-urheilijoiden palautumisessa.<\/p>\n","protected":false},"featured_media":100700,"comment_status":"open","ping_status":"closed","template":"","meta":{"_acf_changed":false},"factory":[],"free-shipment":[],"product_brand":[],"product_cat":[3026,2208],"product_tag":[3011,2839],"class_list":{"0":"post-100721","1":"product","2":"type-product","3":"status-publish","4":"has-post-thumbnail","6":"product_cat-ice-baths","7":"product_cat-hot-tubs-2","8":"product_tag-cold-plunge","9":"product_tag-wellness","11":"first","12":"instock","13":"sale","14":"taxable","15":"shipping-taxable","16":"purchasable","17":"product-type-simple"},"acf":[],"_links":{"self":[{"href":"https:\/\/factory.sale\/fi\/wp-json\/wp\/v2\/product\/100721","targetHints":{"allow":["GET"]}}],"collection":[{"href":"https:\/\/factory.sale\/fi\/wp-json\/wp\/v2\/product"}],"about":[{"href":"https:\/\/factory.sale\/fi\/wp-json\/wp\/v2\/types\/product"}],"replies":[{"embeddable":true,"href":"https:\/\/factory.sale\/fi\/wp-json\/wp\/v2\/comments?post=100721"}],"wp:featuredmedia":[{"embeddable":true,"href":"https:\/\/factory.sale\/fi\/wp-json\/wp\/v2\/media\/100700"}],"wp:attachment":[{"href":"https:\/\/factory.sale\/fi\/wp-json\/wp\/v2\/media?parent=100721"}],"wp:term":[{"taxonomy":"factory","embeddable":true,"href":"https:\/\/factory.sale\/fi\/wp-json\/wp\/v2\/factory?post=100721"},{"taxonomy":"free-shipment","embeddable":true,"href":"https:\/\/factory.sale\/fi\/wp-json\/wp\/v2\/free-shipment?post=100721"},{"taxonomy":"product_brand","embeddable":true,"href":"https:\/\/factory.sale\/fi\/wp-json\/wp\/v2\/product_brand?post=100721"},{"taxonomy":"product_cat","embeddable":true,"href":"https:\/\/factory.sale\/fi\/wp-json\/wp\/v2\/product_cat?post=100721"},{"taxonomy":"product_tag","embeddable":true,"href":"https:\/\/factory.sale\/fi\/wp-json\/wp\/v2\/product_tag?post=100721"}],"curies":[{"name":"wp","href":"https:\/\/api.w.org\/{rel}","templated":true}]}}