{"id":100669,"date":"2025-02-27T00:44:04","date_gmt":"2025-02-26T21:49:27","guid":{"rendered":"https:\/\/factory.sale\/?post_type=product&#038;p=100669"},"modified":"2026-03-04T17:14:09","modified_gmt":"2026-03-04T14:14:09","slug":"saunapallo-kiiltava-musta","status":"publish","type":"product","link":"https:\/\/factory.sale\/fi\/tuote\/saunapallo-kiiltava-musta\/","title":{"rendered":"Saunapallo kiilt\u00e4v\u00e4 musta"},"content":{"rendered":"<p><video style=\"max-width: 100%; height: auto; display: block;\" preload=\"auto\" autoplay=\"autoplay\" loop=\"loop\" muted=\"\" controls=\"controls\" width=\"750\" height=\"375\"><source src=\"https:\/\/factory.sale\/wp-content\/uploads\/2025\/02\/H03A1751.mp4\" type=\"video\/mp4\" \/>Your browser does not support the video tag.<\/video><\/p>\n<p>&nbsp;<\/p>\n<p>Saunapallo\u00ae ripustetaan kiukaan yl\u00e4puolelle ja sit\u00e4 voi k\u00e4ytt\u00e4\u00e4 monilla eri tavoin.<\/p>\n<p>Perus idea on, ett\u00e4 palloon kaadetaan haluttu m\u00e4\u00e4r\u00e4 vett\u00e4, jonka j\u00e4lkeen pallo t\u00f6n\u00e4ist\u00e4\u00e4n kauhalla heilumaan.<\/p>\n<p>Pallon pohjassa olevat rei\u00e4t valuttavat veden tasaisesti kiukaalle.<\/p>\n<p>Pallon voi k\u00e4yd\u00e4 t\u00e4ytt\u00e4m\u00e4ss\u00e4 ennen saunaan menoa, niin sauna on sopivan kostea sinne menness\u00e4.<\/p>\n<p>Rentouttavat hiljalleen nousevat l\u00f6ylyt saa kun, kaataa palloon noin 1-1.5 litraa vett\u00e4 ja t\u00f6n\u00e4isee pallon heilumaan.<\/p>\n<p>Kovemmat l\u00f6ylyt voi heitt\u00e4\u00e4 ihan normaalisti jos haluaa, mutta kannattaa ensin laitaa palloon vett\u00e4 ja vasta sitten viskata kunnon l\u00f6ylyt.<\/p>\n<p>Pallossa voi k\u00e4ytt\u00e4\u00e4 l\u00f6ylyveteen sekoitettuja hajusteita ja antaa pallon levitt\u00e4\u00e4 tuoksut tasaisesti saunaan.<\/p>\n<p>Pallo on hyv\u00e4 pest\u00e4 s\u00e4\u00e4nn\u00f6llisesti sis\u00e4puolelta, etteiv\u00e4t pienet rei\u00e4t pallon pohjassa tukkeudu!<\/p>\n<p>&nbsp;<\/p>\n<p><strong>Tuotetiedot:<\/strong><\/p>\n<ul>\n<li>Paino: Pallo 560 g<\/li>\n<li>Ketju: 105 g<\/li>\n<li>Tilavuus: 3 litraa<\/li>\n<li>Materiaali: kiilt\u00e4v\u00e4 musta<\/li>\n<\/ul>\n<p>&nbsp;<\/p>\n<p>&nbsp;<\/p>\n<p><strong>VAROITUKSET:<\/strong><\/p>\n<p>\u00c4L\u00c4 KOSKE PALLOON TAI KETJUUN, KUN SAUNA ON KUUMA\/P\u00c4\u00c4LL\u00c4!<\/p>\n<p>PALOVAMMAVAARA!<\/p>\n<p>&nbsp;<\/p>\n","protected":false},"excerpt":{"rendered":"<p>Tutustu Saunapallo\u00ae kiilt\u00e4v\u00e4 musta saunakuulaan, joka on suunniteltu parantamaan saunael\u00e4myst\u00e4si tarjoamalla tasaisesti jakautuvaa l\u00f6yly\u00e4 ja rentouttavia aromiel\u00e4myksi\u00e4. T\u00e4yt\u00e4 kuula vedell\u00e4 tai tuoksuvalla saunavedell\u00e4, aseta se heilumaan ja nauti rentouttavasta tai intensiivisest\u00e4 l\u00f6ylyst\u00e4. Valmistettu kest\u00e4v\u00e4st\u00e4 ruostumattomasta ter\u00e4ksest\u00e4 ja tilavuudeltaan 3 litraa. Sopii erinomaisesti sek\u00e4 koti- ett\u00e4 kaupallisiin saunoihin.<\/p>\n","protected":false},"featured_media":141252,"comment_status":"open","ping_status":"closed","template":"","meta":{"_acf_changed":false},"factory":[],"free-shipment":[],"product_brand":[],"product_cat":[1121,1334],"product_tag":[],"class_list":{"0":"post-100669","1":"product","2":"type-product","3":"status-publish","4":"has-post-thumbnail","6":"product_cat-saniteetti","7":"product_cat-saunatarvikkeet","9":"first","10":"instock","11":"sale","12":"taxable","13":"shipping-taxable","14":"purchasable","15":"product-type-simple"},"acf":[],"_links":{"self":[{"href":"https:\/\/factory.sale\/fi\/wp-json\/wp\/v2\/product\/100669","targetHints":{"allow":["GET"]}}],"collection":[{"href":"https:\/\/factory.sale\/fi\/wp-json\/wp\/v2\/product"}],"about":[{"href":"https:\/\/factory.sale\/fi\/wp-json\/wp\/v2\/types\/product"}],"replies":[{"embeddable":true,"href":"https:\/\/factory.sale\/fi\/wp-json\/wp\/v2\/comments?post=100669"}],"wp:featuredmedia":[{"embeddable":true,"href":"https:\/\/factory.sale\/fi\/wp-json\/wp\/v2\/media\/141252"}],"wp:attachment":[{"href":"https:\/\/factory.sale\/fi\/wp-json\/wp\/v2\/media?parent=100669"}],"wp:term":[{"taxonomy":"factory","embeddable":true,"href":"https:\/\/factory.sale\/fi\/wp-json\/wp\/v2\/factory?post=100669"},{"taxonomy":"free-shipment","embeddable":true,"href":"https:\/\/factory.sale\/fi\/wp-json\/wp\/v2\/free-shipment?post=100669"},{"taxonomy":"product_brand","embeddable":true,"href":"https:\/\/factory.sale\/fi\/wp-json\/wp\/v2\/product_brand?post=100669"},{"taxonomy":"product_cat","embeddable":true,"href":"https:\/\/factory.sale\/fi\/wp-json\/wp\/v2\/product_cat?post=100669"},{"taxonomy":"product_tag","embeddable":true,"href":"https:\/\/factory.sale\/fi\/wp-json\/wp\/v2\/product_tag?post=100669"}],"curies":[{"name":"wp","href":"https:\/\/api.w.org\/{rel}","templated":true}]}}