{"id":100555,"date":"2025-02-24T17:07:38","date_gmt":"2025-02-24T14:23:52","guid":{"rendered":"https:\/\/factory.sale\/?post_type=product&#038;p=100555"},"modified":"2025-02-24T17:35:35","modified_gmt":"2025-02-24T14:35:35","slug":"kontio-solar-aurinkopaneeli-410-w-taysmusta-32-kpl","status":"publish","type":"product","link":"https:\/\/factory.sale\/fi\/tuote\/kontio-solar-aurinkopaneeli-410-w-taysmusta-32-kpl\/","title":{"rendered":"Kontio Solar aurinkopaneeli, 410 W, t\u00e4ysmusta, 32 kpl"},"content":{"rendered":"<p><strong>Tuotekoodi:<\/strong> KS007<\/p>\n<p>&nbsp;<\/p>\n<p><strong>MBB (Multi-bus-bar) tarkoittaa, ett\u00e4 aurinkokenno on varustettu 12 tai 16 virtakiskolla 4, 5 tai 6 sijasta.<\/strong><\/p>\n<p>N\u00e4in saavutetaan korkeampi teho ja parempi luotettavuus. MBB:ss\u00e4 k\u00e4ytet\u00e4\u00e4n ohuita, py\u00f6ristettyj\u00e4 kuparilankoja, jotka eiv\u00e4t vaadi nauhoja aurinkokennon poikki. Py\u00f6ristetty poikkileikkaus parantaa optista suorituskyky\u00e4, koska aurinkokennoon heijastuu enemm\u00e4n valoa.<\/p>\n<p>&nbsp;<\/p>\n<p><strong>PERC (Passivated Emitter and Rear Contact) aurinkokennorakenne, jossa kennon taustalla oleva kerros on ns. passiivinen.<\/strong><\/p>\n<p>Passiivinen kerros nimens\u00e4 mukaan passivoi s\u00e4teily\u00e4 p\u00e4\u00e4sem\u00e4st\u00e4 kennon taustan l\u00e4pi hukkaan.<br \/>\nHalf Cut \u2013 teknologia lis\u00e4\u00e4 paneelin tuotantoa, pienent\u00e4m\u00e4ll\u00e4 kennojen kokoa. Pieni\u00e4 kennoja mahtuu paneeliin tuplam\u00e4\u00e4r\u00e4. Kooltaan pienemm\u00e4t kennot kest\u00e4v\u00e4t paremmin, jolloin half-cut -aurinkopaneeleilta voidaan odottaa pidemp\u00e4\u00e4 k\u00e4ytt\u00f6ik\u00e4\u00e4. Kontio Solarin yksikidekenno on jaettu laserilla kahteen osaan. Kaksi rinnakkaista aurinkokennoa tuottavat energiaa tehokkaammin riippumattomina toisistaan. Kun aurinkopaneelin kennoon osuu esimerkiksi puiden puiden varjo, jatkaa ylempi kenno energiantuottoaan yh\u00e4 t\u00e4ydell\u00e4 teholla. Pienemm\u00e4t kennot tarkoittavat my\u00f6s pienemp\u00e4\u00e4 sis\u00e4ist\u00e4 vastusta eli pienemp\u00e4\u00e4 virtah\u00e4vi\u00f6t\u00e4 ja pienemp\u00e4\u00e4 l\u00e4mp\u00f6tilaa = enemm\u00e4n s\u00e4hk\u00f6ntuotantoa Sinulle.<\/p>\n<p>&nbsp;<\/p>\n<p><strong>Anti PID (potential-induced degradatio).<\/strong><\/p>\n<p>Kontio Solarin Anti PID teknologia v\u00e4hent\u00e4\u00e4 merkitt\u00e4v\u00e4sti PID ilmi\u00f6t\u00e4 muunmuassa korkealuokkaisella kvartsilasilla, joka luontaisesti sis\u00e4lt\u00e4\u00e4 sodiumia. Potentiaalin aiheuttama hajoaminen (PID) aurinkopaneeleissa johtuu huomattavasta potentiaalierosta puolijohdemateriaalin (kennon) ja moduulin muiden osien, kuten lasin, kiinnikkeiden tai alumiinirungon, v\u00e4lill\u00e4. My\u00f6s Kontio Solarin maadoitustekniikka auttaa rajoittamaan PID ilmi\u00f6t\u00e4.<\/p>\n<p>&nbsp;<\/p>\n<p>&nbsp;<\/p>\n<p><strong>Tuotetiedot:<\/strong><\/p>\n<ul>\n<li>Mekaanisen kuorman (tuulikuorman, alapuoli) kesto: 2400 Pa<\/li>\n<li>Lumikuorman kesto: 5400 Pa<\/li>\n<li>Kehys: anodisoitua alumiinia<\/li>\n<li>Kehyksen v\u00e4ri: musta<\/li>\n<li>Kennoja: 108 kpl, 182 mm (2&#215;54)<\/li>\n<li>Hy\u00f6tysuhde: 21,0%<\/li>\n<li>S\u00e4teilyteho 1000 W\/m\u00b2, kennon l\u00e4mp\u00f6tila 25 \u00b0C, ilmamassa 1,5<\/li>\n<li>Teho: 410 W<\/li>\n<li>Mitat: 1722 x 1134 x 30 mm<\/li>\n<li>Paino: 20,5 kg<\/li>\n<li>Lasi: AR (Anti -reflective) p\u00e4\u00e4llystetty, karkaistu, vahvuus 3,2 mm<\/li>\n<li>Liitin: MC4, IP68<\/li>\n<li>Virtajohtojen pituus: 1200 mm + ja -, vahvuus 4 m\u00b2<\/li>\n<li>Avoimen virtapiirin j\u00e4nnite: 37,32 V<\/li>\n<li>Oikosulkuvirta: 13,95 A<\/li>\n<li>J\u00e4nnite maksimiteholla: 31,45 V<\/li>\n<li>Virta maksimiteholla: 13,04 A<\/li>\n<li>Maksimi j\u00e4rjestelm\u00e4j\u00e4nnite: 1500 V<\/li>\n<li>Maksimi sulakekoko: 25 A<\/li>\n<li>Toimintal\u00e4mp\u00f6tila: -40 \u00b0C&#8230;+85 \u00b0C<\/li>\n<li>Testaus standardit: IEC EN 61730-1:2018\/AC:2018\u201306; IEC EN 61730-2:2018\/AC:2018\u201306<\/li>\n<\/ul>\n<p>&nbsp;<\/p>\n<p>&nbsp;<\/p>\n<p><a href=\"https:\/\/factory.sale\/wp-content\/uploads\/2025\/02\/Kontio-Solar-standards.pdf\" target=\"_blank\" rel=\"noopener\">Kontio Solar standardit<\/a><\/p>\n<p><a href=\"https:\/\/factory.sale\/wp-content\/uploads\/2025\/02\/kontio_solar_aurinkopaneeli_drawings.pdf\" target=\"_blank\" rel=\"noopener\">Piirustuksia<\/a><\/p>\n<p><a href=\"https:\/\/factory.sale\/wp-content\/uploads\/2025\/02\/KS-PV_manuaali_FIN-1.pdf\" target=\"_blank\" rel=\"noopener\">Manuaali<\/a><\/p>\n<p><a href=\"https:\/\/factory.sale\/wp-content\/uploads\/2025\/02\/Tietoa-aurinkopaneelijarjestelmista.pdf\" target=\"_blank\" rel=\"noopener\">Tietoa-aurinkopaneelijarjestelmista<\/a><\/p>\n","protected":false},"excerpt":{"rendered":"<p>Tutustu Kontio Solar 410W mustaan aurinkopaneeliin, joka on suunniteltu maksimaalisen tehon ja kest\u00e4vyyden varmistamiseksi. Huippuluokan MBB-, Half-Cut- ja PERC-teknologioiden ansiosta se saavuttaa 20,8 % hy\u00f6tysuhteen, tarjoaa erinomaisen varjokeston ja takaa pitk\u00e4aikaisen luotettavuuden. Sopii erinomaisesti asuin- ja kaupallisiin aurinkoenergiatuotantoj\u00e4rjestelmiin. T\u00e4ytt\u00e4\u00e4 IEC\/EN61730-standardit.<\/p>\n<p>&nbsp;<\/p>\n","protected":false},"featured_media":100539,"comment_status":"open","ping_status":"closed","template":"","meta":{"_acf_changed":false},"factory":[],"free-shipment":[],"product_brand":[],"product_cat":[4175,962],"product_tag":[],"class_list":{"0":"post-100555","1":"product","2":"type-product","3":"status-publish","4":"has-post-thumbnail","6":"product_cat-kontio-solar","7":"product_cat-renewable-energy","9":"first","10":"instock","11":"sale","12":"taxable","13":"shipping-taxable","14":"purchasable","15":"product-type-simple"},"acf":[],"_links":{"self":[{"href":"https:\/\/factory.sale\/fi\/wp-json\/wp\/v2\/product\/100555","targetHints":{"allow":["GET"]}}],"collection":[{"href":"https:\/\/factory.sale\/fi\/wp-json\/wp\/v2\/product"}],"about":[{"href":"https:\/\/factory.sale\/fi\/wp-json\/wp\/v2\/types\/product"}],"replies":[{"embeddable":true,"href":"https:\/\/factory.sale\/fi\/wp-json\/wp\/v2\/comments?post=100555"}],"wp:featuredmedia":[{"embeddable":true,"href":"https:\/\/factory.sale\/fi\/wp-json\/wp\/v2\/media\/100539"}],"wp:attachment":[{"href":"https:\/\/factory.sale\/fi\/wp-json\/wp\/v2\/media?parent=100555"}],"wp:term":[{"taxonomy":"factory","embeddable":true,"href":"https:\/\/factory.sale\/fi\/wp-json\/wp\/v2\/factory?post=100555"},{"taxonomy":"free-shipment","embeddable":true,"href":"https:\/\/factory.sale\/fi\/wp-json\/wp\/v2\/free-shipment?post=100555"},{"taxonomy":"product_brand","embeddable":true,"href":"https:\/\/factory.sale\/fi\/wp-json\/wp\/v2\/product_brand?post=100555"},{"taxonomy":"product_cat","embeddable":true,"href":"https:\/\/factory.sale\/fi\/wp-json\/wp\/v2\/product_cat?post=100555"},{"taxonomy":"product_tag","embeddable":true,"href":"https:\/\/factory.sale\/fi\/wp-json\/wp\/v2\/product_tag?post=100555"}],"curies":[{"name":"wp","href":"https:\/\/api.w.org\/{rel}","templated":true}]}}