{"id":100504,"date":"2025-02-23T19:08:37","date_gmt":"2025-02-23T16:08:39","guid":{"rendered":"https:\/\/factory.sale\/?post_type=product&#038;p=100504"},"modified":"2025-02-25T11:23:38","modified_gmt":"2025-02-25T08:23:38","slug":"terassikatos-feria-3x425m-harmaa-kirkas","status":"publish","type":"product","link":"https:\/\/factory.sale\/fi\/tuote\/terassikatos-feria-3x425m-harmaa-kirkas\/","title":{"rendered":"Terassikatos Feria 3&#215;4,25m Harmaa\/Kirkas"},"content":{"rendered":"<p>Rentoudu ja nauti ulkoilmasta Palram FERIA terassikatoksen alla. K\u00e4yt\u00e4nn\u00f6ss\u00e4 rikkoutumattomat 8 mm polykarbonaattiset kattopaneelit ovat 100 % UV-suojattuja ja est\u00e4v\u00e4t haitallisen UV-s\u00e4teilyn. Patentoitu ruuviton katon asennusj\u00e4rjestelm\u00e4 on suunniteltu erityisesti est\u00e4m\u00e4\u00e4n sade-\/kastevuodot. Terassikatos on suunniteltu kahden henkil\u00f6n helposti koottavaksi Click N\u2019 Lock -kattoj\u00e4rjestelm\u00e4n avulla, mik\u00e4 mahdollistaa turvallisen ja helpon asennuksen, joka est\u00e4\u00e4 vuodot.<\/p>\n<p>Katoksessa on s\u00e4\u00e4dett\u00e4v\u00e4 sein\u00e4liitin ja vapaasti sijoitettavat vahvat etutolpat.<br \/>\nPuhtaiden linjojen ja modernin muotoilun ansiosta se on huoltovapaa ja valmistettu kest\u00e4m\u00e4\u00e4n poikkeuksellisen kest\u00e4vien materiaalien ansiosta. Valmistettu 100 % kierr\u00e4tett\u00e4vist\u00e4 materiaaleista.<\/p>\n<p>&nbsp;<\/p>\n<p><strong>TUOTTEEN MITAT:<\/strong><\/p>\n<p>Harjakorkeus: 260-305 cm<br \/>\nR\u00e4yst\u00e4skorkeus: 210 cm<br \/>\nLeveys: 425 cm<br \/>\nSyvyys: 294-300 cm<br \/>\nPinta-ala: 12 m\u00b2<br \/>\nKattopinta-ala: 12 m\u00b2<\/p>\n<p>&nbsp;<\/p>\n<p>&nbsp;<\/p>\n<p><strong>TUOTTEEN OMINAISUUDET:<\/strong><\/p>\n<p>V\u00e4ri: Harmaa<br \/>\nMateriaali: Alumiini, Metalli, Muovi, Polykarbonaatti<br \/>\nMateriaalin erittely: Metalli|Muovi<br \/>\nPintak\u00e4sittely: Jauhemaalattu<br \/>\nSis\u00e4lt\u00e4\u00e4 vedeneristysmateriaalin: Kyll\u00e4<br \/>\nS\u00e4\u00e4dett\u00e4v\u00e4 korkeus: 260-305 cm<br \/>\nKatto: 8 mm polykarbonaatti<br \/>\nMittatietojen selvennys: Harjakorkeus tarkoittaa katon korkeinta kohtaa ja r\u00e4yst\u00e4skorkeus katon matalinta kohtaa.<\/p>\n<p>&nbsp;<\/p>\n<p>&nbsp;<\/p>\n<p><strong>TUOTTEEN ERITTELYT:<\/strong><\/p>\n<p>Lumikuorma (kg\/m\u00b2): 150<\/p>\n<p>&nbsp;<\/p>\n<p><strong>LUMIKUORMA:<\/strong><\/p>\n<p>Katoilta tulee aina poistaa liiallinen lumikuorma. Takuu ei kata katon romahtamista liiallisen lumipainon vuoksi.<\/p>\n<div class=\"video-wrapper \"><iframe loading=\"lazy\" title=\"How to Assemble Feria\u2122 Patio Cover | Canopia by Palram\" width=\"500\" height=\"281\" src=\"https:\/\/www.youtube.com\/embed\/fP_XGOgTTg4?feature=oembed\" frameborder=\"0\" allow=\"accelerometer; autoplay; clipboard-write; encrypted-media; gyroscope; picture-in-picture; web-share\" referrerpolicy=\"strict-origin-when-cross-origin\" allowfullscreen><\/iframe><\/div>\n","protected":false},"excerpt":{"rendered":"<p>Rentoudu ja nauti ulkoilmasta Palram FERIA terassikatoksen alla. K\u00e4yt\u00e4nn\u00f6ss\u00e4 rikkoutumattomat 8 mm polykarbonaattiset kattopaneelit ovat 100 % UV-suojattuja ja est\u00e4v\u00e4t haitallisen UV-s\u00e4teilyn. Patentoitu ruuviton katon asennusj\u00e4rjestelm\u00e4 on suunniteltu erityisesti est\u00e4m\u00e4\u00e4n sade-\/kastevuodot. Terassikatos on suunniteltu kahden henkil\u00f6n helposti koottavaksi Click N\u2019 Lock -kattoj\u00e4rjestelm\u00e4n avulla, mik\u00e4 mahdollistaa turvallisen ja helpon asennuksen, joka est\u00e4\u00e4 vuodot.<\/p>\n","protected":false},"featured_media":100510,"comment_status":"open","ping_status":"closed","template":"","meta":{"_acf_changed":false},"factory":[],"free-shipment":[],"product_brand":[],"product_cat":[2446,997],"product_tag":[1488,1489],"class_list":{"0":"post-100504","1":"product","2":"type-product","3":"status-publish","4":"has-post-thumbnail","6":"product_cat-katokset","7":"product_cat-piha-puutarha-fi","8":"product_tag-garden-fi","9":"product_tag-yard-fi","11":"first","12":"instock","13":"sale","14":"taxable","15":"shipping-taxable","16":"purchasable","17":"product-type-simple"},"acf":[],"_links":{"self":[{"href":"https:\/\/factory.sale\/fi\/wp-json\/wp\/v2\/product\/100504","targetHints":{"allow":["GET"]}}],"collection":[{"href":"https:\/\/factory.sale\/fi\/wp-json\/wp\/v2\/product"}],"about":[{"href":"https:\/\/factory.sale\/fi\/wp-json\/wp\/v2\/types\/product"}],"replies":[{"embeddable":true,"href":"https:\/\/factory.sale\/fi\/wp-json\/wp\/v2\/comments?post=100504"}],"wp:featuredmedia":[{"embeddable":true,"href":"https:\/\/factory.sale\/fi\/wp-json\/wp\/v2\/media\/100510"}],"wp:attachment":[{"href":"https:\/\/factory.sale\/fi\/wp-json\/wp\/v2\/media?parent=100504"}],"wp:term":[{"taxonomy":"factory","embeddable":true,"href":"https:\/\/factory.sale\/fi\/wp-json\/wp\/v2\/factory?post=100504"},{"taxonomy":"free-shipment","embeddable":true,"href":"https:\/\/factory.sale\/fi\/wp-json\/wp\/v2\/free-shipment?post=100504"},{"taxonomy":"product_brand","embeddable":true,"href":"https:\/\/factory.sale\/fi\/wp-json\/wp\/v2\/product_brand?post=100504"},{"taxonomy":"product_cat","embeddable":true,"href":"https:\/\/factory.sale\/fi\/wp-json\/wp\/v2\/product_cat?post=100504"},{"taxonomy":"product_tag","embeddable":true,"href":"https:\/\/factory.sale\/fi\/wp-json\/wp\/v2\/product_tag?post=100504"}],"curies":[{"name":"wp","href":"https:\/\/api.w.org\/{rel}","templated":true}]}}