{"id":100445,"date":"2025-02-23T17:59:37","date_gmt":"2025-02-23T14:59:38","guid":{"rendered":"https:\/\/factory.sale\/?post_type=product&#038;p=100445"},"modified":"2025-02-25T23:07:34","modified_gmt":"2025-02-25T20:07:34","slug":"kasvihuone-hybrid-balance-89-m2-harmaa","status":"publish","type":"product","link":"https:\/\/factory.sale\/fi\/tuote\/kasvihuone-hybrid-balance-89-m2-harmaa\/","title":{"rendered":"KASVIHUONE HYBRID BALANCE 8,9 m2 harmaa"},"content":{"rendered":"<p>Hybrid-kasvihuonesarja yhdist\u00e4\u00e4 k\u00e4yt\u00e4nn\u00f6llisen muotoilun ja esteettisen, toimivan ja kest\u00e4v\u00e4n rakenteen.<br \/>\nKasvit saavat tasapainoisen altistuksen auringonvalolle katolla olevien vahvojen kaksinkertaisten\u00a0kennolevyjen ja seinien l\u00e4pin\u00e4kyvien polykarbonaatti ikkunoiden ansiosta.<br \/>\nBalance kasvihuoneet on helppo asentaa ja niiss\u00e4 on galvanoitu ter\u00e4srunko. Saranoitu ovi ja muut\u00a0lis\u00e4ominaisuudet lis\u00e4\u00e4v\u00e4t kasvihuoneen mukavuutta. Kasvihuoneet kest\u00e4v\u00e4t pitk\u00e4\u00e4n my\u00f6s \u00e4\u00e4rimm\u00e4isiss\u00e4\u00a0s\u00e4\u00e4olosuhteissa.<\/p>\n<p><strong>Yhdistetyt polykarbonaattipaneelit varmistavat kasvien kasvun:<\/strong><\/p>\n<p>\u25cf Paneelit on kest\u00e4vi\u00e4 joustavuuden ja iskunkest\u00e4vyyden ansiosta<br \/>\n\u25cf Kattopaneelit \u2013 kaksinkertaiset 4mm kennolevyt suojaavat kasveja voimakkailta auringons\u00e4teilt\u00e4<br \/>\n\u25cf Sein\u00e4paneelit &#8211; kristallinkirkkaat polykarbonaatti-ikkunat takaavat yli 90 % valon<br \/>\n\u25cf T\u00e4ysi UV-esto ja 100 % UV-suoja.<br \/>\n\u25cf Paneelit on maalattu, ne ovat iskunkest\u00e4vi\u00e4 ja takaavat kest\u00e4vyyden pitk\u00e4\u00e4n my\u00f6s \u00e4\u00e4rimm\u00e4isiss\u00e4 s\u00e4\u00e4olosuhteissa.<\/p>\n<p><strong>Alumiinirunko:<\/strong><\/p>\n<p>\u25cf Takaa kest\u00e4v\u00e4n, korroosionkest\u00e4v\u00e4n ja j\u00e4yk\u00e4n rakenteen.<\/p>\n<p><strong>Helppo asentaa:<\/strong><\/p>\n<p>\u25cf Liukuj\u00e4rjestelm\u00e4 &#8211; polykarbonaattipaneelit on helppo asentaa alumiinis\u00e4leiden reunoihin.<br \/>\n\u25cf Samat profiilit kaikkiin asentoihin.<br \/>\n\u25cf Oven saranat voidaan asentaa sek\u00e4 vasemmalle ett\u00e4 oikealle.<br \/>\n\u25cf Mukana ovenkahva.<br \/>\n\u25cf 2 ikkunaa<br \/>\n\u25cf Sis\u00e4\u00e4nrakennetut vesikourut<\/p>\n<p><strong>Kattoikkuna:<\/strong><br \/>\n\u25cf Varmistaa riitt\u00e4v\u00e4n ilmavirran ja s\u00e4\u00e4telee kasvihuoneen l\u00e4mp\u00f6\u00e4 ja kosteutta.<\/p>\n<p><strong>Galvanoitu ter\u00e4srunko:<\/strong><\/p>\n<p>\u25cf Stabiloi kasvihuonetta<\/p>\n<p><strong>LIS\u00c4TIEDOT:<\/strong><\/p>\n<p>\u25cf Mitat: 244 x 367 cm, K 229 cm<br \/>\n\u25cf Oven koko: 114,5 \u00d7 194,5 cm<br \/>\n\u25cf Lumikuorma 75kg\/m2<\/p>\n<p>&nbsp;<\/p>\n<p>&nbsp;<\/p>\n<p><a href=\"https:\/\/factory.sale\/wp-content\/uploads\/2022\/07\/Palram_Balance_8x12_89m2_juhend.pdf\" target=\"_blank\" rel=\"noopener\">Manuaalinen<\/a><\/p>\n","protected":false},"excerpt":{"rendered":"<p>Hybrid-kasvihuonesarja yhdist\u00e4\u00e4 k\u00e4yt\u00e4nn\u00f6llisen muotoilun ja esteettisen, toimivan ja kest\u00e4v\u00e4n rakenteen. Kasvit saavat tasapainoisen altistuksen auringonvalolle katolla olevien vahvojen kaksinkertaisten polykarbonaattilevyjen ja seinien l\u00e4pin\u00e4kyvien polykarbonaattilaattojen ansiosta.<\/p>\n","protected":false},"featured_media":100458,"comment_status":"open","ping_status":"closed","template":"","meta":{"_acf_changed":false},"factory":[],"free-shipment":[],"product_brand":[],"product_cat":[452],"product_tag":[506],"class_list":{"0":"post-100445","1":"product","2":"type-product","3":"status-publish","4":"has-post-thumbnail","6":"product_cat-kasvihuoneet","7":"product_tag-greenhouse-fi","9":"first","10":"instock","11":"sale","12":"taxable","13":"shipping-taxable","14":"purchasable","15":"product-type-simple"},"acf":[],"_links":{"self":[{"href":"https:\/\/factory.sale\/fi\/wp-json\/wp\/v2\/product\/100445","targetHints":{"allow":["GET"]}}],"collection":[{"href":"https:\/\/factory.sale\/fi\/wp-json\/wp\/v2\/product"}],"about":[{"href":"https:\/\/factory.sale\/fi\/wp-json\/wp\/v2\/types\/product"}],"replies":[{"embeddable":true,"href":"https:\/\/factory.sale\/fi\/wp-json\/wp\/v2\/comments?post=100445"}],"wp:featuredmedia":[{"embeddable":true,"href":"https:\/\/factory.sale\/fi\/wp-json\/wp\/v2\/media\/100458"}],"wp:attachment":[{"href":"https:\/\/factory.sale\/fi\/wp-json\/wp\/v2\/media?parent=100445"}],"wp:term":[{"taxonomy":"factory","embeddable":true,"href":"https:\/\/factory.sale\/fi\/wp-json\/wp\/v2\/factory?post=100445"},{"taxonomy":"free-shipment","embeddable":true,"href":"https:\/\/factory.sale\/fi\/wp-json\/wp\/v2\/free-shipment?post=100445"},{"taxonomy":"product_brand","embeddable":true,"href":"https:\/\/factory.sale\/fi\/wp-json\/wp\/v2\/product_brand?post=100445"},{"taxonomy":"product_cat","embeddable":true,"href":"https:\/\/factory.sale\/fi\/wp-json\/wp\/v2\/product_cat?post=100445"},{"taxonomy":"product_tag","embeddable":true,"href":"https:\/\/factory.sale\/fi\/wp-json\/wp\/v2\/product_tag?post=100445"}],"curies":[{"name":"wp","href":"https:\/\/api.w.org\/{rel}","templated":true}]}}