{"id":100379,"date":"2025-02-23T17:07:13","date_gmt":"2025-02-23T14:07:15","guid":{"rendered":"https:\/\/factory.sale\/?post_type=product&#038;p=100379"},"modified":"2025-02-26T03:17:13","modified_gmt":"2025-02-26T00:17:13","slug":"kasvihuone-hybrid-344-m2","status":"publish","type":"product","link":"https:\/\/factory.sale\/fi\/tuote\/kasvihuone-hybrid-344-m2\/","title":{"rendered":"KASVIHUONE HYBRID 3,44 m2"},"content":{"rendered":"<p>Hybrid-kasvihuonesarja yhdist\u00e4\u00e4 k\u00e4yt\u00e4nn\u00f6llisen muotoilun ja esteettisen, toimivan ja kest\u00e4v\u00e4n rakenteen.<br \/>\nKasvit saavat tasapainoisen altistuksen auringonvalolle katolla olevien vahvojen kaksinkertaisten kennolevyjen, ja seinien l\u00e4pin\u00e4kyvien polykarbonaatti ikkunoiden ansiosta. \u201cHybrid\u201d kasvihuoneet on helppo asentaa ja niiss\u00e4 on galvanoitu ter\u00e4srunko. Saranoitu ovi ja muut lis\u00e4ominaisuudet lis\u00e4\u00e4v\u00e4t kasvihuoneen mukavuutta. Kasvihuoneet kest\u00e4v\u00e4t pitk\u00e4\u00e4n my\u00f6s \u00e4\u00e4rimm\u00e4isiss\u00e4<br \/>\ns\u00e4\u00e4olosuhteissa.<\/p>\n<p><strong>Yhdistetyt polykarbonaattipaneelit varmistavat kasvien kasvun:<\/strong><\/p>\n<ul>\n<li>Paneelit on kest\u00e4vi\u00e4 joustavuuden ja iskunkest\u00e4vyyden ansiosta<\/li>\n<li>Kattopaneelit \u2013 kaksinkertaiset 4mm kennolevyt suojaavat kasveja voimakkailta auringons\u00e4teilt\u00e4<\/li>\n<li>Sein\u00e4paneelit &#8211; kristallinkirkkaat polykarbonaatti ikkunat takaavat yli 90 % valon<\/li>\n<li>T\u00e4ysi UV-esto ja 100 % UV-suoja.<\/li>\n<li>Paneelit on maalattu ja iskunkest\u00e4vi\u00e4 ja ne takaavat kest\u00e4vyyden pitk\u00e4\u00e4n my\u00f6s \u00e4\u00e4rimm\u00e4isiss\u00e4\u00a0s\u00e4\u00e4olosuhteissa.<\/li>\n<\/ul>\n<p><strong>Alumiinirunko:<\/strong><\/p>\n<ul>\n<li>\u00a0Takaa kest\u00e4v\u00e4n, korroosionkest\u00e4v\u00e4n ja j\u00e4yk\u00e4n rakenteen.<\/li>\n<\/ul>\n<p><strong>Helppo asentaa:<\/strong><\/p>\n<ul>\n<li>Liukuj\u00e4rjestelm\u00e4 &#8211; polykarbonaattipaneelit on helppo asentaa alumiinis\u00e4leiden reunoihin<\/li>\n<li>Samat profiilit kaikkiin asentoihin<\/li>\n<li>Oven saranat voidaan asentaa sek\u00e4 vasemmalle ett\u00e4 oikealle.<\/li>\n<li>Mukana ovenkahva.<\/li>\n<li>2 ikkunaa<\/li>\n<li>Sis\u00e4\u00e4nrakennetut vesikourut<\/li>\n<\/ul>\n<p><strong>Kattoikkuna:<\/strong><\/p>\n<ul>\n<li>Varmistaa riitt\u00e4v\u00e4n ilmavirran ja s\u00e4\u00e4telee kasvihuoneen l\u00e4mp\u00f6\u00e4 ja kosteutta<\/li>\n<\/ul>\n<p><strong>Galvanoitu ter\u00e4srunko:<\/strong><\/p>\n<ul>\n<li>Stabiloi kasvihuonetta<\/li>\n<\/ul>\n<p>&nbsp;<\/p>\n<p><strong>Tekniset tiedot<\/strong><\/p>\n<p>Mitat: 186 x 185 cm, korkeus 208\/124 cm<br \/>\nOvi: 163 x 56,5 cm<br \/>\nIkkunoita: 1<br \/>\nLumikuorma: 75 kg\/m\u00b2<\/p>\n<p>&nbsp;<\/p>\n<p><a href=\"https:\/\/factory.sale\/wp-content\/uploads\/2022\/07\/3.44_Harmony_Mythos_Hybrid_344_KASUTUSJUHEND.pdf\" target=\"_blank\" rel=\"noopener\">Hybrid\u00a03,44 m2 manuaalinen<\/a><\/p>\n<p>&nbsp;<\/p>\n","protected":false},"excerpt":{"rendered":"<p>Hybrid-kasvihuonesarja yhdist\u00e4\u00e4 k\u00e4yt\u00e4nn\u00f6llisen muotoilun ja esteettisen, toimivan ja kest\u00e4v\u00e4n rakenteen.<br \/>\nKasvit saavat tasapainoisen altistuksen auringonvalolle katolla olevien vahvojen kaksinkertaisten kennolevyjen, ja seinien l\u00e4pin\u00e4kyvien polykarbonaatti ikkunoiden ansiosta.<\/p>\n","protected":false},"featured_media":100393,"comment_status":"open","ping_status":"closed","template":"","meta":{"_acf_changed":false},"factory":[],"free-shipment":[],"product_brand":[],"product_cat":[452],"product_tag":[1488,506,1489],"class_list":{"0":"post-100379","1":"product","2":"type-product","3":"status-publish","4":"has-post-thumbnail","6":"product_cat-kasvihuoneet","7":"product_tag-garden-fi","8":"product_tag-greenhouse-fi","9":"product_tag-yard-fi","11":"first","12":"instock","13":"sale","14":"taxable","15":"shipping-taxable","16":"purchasable","17":"product-type-simple"},"acf":[],"_links":{"self":[{"href":"https:\/\/factory.sale\/fi\/wp-json\/wp\/v2\/product\/100379","targetHints":{"allow":["GET"]}}],"collection":[{"href":"https:\/\/factory.sale\/fi\/wp-json\/wp\/v2\/product"}],"about":[{"href":"https:\/\/factory.sale\/fi\/wp-json\/wp\/v2\/types\/product"}],"replies":[{"embeddable":true,"href":"https:\/\/factory.sale\/fi\/wp-json\/wp\/v2\/comments?post=100379"}],"wp:featuredmedia":[{"embeddable":true,"href":"https:\/\/factory.sale\/fi\/wp-json\/wp\/v2\/media\/100393"}],"wp:attachment":[{"href":"https:\/\/factory.sale\/fi\/wp-json\/wp\/v2\/media?parent=100379"}],"wp:term":[{"taxonomy":"factory","embeddable":true,"href":"https:\/\/factory.sale\/fi\/wp-json\/wp\/v2\/factory?post=100379"},{"taxonomy":"free-shipment","embeddable":true,"href":"https:\/\/factory.sale\/fi\/wp-json\/wp\/v2\/free-shipment?post=100379"},{"taxonomy":"product_brand","embeddable":true,"href":"https:\/\/factory.sale\/fi\/wp-json\/wp\/v2\/product_brand?post=100379"},{"taxonomy":"product_cat","embeddable":true,"href":"https:\/\/factory.sale\/fi\/wp-json\/wp\/v2\/product_cat?post=100379"},{"taxonomy":"product_tag","embeddable":true,"href":"https:\/\/factory.sale\/fi\/wp-json\/wp\/v2\/product_tag?post=100379"}],"curies":[{"name":"wp","href":"https:\/\/api.w.org\/{rel}","templated":true}]}}