{"id":100345,"date":"2025-02-23T16:02:09","date_gmt":"2025-02-23T13:42:04","guid":{"rendered":"https:\/\/factory.sale\/?post_type=product&#038;p=100345"},"modified":"2025-02-23T16:43:04","modified_gmt":"2025-02-23T13:43:04","slug":"invertteri-kontio-solar-15kw-3-vaihe-380v-50hz","status":"publish","type":"product","link":"https:\/\/factory.sale\/fi\/tuote\/invertteri-kontio-solar-15kw-3-vaihe-380v-50hz\/","title":{"rendered":"Invertteri Kontio Solar, 15kW, 3-vaihe, 380V, 50Hz"},"content":{"rendered":"<p><strong>Tuotekoodi:<\/strong> KON-KS00015<\/p>\n<p>&nbsp;<\/p>\n<p>&nbsp;<\/p>\n<p><strong>HUIPPULUOKAN TEKNIIKKAA<\/strong><\/p>\n<p>Kontio Solarin On Grid-invertteri tarjoaa yli 99%:n hy\u00f6tysuhteen. Se muuntaa aurinkopaneeleilta tulevan tasavirran (DC) luotettavasti vaihtovirraksi (AC), valmiina sy\u00f6tett\u00e4v\u00e4ksi s\u00e4hk\u00f6verkkoon. T\u00e4m\u00e4 laadukas invertteri nostaa j\u00e4nnitteen 400 volttiin 3-vaiheisesti, mik\u00e4 varmistaa tehokkaan ja tasaisen energiantuotannon.<\/p>\n<p>&nbsp;<\/p>\n<p><strong>PARAS VALINTA 3-VAIHEISEEN J\u00c4RJESTELM\u00c4\u00c4N<\/strong><\/p>\n<p>Kontio Solar 15 kW invertteri tarjoaa selke\u00e4n edun 3-vaiheisissa j\u00e4rjestelmiss\u00e4. Toisin kuin yksivaiheinen vaihtoehto, kolmivaiheinen invertteri takaa optimaalisen energianjakelun. N\u00e4in varmistat s\u00e4hk\u00f6n tehokkaan k\u00e4yt\u00f6n ilman turhia hukkavirtoja.<\/p>\n<p>&nbsp;<\/p>\n<p><strong>SOPII USEAMMALLE PANEELILLE<\/strong><\/p>\n<p>Haluatko varmistaa investointisi parhaan tuoton? Kontio Solar 15 kW invertteri on suunniteltu kytkett\u00e4v\u00e4ksi jopa 40 aurinkopaneelin kanssa. Sen maksimisy\u00f6tt\u00f6teho on jopa 19.5 kW ja aktiivinen AC ulostuloteho 16.5 kW, mik\u00e4 mahdollistaa tehokkaan energiantuotannon.<\/p>\n<p>&nbsp;<\/p>\n<p><strong>HELPPO HALLINTA WIFI-YHTEYDELL\u00c4<\/strong><\/p>\n<p>Kontio Solarin invertteriin voit yhdist\u00e4\u00e4 WiFi:n, mik\u00e4 tekee sen valvomisesta ja hallinnasta vaivatonta. Seuraat energiantuotantoasi ja optimoit j\u00e4rjestelm\u00e4si tehokkuutta miss\u00e4 ja milloin tahansa.<\/p>\n<p>&nbsp;<\/p>\n<p><strong>Tekniset tiedot:<\/strong><\/p>\n<ul>\n<li>Maksimi DC sy\u00f6tt\u00f6teho (kW): 19.5<\/li>\n<li>Maksimi DC tuloj\u00e4nnite (V): 1000<\/li>\n<li>K\u00e4ynnistyksen tasavirtatuloj\u00e4nnite (V): 250<\/li>\n<li>MPPT (suurin tehopisteen seuranta) toiminta-alue (V): 200-850<\/li>\n<li>Maksimi DC tulovirta (A): 13+26<\/li>\n<li>Maksimi oikosulkuvirta (A): 19.5+39<\/li>\n<li>MPP (suurimmat tehopisteet) seurantalaitteiden m\u00e4\u00e4r\u00e4: 2<\/li>\n<li>Merkkijonojen m\u00e4\u00e4r\u00e4 per MPP-seuranta: 1+2<\/li>\n<li>Nimellisl\u00e4ht\u00f6teho (kW): 15<\/li>\n<li>Maksimi aktiivinen teho (kW): 16.5<\/li>\n<li>Nimellinen l\u00e4ht\u00f6j\u00e4nnite\/alue (V): 3L\/N\/PE 220\/380V, 230\/400V<\/li>\n<li>Nimellinen verkkotaajuus (Hz): 50\/60 (valinnainen)<\/li>\n<li>K\u00e4ytt\u00f6vaihe: kolmivaihteinen<\/li>\n<li>Nimellinen vaihtovirtaverkon l\u00e4ht\u00f6virta (V): 22.7\/21.7<\/li>\n<li>Maksimi AC l\u00e4ht\u00f6virta (V): 25\/23.9<\/li>\n<li>L\u00e4ht\u00f6tehokerroin: 0,8, mik\u00e4 johtaa 0,8 viiveeseen<\/li>\n<li>Verkkovirta THD (Harmoninen kokonaiss\u00e4r\u00f6): &lt;3%<\/li>\n<li>DC injektiovirta (mA): &lt;0.5%<\/li>\n<li>Verkon taajuusalue: 45~55 tai 55~65 (valinnainen)<\/li>\n<li>Maksimi hy\u00f6tysuhde: 98.5%<\/li>\n<li>Euro hy\u00f6tysuhde: 97.5%<\/li>\n<li>MPPT (suurin tehopisteen seuranta) hy\u00f6tysuhde: &gt;99%<\/li>\n<li>DC k\u00e4\u00e4nteisen napaisuuden suojaus<\/li>\n<li>AC oikosulkusuojaus<\/li>\n<li>AC l\u00e4hd\u00f6n ylivirtasuoja<\/li>\n<li>Ulostulon ylij\u00e4nnitesuoja<\/li>\n<li>Eristysvastussuoja<\/li>\n<li>Maavian valvonta<\/li>\n<li>Saareketoiminnon esto (anti-islanding)<\/li>\n<li>L\u00e4mp\u00f6tilasuojaus<\/li>\n<li>Integroitu DC-kytkin<\/li>\n<li>Ohjelmiston et\u00e4lataus<\/li>\n<li>K\u00e4ytt\u00f6parametrien et\u00e4muutos<\/li>\n<li>Ylij\u00e4nnitesuoja DC Type 2\/AC Type 2<\/li>\n<li>Tuotemerkki: Kontio Solar<\/li>\n<li>Valmistusmaa: Kiina<\/li>\n<li>GTIN-koodi: 6438431035522<\/li>\n<li>Korkeus (mm): 185<\/li>\n<li>Leveys (mm): 457<\/li>\n<li>Syvyys (mm): 330<\/li>\n<li>Tuotteen paino (kg): 15<\/li>\n<li>V\u00e4ri: Valkoinen<\/li>\n<li>Topologia: Muuntajaton<\/li>\n<li>Sis\u00e4inen kulutus: &lt;1W(y\u00f6)<\/li>\n<li>K\u00e4ytt\u00f6l\u00e4mp\u00f6tila: -25-65\u00b0C<\/li>\n<li>Melup\u00e4\u00e4st\u00f6: \u226440dB<\/li>\n<li>J\u00e4\u00e4hdytyskonsepti: \u00c4lyk\u00e4s j\u00e4\u00e4hdytys<\/li>\n<li>Sallittu korkeus (m): 4000<\/li>\n<li>Verkkoliit\u00e4nt\u00e4standardi: VDE4105,IEC61727\/62116,VDE0126,AS4777.2,CEI021,EN50549-1,G98,G99,C10-<\/li>\n<li>11,UNE217002,NBR16149\/NBR16150<\/li>\n<li>K\u00e4ytt\u00f6ymp\u00e4rist\u00f6n kosteus: 0-100%<\/li>\n<li>Turvallisuus EMC(S\u00e4hk\u00f6magneettinen yhteensopivuus)\/standardi: IEC\/EN61000-6-1\/2\/3\/4, IEC\/EN62109-<\/li>\n<li>1, IEC\/EN62109-2<\/li>\n<li>MC-4 yhteensopiva<\/li>\n<li>IP65-luokiteltu pistoke<\/li>\n<li>N\u00e4ytt\u00f6: LCD1602<\/li>\n<li>K\u00e4ytt\u00f6liittym\u00e4: RS485\/RS232\/Wifi\/LAN<\/li>\n<li>IP-luokka: IP65<\/li>\n<\/ul>\n<p><strong>Pakkauksen mitat ja paino:<\/strong><\/p>\n<ul>\n<li>Pakkauksen leveys (mm): 457,00<\/li>\n<li>Pakkauksen korkeus (mm): 185,00<\/li>\n<li>Pakkauksen syvyys (mm): 330,00<\/li>\n<li>Rahtipaino (kg): 15,00<\/li>\n<\/ul>\n<p>&nbsp;<\/p>\n<p>&nbsp;<\/p>\n<p><a href=\"https:\/\/factory.sale\/wp-content\/uploads\/2025\/02\/Kontio-Solar-invertterin-IEC-61000-standardit.pdf\" target=\"_blank\" rel=\"noopener\">Kontio Solar standardit<\/a><\/p>\n<p><a href=\"https:\/\/factory.sale\/wp-content\/uploads\/2025\/02\/Kontio-Solar-invertteri-15-kW_manuaali_FIN.pdf\" target=\"_blank\" rel=\"noopener\">Manuaali<\/a><\/p>\n","protected":false},"excerpt":{"rendered":"<p>Tehokas ja luotettava Kontio Solar 15 kW On Grid-invertteri. Haluatko maksimoida aurinkopaneeliesi hy\u00f6dyn? Laadukas Kontio Solar 15 kW On Grid-invertteri (=s\u00e4hk\u00f6verkkoon kytketty) on ratkaisusi. Teknologian edell\u00e4k\u00e4vij\u00e4n\u00e4 tarjoamme huippuluokan On Grid-invertterin niin asuin kuin kaupallisillekin aurinkovoimaloille.<\/p>\n","protected":false},"featured_media":99853,"comment_status":"open","ping_status":"closed","template":"","meta":{"_acf_changed":false},"factory":[],"free-shipment":[],"product_brand":[],"product_cat":[4177,1332],"product_tag":[],"class_list":{"0":"post-100345","1":"product","2":"type-product","3":"status-publish","4":"has-post-thumbnail","6":"product_cat-kontio-solar-fi","7":"product_cat-uusiutuva-energia","9":"first","10":"instock","11":"sale","12":"taxable","13":"shipping-taxable","14":"purchasable","15":"product-type-simple"},"acf":[],"_links":{"self":[{"href":"https:\/\/factory.sale\/fi\/wp-json\/wp\/v2\/product\/100345","targetHints":{"allow":["GET"]}}],"collection":[{"href":"https:\/\/factory.sale\/fi\/wp-json\/wp\/v2\/product"}],"about":[{"href":"https:\/\/factory.sale\/fi\/wp-json\/wp\/v2\/types\/product"}],"replies":[{"embeddable":true,"href":"https:\/\/factory.sale\/fi\/wp-json\/wp\/v2\/comments?post=100345"}],"wp:featuredmedia":[{"embeddable":true,"href":"https:\/\/factory.sale\/fi\/wp-json\/wp\/v2\/media\/99853"}],"wp:attachment":[{"href":"https:\/\/factory.sale\/fi\/wp-json\/wp\/v2\/media?parent=100345"}],"wp:term":[{"taxonomy":"factory","embeddable":true,"href":"https:\/\/factory.sale\/fi\/wp-json\/wp\/v2\/factory?post=100345"},{"taxonomy":"free-shipment","embeddable":true,"href":"https:\/\/factory.sale\/fi\/wp-json\/wp\/v2\/free-shipment?post=100345"},{"taxonomy":"product_brand","embeddable":true,"href":"https:\/\/factory.sale\/fi\/wp-json\/wp\/v2\/product_brand?post=100345"},{"taxonomy":"product_cat","embeddable":true,"href":"https:\/\/factory.sale\/fi\/wp-json\/wp\/v2\/product_cat?post=100345"},{"taxonomy":"product_tag","embeddable":true,"href":"https:\/\/factory.sale\/fi\/wp-json\/wp\/v2\/product_tag?post=100345"}],"curies":[{"name":"wp","href":"https:\/\/api.w.org\/{rel}","templated":true}]}}