{"id":100314,"date":"2025-02-21T18:06:31","date_gmt":"2025-02-21T15:11:56","guid":{"rendered":"https:\/\/factory.sale\/?post_type=product&#038;p=100314"},"modified":"2026-01-30T12:51:43","modified_gmt":"2026-01-30T09:51:43","slug":"huum-drop-vesikaukalo","status":"publish","type":"product","link":"https:\/\/factory.sale\/fi\/tuote\/huum-drop-vesikaukalo\/","title":{"rendered":"HUUM DROP vesikaukalo"},"content":{"rendered":"<h2><span style=\"font-size: 14pt;\">HUUM DROP vesikaukalo<\/span><\/h2>\n<p>DROP vesikaukalo on k\u00e4yt\u00e4nn\u00f6llinen ja v\u00e4ltt\u00e4m\u00e4t\u00f6n lis\u00e4varuste kaikille saunakiukaille. Se on suunniteltu ker\u00e4\u00e4m\u00e4\u00e4n tehokkaasti valuvan veden ja suojaamaan ymp\u00e4r\u00f6ivi\u00e4 pintoja kosteuden aiheuttamilta vaurioilta.<\/p>\n<p>T\u00e4m\u00e4 korkealaatuisista ja kest\u00e4vist\u00e4 materiaaleista valmistettu vesikaukalo kest\u00e4\u00e4 hyvin korkeita l\u00e4mp\u00f6tiloja ja kosteutta, mik\u00e4 takaa pitk\u00e4n k\u00e4ytt\u00f6i\u00e4n. Sen tyylik\u00e4s ja minimalistinen muotoilu sulautuu saumattomasti mihin tahansa saunasisustukseen, parantaen sek\u00e4 toimivuutta ett\u00e4 ulkon\u00e4k\u00f6\u00e4.<\/p>\n<p>DROP vesikaukalo on elppo asentaa ja huoltaa. Se auttaa pit\u00e4m\u00e4\u00e4n saunan siistin\u00e4 ja kuivana. T\u00e4ydellinen valinta niille, jotka arvostavat kest\u00e4vyytt\u00e4, k\u00e4yt\u00e4nn\u00f6llisyytt\u00e4 ja viimeistelty\u00e4 designia.<\/p>\n<p>Mitat: 350 x 410 x 40 mm<br \/>\nEAN: 4744103019045<\/p>\n<p>Tutustu samankaltaisiin tuotteisiin\u00a0<a href=\"https:\/\/factory.sale\/fi\/tuote-osasto\/saniteetti\/sauna-kiukaiden-tarvikkeet\/\">t\u00e4\u00e4ll\u00e4<\/a><\/p>\n","protected":false},"excerpt":{"rendered":"<p>DROP vesikaukalo on kest\u00e4v\u00e4 ja kuumuutta hyvin siet\u00e4v\u00e4 lis\u00e4varuste, joka ker\u00e4\u00e4 tehokkaasti valuvan veden ja suojaa ymp\u00e4r\u00f6ivi\u00e4 pintoja kosteuden aiheuttamilta vaurioilta. Sen tyylik\u00e4s, minimalistinen muotoilu ja helppo asennus tekev\u00e4t saunasta siistimm\u00e4n ja toimivamman.<\/p>\n","protected":false},"featured_media":100311,"comment_status":"open","ping_status":"closed","template":"","meta":{"_acf_changed":false},"factory":[],"free-shipment":[],"product_brand":[],"product_cat":[1121,4893],"product_tag":[],"class_list":{"0":"post-100314","1":"product","2":"type-product","3":"status-publish","4":"has-post-thumbnail","6":"product_cat-saniteetti","7":"product_cat-sauna-kiukaiden-tarvikkeet","9":"first","10":"instock","11":"sale","12":"taxable","13":"shipping-taxable","14":"purchasable","15":"product-type-simple"},"acf":[],"_links":{"self":[{"href":"https:\/\/factory.sale\/fi\/wp-json\/wp\/v2\/product\/100314","targetHints":{"allow":["GET"]}}],"collection":[{"href":"https:\/\/factory.sale\/fi\/wp-json\/wp\/v2\/product"}],"about":[{"href":"https:\/\/factory.sale\/fi\/wp-json\/wp\/v2\/types\/product"}],"replies":[{"embeddable":true,"href":"https:\/\/factory.sale\/fi\/wp-json\/wp\/v2\/comments?post=100314"}],"wp:featuredmedia":[{"embeddable":true,"href":"https:\/\/factory.sale\/fi\/wp-json\/wp\/v2\/media\/100311"}],"wp:attachment":[{"href":"https:\/\/factory.sale\/fi\/wp-json\/wp\/v2\/media?parent=100314"}],"wp:term":[{"taxonomy":"factory","embeddable":true,"href":"https:\/\/factory.sale\/fi\/wp-json\/wp\/v2\/factory?post=100314"},{"taxonomy":"free-shipment","embeddable":true,"href":"https:\/\/factory.sale\/fi\/wp-json\/wp\/v2\/free-shipment?post=100314"},{"taxonomy":"product_brand","embeddable":true,"href":"https:\/\/factory.sale\/fi\/wp-json\/wp\/v2\/product_brand?post=100314"},{"taxonomy":"product_cat","embeddable":true,"href":"https:\/\/factory.sale\/fi\/wp-json\/wp\/v2\/product_cat?post=100314"},{"taxonomy":"product_tag","embeddable":true,"href":"https:\/\/factory.sale\/fi\/wp-json\/wp\/v2\/product_tag?post=100314"}],"curies":[{"name":"wp","href":"https:\/\/api.w.org\/{rel}","templated":true}]}}