{"id":100301,"date":"2025-02-21T18:06:33","date_gmt":"2025-02-21T15:12:12","guid":{"rendered":"https:\/\/factory.sale\/?post_type=product&#038;p=100301"},"modified":"2026-02-10T13:33:43","modified_gmt":"2026-02-10T10:33:43","slug":"huum-drop-paivityssarja","status":"publish","type":"product","link":"https:\/\/factory.sale\/fi\/tuote\/huum-drop-paivityssarja\/","title":{"rendered":"HUUM DROP p\u00e4ivityssarja"},"content":{"rendered":"<h2><span style=\"font-size: 14pt;\">HUUM DROP p\u00e4ivityssarja<\/span><\/h2>\n<p>HUUM DROP p\u00e4ivityssarja on suunniteltu parantamaan HUUM DROP -s\u00e4hk\u00f6kiukaiden kest\u00e4vyytt\u00e4 ja tehokkuutta. Sarjaan kuuluu vakauttava pidike, joka pit\u00e4\u00e4 l\u00e4mmityselementit tukevasti paikoillaan, est\u00e4en niiden siirtymisen tai kosketuksen k\u00e4yt\u00f6n aikana tai kiuaskivi\u00e4 lis\u00e4tess\u00e4. T\u00e4m\u00e4 takaa tasaisen l\u00e4mm\u00f6njakautumisen, v\u00e4hent\u00e4\u00e4 elementtien kulumista ja auttaa s\u00e4ilytt\u00e4m\u00e4\u00e4n kiukaan optimaalisen suorituskyvyn pitk\u00e4ll\u00e4 aikav\u00e4lill\u00e4.<\/p>\n<p>Sarja sis\u00e4lt\u00e4\u00e4 DROP 9kW -mallille tarkoitetun heijastinsuojan ja elementtierottimen (toimitettu ennen 01.02.2024).<\/p>\n<p>EAN: 4744103019984<\/p>\n<p>&nbsp;<\/p>\n<div class=\"video-wrapper \"><iframe loading=\"lazy\" title=\"DROP upgrade kit\" src=\"https:\/\/player.vimeo.com\/video\/852258151?dnt=1&amp;app_id=122963\" width=\"500\" height=\"281\" frameborder=\"0\" allow=\"autoplay; fullscreen; picture-in-picture; clipboard-write; encrypted-media; web-share\" referrerpolicy=\"strict-origin-when-cross-origin\"><\/iframe><\/div>\n<p>&nbsp;<\/p>\n<p><a title=\"Avaa video uudessa v\u00e4lilehdess\u00e4\" href=\"https:\/\/vimeo.com\/852258151?fl=pl&amp;fe=vl\" target=\"_blank\" rel=\"noopener\">Avaa video uudessa v\u00e4lilehdess\u00e4<\/a><\/p>\n<p>&nbsp;<\/p>\n<p>Tutustu samankaltaisiin tuotteisiin\u00a0<a href=\"https:\/\/factory.sale\/fi\/tuote-osasto\/saniteetti\/sauna-kiukaiden-tarvikkeet\/\">t\u00e4\u00e4ll\u00e4<\/a><\/p>\n","protected":false},"excerpt":{"rendered":"<p>HUUM DROP p\u00e4ivityssarja parantaa HUUM DROP -s\u00e4hk\u00f6kiukaiden kest\u00e4vyytt\u00e4 ja tehokkuutta. Mukana toimitettava heijastinsuoja ja elementtierotin takaavat l\u00e4mmityselementtien vakaan asennon, tasaisen l\u00e4mm\u00f6njaon ja v\u00e4h\u00e4isemm\u00e4n kulumisen. Sopii DROP 9kW -malleihin, jotka on toimitettu ennen 01.02.2024.<\/p>\n","protected":false},"featured_media":100298,"comment_status":"open","ping_status":"closed","template":"","meta":{"_acf_changed":false},"factory":[],"free-shipment":[],"product_brand":[4433],"product_cat":[1121,4893],"product_tag":[],"class_list":{"0":"post-100301","1":"product","2":"type-product","3":"status-publish","4":"has-post-thumbnail","6":"product_brand-huum-fi","7":"product_cat-saniteetti","8":"product_cat-sauna-kiukaiden-tarvikkeet","10":"first","11":"instock","12":"sale","13":"taxable","14":"shipping-taxable","15":"purchasable","16":"product-type-simple"},"acf":[],"_links":{"self":[{"href":"https:\/\/factory.sale\/fi\/wp-json\/wp\/v2\/product\/100301","targetHints":{"allow":["GET"]}}],"collection":[{"href":"https:\/\/factory.sale\/fi\/wp-json\/wp\/v2\/product"}],"about":[{"href":"https:\/\/factory.sale\/fi\/wp-json\/wp\/v2\/types\/product"}],"replies":[{"embeddable":true,"href":"https:\/\/factory.sale\/fi\/wp-json\/wp\/v2\/comments?post=100301"}],"wp:featuredmedia":[{"embeddable":true,"href":"https:\/\/factory.sale\/fi\/wp-json\/wp\/v2\/media\/100298"}],"wp:attachment":[{"href":"https:\/\/factory.sale\/fi\/wp-json\/wp\/v2\/media?parent=100301"}],"wp:term":[{"taxonomy":"factory","embeddable":true,"href":"https:\/\/factory.sale\/fi\/wp-json\/wp\/v2\/factory?post=100301"},{"taxonomy":"free-shipment","embeddable":true,"href":"https:\/\/factory.sale\/fi\/wp-json\/wp\/v2\/free-shipment?post=100301"},{"taxonomy":"product_brand","embeddable":true,"href":"https:\/\/factory.sale\/fi\/wp-json\/wp\/v2\/product_brand?post=100301"},{"taxonomy":"product_cat","embeddable":true,"href":"https:\/\/factory.sale\/fi\/wp-json\/wp\/v2\/product_cat?post=100301"},{"taxonomy":"product_tag","embeddable":true,"href":"https:\/\/factory.sale\/fi\/wp-json\/wp\/v2\/product_tag?post=100301"}],"curies":[{"name":"wp","href":"https:\/\/api.w.org\/{rel}","templated":true}]}}