{"id":100282,"date":"2025-02-21T13:18:41","date_gmt":"2025-02-21T10:18:43","guid":{"rendered":"https:\/\/factory.sale\/?post_type=product&#038;p=100282"},"modified":"2025-03-16T12:36:07","modified_gmt":"2025-03-16T09:36:07","slug":"huum-hive-flow-mini-ruostumattomasta-teraksesta-seinan-lapi-asennettava-kaulus","status":"publish","type":"product","link":"https:\/\/factory.sale\/fi\/tuote\/huum-hive-flow-mini-ruostumattomasta-teraksesta-seinan-lapi-asennettava-kaulus\/","title":{"rendered":"HUUM HIVE Flow Mini LS sein\u00e4n l\u00e4pi asennettava kaulus, ruostumaton ter\u00e4s"},"content":{"rendered":"<p>Saunakiukaan asennuskaulus on tyylik\u00e4s ja k\u00e4yt\u00e4nn\u00f6llinen lis\u00e4varuste, joka viimeistelee saunan ilmeen ja antaa sille huolitellun ja yhten\u00e4isen ulkon\u00e4\u00f6n. Erityisesti HUUM Flow Mini LS -kiukaille suunniteltu kaulus takaa t\u00e4ydellisen istuvuuden ja saumattoman siirtym\u00e4n kiukaan ja sein\u00e4n v\u00e4lill\u00e4, luoden harmonisen ja ammattimaisen lopputuloksen.<\/p>\n<p>Mitat: 540 x 610 x 100 mm (+50 mm s\u00e4\u00e4dett\u00e4v\u00e4 syvyys)<br \/>\nPaino: 3 kg<br \/>\nEAN: 4744103015351<\/p>\n","protected":false},"excerpt":{"rendered":"<p>Viimeistele saunasi ulkon\u00e4k\u00f6 ja paranna sen toimivuutta HIVE Flow Mini LS -kiukaan asennuskauluksella. T\u00e4m\u00e4 laadukas lis\u00e4varuste varmistaa kiukaan ja sein\u00e4n v\u00e4lisen sulavan siirtym\u00e4n, antaen saunasi sisustukselle tyylikk\u00e4\u00e4n ja kest\u00e4v\u00e4n viimeistelyn.<\/p>\n","protected":false},"featured_media":100255,"comment_status":"open","ping_status":"closed","template":"","meta":{"_acf_changed":false},"factory":[],"free-shipment":[],"product_brand":[],"product_cat":[1121,4893],"product_tag":[859],"class_list":{"0":"post-100282","1":"product","2":"type-product","3":"status-publish","4":"has-post-thumbnail","6":"product_cat-saniteetti","7":"product_cat-sauna-kiukaiden-tarvikkeet","8":"product_tag-huum-fi","10":"first","11":"instock","12":"sale","13":"taxable","14":"shipping-taxable","15":"purchasable","16":"product-type-simple"},"acf":[],"_links":{"self":[{"href":"https:\/\/factory.sale\/fi\/wp-json\/wp\/v2\/product\/100282","targetHints":{"allow":["GET"]}}],"collection":[{"href":"https:\/\/factory.sale\/fi\/wp-json\/wp\/v2\/product"}],"about":[{"href":"https:\/\/factory.sale\/fi\/wp-json\/wp\/v2\/types\/product"}],"replies":[{"embeddable":true,"href":"https:\/\/factory.sale\/fi\/wp-json\/wp\/v2\/comments?post=100282"}],"wp:featuredmedia":[{"embeddable":true,"href":"https:\/\/factory.sale\/fi\/wp-json\/wp\/v2\/media\/100255"}],"wp:attachment":[{"href":"https:\/\/factory.sale\/fi\/wp-json\/wp\/v2\/media?parent=100282"}],"wp:term":[{"taxonomy":"factory","embeddable":true,"href":"https:\/\/factory.sale\/fi\/wp-json\/wp\/v2\/factory?post=100282"},{"taxonomy":"free-shipment","embeddable":true,"href":"https:\/\/factory.sale\/fi\/wp-json\/wp\/v2\/free-shipment?post=100282"},{"taxonomy":"product_brand","embeddable":true,"href":"https:\/\/factory.sale\/fi\/wp-json\/wp\/v2\/product_brand?post=100282"},{"taxonomy":"product_cat","embeddable":true,"href":"https:\/\/factory.sale\/fi\/wp-json\/wp\/v2\/product_cat?post=100282"},{"taxonomy":"product_tag","embeddable":true,"href":"https:\/\/factory.sale\/fi\/wp-json\/wp\/v2\/product_tag?post=100282"}],"curies":[{"name":"wp","href":"https:\/\/api.w.org\/{rel}","templated":true}]}}