{"id":100274,"date":"2025-02-21T13:07:41","date_gmt":"2025-02-21T10:07:43","guid":{"rendered":"https:\/\/factory.sale\/?post_type=product&#038;p=100274"},"modified":"2025-02-26T13:21:26","modified_gmt":"2025-02-26T10:21:26","slug":"huum-hive-flow-mini-lattiasuojalevy","status":"publish","type":"product","link":"https:\/\/factory.sale\/fi\/tuote\/huum-hive-flow-mini-lattiasuojalevy\/","title":{"rendered":"HUUM HIVE Flow Mini lattiansuojalevy"},"content":{"rendered":"<p>HIVE Flow Mini puul\u00e4mmitteisen kiukaan suojapohja on turvavaruste, joka parantaa suojausta, kun kiuas asennetaan puu- tai muulle helposti syttyv\u00e4lle lattialle. Sit\u00e4 suositellaan my\u00f6s lattioille, joissa on vesikiertoinen lattial\u00e4mmitys, sill\u00e4 se suojaa sek\u00e4 lattiamateriaalia ett\u00e4 lattial\u00e4mmitysputkia kiukaan alla.<\/p>\n<p>Maksimikantavuus: 300 kg<br \/>\nMitat: 500 x 630 x 56 (+9 mm s\u00e4\u00e4dett\u00e4v\u00e4t jalat) mm<br \/>\nPaino: 11 kg<br \/>\nEAN: 4744103015337<\/p>\n","protected":false},"excerpt":{"rendered":"<p>Varmista saunasi turvallisuus HIVE Flow Mini suojapohjalla, joka v\u00e4hent\u00e4\u00e4 kuumuudesta aiheutuvia riskej\u00e4 ja suojaa sek\u00e4 lattiaa ett\u00e4 lattial\u00e4mmitysputkia. T\u00e4m\u00e4 k\u00e4yt\u00e4nn\u00f6llinen ratkaisu takaa kest\u00e4v\u00e4n ja turvallisen saunan asennuksen.<\/p>\n","protected":false},"featured_media":100277,"comment_status":"open","ping_status":"closed","template":"","meta":{"_acf_changed":false},"factory":[],"free-shipment":[],"product_brand":[],"product_cat":[1121,4893],"product_tag":[859],"class_list":{"0":"post-100274","1":"product","2":"type-product","3":"status-publish","4":"has-post-thumbnail","6":"product_cat-saniteetti","7":"product_cat-sauna-kiukaiden-tarvikkeet","8":"product_tag-huum-fi","10":"first","11":"instock","12":"sale","13":"taxable","14":"shipping-taxable","15":"purchasable","16":"product-type-simple"},"acf":[],"_links":{"self":[{"href":"https:\/\/factory.sale\/fi\/wp-json\/wp\/v2\/product\/100274","targetHints":{"allow":["GET"]}}],"collection":[{"href":"https:\/\/factory.sale\/fi\/wp-json\/wp\/v2\/product"}],"about":[{"href":"https:\/\/factory.sale\/fi\/wp-json\/wp\/v2\/types\/product"}],"replies":[{"embeddable":true,"href":"https:\/\/factory.sale\/fi\/wp-json\/wp\/v2\/comments?post=100274"}],"wp:featuredmedia":[{"embeddable":true,"href":"https:\/\/factory.sale\/fi\/wp-json\/wp\/v2\/media\/100277"}],"wp:attachment":[{"href":"https:\/\/factory.sale\/fi\/wp-json\/wp\/v2\/media?parent=100274"}],"wp:term":[{"taxonomy":"factory","embeddable":true,"href":"https:\/\/factory.sale\/fi\/wp-json\/wp\/v2\/factory?post=100274"},{"taxonomy":"free-shipment","embeddable":true,"href":"https:\/\/factory.sale\/fi\/wp-json\/wp\/v2\/free-shipment?post=100274"},{"taxonomy":"product_brand","embeddable":true,"href":"https:\/\/factory.sale\/fi\/wp-json\/wp\/v2\/product_brand?post=100274"},{"taxonomy":"product_cat","embeddable":true,"href":"https:\/\/factory.sale\/fi\/wp-json\/wp\/v2\/product_cat?post=100274"},{"taxonomy":"product_tag","embeddable":true,"href":"https:\/\/factory.sale\/fi\/wp-json\/wp\/v2\/product_tag?post=100274"}],"curies":[{"name":"wp","href":"https:\/\/api.w.org\/{rel}","templated":true}]}}