{"id":100249,"date":"2025-02-21T18:06:54","date_gmt":"2025-02-21T15:12:33","guid":{"rendered":"https:\/\/factory.sale\/?post_type=product&#038;p=100249"},"modified":"2026-01-29T09:57:26","modified_gmt":"2026-01-29T06:57:26","slug":"huum-hive-flow-ls-lattiasuojalevy","status":"publish","type":"product","link":"https:\/\/factory.sale\/fi\/tuote\/huum-hive-flow-ls-lattiasuojalevy\/","title":{"rendered":"HUUM HIVE Flow LS lattiansuojalevy"},"content":{"rendered":"<h2><span style=\"font-size: 14pt;\">HUUM HIVE Flow LS lattiansuojalevy<\/span><\/h2>\n<p>HIVE Flow LS puul\u00e4mmitteisen kiukaan suojapohja on turvavaruste, joka parantaa suojausta, kun kiuas asennetaan puu- tai muulle helposti syttyv\u00e4lle lattialle. Sit\u00e4 suositellaan my\u00f6s lattioille, joissa on vesikiertoinen lattial\u00e4mmitys, sill\u00e4 se suojaa sek\u00e4 lattiamateriaalia ett\u00e4 lattial\u00e4mmitysputkia kiukaan alla.<\/p>\n<p>Maksimikantavuus: 300 kg<br \/>\nMitat: 550 x 680 x 56 (+9 mm s\u00e4\u00e4dett\u00e4v\u00e4t jalat) mm<br \/>\nPaino: 14 kg<br \/>\nEAN: 4744103015320<\/p>\n<p>&nbsp;<\/p>\n<div class=\"video-wrapper \"><iframe loading=\"lazy\" title=\"HUUM HIVE FLOW LS protective bedding\" src=\"https:\/\/player.vimeo.com\/video\/1001070222?dnt=1&amp;app_id=122963\" width=\"500\" height=\"281\" frameborder=\"0\" allow=\"autoplay; fullscreen; picture-in-picture; clipboard-write; encrypted-media; web-share\" referrerpolicy=\"strict-origin-when-cross-origin\"><\/iframe><\/div>\n<p>&nbsp;<\/p>\n<p>Tutustu samankaltaisiin tuotteisiin\u00a0<a href=\"https:\/\/factory.sale\/fi\/tuote-osasto\/saniteetti\/sauna-kiukaiden-tarvikkeet\/\">t\u00e4\u00e4ll\u00e4<\/a><\/p>\n","protected":false},"excerpt":{"rendered":"<p>Varmista saunasi turvallisuus HIVE Flow LS puul\u00e4mmitteisen kiukaan suojapohjalla, joka v\u00e4hent\u00e4\u00e4 kuumuudesta aiheutuvia riskej\u00e4 ja suojaa sek\u00e4 lattiaa ett\u00e4 lattial\u00e4mmitysputkia. T\u00e4m\u00e4 k\u00e4yt\u00e4nn\u00f6llinen ratkaisu takaa kest\u00e4v\u00e4n ja turvallisen saunan asennuksen.<\/p>\n","protected":false},"featured_media":100246,"comment_status":"open","ping_status":"closed","template":"","meta":{"_acf_changed":false},"factory":[],"free-shipment":[],"product_brand":[4433],"product_cat":[1121,4893],"product_tag":[859],"class_list":{"0":"post-100249","1":"product","2":"type-product","3":"status-publish","4":"has-post-thumbnail","6":"product_brand-huum-fi","7":"product_cat-saniteetti","8":"product_cat-sauna-kiukaiden-tarvikkeet","9":"product_tag-huum-fi","11":"first","12":"instock","13":"sale","14":"taxable","15":"shipping-taxable","16":"purchasable","17":"product-type-simple"},"acf":[],"_links":{"self":[{"href":"https:\/\/factory.sale\/fi\/wp-json\/wp\/v2\/product\/100249","targetHints":{"allow":["GET"]}}],"collection":[{"href":"https:\/\/factory.sale\/fi\/wp-json\/wp\/v2\/product"}],"about":[{"href":"https:\/\/factory.sale\/fi\/wp-json\/wp\/v2\/types\/product"}],"replies":[{"embeddable":true,"href":"https:\/\/factory.sale\/fi\/wp-json\/wp\/v2\/comments?post=100249"}],"wp:featuredmedia":[{"embeddable":true,"href":"https:\/\/factory.sale\/fi\/wp-json\/wp\/v2\/media\/100246"}],"wp:attachment":[{"href":"https:\/\/factory.sale\/fi\/wp-json\/wp\/v2\/media?parent=100249"}],"wp:term":[{"taxonomy":"factory","embeddable":true,"href":"https:\/\/factory.sale\/fi\/wp-json\/wp\/v2\/factory?post=100249"},{"taxonomy":"free-shipment","embeddable":true,"href":"https:\/\/factory.sale\/fi\/wp-json\/wp\/v2\/free-shipment?post=100249"},{"taxonomy":"product_brand","embeddable":true,"href":"https:\/\/factory.sale\/fi\/wp-json\/wp\/v2\/product_brand?post=100249"},{"taxonomy":"product_cat","embeddable":true,"href":"https:\/\/factory.sale\/fi\/wp-json\/wp\/v2\/product_cat?post=100249"},{"taxonomy":"product_tag","embeddable":true,"href":"https:\/\/factory.sale\/fi\/wp-json\/wp\/v2\/product_tag?post=100249"}],"curies":[{"name":"wp","href":"https:\/\/api.w.org\/{rel}","templated":true}]}}