{"id":100235,"date":"2025-02-21T18:07:11","date_gmt":"2025-02-21T15:13:01","guid":{"rendered":"https:\/\/factory.sale\/?post_type=product&#038;p=100235"},"modified":"2026-02-10T13:26:45","modified_gmt":"2026-02-10T10:26:45","slug":"huum-hive-flow-lattiasuojalevy","status":"publish","type":"product","link":"https:\/\/factory.sale\/fi\/tuote\/huum-hive-flow-lattiasuojalevy\/","title":{"rendered":"HUUM HIVE Flow lattiansuojalevy"},"content":{"rendered":"<h2><span style=\"font-size: 14pt;\">HUUM HIVE Flow lattiansuojalevy<\/span><\/h2>\n<p>Lattiansuojalevy on t\u00e4rke\u00e4 turvavaruste l\u00e4mmittimille, jotka asennetaan puu- tai muulle helposti syttyv\u00e4lle lattialle. Se v\u00e4hent\u00e4\u00e4 tulipaloriski\u00e4 suojaamalla pintaa liialliselta kuumuudelta ja varmistaa paloturvallisuusm\u00e4\u00e4r\u00e4ysten noudattamisen.<\/p>\n<p>Mitat: 420 x 450 mm<\/p>\n<p>EAN: 4744103015368<\/p>\n<p>&nbsp;<\/p>\n<div class=\"video-wrapper \"><iframe loading=\"lazy\" title=\"HUUM Sauna\" width=\"500\" height=\"281\" src=\"https:\/\/www.youtube.com\/embed\/iwtstDYE1Do?feature=oembed\" frameborder=\"0\" allow=\"accelerometer; autoplay; clipboard-write; encrypted-media; gyroscope; picture-in-picture; web-share\" referrerpolicy=\"strict-origin-when-cross-origin\" allowfullscreen><\/iframe><\/div>\n<p>&nbsp;<\/p>\n<p><a title=\"Avaa video uudessa v\u00e4lilehdess\u00e4\" href=\"https:\/\/www.youtube.com\/watch?v=KMU6tsMMlmY\" target=\"_blank\" rel=\"noopener\">Avaa video uudessa v\u00e4lilehdess\u00e4<\/a><\/p>\n","protected":false},"excerpt":{"rendered":"<p>Varmista turvallinen ja luotettava l\u00e4mmitysratkaisu lattiansuojalevyll\u00e4. T\u00e4m\u00e4 v\u00e4ltt\u00e4m\u00e4t\u00f6n lis\u00e4varuste on suunniteltu l\u00e4mmittimille, jotka sijoitetaan puu- tai muille palaville pinnoille. Kest\u00e4v\u00e4 suojalevy toimii tehokkaana suojana, est\u00e4en liiallisen kuumuuden vaikutukset ja t\u00e4ytt\u00e4en olennaiset paloturvallisuusvaatimukset.<\/p>\n","protected":false},"featured_media":100229,"comment_status":"open","ping_status":"closed","template":"","meta":{"_acf_changed":false},"factory":[],"free-shipment":[],"product_brand":[4433],"product_cat":[1121,4893],"product_tag":[859],"class_list":{"0":"post-100235","1":"product","2":"type-product","3":"status-publish","4":"has-post-thumbnail","6":"product_brand-huum-fi","7":"product_cat-saniteetti","8":"product_cat-sauna-kiukaiden-tarvikkeet","9":"product_tag-huum-fi","11":"first","12":"instock","13":"sale","14":"taxable","15":"shipping-taxable","16":"purchasable","17":"product-type-simple"},"acf":[],"_links":{"self":[{"href":"https:\/\/factory.sale\/fi\/wp-json\/wp\/v2\/product\/100235","targetHints":{"allow":["GET"]}}],"collection":[{"href":"https:\/\/factory.sale\/fi\/wp-json\/wp\/v2\/product"}],"about":[{"href":"https:\/\/factory.sale\/fi\/wp-json\/wp\/v2\/types\/product"}],"replies":[{"embeddable":true,"href":"https:\/\/factory.sale\/fi\/wp-json\/wp\/v2\/comments?post=100235"}],"wp:featuredmedia":[{"embeddable":true,"href":"https:\/\/factory.sale\/fi\/wp-json\/wp\/v2\/media\/100229"}],"wp:attachment":[{"href":"https:\/\/factory.sale\/fi\/wp-json\/wp\/v2\/media?parent=100235"}],"wp:term":[{"taxonomy":"factory","embeddable":true,"href":"https:\/\/factory.sale\/fi\/wp-json\/wp\/v2\/factory?post=100235"},{"taxonomy":"free-shipment","embeddable":true,"href":"https:\/\/factory.sale\/fi\/wp-json\/wp\/v2\/free-shipment?post=100235"},{"taxonomy":"product_brand","embeddable":true,"href":"https:\/\/factory.sale\/fi\/wp-json\/wp\/v2\/product_brand?post=100235"},{"taxonomy":"product_cat","embeddable":true,"href":"https:\/\/factory.sale\/fi\/wp-json\/wp\/v2\/product_cat?post=100235"},{"taxonomy":"product_tag","embeddable":true,"href":"https:\/\/factory.sale\/fi\/wp-json\/wp\/v2\/product_tag?post=100235"}],"curies":[{"name":"wp","href":"https:\/\/api.w.org\/{rel}","templated":true}]}}