{"id":100134,"date":"2025-02-18T01:31:54","date_gmt":"2025-02-17T22:39:18","guid":{"rendered":"https:\/\/factory.sale\/?post_type=product&#038;p=100134"},"modified":"2025-02-18T01:47:55","modified_gmt":"2025-02-17T22:47:55","slug":"harvia-radiant-infrasaunat-kahdelle-hengelle","status":"publish","type":"product","link":"https:\/\/factory.sale\/fi\/tuote\/harvia-radiant-infrasaunat-kahdelle-hengelle\/","title":{"rendered":"Harvia radiant infrasaunat kahdelle hengelle"},"content":{"rendered":"<p><strong>EAN: 6410082641024<\/strong><\/p>\n<p><strong>Tuotekoodi: harvia-sgc1210br<\/strong><\/p>\n<p>&nbsp;<\/p>\n<p>&nbsp;<\/p>\n<p>Radiant-infrasauna antaa mahdollisuuden rentoutua silloin, kun se Sinulle parhaiten sopii. Infrasaunan toiminta perustuu kohdennetusti infrapunal\u00e4mp\u00f6\u00e4 tuottaviin elementteihin. L\u00e4mp\u00f6 on saman\u00adlaista hyv\u00e4\u00e4 l\u00e4mp\u00f6\u00e4, jota my\u00f6s aurinko tuottaa. Infrapunal\u00e4mp\u00f6 tuo Sinulle kokonaisvaltaisen rentouden ja virkistymisen tunteen. Saat etel\u00e4n l\u00e4mm\u00f6n kotiisi.<\/p>\n<p>Harvia on valmistanut infrasaunoja jo yli kymmenen vuoden ajan. Niiden p\u00e4\u00e4markkina-alue on ollut Keski-Eurooppa, mutta nyt my\u00f6s suomalaiset ovat innostuneet infrasaunojen paljon positiivisia vaikutuksia antavasta l\u00e4mm\u00f6st\u00e4. Infrasaunoja on k\u00e4ytetty vuosia maailmalla mm. kylpyl\u00f6iss\u00e4, hotelleissa, kauneushoitoloissa ja yksi\u00adtyisiss\u00e4 kodeissa.<br \/>\nInfrasaunan voi asentaa mihin tahansa kuivaan tilaan, esimerkiksi makuu\u00adhuoneeseen. Infrasaunan saa asentaa ilman erillist\u00e4 rakennus\u00adlupaa ja se on helposti asennet\u00adtavissa my\u00f6s kerros\u00adtalo\u00adasuntoon.<br \/>\nInvestointi omaan hyv\u00e4\u00e4n oloon.<\/p>\n<p>Ota mukaasi aikakauslehti, istahda infrasaunan penkille pyyhkeen p\u00e4\u00e4lle ja varaa itsellesi puoli tuntia aikaa. Laita mielimusiikkiasi infrasaunan cd-soittimeen ja syvenny nauttimaan omasta hetkest\u00e4si. Hyv\u00e4nolon\u00adtunne valtaa kehosi ja mielesi.<br \/>\nInfrasaunan l\u00e4mp\u00f6 perustuu l\u00e4mp\u00f6elementteihin, jotka tuottavat pitk\u00e4aaltoista, kuivaa l\u00e4mp\u00f6\u00e4. Se vaikuttaa syv\u00e4lle kudoksiin, mink\u00e4 ansiosta sill\u00e4 on monia hyvi\u00e4 vaikutuksia. L\u00e4mp\u00f6 on samanlaista hyv\u00e4\u00e4 l\u00e4mp\u00f6\u00e4, jota aurinkokin tuottaa, siksi infrasaunan ja kirkas\u00advalo\u00adlaitteen k\u00e4yt\u00f6ll\u00e4 on yhtenev\u00e4isi\u00e4 vaikutuksia.<br \/>\nInfrapunal\u00e4mp\u00f6\u00e4 on jo vuosien ajan k\u00e4ytetty hoitomuotona sairaa\u00adloissa ja kuntoutus\u00adkeskuksissa, joten sen terveysvaikutukset tiedos\u00adte\u00adtaan hyvin.<\/p>\n<p>Infrapunal\u00e4mm\u00f6ll\u00e4 on samankaltaisia vaikutuksia kuin liikunnalla. Se lis\u00e4\u00e4 ja stimuloi verenkiertoa, rentouttaa lihaksia, polttaa kaloreita, poistaa ja lievitt\u00e4\u00e4 stressi\u00e4 sek\u00e4 rentouttaa fyysisesti ja henkisesti. Koska infrapuna\u00adl\u00e4mp\u00f6 virkist\u00e4\u00e4 ja kiihdytt\u00e4\u00e4 elintoimintoja, on se erinomainen l\u00e4mmit\u00adtely\u00ad\u00admuoto ennen liikunta\u00adsuoritusta. Liikunta\u00adsuorituksen j\u00e4lkeen l\u00e4mm\u00f6ll\u00e4 on palauttava ja rentouttava vaikutus.<\/p>\n<p>Infrasaunaa voi k\u00e4ytt\u00e4\u00e4 p\u00e4ivitt\u00e4in. Sopiva kesto yhdelle k\u00e4ytt\u00f6\u00adkerralle on n. 30 minuuttia. L\u00e4mp\u00f6tila on s\u00e4\u00e4dett\u00e4viss\u00e4 maksi\u00admissaan 65 asteeseen. Jotta infrasaunan k\u00e4yt\u00f6n moni\u00adpuoliset, positiiviset vaikutukset saa hy\u00f6dynnetty\u00e4, Harvia suosittelee infrasaunan k\u00e4ytt\u00f6\u00e4 noin kolme kertaa viikossa. Koska nesteen haih\u00adtuminen ja korkeammissa l\u00e4mp\u00f6tiloissa hikoilu on infra\u00adsaunassa voimakasta, muista juoda vett\u00e4 sek\u00e4 ennen ett\u00e4 j\u00e4lkeen k\u00e4ytt\u00f6kerran.<\/p>\n<p>Infrasaunaa ohjataan helppok\u00e4ytt\u00f6isell\u00e4 ohjaus\u00adpaneelilla, josta voit s\u00e4\u00e4t\u00e4\u00e4 infrasaunan p\u00e4\u00e4ll\u00e4oloajan sek\u00e4 l\u00e4mp\u00f6tilan. Radiant on k\u00e4ytt\u00f6\u00advalmis alle 10 minuutissa. Hyv\u00e4\u00e4 l\u00e4mp\u00f6\u00e4 alkaa muodostua heti l\u00e4mp\u00f6elementtien p\u00e4\u00e4lle\u00adkytkemisen j\u00e4lkeen. Ohjauspaneelista on my\u00f6s mahdollista kytke\u00e4 valaistus p\u00e4\u00e4lle. Radio\/cd-soittimella voit kuunnella mieli\u00admusiikkiasi.<\/p>\n<p>Radiant-infrasaunan sis\u00e4pintojen materiaali on hemlokkipuuta, joka on miellytt\u00e4v\u00e4n tuoksuinen, m\u00e4ntypuihin kuuluva vaaleahko puu\u00admateriaali. Infrasaunojen ulkopinta on tummaa p\u00e4hkin\u00e4puuviilua.<br \/>\nModernisti muotoilluissa infrasaunoissa on paljon lasipintaa. Suuret l\u00e4mp\u00f6elementit on sijoitettu niin, ett\u00e4 pitk\u00e4aaltoinen l\u00e4mp\u00f6 p\u00e4\u00e4see vaikuttamaan kehosi kaikkiin osiin. Koska hikoilu on infrasaunassa hyvinkin voimakasta, kannattaa penkit ja jopa lattia suojata esi\u00ad\u00admer\u00adkiksi pyyhkeell\u00e4. Penkkiosat on irrotettavissa puhdistusta varten.<\/p>\n<p>Infrapunal\u00e4mp\u00f6 ei sis\u00e4ll\u00e4 haitallista s\u00e4teily\u00e4, mutta koska l\u00e4mp\u00f6 nostaa hetkellisesti kudosten l\u00e4mp\u00f6tilaa, keskustele infrasaunan k\u00e4y\u00adt\u00f6st\u00e4 l\u00e4\u00e4k\u00e4risi kanssa, jos olet raskaana, tai jos Sinulla on terveys\u00adongelmia tai Sinulle on asennettu kirurgisia implantteja.<\/p>\n<p>&nbsp;<\/p>\n<p>&nbsp;<\/p>\n<p><strong>Tekniset tiedot:<\/strong><\/p>\n<table class=\"sauna-table-properties\" style=\"height: 274px;\" width=\"338\">\n<tbody>\n<tr>\n<td>S\u00e4teilij\u00e4n tyyppi:<\/td>\n<td class=\"sauna-properties-value-box \">5<\/td>\n<\/tr>\n<tr>\n<td class=\"hightLight\">Istumapaikka\/hl\u00f6:<\/td>\n<td class=\"sauna-properties-value-box hightLight\">2<\/td>\n<\/tr>\n<tr>\n<td>Leveys (mm):<\/td>\n<td class=\"sauna-properties-value-box \">1200<\/td>\n<\/tr>\n<tr>\n<td class=\"hightLight\">Syvyys (mm):<\/td>\n<td class=\"sauna-properties-value-box hightLight\">1050<\/td>\n<\/tr>\n<tr>\n<td>Korkeus (mm):<\/td>\n<td class=\"sauna-properties-value-box \">1910<\/td>\n<\/tr>\n<tr>\n<td class=\"hightLight\">Paino (kg):<\/td>\n<td class=\"sauna-properties-value-box hightLight\">100<\/td>\n<\/tr>\n<tr>\n<td>Liit\u00e4nt\u00e4teho:<\/td>\n<td class=\"sauna-properties-value-box \">1,82 kW<\/td>\n<\/tr>\n<tr>\n<td class=\"hightLight\">Sulake:<\/td>\n<td class=\"sauna-properties-value-box hightLight\">16 A<\/td>\n<\/tr>\n<tr>\n<td><\/td>\n<\/tr>\n<\/tbody>\n<\/table>\n<p>&nbsp;<\/p>\n<p>&nbsp;<\/p>\n<p><a href=\"https:\/\/factory.sale\/wp-content\/uploads\/2025\/02\/manual_radiant.pdf\" target=\"_blank\" rel=\"noopener\">Lataa k\u00e4ytt\u00f6ohje t\u00e4\u00e4lt\u00e4<\/a><\/p>\n","protected":false},"excerpt":{"rendered":"<p>Radiant-infrasauna antaa mahdollisuuden rentoutua silloin, kun se Sinulle parhaiten sopii. Infrasaunan toiminta perustuu kohdennetusti infrapunal\u00e4mp\u00f6\u00e4 tuottaviin elementteihin. L\u00e4mp\u00f6 on saman\u00adlaista hyv\u00e4\u00e4 l\u00e4mp\u00f6\u00e4, jota my\u00f6s aurinko tuottaa. Infrapunal\u00e4mp\u00f6 tuo Sinulle kokonaisvaltaisen rentouden ja virkistymisen tunteen. Saat etel\u00e4n l\u00e4mm\u00f6n kotiisi.<\/p>\n","protected":false},"featured_media":100124,"comment_status":"open","ping_status":"closed","template":"","meta":{"_acf_changed":false},"factory":[],"free-shipment":[],"product_brand":[],"product_cat":[2443,1317],"product_tag":[],"class_list":{"0":"post-100134","1":"product","2":"type-product","3":"status-publish","4":"has-post-thumbnail","6":"product_cat-infrapunasauna","7":"product_cat-sauna-fi","9":"first","10":"instock","11":"sale","12":"taxable","13":"shipping-taxable","14":"purchasable","15":"product-type-simple"},"acf":[],"_links":{"self":[{"href":"https:\/\/factory.sale\/fi\/wp-json\/wp\/v2\/product\/100134","targetHints":{"allow":["GET"]}}],"collection":[{"href":"https:\/\/factory.sale\/fi\/wp-json\/wp\/v2\/product"}],"about":[{"href":"https:\/\/factory.sale\/fi\/wp-json\/wp\/v2\/types\/product"}],"replies":[{"embeddable":true,"href":"https:\/\/factory.sale\/fi\/wp-json\/wp\/v2\/comments?post=100134"}],"wp:featuredmedia":[{"embeddable":true,"href":"https:\/\/factory.sale\/fi\/wp-json\/wp\/v2\/media\/100124"}],"wp:attachment":[{"href":"https:\/\/factory.sale\/fi\/wp-json\/wp\/v2\/media?parent=100134"}],"wp:term":[{"taxonomy":"factory","embeddable":true,"href":"https:\/\/factory.sale\/fi\/wp-json\/wp\/v2\/factory?post=100134"},{"taxonomy":"free-shipment","embeddable":true,"href":"https:\/\/factory.sale\/fi\/wp-json\/wp\/v2\/free-shipment?post=100134"},{"taxonomy":"product_brand","embeddable":true,"href":"https:\/\/factory.sale\/fi\/wp-json\/wp\/v2\/product_brand?post=100134"},{"taxonomy":"product_cat","embeddable":true,"href":"https:\/\/factory.sale\/fi\/wp-json\/wp\/v2\/product_cat?post=100134"},{"taxonomy":"product_tag","embeddable":true,"href":"https:\/\/factory.sale\/fi\/wp-json\/wp\/v2\/product_tag?post=100134"}],"curies":[{"name":"wp","href":"https:\/\/api.w.org\/{rel}","templated":true}]}}