{"id":4899,"date":"2021-04-27T13:55:21","date_gmt":"2021-04-27T13:55:21","guid":{"rendered":"https:\/\/factory.sale\/?page_id=4899"},"modified":"2025-06-17T15:10:08","modified_gmt":"2025-06-17T12:10:08","slug":"maksusuunnitelma","status":"publish","type":"page","link":"https:\/\/factory.sale\/fi\/maksusuunnitelma\/","title":{"rendered":"Maksusuunnitelma"},"content":{"rendered":"\n<p>Esittelyss\u00e4 yhteisty\u00f6kumppanimme ResursBank. Yhdess\u00e4 ResursBankin kanssa haluamme auttaa sinua l\u00f6yt\u00e4m\u00e4\u00e4n tasapainon taloudessasi ja el\u00e4m\u00e4ss\u00e4si. Resurs haluaa kehitt\u00e4\u00e4 kest\u00e4v\u00e4mpi\u00e4<br>vaihtoehtoja kiertotalouden tarpeisiin sek\u00e4 edist\u00e4\u00e4 digitaalisia palveluja, jotka sopivat nykyihmiselle. Yhteisty\u00f6ss\u00e4 Resursin kanssa autamme Factory.Sale<br>&#8211; asiakkaitamme suunnittelemaan ostoksensa omaan talouteensa<br>sopivilla maksuehdoilla &#8211; laskulla tai osamaksulla.<\/p>\n\n\n\n<h1 class=\"wp-block-heading\">Maksa my\u00f6hemmin \u00ad\u2013 omaan tahtiisi<\/h1>\n\n\n\n<p>Valitset milloin ja miten haluat maksaa.<\/p>\n\n\n\n<p>&#8211;&nbsp;&nbsp;&nbsp;&nbsp;&nbsp;&nbsp;30\u201360 p\u00e4iv\u00e4\u00e4 ensimm\u00e4iseen er\u00e4p\u00e4iv\u00e4\u00e4n<\/p>\n\n\n\n<p>&#8211;&nbsp;&nbsp;&nbsp;&nbsp;&nbsp;&nbsp;Ei avausmaksua, ei korttia eik\u00e4 piilokuluja<\/p>\n\n\n\n<p>&#8211;&nbsp;&nbsp;&nbsp;&nbsp;&nbsp;&nbsp;Voit jakaa maksun osiin ja valita sinulle sopivimman maksuvaihtoehdon<\/p>\n\n\n\n<p>Voit tehd\u00e4 hakemuksen joko alla olevasta linkist\u00e4 tai toimipaikassa paikan p\u00e4\u00e4ll\u00e4. Saat laskun vasta ostoa seuraavana kuukautena ja voit silloin valita maksatko koko summan kerralla vai joustavasti eriss\u00e4.<\/p>\n\n\n\n<p><strong><a href=\"https:\/\/apponline.resurs.com\/form\/fi500\" target=\"_blank\" rel=\"noopener\" data-saferedirecturl=\"https:\/\/www.google.com\/url?q=https:\/\/apponline.resurs.com\/form\/fi500&amp;source=gmail&amp;ust=1717666175852000&amp;usg=AOvVaw2DOF4cORhUNoJo8EVNghh4\">HAE LUOTTOA T\u00c4ST\u00c4&nbsp;<\/a><\/strong><\/p>\n\n\n\n<p>N\u00e4et luottop\u00e4\u00e4t\u00f6ksen heti ja saat luoton k\u00e4ytt\u00f6\u00f6si, kun olet allekirjoittanut luottosopimuksen s\u00e4hk\u00f6isesti.<\/p>\n\n\n\n<p><strong>Ent\u00e4p\u00e4 kustannukset?<\/strong><\/p>\n\n\n\n<p><strong>Talo ja koti-tili<\/strong><\/p>\n\n\n\n<figure class=\"wp-block-table\"><table class=\"has-fixed-layout\"><tbody><tr><td><strong>Maksuvaihtoehdot<\/strong><strong>4000 euroon asti<\/strong><\/td><td><strong>Luottokulu \u20ac\/kk<\/strong><\/td><td><strong>Korko<\/strong><\/td><\/tr><tr><td><strong>30\u201360 p\u00e4iv\u00e4\u00e4<\/strong><\/td><td>0 \u20ac<\/td><td>0 %<\/td><\/tr><tr><td><strong>12 kuukautta<\/strong><\/td><td>Luottokulu on 0,28 % sovitusta luottorajasta, kuitenkin enint\u00e4\u00e4n 12,50 \u20ac\/kk.<\/td><td>0 %<\/td><\/tr><tr><td><strong>36 kuukautta<\/strong><\/td><td>Luottokulu on 0,28 % sovitusta luottorajasta, kuitenkin enint\u00e4\u00e4n 12,50 \u20ac\/kk.<\/td><td>12,90 %<\/td><\/tr><tr><td><strong>60 kuukautta<\/strong><\/td><td>Luottokulu on 0,28 % sovitusta luottorajasta, kuitenkin enint\u00e4\u00e4n 12,50 \u20ac\/kk.<\/td><td>15,00 % + KSL mukainen viitekorko*<\/td><\/tr><\/tbody><\/table><\/figure>\n\n\n\n<p>*KSL viitekoroilla tarkoitetaan kuluttajansuojalaissa viitattua korkolain 12 \u00a7:n mukaista viitekorkoa, jonka Suomen Pankki julkistaa kahdesti vuodessa ja joka on voimassa 6 kuukautta kerrallaan. Sovellettava viitekorko voi olla enint\u00e4\u00e4n 5 % eli luoton vuosikorko voi olla enint\u00e4\u00e4n 20 %, kuten kuluttajansuojalaissa s\u00e4\u00e4det\u00e4\u00e4n.<\/p>\n\n\n\n<p><strong>Esimerkkiostos:<\/strong>&nbsp;1 500 \u20ac, 12 kk maksuvaihtoehdolla. Vuosikorko: 0 %. Luottokulu\/kk: 5,60 \u20ac. Todellinen vuosikorko: 4,01 %. Luoton kustannukset: 61,60 \u20ac. Maksettava yhteens\u00e4: 1&nbsp;561,60 \u20ac. Osamaksuer\u00e4\/kk: 130,60 \u20ac, 12 er\u00e4\u00e4. Esimerkki on laskettu 12 kuukauden maksuvaihtoehdolle. Luottokulu 0,28 %\/kk sovitusta luottorajasta, kuitenkin enint\u00e4\u00e4n 12,50 \u20ac\/kk, veloitaan kuukausilaskulla. Tilirahoitus on jatkuva luotto, jonka minimiluottoraja on 2 000 euroa. Luoton muusta k\u00e4yt\u00f6st\u00e4 voi seurata korkeampi tai alempi todellinen vuosikorko. Luotonantaja: Resurs Bank AB Suomen sivuliike<\/p>\n\n\n\n<p><strong>Onko sinulla jo tili?<\/strong><\/p>\n\n\n\n<p>Tarvittaessa voit my\u00f6s itse korottaa jo aiemmin avattua tili\u00e4si oheisen hakemuslinkin kautta:&nbsp;<a href=\"https:\/\/apponline.resurs.com\/form\/fi500\/limitraise\" target=\"_blank\" rel=\"noopener\" data-saferedirecturl=\"https:\/\/www.google.com\/url?q=https:\/\/apponline.resurs.com\/form\/fi500\/limitraise&amp;source=gmail&amp;ust=1717666175852000&amp;usg=AOvVaw3wj25erwyMARoKm50qvigV\">linkki korotushakemukseen<\/a><\/p>\n\n\n\n<p><strong>Talo ja koti-rahoitus 4000 \u2013 10 000<\/strong><\/p>\n\n\n\n<p><a href=\"https:\/\/apponline.resurs.com\/form\/fi500nq\" target=\"_blank\" rel=\"noopener\" data-saferedirecturl=\"https:\/\/www.google.com\/url?q=https:\/\/apponline.resurs.com\/form\/fi500nq&amp;source=gmail&amp;ust=1717666175852000&amp;usg=AOvVaw1URyynvJCQTBnFfskz6y0A\"><strong>HAE LUOTTOA T\u00c4ST\u00c4&nbsp;<\/strong><\/a><\/p>\n\n\n\n<figure class=\"wp-block-table\"><table class=\"has-fixed-layout\"><tbody><tr><td><strong>Maksuvaihtoehdot<\/strong><strong>4000 \u2013 10&nbsp;000<\/strong><\/td><td><strong>Luottokulu \u20ac\/kk<\/strong><\/td><td><strong>Korko<\/strong><\/td><\/tr><tr><td><strong>30\u201360 p\u00e4iv\u00e4\u00e4<\/strong><\/td><td>0 \u20ac<\/td><td>0 %<\/td><\/tr><tr><td><strong>12\u201372 kuukautta<\/strong><\/td><td>Luottokulu on 0,28 % sovitusta luottorajasta, kuitenkin enint\u00e4\u00e4n 12,50 \u20ac\/kk.<\/td><td>9,90 %<\/td><\/tr><\/tbody><\/table><\/figure>\n\n\n\n<p>*KSL viitekoroilla tarkoitetaan kuluttajansuojalaissa viitattua korkolain 12 \u00a7:n mukaista viitekorkoa, jonka Suomen Pankki julkistaa kahdesti vuodessa ja joka on voimassa 6 kuukautta kerrallaan. Sovellettava viitekorko voi olla enint\u00e4\u00e4n 5 % eli luoton vuosikorko voi olla enint\u00e4\u00e4n 20 %, kuten<\/p>\n\n\n\n<p><strong>Esimerkkiostos:<\/strong>&nbsp;4000 \u20ac, 12 kk maksuvaihtoehdolla. Vuosikorko: 9,90 %. Luottokulu\/kk: 11,20 \u20ac. Todellinen vuosikorko: 16,02 %. Luoton kustannukset: 359,27 \u20ac. Maksettava yhteens\u00e4: 4360 \u20ac. Osamaksuer\u00e4\/kk: 364,22 \u20ac, 12 er\u00e4\u00e4. Luottokulu on 0,28 %\/kk sovitusta luottorajasta, kuitenkin enint\u00e4\u00e4n 12,50 \u20ac\/kk. Luottokulu veloitetaan kuukausilaskuilla. Talo ja koti-tili\/rahoitus&nbsp;on jatkuva luotto, jonka minimiluottoraja on 2000 \u20ac. Luoton muusta k\u00e4yt\u00f6st\u00e4 voi seurata korkeampi tai alempi todellinen vuosikorko. Luotto ei ole k\u00e4yt\u00f6ss\u00e4 Ahvenanmaalla. Luotonantaja: Resurs Bank AB Suomen sivuliike.<\/p>\n\n\n\n<p>Lue lis\u00e4\u00e4 rahoituskumppanistamme Resursista&nbsp;<a href=\"https:\/\/www.resursbank.fi\/resurs-partner\" target=\"_blank\" rel=\"noopener\" data-saferedirecturl=\"https:\/\/www.google.com\/url?q=https:\/\/www.resursbank.fi\/resurs-partner&amp;source=gmail&amp;ust=1717666175853000&amp;usg=AOvVaw3DieKnLYfEbTUhTTkDX6Q5\">t\u00e4\u00e4lt\u00e4.<\/a><\/p>\n\n\n\n<p><strong>Onko sinulla jo tili?<\/strong><\/p>\n\n\n\n<p>Tarvittaessa voit my\u00f6s itse korottaa jo aiemmin avattua tili\u00e4si oheisen hakemuslinkin kautta:&nbsp;<a href=\"https:\/\/apponline.resurs.com\/form\/fi500nq\/limitraise\" target=\"_blank\" rel=\"noopener\" data-saferedirecturl=\"https:\/\/www.google.com\/url?q=https:\/\/apponline.resurs.com\/form\/fi500nq\/limitraise&amp;source=gmail&amp;ust=1717666175853000&amp;usg=AOvVaw2e66muvb9PZPXbdAI9UNOP\">linkki korotushakemukseen<\/a><\/p>\n\n\n\n<p>Muistathan hy\u00f6dynt\u00e4\u00e4 my\u00f6s Resurs online bankiasi, josta n\u00e4et mm. tilisi saldon:<u>&nbsp;<\/u><a href=\"https:\/\/www.resursbank.fi\/kirjaudu-sisaan\" target=\"_blank\" rel=\"noopener\" data-saferedirecturl=\"https:\/\/www.google.com\/url?q=https:\/\/www.resursbank.fi\/kirjaudu-sisaan&amp;source=gmail&amp;ust=1717666175853000&amp;usg=AOvVaw2p7PlpFjHwTpPiC0JjGa6c\">Kirjaudu online bankiin t\u00e4st\u00e4.<\/a><\/p>\n\n\n\n<p><strong>J\u00e4ik\u00f6 jokin mietitytt\u00e4m\u00e4\u00e4n?<\/strong><\/p>\n\n\n\n<p>Ota yhteytt\u00e4 Resursin asiakaspalveluun arkisin, puh. 09 622 4308.<\/p>\n","protected":false},"excerpt":{"rendered":"<p>Esittelyss\u00e4 yhteisty\u00f6kumppanimme ResursBank. Yhdess\u00e4 ResursBankin kanssa haluamme auttaa sinua l\u00f6yt\u00e4m\u00e4\u00e4n tasapainon taloudessasi ja el\u00e4m\u00e4ss\u00e4si. Resurs haluaa kehitt\u00e4\u00e4 kest\u00e4v\u00e4mpi\u00e4vaihtoehtoja kiertotalouden tarpeisiin sek\u00e4 edist\u00e4\u00e4 digitaalisia palveluja, jotka sopivat nykyihmiselle. Yhteisty\u00f6ss\u00e4 Resursin kanssa autamme Factory.Sale&#8211; asiakkaitamme suunnittelemaan ostoksensa omaan talouteensasopivilla maksuehdoilla &#8211; laskulla tai osamaksulla. Maksa my\u00f6hemmin \u00ad\u2013 omaan tahtiisi Valitset milloin ja miten haluat maksaa. &#8211;&nbsp;&nbsp;&nbsp;&nbsp;&nbsp;&nbsp;30\u201360 p\u00e4iv\u00e4\u00e4 [&hellip;]<\/p>\n","protected":false},"author":4,"featured_media":0,"parent":0,"menu_order":0,"comment_status":"closed","ping_status":"closed","template":"","meta":{"_acf_changed":false,"footnotes":""},"class_list":["post-4899","page","type-page","status-publish","hentry"],"acf":[],"_links":{"self":[{"href":"https:\/\/factory.sale\/fi\/wp-json\/wp\/v2\/pages\/4899","targetHints":{"allow":["GET"]}}],"collection":[{"href":"https:\/\/factory.sale\/fi\/wp-json\/wp\/v2\/pages"}],"about":[{"href":"https:\/\/factory.sale\/fi\/wp-json\/wp\/v2\/types\/page"}],"author":[{"embeddable":true,"href":"https:\/\/factory.sale\/fi\/wp-json\/wp\/v2\/users\/4"}],"replies":[{"embeddable":true,"href":"https:\/\/factory.sale\/fi\/wp-json\/wp\/v2\/comments?post=4899"}],"version-history":[{"count":4,"href":"https:\/\/factory.sale\/fi\/wp-json\/wp\/v2\/pages\/4899\/revisions"}],"predecessor-version":[{"id":106288,"href":"https:\/\/factory.sale\/fi\/wp-json\/wp\/v2\/pages\/4899\/revisions\/106288"}],"wp:attachment":[{"href":"https:\/\/factory.sale\/fi\/wp-json\/wp\/v2\/media?parent=4899"}],"curies":[{"name":"wp","href":"https:\/\/api.w.org\/{rel}","templated":true}]}}