{"id":138722,"date":"2025-12-29T14:18:09","date_gmt":"2025-12-29T11:18:09","guid":{"rendered":"https:\/\/factory.sale\/escrow-payments\/"},"modified":"2026-01-30T21:49:37","modified_gmt":"2026-01-30T18:49:37","slug":"escrow-payments","status":"publish","type":"page","link":"https:\/\/factory.sale\/fi\/escrow-payments\/","title":{"rendered":"Escrow-maksut Factory.Sale-palvelussa"},"content":{"rendered":"\n<p class=\"has-large-font-size\"><br>Varasi pidet\u00e4\u00e4n turvallisesti hallussa, kuni toimitus on vahvistettu. T\u00e4m\u00e4 suojaa sek\u00e4 ostajaa ett\u00e4 myyj\u00e4\u00e4.<\/p>\n\n\n\n<h3 class=\"wp-block-heading\"><br>Mik\u00e4 on Escrow-maksu?<\/h3>\n\n\n<div class=\"wp-block-image size-small\">\n<figure class=\"alignleft size-large is-resized\"><img loading=\"lazy\" decoding=\"async\" width=\"1024\" height=\"683\" src=\"https:\/\/factory.sale\/wp-content\/uploads\/2025\/12\/escrow-platvorm-01-1024x683.jpg\" alt=\"\" class=\"wp-image-135296\" style=\"width:567px;height:auto\" srcset=\"https:\/\/factory.sale\/wp-content\/uploads\/2025\/12\/escrow-platvorm-01-1024x683.jpg 1024w, https:\/\/factory.sale\/wp-content\/uploads\/2025\/12\/escrow-platvorm-01-300x200.jpg 300w, https:\/\/factory.sale\/wp-content\/uploads\/2025\/12\/escrow-platvorm-01-150x100.jpg 150w, https:\/\/factory.sale\/wp-content\/uploads\/2025\/12\/escrow-platvorm-01-768x512.jpg 768w, https:\/\/factory.sale\/wp-content\/uploads\/2025\/12\/escrow-platvorm-01-600x400.jpg 600w, https:\/\/factory.sale\/wp-content\/uploads\/2025\/12\/escrow-platvorm-01.jpg 1536w\" sizes=\"auto, (max-width: 1024px) 100vw, 1024px\" \/><\/figure><\/div>\n\n\n<p>Escrow-maksu on turvallinen maksutapa, jossa puolueeton kolmas osapuoli s\u00e4ilytt\u00e4\u00e4 ostajan varoja v\u00e4liaikaisesti, kunnes kaikki sovitut ehdot on t\u00e4ytetty. Sen sijaan, ett\u00e4 ostaja maksaisi suoraan myyj\u00e4lle, varat talletetaan suojatulle Escrow-tilille. Varat vapautetaan vasta, kun ostaja vahvistaa, ett\u00e4 tavarat tai palvelut on toimitettu sopimuksen mukaisesti. N\u00e4in varmistetaan luottamus, l\u00e4pin\u00e4kyvyys ja suoja molemmille osapuolille, erityisesti uusissa tai arvoltaan suurissa liiketoimintasuhteissa.<\/p>\n\n\n\n<h3 class=\"wp-block-heading\"><br><br><br><br><br><\/h3>\n\n\n\n<h3 class=\"wp-block-heading\"><br><br>Miksi k\u00e4ytt\u00e4\u00e4 Escrow-maksua Factory.Sale-palvelussa?<\/h3>\n\n\n\n<p>Suunniteltu moderniin B2B- ja B&amp;C-kauppaan.<\/p>\n\n\n<div class=\"wp-block-image\">\n<figure class=\"alignleft size-large is-resized\"><img loading=\"lazy\" decoding=\"async\" width=\"1024\" height=\"683\" src=\"https:\/\/factory.sale\/wp-content\/uploads\/2025\/12\/escrow-platvorm-07-1024x683.png\" alt=\"Escrow\" class=\"wp-image-135400\" style=\"width:568px;height:auto\" srcset=\"https:\/\/factory.sale\/wp-content\/uploads\/2025\/12\/escrow-platvorm-07-1024x683.png 1024w, https:\/\/factory.sale\/wp-content\/uploads\/2025\/12\/escrow-platvorm-07-300x200.png 300w, https:\/\/factory.sale\/wp-content\/uploads\/2025\/12\/escrow-platvorm-07-150x100.png 150w, https:\/\/factory.sale\/wp-content\/uploads\/2025\/12\/escrow-platvorm-07-768x512.png 768w, https:\/\/factory.sale\/wp-content\/uploads\/2025\/12\/escrow-platvorm-07-600x400.png 600w, https:\/\/factory.sale\/wp-content\/uploads\/2025\/12\/escrow-platvorm-07.png 1536w\" sizes=\"auto, (max-width: 1024px) 100vw, 1024px\" \/><\/figure><\/div>\n\n\n<p><strong>Riskien v\u00e4hent\u00e4minen <\/strong>\u2013 suojaa ostajaa toimituksen puuttumiselta ja myyj\u00e4\u00e4 maksun laiminly\u00f6nnilt\u00e4.<\/p>\n\n\n\n<p><strong>Luottamus uusiin kumppanuuksiin<\/strong> \u2013 ihanteellinen ensikauppoihin tai kansainv\u00e4liseen kauppaan.<\/p>\n\n\n\n<p><strong>Turvallinen varojen hallinta<\/strong> \u2013 varat pidet\u00e4\u00e4n turvassa, kunnes kaikki ehdot t\u00e4yttyv\u00e4t.<\/p>\n\n\n\n<p><strong>Riitojen ennaltaehk\u00e4isy<\/strong> \u2013 selke\u00e4t v\u00e4litavoitteet ja vahvistukset v\u00e4hent\u00e4v\u00e4t v\u00e4\u00e4rink\u00e4sityksi\u00e4.<\/p>\n\n\n\n<p><strong>Sopii kaikenkokoisille yrityksille<\/strong> \u2013 pienyrityksist\u00e4 laajoihin hankintoihin.<\/p>\n\n\n\n<h3 class=\"wp-block-heading\"><br><br><br><br><br>N\u00e4in Escrow toimii Factory.Sale-palvelussa<\/h3>\n\n\n<div class=\"wp-block-image\">\n<figure class=\"alignleft size-large is-resized\"><img loading=\"lazy\" decoding=\"async\" width=\"1024\" height=\"683\" src=\"https:\/\/factory.sale\/wp-content\/uploads\/2025\/12\/escrow-platvorm-08-1024x683.jpg\" alt=\"Escrow\" class=\"wp-image-135403\" style=\"width:568px;height:auto\" srcset=\"https:\/\/factory.sale\/wp-content\/uploads\/2025\/12\/escrow-platvorm-08-1024x683.jpg 1024w, https:\/\/factory.sale\/wp-content\/uploads\/2025\/12\/escrow-platvorm-08-300x200.jpg 300w, https:\/\/factory.sale\/wp-content\/uploads\/2025\/12\/escrow-platvorm-08-150x100.jpg 150w, https:\/\/factory.sale\/wp-content\/uploads\/2025\/12\/escrow-platvorm-08-768x512.jpg 768w, https:\/\/factory.sale\/wp-content\/uploads\/2025\/12\/escrow-platvorm-08-600x400.jpg 600w, https:\/\/factory.sale\/wp-content\/uploads\/2025\/12\/escrow-platvorm-08.jpg 1536w\" sizes=\"auto, (max-width: 1024px) 100vw, 1024px\" \/><\/figure><\/div>\n\n\n<p><strong>Vaihe 1<\/strong> \u2013 ehtojen sopiminen<br>Ostaja ja myyj\u00e4 sopivat hinnasta, toimitusehdoista ja muista kaupan yksityiskohdista.<\/p>\n\n\n\n<p><strong>Vaihe 2<\/strong> \u2013 ostaja tallettaa varat<br>Ostaja tallettaa maksun turvalliselle Escrow-tilille Factory.Sale-alustan kautta.<\/p>\n\n\n\n<p><strong>Vaihe 3<\/strong> \u2013 myyj\u00e4 toimittaa<br>Myyj\u00e4 toimittaa tavarat tai suorittaa palvelun sovitusti.<\/p>\n\n\n\n<p><strong>Vaihe 4<\/strong> \u2013 ostaja vahvistaa toimituksen<br>Ostaja tarkistaa ja vahvistaa, ett\u00e4 sovitut ehdot on t\u00e4ytetty.<\/p>\n\n\n\n<p><strong>Vaihe 5<\/strong> \u2013 varat vapautetaan<br>Kun toimitus on vahvistettu, varat vapautetaan myyj\u00e4lle ja kauppa on valmis.<br><br><br><\/p>\n\n\n\n<figure class=\"wp-block-embed aligncenter is-type-video is-provider-youtube wp-block-embed-youtube wp-embed-aspect-16-9 wp-has-aspect-ratio\"><div class=\"wp-block-embed__wrapper\">\n<iframe loading=\"lazy\" title=\"How Does Escrow.com Work?\" width=\"500\" height=\"281\" src=\"https:\/\/www.youtube.com\/embed\/q7ypegQliMk?feature=oembed&#038;enablejsapi=1&#038;origin=https:\/\/factory.sale\" frameborder=\"0\" allow=\"accelerometer; autoplay; clipboard-write; encrypted-media; gyroscope; picture-in-picture; web-share\" referrerpolicy=\"strict-origin-when-cross-origin\" allowfullscreen><\/iframe>\n<\/div><\/figure>\n\n\n\n<h3 class=\"wp-block-heading\"><br><br><br><\/h3>\n\n\n\n<div class=\"wp-block-columns is-layout-flex wp-container-core-columns-is-layout-9d6595d7 wp-block-columns-is-layout-flex\">\n<div class=\"wp-block-column is-layout-flow wp-block-column-is-layout-flow\">\n<h4 class=\"wp-block-heading\">K\u00e4yt\u00e4nn\u00f6n esimerkki<\/h4>\n\n\n\n<p><br>Kuvittele, ett\u00e4 hankit suuria m\u00e4\u00e4ri\u00e4 tuotteita uudelta toimittajalta. Suuren ennakkomaksun l\u00e4hett\u00e4minen voi tuntua riskialttiilta ilman vakiintunutta yhteisty\u00f6t\u00e4. Factory.Sale-palvelun Escrow-maksulla maksusi pidet\u00e4\u00e4n turvallisesti hallussa, toimittaja toimittaa tuotteet, sin\u00e4 varmistat, ett\u00e4 kaikki vastaa odotuksia, ja varat vapautetaan vasta hyv\u00e4ksynn\u00e4n j\u00e4lkeen. Molemmat osapuolet ovat suojattuja, ja luottamus syntyy jo ensimm\u00e4isest\u00e4 kaupasta l\u00e4htien.<\/p>\n<\/div>\n\n\n\n<div class=\"wp-block-column is-layout-flow wp-block-column-is-layout-flow\">\n<h4 class=\"wp-block-heading\">Kenelle Escrow sopii?<br><br><\/h4>\n\n\n\n<ul class=\"wp-block-list\">\n<li>Valmistajille ja toimittajille<\/li>\n\n\n\n<li>Tukkukaupan ostajille<\/li>\n\n\n\n<li>Kansainv\u00e4lisille kauppakumppaneille<\/li>\n\n\n\n<li>Startupeille ja pk-yrityksille<\/li>\n\n\n\n<li>Suurten organisaatioiden hankintatiimeille<\/li>\n<\/ul>\n\n\n\n<p><br>Jos kauppaasi liittyy arvoa, riski\u00e4 tai uusia kumppaneita, Escrow on j\u00e4rkev\u00e4 valinta.<\/p>\n<\/div>\n<\/div>\n\n\n\n<h3 class=\"wp-block-heading\"><br><br><\/h3>\n\n\n\n<div class=\"wp-block-columns is-layout-flex wp-container-core-columns-is-layout-9d6595d7 wp-block-columns-is-layout-flex\">\n<div class=\"wp-block-column is-layout-flow wp-block-column-is-layout-flow\">\n<h4 class=\"wp-block-heading\">Miksi Factory.Sale?<\/h4>\n\n\n\n<p><br>Factory.Sale mahdollistaa turvalliset maksut integroimalla markkinapaikkaansa luotettavan kolmannen osapuolen Escrow-palvelun. Factory.Sale-palvelun Escrow-maksut toteutetaan Escrow.comin kautta, joka on maailmanlaajuisesti tunnustettu Escrow-palveluntarjoaja ja hallinnoi sek\u00e4 suojaa varoja itsen\u00e4isesti koko kauppaprosessin ajan. Yhteisty\u00f6ss\u00e4 Escrow.comin kanssa Factory.Sale tarjoaa ostajille ja myyjille enemm\u00e4n varmuutta ja l\u00e4pin\u00e4kyvyytt\u00e4, samalla kun maksukokemus pysyy yksinkertaisena ja saumattomasti osana Factory.Sale-alustaa. Sin\u00e4 keskityt liiketoimintaan. Me varmistamme, ett\u00e4 kauppa on suojattu.<\/p>\n<\/div>\n\n\n\n<div class=\"wp-block-column is-vertically-aligned-top is-layout-flow wp-block-column-is-layout-flow\">\n<h4 class=\"wp-block-heading\">Valmis k\u00e4ym\u00e4\u00e4n kauppaa turvallisesti?<\/h4>\n\n\n\n<p><br>Aloita Escrow-maksujen k\u00e4ytt\u00f6 Factory.Sale-palvelussa ja v\u00e4henn\u00e4 riskej\u00e4 jokaisessa kaupassa.<\/p>\n\n\n\n<p>Aloita turvallinen kauppa. Ota yhteytt\u00e4 saadaksesi lis\u00e4tietoja.<\/p>\n\n\n\n<p><\/p>\n<\/div>\n<\/div>\n\n\n\n<h2 class=\"wp-block-heading\">&nbsp;<\/h2>\n","protected":false},"excerpt":{"rendered":"<p>Varasi pidet\u00e4\u00e4n turvallisesti hallussa, kuni toimitus on vahvistettu. T\u00e4m\u00e4 suojaa sek\u00e4 ostajaa ett\u00e4 myyj\u00e4\u00e4. Mik\u00e4 on Escrow-maksu? Escrow-maksu on turvallinen maksutapa, jossa puolueeton kolmas osapuoli s\u00e4ilytt\u00e4\u00e4 ostajan varoja v\u00e4liaikaisesti, kunnes kaikki sovitut ehdot on t\u00e4ytetty. Sen sijaan, ett\u00e4 ostaja maksaisi suoraan myyj\u00e4lle, varat talletetaan suojatulle Escrow-tilille. Varat vapautetaan vasta, kun ostaja vahvistaa, ett\u00e4 tavarat tai [&hellip;]<\/p>\n","protected":false},"author":5,"featured_media":0,"parent":0,"menu_order":0,"comment_status":"closed","ping_status":"closed","template":"","meta":{"_acf_changed":false,"footnotes":""},"class_list":["post-138722","page","type-page","status-publish","hentry"],"acf":[],"_links":{"self":[{"href":"https:\/\/factory.sale\/fi\/wp-json\/wp\/v2\/pages\/138722","targetHints":{"allow":["GET"]}}],"collection":[{"href":"https:\/\/factory.sale\/fi\/wp-json\/wp\/v2\/pages"}],"about":[{"href":"https:\/\/factory.sale\/fi\/wp-json\/wp\/v2\/types\/page"}],"author":[{"embeddable":true,"href":"https:\/\/factory.sale\/fi\/wp-json\/wp\/v2\/users\/5"}],"replies":[{"embeddable":true,"href":"https:\/\/factory.sale\/fi\/wp-json\/wp\/v2\/comments?post=138722"}],"version-history":[{"count":12,"href":"https:\/\/factory.sale\/fi\/wp-json\/wp\/v2\/pages\/138722\/revisions"}],"predecessor-version":[{"id":138824,"href":"https:\/\/factory.sale\/fi\/wp-json\/wp\/v2\/pages\/138722\/revisions\/138824"}],"wp:attachment":[{"href":"https:\/\/factory.sale\/fi\/wp-json\/wp\/v2\/media?parent=138722"}],"curies":[{"name":"wp","href":"https:\/\/api.w.org\/{rel}","templated":true}]}}