{"id":106528,"date":"2025-07-01T16:34:10","date_gmt":"2025-07-01T13:34:10","guid":{"rendered":"https:\/\/factory.sale\/?page_id=106528"},"modified":"2025-07-01T16:34:12","modified_gmt":"2025-07-01T13:34:12","slug":"manifesti","status":"publish","type":"page","link":"https:\/\/factory.sale\/fi\/manifesti\/","title":{"rendered":"Manifesti"},"content":{"rendered":"\n<h2 class=\"wp-block-heading\">Tarkkuus \u2013 Rehellisyys<\/h2>\n\n\n\n<p>Tarkkuus ja rehellisyys ovat yrityksemme perusta, johon Factory Sale omistaa koko tiimins\u00e4. Emme rajoita itse\u00e4mme tyhjiin sanoihin, vaan teot seuraavat sanojamme. Aika on meille kaikille t\u00e4rke\u00e4, joten asiakkaamme arvostavat meit\u00e4 nopeasta ja kattavasta palvelustamme. Tiimimme on kehitt\u00e4nyt ratkaisuja vastaamaan asiakkaiden tarpeisiin, joten pystymme tarjoamaan juuri sen tuotteen tai palvelun, jota asiakas todella tarvitsee. Syv\u00e4 tietoisuutemme ydinarvoistamme ja teko\u00e4lyn maksimointi mahdollistavat tietojen ker\u00e4\u00e4misen, parempien kysymysten esitt\u00e4misen ja pysymisen kaksi askelta asiakkaiden toiveiden edell\u00e4 \u2013 tuloksena on kyky tarjota r\u00e4\u00e4t\u00e4l\u00f6ityj\u00e4 ratkaisuja, jotka vastaavat t\u00e4sm\u00e4lleen asiakkaiden yksil\u00f6llisiin mieltymyksiin, tarpeisiin ja vaatimuksiin. Mitattavat tavoitteet ovat ty\u00f6kalumme tarkkuuden ja rehellisyyden yll\u00e4pit\u00e4miseen, jotta voimme ylitt\u00e4\u00e4 asiakkaiden odotukset. Rehellisyys ilman tarkkuutta on kuin tyhj\u00e4 lupaus. Rehellinen kommunikointi asiakkaiden kanssa, avoin ongelmanratkaisu ja lupausten t\u00e4ytt\u00e4minen luovat vahvan pohjan luottamukselle, mik\u00e4 on tuonut meille arvokkaita pitk\u00e4aikaisia liikesuhteita.<\/p>\n\n\n\n<p>Tarkkuus ja rehellisyys ovat yrityksemme DNA:ssa. Nopeat vastausajat, r\u00e4\u00e4t\u00e4l\u00f6idyt ratkaisut, mitattavat tavoitteet ja luottamuksen rakentaminen ovat tuoneet mielenrauhaa asiakkaillemme ja kiitollisuutta meille.<\/p>\n\n\n\n<h2 class=\"wp-block-heading\">Monipuolinen palveluvalikoima<\/h2>\n\n\n\n<p>Yrityksemme palveluvalikoima on monipuolinen ja tarjoaa kumppaneillemme kaikki mahdolliset ratkaisut erilaisiin rakentamisen tarpeisiin. Meill\u00e4 on suorat suhteet lukuisiin tehtaisiin ymp\u00e4ri maailmaa, joten maailmanlaajuinen kauppa on k\u00e4den ulottuvilla. Sano vain sana, niin l\u00f6yd\u00e4mme ainutlaatuisen ratkaisun toiveidesi ja tarpeidesi mukaan.<\/p>\n\n\n\n<p>Meill\u00e4 ty\u00f6skentelee oman alansa ammattilaisia, jotka kommunikoivat tehtaiden kanssa, ovat ty\u00f6ss\u00e4\u00e4n t\u00e4sm\u00e4llisi\u00e4 ja varmistavat asiakkaalle oikean palvelun ja tuotteen. Seuraamme jatkuvasti tehtaiden toimintaa ja tuotantoprosesseja ja teemme tiivist\u00e4 yhteisty\u00f6t\u00e4 saadaksemme laadukkaan tavaran ja luotettavan palvelun. Tarkkuutemme ja omistautumisemme takaavat asiakkaillemme mielenrauhan kun he tiet\u00e4v\u00e4t, ett\u00e4 he saavat juuri sen, mit\u00e4 tarvitsevat, jolloin v\u00e4ltyt\u00e4\u00e4n v\u00e4\u00e4rilt\u00e4 tuotteilta.<\/p>\n\n\n\n<h2 class=\"wp-block-heading\">Parhaan hinnan takuu<\/h2>\n\n\n\n<p>Nykymaailmassa missiomme on tarjota asiakkaille paitsi parasta laatua, my\u00f6s varmistaa paras mahdollinen hinta \u2013 t\u00e4m\u00e4 tarkoittaa parhaan hintatakuumme. Asiakkaat voivat luottaa siihen, ett\u00e4 palvelumme ja tuotteemme ovat aina parhaaseen mahdolliseen hintaan. Parhaan hinnan takuun ansiosta olemme s\u00e4ilytt\u00e4neet asemamme markkinoilla ja vahvistaneet mainettamme luotettavana palveluntarjoajana.<\/p>\n\n\n\n<p>Parhaan hinnan takuu on osa sitoutumistamme tarjota laadukkaita, edullisia ja asiakkaiden toiveita vastaavia palveluita. Missiomme on tarjota paras mahdollinen hinta-laatusuhde, sill\u00e4 yhteisty\u00f6kumppanimme ovat meille t\u00e4rkeit\u00e4 \u2013 jos he menestyv\u00e4t, niin menestymme my\u00f6s me!<\/p>\n\n\n\n<h2 class=\"wp-block-heading\">Kumppanuus<\/h2>\n\n\n\n<p>Oletko koskaan halunnut kokea jotain muutakin kuin vain liiketoimintaa? Factory Sale uskoo, ett\u00e4 henkil\u00f6kohtainen kokemus on eritt\u00e4in t\u00e4rke\u00e4. Kumppanuus on enemm\u00e4n kuin pelkk\u00e4 myynti, se on pikemminkin pitk\u00e4aikaista, kaksisuuntaista yhteisty\u00f6t\u00e4. L\u00e4hestymistapamme asiakkaiden kanssa kommunikoinnissa on keskittynyt jatkuvaan kasvuun ja kehitt\u00e4miseen yhdess\u00e4 \u2013 olla aina ennakoiva ja aktiivinen kommunikoidessaan kumppaneiden kanssa. Factory Sale pyrkii saamaan asiakkaat aktiivisesti mukaan prosesseihinsa ja rohkaisemaan heit\u00e4 jakamaan tarpeitaan, palautettaan ja ideoitaan.<\/p>\n\n\n\n<p>T\u00e4llainen yhteisty\u00f6 ja keskin\u00e4inen kehitys muodostavat vahvan perustan luotettavalle ja kest\u00e4v\u00e4lle liikesuhteelle. Haluamme olla paitsi tuotteiden tai palveluiden tarjoaja asiakkaillemme, my\u00f6s luotettava kumppani, joka auttaa heit\u00e4 saavuttamaan tavoitteensa ja kasvamaan heid\u00e4n kanssaan. Koska olemme tietoisia tuotteistamme ja palveluistamme, olemme avoimia jakamaan ydinarvomme kaikkien nykyisten ja tulevien kumppaneidemme kanssa.<\/p>\n\n\n\n<h2 class=\"wp-block-heading\">Luovuus<\/h2>\n\n\n\n<p>Mit\u00e4 luovuus merkitsee meille? Oletko koskaan miettinyt, kuinka teknologiset ratkaisut voivat olla todella luovia ja yll\u00e4tt\u00e4vi\u00e4?<\/p>\n\n\n\n<p>Suunnitteluajattelu on tehokas ty\u00f6kalu, joka auttaa luomaan innovatiivisia ratkaisuja. K\u00e4ytt\u00e4j\u00e4n ymm\u00e4rt\u00e4minen on auttanut meit\u00e4 luomaan todella tehokkaita ratkaisuja \u2013 olemme suunnitelleet verkkosivumme k\u00e4ytt\u00e4jien tarpeisiin ja toiveisiin keskittyen.<\/p>\n\n\n\n<p>Luovien ongelmanratkaisumenetelmien avulla olemme luoneet pohjan alustalle, jossa ammattilaiset eri puolilta maailmaa kokoontuvat yhteen.<\/p>\n\n\n\n<p>L\u00e4sn\u00e4olo ja itsetietoisuus ovat tuoneet meid\u00e4t t\u00e4h\u00e4n p\u00e4iv\u00e4\u00e4n, jossa jotain suurta ja ennenn\u00e4kem\u00e4t\u00f6nt\u00e4 on kasvamassa. Factory Salesta on tullut paitsi alennustarjousten paratiisi, my\u00f6s inspiroiva kohtaamispaikka, jossa ihmiset voivat l\u00f6yt\u00e4\u00e4 uusia ideoita, l\u00f6yt\u00e4\u00e4 uusia kumppaneita ja nauttia ainutlaatuisesta ja ikimuistoisesta ostokokemuksesta. Factory Salen vieh\u00e4tys piilee siin\u00e4, ett\u00e4 siin\u00e4 yhdistyv\u00e4t luovuus, teknologia ja alennustarjoukset ymp\u00e4ri maailmaa.<\/p>\n\n\n\n<p>Tulevaisuuden tavoitteemme on olla teknologisesti edistyksellinen all-in-one-alusta, joka pystyy ymm\u00e4rt\u00e4m\u00e4\u00e4n tarkasti asiakkaiden tarpeet ja luomaan henkil\u00f6kohtaisia ostokokemuksia, jotka ylitt\u00e4v\u00e4t odotukset.<\/p>\n\n\n\n<p>Innovatiivisten teknisten ratkaisujen avulla Factory Sale pystyy ker\u00e4\u00e4m\u00e4\u00e4n ja analysoimaan valtavia tietom\u00e4\u00e4ri\u00e4, mik\u00e4 avaa ovia entist\u00e4 tarkempaan ymm\u00e4rrykseen asiakkaiden mieltymyksist\u00e4 ja kulutustottumuksista.<\/p>\n\n\n\n<p>Sujuvan liikeviestinn\u00e4n saavuttamiseksi tehtaiden kanssa aiomme ottaa k\u00e4ytt\u00f6\u00f6n \u00e4lykk\u00e4it\u00e4 sopimuksenhallinta-alustoja, jotka mahdollistavat nopean ja tehokkaan sopimusten solmimisen ja toimeenpanon.<\/p>\n\n\n\n<p>Factory Sale haluaa luoda avoimen ja l\u00e4pin\u00e4kyv\u00e4n ymp\u00e4rist\u00f6n, jossa asiakkaat voivat kommunikoida suoraan tehtaiden kanssa, ilmaista toiveensa ja seurata tuotantoprosessin etenemist\u00e4 varmistaen luotettavan ja tyydytt\u00e4v\u00e4n liiketoimintakokemuksen. T\u00e4t\u00e4 varten aiomme k\u00e4ytt\u00e4\u00e4 virtuaalitodellisuutta ja lis\u00e4tty\u00e4 todellisuutta luomalla virtuaalisen ymp\u00e4rist\u00f6n, jossa asiakkaat voivat n\u00e4hd\u00e4 ja muokata tuotteita ja saada reaaliaikaista palautetta tehtailta, mik\u00e4 edesauttaa entist\u00e4 tarkempia ja nopeampia p\u00e4\u00e4t\u00f6ksentekoprosesseja. Teko\u00e4lyn k\u00e4ytt\u00f6 mahdollistaa henkil\u00f6kohtaisten suositusten tekemisen perusteellisen data-analyysin perusteella, jotta voidaan tuoda esiin ainutlaatuisia tarjouksia, jotka vastaavat asiakkaan yksil\u00f6llisi\u00e4 mieltymyksi\u00e4 ja tarpeita.<\/p>\n\n\n\n<p>N\u00e4emme itsemme tulevaisuudessa keskuksena, jossa teknologia ja liiketoiminta yhtyv\u00e4t toisiinsa luoden uusia mahdollisuuksia asiakkaille, tehtaille ja nostaen toimitusketjun tehokkuutta ja innovaatioita uudelle tasolle.<\/p>\n","protected":false},"excerpt":{"rendered":"<p>Tarkkuus \u2013 Rehellisyys Tarkkuus ja rehellisyys ovat yrityksemme perusta, johon Factory Sale omistaa koko tiimins\u00e4. Emme rajoita itse\u00e4mme tyhjiin sanoihin, vaan teot seuraavat sanojamme. Aika on meille kaikille t\u00e4rke\u00e4, joten asiakkaamme arvostavat meit\u00e4 nopeasta ja kattavasta palvelustamme. Tiimimme on kehitt\u00e4nyt ratkaisuja vastaamaan asiakkaiden tarpeisiin, joten pystymme tarjoamaan juuri sen tuotteen tai palvelun, jota asiakas todella [&hellip;]<\/p>\n","protected":false},"author":5,"featured_media":0,"parent":0,"menu_order":0,"comment_status":"closed","ping_status":"closed","template":"","meta":{"_acf_changed":false,"footnotes":""},"class_list":["post-106528","page","type-page","status-publish","hentry"],"acf":[],"_links":{"self":[{"href":"https:\/\/factory.sale\/fi\/wp-json\/wp\/v2\/pages\/106528","targetHints":{"allow":["GET"]}}],"collection":[{"href":"https:\/\/factory.sale\/fi\/wp-json\/wp\/v2\/pages"}],"about":[{"href":"https:\/\/factory.sale\/fi\/wp-json\/wp\/v2\/types\/page"}],"author":[{"embeddable":true,"href":"https:\/\/factory.sale\/fi\/wp-json\/wp\/v2\/users\/5"}],"replies":[{"embeddable":true,"href":"https:\/\/factory.sale\/fi\/wp-json\/wp\/v2\/comments?post=106528"}],"version-history":[{"count":1,"href":"https:\/\/factory.sale\/fi\/wp-json\/wp\/v2\/pages\/106528\/revisions"}],"predecessor-version":[{"id":106529,"href":"https:\/\/factory.sale\/fi\/wp-json\/wp\/v2\/pages\/106528\/revisions\/106529"}],"wp:attachment":[{"href":"https:\/\/factory.sale\/fi\/wp-json\/wp\/v2\/media?parent=106528"}],"curies":[{"name":"wp","href":"https:\/\/api.w.org\/{rel}","templated":true}]}}