{"id":105122,"date":"2025-04-28T07:56:06","date_gmt":"2025-04-28T07:56:06","guid":{"rendered":"https:\/\/factory.sale\/cart-2\/"},"modified":"2025-06-08T15:59:34","modified_gmt":"2025-06-08T12:59:34","slug":"cart-2","status":"publish","type":"page","link":"https:\/\/factory.sale\/fi\/cart-2\/","title":{"rendered":"Ostoskori"},"content":{"rendered":"\n<div data-block-name=\"woocommerce\/cart\" class=\"wp-block-woocommerce-cart alignwide is-loading\">\n<div data-block-name=\"woocommerce\/filled-cart-block\" class=\"wp-block-woocommerce-filled-cart-block\">\n<div data-block-name=\"woocommerce\/cart-items-block\" class=\"wp-block-woocommerce-cart-items-block\">\n<div data-block-name=\"woocommerce\/cart-line-items-block\" class=\"wp-block-woocommerce-cart-line-items-block\"><\/div>\n\n\n\n<div data-block-name=\"woocommerce\/cart-cross-sells-block\" class=\"wp-block-woocommerce-cart-cross-sells-block\">\n<h2 class=\"wp-block-heading has-large-font-size\">You may be interested in\u2026<\/h2>\n\n\n\n<div data-block-name=\"woocommerce\/cart-cross-sells-products-block\" class=\"wp-block-woocommerce-cart-cross-sells-products-block\"><\/div>\n<\/div>\n<\/div>\n\n\n\n<div data-block-name=\"woocommerce\/cart-totals-block\" class=\"wp-block-woocommerce-cart-totals-block\">\n<div data-block-name=\"woocommerce\/cart-order-summary-block\" class=\"wp-block-woocommerce-cart-order-summary-block\">\n<div data-block-name=\"woocommerce\/cart-order-summary-heading-block\" class=\"wp-block-woocommerce-cart-order-summary-heading-block\"><\/div><div data-block-name=\"woocommerce\/cart-order-summary-coupon-form-block\" class=\"wp-block-woocommerce-cart-order-summary-coupon-form-block\"><\/div><div data-block-name=\"woocommerce\/cart-order-summary-totals-block\" class=\"wp-block-woocommerce-cart-order-summary-totals-block\">\n<div data-block-name=\"woocommerce\/cart-order-summary-subtotal-block\" class=\"wp-block-woocommerce-cart-order-summary-subtotal-block\"><\/div>\n<div data-block-name=\"woocommerce\/cart-order-summary-discount-block\" class=\"wp-block-woocommerce-cart-order-summary-discount-block\"><\/div>\n<div data-block-name=\"woocommerce\/cart-order-summary-fee-block\" class=\"wp-block-woocommerce-cart-order-summary-fee-block\"><\/div>\n<div data-block-name=\"woocommerce\/cart-order-summary-shipping-block\" class=\"wp-block-woocommerce-cart-order-summary-shipping-block\"><\/div>\n<div data-block-name=\"woocommerce\/cart-order-summary-taxes-block\" class=\"wp-block-woocommerce-cart-order-summary-taxes-block\"><\/div><\/div>\n<\/div>\n\n\n\n<div data-block-name=\"woocommerce\/cart-express-payment-block\" class=\"wp-block-woocommerce-cart-express-payment-block\"><\/div>\n\n\n\n<div data-block-name=\"woocommerce\/proceed-to-checkout-block\" class=\"wp-block-woocommerce-proceed-to-checkout-block\"><\/div>\n\n\n\n<div data-block-name=\"woocommerce\/cart-accepted-payment-methods-block\" class=\"wp-block-woocommerce-cart-accepted-payment-methods-block\"><\/div>\n<\/div>\n<\/div>\n\n\n\n<div data-block-name=\"woocommerce\/empty-cart-block\" class=\"wp-block-woocommerce-empty-cart-block\">\n<h2 class=\"wp-block-heading has-text-align-center with-empty-cart-icon wc-block-cart__empty-cart__title\">Your cart is currently empty!<\/h2>\n\n\n\n<hr class=\"wp-block-separator has-alpha-channel-opacity is-style-dots\"\/>\n\n\n\n<h2 class=\"wp-block-heading has-text-align-center\">New in store<\/h2>\n\n\n<div data-block-name=\"woocommerce\/product-new\" data-columns=\"4\" data-rows=\"1\" class=\"wc-block-grid wp-block-product-new wp-block-woocommerce-product-new wc-block-product-new has-4-columns\"><ul class=\"wc-block-grid__products\"><li class=\"wc-block-grid__product\"><span class=\"gtm4wp_productdata\" style=\"display:none; visibility:hidden;\" data-gtm4wp_product_data=\"{&quot;internal_id&quot;:160105,&quot;item_id&quot;:160105,&quot;item_name&quot;:&quot;Vision-sauna \\u2013 ovaalinmuotoinen ulkosauna 8-henkil\\u00f6lle&quot;,&quot;sku&quot;:&quot;BALTRESTO-VISION-SAUNA&quot;,&quot;price&quot;:5198,&quot;stocklevel&quot;:null,&quot;stockstatus&quot;:&quot;instock&quot;,&quot;google_business_vertical&quot;:&quot;custom&quot;,&quot;item_category&quot;:&quot;Saunas&quot;,&quot;id&quot;:160105,&quot;productlink&quot;:&quot;https:\\\/\\\/factory.sale\\\/fi\\\/tuote\\\/vision-sauna-ovaalinmuotoinen-ulkosauna-8-henkilolle\\\/&quot;,&quot;item_list_name&quot;:&quot;General Product List&quot;,&quot;index&quot;:0,&quot;product_type&quot;:&quot;simple&quot;,&quot;item_brand&quot;:&quot;&quot;}\"><\/span>\n\t\t\t\t<a href=\"https:\/\/factory.sale\/fi\/tuote\/vision-sauna-ovaalinmuotoinen-ulkosauna-8-henkilolle\/\" class=\"wc-block-grid__product-link\">\n\t\t\t\t\t<div class=\"wc-block-grid__product-onsale\">\n\t\t\t<span aria-hidden=\"true\">Sale<\/span>\n\t\t\t<span class=\"screen-reader-text\">Product on sale<\/span>\n\t\t<\/div>\n\t\t\t\t\t<div class=\"wc-block-grid__product-image\"><img loading=\"lazy\" decoding=\"async\" width=\"300\" height=\"300\" src=\"https:\/\/factory.sale\/wp-content\/uploads\/2026\/04\/Vision-sauna-factory-sale-6-300x300.webp\" class=\"attachment-woocommerce_thumbnail size-woocommerce_thumbnail\" alt=\"Vision-sauna \u2013 ovaalinmuotoinen ulkosauna 8-henkil\u00f6lle\" srcset=\"https:\/\/factory.sale\/wp-content\/uploads\/2026\/04\/Vision-sauna-factory-sale-6-300x300.webp 300w, https:\/\/factory.sale\/wp-content\/uploads\/2026\/04\/Vision-sauna-factory-sale-6-100x100.webp 100w\" sizes=\"auto, (max-width: 300px) 100vw, 300px\" \/><\/div>\n\t\t\t\t\t<div class=\"wc-block-grid__product-title\">Vision-sauna \u2013 ovaalinmuotoinen ulkosauna 8-henkil\u00f6lle<\/div>\n\t\t\t\t<\/a>\n\t\t\t\t<div class=\"wc-block-grid__product-price price\"><del aria-hidden=\"true\"><span class=\"woocommerce-Price-amount amount\"><span class=\"woocommerce-Price-currencySymbol\">&euro;<\/span>5 717,80<\/span><\/del> <span class=\"screen-reader-text\">Original price was: &euro;5 717,80.<\/span><ins aria-hidden=\"true\"><span class=\"woocommerce-Price-amount amount\"><span class=\"woocommerce-Price-currencySymbol\">&euro;<\/span>5 198,00<\/span><\/ins><span class=\"screen-reader-text\">Current price is: &euro;5 198,00.<\/span><\/div>\n\t\t\t\t\n\t\t\t\t<div class=\"wp-block-button wc-block-grid__product-add-to-cart\"><a href=\"\/fi\/wp-json\/wp\/v2\/pages\/105122?add-to-cart=160105\" aria-label=\"Add to cart: &ldquo;Vision-sauna \u2013 ovaalinmuotoinen ulkosauna 8-henkil\u00f6lle&rdquo;\" data-quantity=\"1\" data-product_id=\"160105\" data-product_sku=\"BALTRESTO-VISION-SAUNA\" data-price=\"5198\" rel=\"nofollow\" class=\"wp-block-button__link  add_to_cart_button ajax_add_to_cart\">Lis\u00e4\u00e4 ostoskoriin<\/a><\/div>\n\t\t\t<\/li><li class=\"wc-block-grid__product\"><span class=\"gtm4wp_productdata\" style=\"display:none; visibility:hidden;\" data-gtm4wp_product_data=\"{&quot;internal_id&quot;:159753,&quot;item_id&quot;:159753,&quot;item_name&quot;:&quot;\\u00c7al\\u0131\\u015fkan puul\\u00e4mmitteinen kamiina 304 Garden&quot;,&quot;sku&quot;:&quot;CALISKAN-STOVE-304-GARDEN&quot;,&quot;price&quot;:423,&quot;stocklevel&quot;:null,&quot;stockstatus&quot;:&quot;instock&quot;,&quot;google_business_vertical&quot;:&quot;custom&quot;,&quot;item_category&quot;:&quot;Stoves&quot;,&quot;id&quot;:159753,&quot;productlink&quot;:&quot;https:\\\/\\\/factory.sale\\\/fi\\\/tuote\\\/caliskan-puulammitteinen-kamiina-304-garden\\\/&quot;,&quot;item_list_name&quot;:&quot;General Product List&quot;,&quot;index&quot;:0,&quot;product_type&quot;:&quot;simple&quot;,&quot;item_brand&quot;:&quot;&quot;}\"><\/span>\n\t\t\t\t<a href=\"https:\/\/factory.sale\/fi\/tuote\/caliskan-puulammitteinen-kamiina-304-garden\/\" class=\"wc-block-grid__product-link\">\n\t\t\t\t\t<div class=\"wc-block-grid__product-onsale\">\n\t\t\t<span aria-hidden=\"true\">Sale<\/span>\n\t\t\t<span class=\"screen-reader-text\">Product on sale<\/span>\n\t\t<\/div>\n\t\t\t\t\t<div class=\"wc-block-grid__product-image\"><img loading=\"lazy\" decoding=\"async\" width=\"300\" height=\"300\" src=\"https:\/\/factory.sale\/wp-content\/uploads\/2026\/04\/Caliskan-304-garden-factory-sale-1-300x300.webp\" class=\"attachment-woocommerce_thumbnail size-woocommerce_thumbnail\" alt=\"\u00c7al\u0131\u015fkan puul\u00e4mmitteinen kamiina 304 Garden\" srcset=\"https:\/\/factory.sale\/wp-content\/uploads\/2026\/04\/Caliskan-304-garden-factory-sale-1-300x300.webp 300w, https:\/\/factory.sale\/wp-content\/uploads\/2026\/04\/Caliskan-304-garden-factory-sale-1-1024x1024.webp 1024w, https:\/\/factory.sale\/wp-content\/uploads\/2026\/04\/Caliskan-304-garden-factory-sale-1-150x150.webp 150w, https:\/\/factory.sale\/wp-content\/uploads\/2026\/04\/Caliskan-304-garden-factory-sale-1-768x768.webp 768w, https:\/\/factory.sale\/wp-content\/uploads\/2026\/04\/Caliskan-304-garden-factory-sale-1-1536x1536.webp 1536w, https:\/\/factory.sale\/wp-content\/uploads\/2026\/04\/Caliskan-304-garden-factory-sale-1-600x600.webp 600w, https:\/\/factory.sale\/wp-content\/uploads\/2026\/04\/Caliskan-304-garden-factory-sale-1-100x100.webp 100w, https:\/\/factory.sale\/wp-content\/uploads\/2026\/04\/Caliskan-304-garden-factory-sale-1.webp 2048w\" sizes=\"auto, (max-width: 300px) 100vw, 300px\" \/><\/div>\n\t\t\t\t\t<div class=\"wc-block-grid__product-title\">\u00c7al\u0131\u015fkan puul\u00e4mmitteinen kamiina 304 Garden<\/div>\n\t\t\t\t<\/a>\n\t\t\t\t<div class=\"wc-block-grid__product-price price\"><del aria-hidden=\"true\"><span class=\"woocommerce-Price-amount amount\"><span class=\"woocommerce-Price-currencySymbol\">&euro;<\/span>590,00<\/span><\/del> <span class=\"screen-reader-text\">Original price was: &euro;590,00.<\/span><ins aria-hidden=\"true\"><span class=\"woocommerce-Price-amount amount\"><span class=\"woocommerce-Price-currencySymbol\">&euro;<\/span>423,00<\/span><\/ins><span class=\"screen-reader-text\">Current price is: &euro;423,00.<\/span><\/div>\n\t\t\t\t\n\t\t\t\t<div class=\"wp-block-button wc-block-grid__product-add-to-cart\"><a href=\"\/fi\/wp-json\/wp\/v2\/pages\/105122?add-to-cart=159753\" aria-label=\"Add to cart: &ldquo;\u00c7al\u0131\u015fkan puul\u00e4mmitteinen kamiina 304 Garden&rdquo;\" data-quantity=\"1\" data-product_id=\"159753\" data-product_sku=\"CALISKAN-STOVE-304-GARDEN\" data-price=\"423\" rel=\"nofollow\" class=\"wp-block-button__link  add_to_cart_button ajax_add_to_cart\">Lis\u00e4\u00e4 ostoskoriin<\/a><\/div>\n\t\t\t<\/li><li class=\"wc-block-grid__product\"><span class=\"gtm4wp_productdata\" style=\"display:none; visibility:hidden;\" data-gtm4wp_product_data=\"{&quot;internal_id&quot;:159730,&quot;item_id&quot;:159730,&quot;item_name&quot;:&quot;\\u00c7al\\u0131\\u015fkan 602 polttopuukori py\\u00f6rill\\u00e4&quot;,&quot;sku&quot;:&quot;CALISKAN-WOODBIN-602&quot;,&quot;price&quot;:82.5,&quot;stocklevel&quot;:null,&quot;stockstatus&quot;:&quot;instock&quot;,&quot;google_business_vertical&quot;:&quot;custom&quot;,&quot;item_category&quot;:&quot;Stoves&quot;,&quot;id&quot;:159730,&quot;productlink&quot;:&quot;https:\\\/\\\/factory.sale\\\/fi\\\/tuote\\\/caliskan-602-polttopuukori-pyorilla\\\/&quot;,&quot;item_list_name&quot;:&quot;General Product List&quot;,&quot;index&quot;:0,&quot;product_type&quot;:&quot;simple&quot;,&quot;item_brand&quot;:&quot;&quot;}\"><\/span>\n\t\t\t\t<a href=\"https:\/\/factory.sale\/fi\/tuote\/caliskan-602-polttopuukori-pyorilla\/\" class=\"wc-block-grid__product-link\">\n\t\t\t\t\t<div class=\"wc-block-grid__product-onsale\">\n\t\t\t<span aria-hidden=\"true\">Sale<\/span>\n\t\t\t<span class=\"screen-reader-text\">Product on sale<\/span>\n\t\t<\/div>\n\t\t\t\t\t<div class=\"wc-block-grid__product-image\"><img loading=\"lazy\" decoding=\"async\" width=\"300\" height=\"300\" src=\"https:\/\/factory.sale\/wp-content\/uploads\/2026\/04\/Caliskan-woodbin-602-1-factory-sale-300x300.webp\" class=\"attachment-woocommerce_thumbnail size-woocommerce_thumbnail\" alt=\"\u00c7al\u0131\u015fkan 602 polttopuukori py\u00f6rill\u00e4\" srcset=\"https:\/\/factory.sale\/wp-content\/uploads\/2026\/04\/Caliskan-woodbin-602-1-factory-sale-300x300.webp 300w, https:\/\/factory.sale\/wp-content\/uploads\/2026\/04\/Caliskan-woodbin-602-1-factory-sale-100x100.webp 100w\" sizes=\"auto, (max-width: 300px) 100vw, 300px\" \/><\/div>\n\t\t\t\t\t<div class=\"wc-block-grid__product-title\">\u00c7al\u0131\u015fkan 602 polttopuukori py\u00f6rill\u00e4<\/div>\n\t\t\t\t<\/a>\n\t\t\t\t<div class=\"wc-block-grid__product-price price\"><del aria-hidden=\"true\"><span class=\"woocommerce-Price-amount amount\"><span class=\"woocommerce-Price-currencySymbol\">&euro;<\/span>98,00<\/span><\/del> <span class=\"screen-reader-text\">Original price was: &euro;98,00.<\/span><ins aria-hidden=\"true\"><span class=\"woocommerce-Price-amount amount\"><span class=\"woocommerce-Price-currencySymbol\">&euro;<\/span>82,50<\/span><\/ins><span class=\"screen-reader-text\">Current price is: &euro;82,50.<\/span><\/div>\n\t\t\t\t\n\t\t\t\t<div class=\"wp-block-button wc-block-grid__product-add-to-cart\"><a href=\"\/fi\/wp-json\/wp\/v2\/pages\/105122?add-to-cart=159730\" aria-label=\"Add to cart: &ldquo;\u00c7al\u0131\u015fkan 602 polttopuukori py\u00f6rill\u00e4&rdquo;\" data-quantity=\"1\" data-product_id=\"159730\" data-product_sku=\"CALISKAN-WOODBIN-602\" data-price=\"82.5\" rel=\"nofollow\" class=\"wp-block-button__link  add_to_cart_button ajax_add_to_cart\">Lis\u00e4\u00e4 ostoskoriin<\/a><\/div>\n\t\t\t<\/li><li class=\"wc-block-grid__product\"><span class=\"gtm4wp_productdata\" style=\"display:none; visibility:hidden;\" data-gtm4wp_product_data=\"{&quot;internal_id&quot;:159712,&quot;item_id&quot;:159712,&quot;item_name&quot;:&quot;\\u00c7al\\u0131\\u015fkan 601 polttopuukori py\\u00f6rill\\u00e4&quot;,&quot;sku&quot;:&quot;CALISKAN-WOODDBIN-601&quot;,&quot;price&quot;:82.5,&quot;stocklevel&quot;:null,&quot;stockstatus&quot;:&quot;instock&quot;,&quot;google_business_vertical&quot;:&quot;custom&quot;,&quot;item_category&quot;:&quot;Stoves&quot;,&quot;id&quot;:159712,&quot;productlink&quot;:&quot;https:\\\/\\\/factory.sale\\\/fi\\\/tuote\\\/caliskan-601-polttopuukori-pyorilla\\\/&quot;,&quot;item_list_name&quot;:&quot;General Product List&quot;,&quot;index&quot;:0,&quot;product_type&quot;:&quot;simple&quot;,&quot;item_brand&quot;:&quot;&quot;}\"><\/span>\n\t\t\t\t<a href=\"https:\/\/factory.sale\/fi\/tuote\/caliskan-601-polttopuukori-pyorilla\/\" class=\"wc-block-grid__product-link\">\n\t\t\t\t\t<div class=\"wc-block-grid__product-onsale\">\n\t\t\t<span aria-hidden=\"true\">Sale<\/span>\n\t\t\t<span class=\"screen-reader-text\">Product on sale<\/span>\n\t\t<\/div>\n\t\t\t\t\t<div class=\"wc-block-grid__product-image\"><img loading=\"lazy\" decoding=\"async\" width=\"300\" height=\"300\" src=\"https:\/\/factory.sale\/wp-content\/uploads\/2026\/04\/Caliskan-woodbin-601-1-factory-sale-300x300.webp\" class=\"attachment-woocommerce_thumbnail size-woocommerce_thumbnail\" alt=\"\u00c7al\u0131\u015fkan 601 polttopuukori py\u00f6rill\u00e4\" srcset=\"https:\/\/factory.sale\/wp-content\/uploads\/2026\/04\/Caliskan-woodbin-601-1-factory-sale-300x300.webp 300w, https:\/\/factory.sale\/wp-content\/uploads\/2026\/04\/Caliskan-woodbin-601-1-factory-sale-1024x1024.webp 1024w, https:\/\/factory.sale\/wp-content\/uploads\/2026\/04\/Caliskan-woodbin-601-1-factory-sale-150x150.webp 150w, https:\/\/factory.sale\/wp-content\/uploads\/2026\/04\/Caliskan-woodbin-601-1-factory-sale-768x768.webp 768w, https:\/\/factory.sale\/wp-content\/uploads\/2026\/04\/Caliskan-woodbin-601-1-factory-sale-1536x1536.webp 1536w, https:\/\/factory.sale\/wp-content\/uploads\/2026\/04\/Caliskan-woodbin-601-1-factory-sale-600x600.webp 600w, https:\/\/factory.sale\/wp-content\/uploads\/2026\/04\/Caliskan-woodbin-601-1-factory-sale-100x100.webp 100w, https:\/\/factory.sale\/wp-content\/uploads\/2026\/04\/Caliskan-woodbin-601-1-factory-sale.webp 2048w\" sizes=\"auto, (max-width: 300px) 100vw, 300px\" \/><\/div>\n\t\t\t\t\t<div class=\"wc-block-grid__product-title\">\u00c7al\u0131\u015fkan 601 polttopuukori py\u00f6rill\u00e4<\/div>\n\t\t\t\t<\/a>\n\t\t\t\t<div class=\"wc-block-grid__product-price price\"><del aria-hidden=\"true\"><span class=\"woocommerce-Price-amount amount\"><span class=\"woocommerce-Price-currencySymbol\">&euro;<\/span>98,00<\/span><\/del> <span class=\"screen-reader-text\">Original price was: &euro;98,00.<\/span><ins aria-hidden=\"true\"><span class=\"woocommerce-Price-amount amount\"><span class=\"woocommerce-Price-currencySymbol\">&euro;<\/span>82,50<\/span><\/ins><span class=\"screen-reader-text\">Current price is: &euro;82,50.<\/span><\/div>\n\t\t\t\t\n\t\t\t\t<div class=\"wp-block-button wc-block-grid__product-add-to-cart\"><a href=\"\/fi\/wp-json\/wp\/v2\/pages\/105122?add-to-cart=159712\" aria-label=\"Add to cart: &ldquo;\u00c7al\u0131\u015fkan 601 polttopuukori py\u00f6rill\u00e4&rdquo;\" data-quantity=\"1\" data-product_id=\"159712\" data-product_sku=\"CALISKAN-WOODDBIN-601\" data-price=\"82.5\" rel=\"nofollow\" class=\"wp-block-button__link  add_to_cart_button ajax_add_to_cart\">Lis\u00e4\u00e4 ostoskoriin<\/a><\/div>\n\t\t\t<\/li><\/ul><\/div><\/div>\n<\/div>\n","protected":false},"excerpt":{"rendered":"","protected":false},"author":5,"featured_media":0,"parent":0,"menu_order":0,"comment_status":"closed","ping_status":"closed","template":"","meta":{"_acf_changed":false,"footnotes":""},"class_list":["post-105122","page","type-page","status-publish","hentry"],"acf":[],"_links":{"self":[{"href":"https:\/\/factory.sale\/fi\/wp-json\/wp\/v2\/pages\/105122","targetHints":{"allow":["GET"]}}],"collection":[{"href":"https:\/\/factory.sale\/fi\/wp-json\/wp\/v2\/pages"}],"about":[{"href":"https:\/\/factory.sale\/fi\/wp-json\/wp\/v2\/types\/page"}],"author":[{"embeddable":true,"href":"https:\/\/factory.sale\/fi\/wp-json\/wp\/v2\/users\/5"}],"replies":[{"embeddable":true,"href":"https:\/\/factory.sale\/fi\/wp-json\/wp\/v2\/comments?post=105122"}],"version-history":[{"count":1,"href":"https:\/\/factory.sale\/fi\/wp-json\/wp\/v2\/pages\/105122\/revisions"}],"predecessor-version":[{"id":105373,"href":"https:\/\/factory.sale\/fi\/wp-json\/wp\/v2\/pages\/105122\/revisions\/105373"}],"wp:attachment":[{"href":"https:\/\/factory.sale\/fi\/wp-json\/wp\/v2\/media?parent=105122"}],"curies":[{"name":"wp","href":"https:\/\/api.w.org\/{rel}","templated":true}]}}