{"id":105118,"date":"2025-04-29T07:57:35","date_gmt":"2025-04-29T07:57:35","guid":{"rendered":"https:\/\/factory.sale\/how-to-order\/"},"modified":"2025-06-08T14:40:41","modified_gmt":"2025-06-08T11:40:41","slug":"how-to-order","status":"publish","type":"page","link":"https:\/\/factory.sale\/fi\/how-to-order\/","title":{"rendered":"Miten tilataan?"},"content":{"rendered":"\n<h4 class=\"wp-block-heading\">5 helppoa vaihetta tuotteen tilaamiseen:<\/h4>\n\n\n\n<ol class=\"wp-block-list\">\n<li>Valitse haluamasi tuote verkkosivuiltamme.<\/li>\n\n\n\n<li>Klikkaa \u201cPYYD\u00c4 TARJOUS\u201c lis\u00e4t\u00e4ksesi tuotteita ostoskoriin. P\u00e4\u00e4set muuttamaan ostoskorin<br>sis\u00e4lt\u00f6\u00e4 lis\u00e4\u00e4m\u00e4ll\u00e4 tai poistamalla tuotteita napsauttamalla vastaavaa kuvaketta.<\/li>\n\n\n\n<li>T\u00e4yt\u00e4 lomakkeeseen tarvittavat tiedot.<\/li>\n\n\n\n<li>Vahvista pyynt\u00f6 klikkaamalla \u201cPYYD\u00c4 TARJOUS\u201c -painiketta uudelleen.<\/li>\n\n\n\n<li>Otamme sinuun yhteytt\u00e4 24 tunnin sis\u00e4ll\u00e4.<\/li>\n<\/ol>\n\n\n\n<p>Tarjous l\u00e4hetet\u00e4\u00e4n mahdollisimman pian, kuitenkin viimeist\u00e4\u00e4n 3 ty\u00f6p\u00e4iv\u00e4n kuluessa.<\/p>\n\n\n\n<p>Maksu suoritetaan laskun perusteella tarjouksen vahvistamisen j\u00e4lkeen. Tuotteet varataan vasta laskun maksamisen j\u00e4lkeen. Muista merkit\u00e4 laskun numero laskua maksaessa. Tuotteet on my\u00f6s mahdollista maksaa kahdessa er\u00e4ss\u00e4, valitse vastaavasti lomaketta t\u00e4ytett\u00e4ess\u00e4.<\/p>\n\n\n\n<p>Yritykselle ostaessa, kirjoita tarjouspyynt\u00f6\u00f6n seuraavat tiedot: yrityksen nimi, virallinen osoite, y-tunnus, ALV-numero. Tuotteet kuuluvat Raktio Oy:lle, kunnes laskussa mainittu summa on kokonaisuudessaan saapunut<br>pankkitilillemme.<\/p>\n\n\n\n<p>Toimitamme tuotteet lis\u00e4maksusta. Hintatarjouksen tekemiseen vaaditaan tarkka toimitusosoite:<br>kadun nimi, kaupunki, maa, postinumero. Laskun maksamisen j\u00e4lkeen tilaus kootaan ja l\u00e4hetet\u00e4\u00e4n sovittuun osoitteeseen sovittuna aikana.<\/p>\n\n\n\n<p>Loppuunmyynnin hinnat ovat voimassa niin kauan kuin tavaraa riitt\u00e4\u00e4, suosittelemme tarkistamaan varastotilanteen asiakaspalvelusta.<\/p>\n\n\n\n<p>Tuotekuvaukset ja -kuvat: tuote vastaa tuotekuvausta, kuvat voivat olla havainnollistavia.<\/p>\n\n\n\n<p>Minimitilaus l\u00f6ytyy tuotteen kuvauksesta.<\/p>\n\n\n\n<p>Kiitos mielenkiinnostasi!<\/p>\n\n\n\n<p>Factory.Sale-tiimisi<br><\/p>\n\n\n\n<h4 class=\"wp-block-heading\">Annamme hintatakuun markkinoiden parhaaseen hintaan!<\/h4>\n\n\n\n<p><strong>Annamme hintatakuun markkinoiden parhaaseen hintaan! Tee oma tarjouspyynt\u00f6 t\u00e4st\u00e4:\u00a0<a href=\"https:\/\/factory.sale\/fi\/how-to-order\/\">TARJOA\u00a0<\/a>HINTA<\/strong><\/p>\n\n\n\n<p><strong>Tarjoa hintasi tai kysy tuotteesta \u2013 yhdell\u00e4 napsautuksella!<\/strong><\/p>\n\n\n\n<p>Oletko l\u00f6yt\u00e4nyt tuotteita edullisempaan hintaan?<br>Tarjoamme hyv\u00e4n mahdollisuuden ostaa tuotteita toiminnolla \u2013 Tarjoa hinta. Mit\u00e4 se tarkoittaa?<br>Klikkaamalla mit\u00e4 tahansa sauna tuotetta voit tarjota hinnan, jolla olet kiinnostunut ostamaan<br>tuotteen. Sinun tarvitsee vain l\u00e4hett\u00e4\u00e4 meille tiedot ja visuaalinen todiste siit\u00e4, ett\u00e4 kyseist\u00e4 tuotetta<br>tarjotaan halvemmalla.<br>Pyynn\u00f6n l\u00e4hett\u00e4misen j\u00e4lkeen otamme sinuun yhteytt\u00e4 24 tunnin sis\u00e4ll\u00e4.<\/p>\n\n\n\n<h4 class=\"wp-block-heading\"><\/h4>\n","protected":false},"excerpt":{"rendered":"<p>5 helppoa vaihetta tuotteen tilaamiseen: Tarjous l\u00e4hetet\u00e4\u00e4n mahdollisimman pian, kuitenkin viimeist\u00e4\u00e4n 3 ty\u00f6p\u00e4iv\u00e4n kuluessa. Maksu suoritetaan laskun perusteella tarjouksen vahvistamisen j\u00e4lkeen. Tuotteet varataan vasta laskun maksamisen j\u00e4lkeen. Muista merkit\u00e4 laskun numero laskua maksaessa. Tuotteet on my\u00f6s mahdollista maksaa kahdessa er\u00e4ss\u00e4, valitse vastaavasti lomaketta t\u00e4ytett\u00e4ess\u00e4. Yritykselle ostaessa, kirjoita tarjouspyynt\u00f6\u00f6n seuraavat tiedot: yrityksen nimi, virallinen osoite, y-tunnus, [&hellip;]<\/p>\n","protected":false},"author":5,"featured_media":0,"parent":0,"menu_order":0,"comment_status":"closed","ping_status":"closed","template":"page-templates\/template-how-order.php","meta":{"_acf_changed":false,"footnotes":""},"class_list":["post-105118","page","type-page","status-publish","hentry"],"acf":[],"_links":{"self":[{"href":"https:\/\/factory.sale\/fi\/wp-json\/wp\/v2\/pages\/105118","targetHints":{"allow":["GET"]}}],"collection":[{"href":"https:\/\/factory.sale\/fi\/wp-json\/wp\/v2\/pages"}],"about":[{"href":"https:\/\/factory.sale\/fi\/wp-json\/wp\/v2\/types\/page"}],"author":[{"embeddable":true,"href":"https:\/\/factory.sale\/fi\/wp-json\/wp\/v2\/users\/5"}],"replies":[{"embeddable":true,"href":"https:\/\/factory.sale\/fi\/wp-json\/wp\/v2\/comments?post=105118"}],"version-history":[{"count":4,"href":"https:\/\/factory.sale\/fi\/wp-json\/wp\/v2\/pages\/105118\/revisions"}],"predecessor-version":[{"id":105312,"href":"https:\/\/factory.sale\/fi\/wp-json\/wp\/v2\/pages\/105118\/revisions\/105312"}],"wp:attachment":[{"href":"https:\/\/factory.sale\/fi\/wp-json\/wp\/v2\/media?parent=105118"}],"curies":[{"name":"wp","href":"https:\/\/api.w.org\/{rel}","templated":true}]}}