{"id":105116,"date":"2025-04-29T12:10:50","date_gmt":"2025-04-29T12:10:50","guid":{"rendered":"https:\/\/factory.sale\/about-us\/"},"modified":"2026-03-02T17:32:01","modified_gmt":"2026-03-02T14:32:01","slug":"about-us","status":"publish","type":"page","link":"https:\/\/factory.sale\/fi\/about-us\/","title":{"rendered":"Meist\u00e4"},"content":{"rendered":"\n<p><strong>Factory.Sale<\/strong> on kokonaisvaltainen alusta \u2013 tarjoamme sek\u00e4 korkealaatuisia rakennustuotteita ett\u00e4 ammattitaitoisia asennuspalveluita.<\/p>\n\n\n\n<p>Olipa kyse sitten kodin, toimiston tai mink\u00e4 tahansa kiinteist\u00f6n remontista \u2013 meilt\u00e4 saat kaiken tarvittavan.<\/p>\n\n\n\n<p>Lis\u00e4ksi, toisin kuin useimmat rakennusyritykset, jotka k\u00e4ytt\u00e4v\u00e4t v\u00e4lik\u00e4si\u00e4, me toimitamme SUORAAN tehtaalta arkkitehdeille, rakentajille, urakoitsijoille ja kotitalouksille ymp\u00e4ri Skandinaviaa ja Baltiaa!<\/p>\n\n\n\n<div style=\"height:15px\" aria-hidden=\"true\" class=\"wp-block-spacer\"><\/div>\n\n\n\n<div class=\"wp-block-columns is-layout-flex wp-container-core-columns-is-layout-9d6595d7 wp-block-columns-is-layout-flex\">\n<div class=\"wp-block-column pe-lg-4 is-layout-flow wp-block-column-is-layout-flow\">\n<h4 class=\"wp-block-heading\">Missiomme<\/h4>\n\n\n\n<p>Missiomme on olla luotettava kumppani Skandinaviassa ja Baltian maissa \u2013 paikka, jossa arkkitehdit, rakentajat, urakoitsijat ja kotitaloudet uskaltavat ajatella isosti, k\u00e4ytt\u00e4\u00e4 mielikuvitustaan ja investoida tulevaisuuteen. Arvojamme ovat yksinkertaisuus, nopeus ja luovuus. Tavoitteenamme on tarjota tukea antava tiimi kaikille asiakkaillemme.<\/p>\n\n\n\n<p>Haluamme tarjota asiakkaillemme laadukkaita tuotteita ja palveluita \u2013 suunnittelusta asennukseen. Teemme yhteisty\u00f6t\u00e4 luotettavien kumppaneiden ja alan asiantuntijoiden kanssa. Parhaan laadun takaamiseksi myymme ja edustamme vain korkealaatuisia tuotteita ja br\u00e4ndej\u00e4.<\/p>\n<\/div>\n\n\n\n<div class=\"wp-block-column ps-lg-4 is-layout-flow wp-block-column-is-layout-flow\">\n<h4 class=\"wp-block-heading\">Tavoitteemme<\/h4>\n\n\n\n<p>Arvostamme asiakkaitamme ja toimimme kest\u00e4v\u00e4sti sek\u00e4 ymp\u00e4rist\u00f6yst\u00e4v\u00e4llisesti. Tarjoamme joustavaa ja laadukasta myyntipalvelua, suunnittelua ja ty\u00f6nohjausta ideasta ja suunnitteluvaiheesta aina projektin valmistumiseen asti.<\/p>\n\n\n\n<p>Tavoitteenamme on asiakkaiden ja rakentajien tyytyv\u00e4isyys sek\u00e4 ylpeys jokaisesta luomastamme kohteesta. Haluamme olla luova kumppani, jolla on ainutlaatuisia ideoita, suunnitelmia ja innovatiivisia ratkaisuja \u2013 kumppani, jota suositellaan pitk\u00e4aikaiseksi yhteisty\u00f6h\u00f6n.<\/p>\n<\/div>\n<\/div>\n\n\n\n<div class=\"el-text-reached\">\n      <div class=\"row row-gap-4 row-gap-xl-0\">\n        <div class=\"col-xl-12 mb-xl-5\">\n            <h4>Saavutuksemme t\u00e4h\u00e4n menness\u00e4<\/h4>\n        <\/div>\n                        <div class=\"col-xl-3 col-6 col-reached\">\n                <h2>10000+<\/h2>\n                <span>Maailmanlaajuisesti toimitettu tuotetta <\/span>\n            <\/div>\n                        <div class=\"col-xl-3 col-6 col-reached\">\n                <h2>900+<\/h2>\n                <span>Tehty kauppaa vuonna 2025<\/span>\n            <\/div>\n                        <div class=\"col-xl-3 col-6 col-reached\">\n                <h2>800+<\/h2>\n                <span>Aktiivisia B2B ja B2C-asiakkaita<\/span>\n            <\/div>\n                        <div class=\"col-xl-3 col-6 col-reached\">\n                <h2>4.7M<\/h2>\n                <span>Liikevaihto vuonna 2025<\/span>\n            <\/div>\n                  <\/div>\n      <\/div>\n\n\n\n\n<div class=\"el-text-teams\">\n    <div class=\"row\">\n      <div class=\"col-xl-12 mb-xl-4 mb-1\">\n        <h4>Tapaa johtajamme<\/h4>\n      <\/div>\n    <\/div>\n    <div class=\"d-flex row-cols-4 row flex-wrap \">\n              <div class=\"col d-flex flex-column col-member\">\n          <div class=\"ratio-1x1 ratio\">\n            <img decoding=\"async\" src=\"https:\/\/factory.sale\/wp-content\/uploads\/2025\/06\/Kristo-Sootalu-600x400-1.jpg\" class=\"img-fluid object-fit-cover\">\n          <\/div>\n\n          <span>Kristo Sootalu<\/span>\n          <span>Toimitusjohtaja \/ Perustaja<\/span>\n          <a href=\"mailto:kristo@factory.sale\">kristo@factory.sale<\/a>\n                                 <a href=\"https:\/\/www.linkedin.com\/in\/kristosootalu\/\" rel=\"nofollow noopener\" target=\"_blank\">\n                            <img decoding=\"async\" src=\"https:\/\/factory.sale\/wp-content\/themes\/factory-sale\/img\/icons\/linkedin-alt.svg\">\n                        <\/a>\n                            <\/div>\n              <div class=\"col d-flex flex-column col-member\">\n          <div class=\"ratio-1x1 ratio\">\n            <img decoding=\"async\" src=\"https:\/\/factory.sale\/wp-content\/uploads\/2025\/06\/Alvin-Kobin-600x400-1.jpg\" class=\"img-fluid object-fit-cover\">\n          <\/div>\n\n          <span>Alvin Kobin<\/span>\n          <span>Operatiivinen johtaja \/ Myynti<\/span>\n          <a href=\"mailto:alvin@factory.sale\">alvin@factory.sale<\/a>\n                                 <a href=\"https:\/\/www.linkedin.com\/in\/alvin-kobin-00499122\/\" rel=\"nofollow noopener\" target=\"_blank\">\n                            <img decoding=\"async\" src=\"https:\/\/factory.sale\/wp-content\/themes\/factory-sale\/img\/icons\/linkedin-alt.svg\">\n                        <\/a>\n                            <\/div>\n              <div class=\"col d-flex flex-column col-member\">\n          <div class=\"ratio-1x1 ratio\">\n            <img decoding=\"async\" src=\"https:\/\/factory.sale\/wp-content\/uploads\/2025\/06\/Jake_Farra__rei0002-1024x683-1-768x512.jpg\" class=\"img-fluid object-fit-cover\">\n          <\/div>\n\n          <span>Rivo Reinsalu<\/span>\n          <span>Myyntijohtaja (CSO) \/ Myynti<\/span>\n          <a href=\"mailto:myynti@factory.sale\">myynti@factory.sale<\/a>\n                                 <a href=\"https:\/\/www.linkedin.com\/in\/rivo-reinsalu-b47164169\/\" rel=\"nofollow noopener\" target=\"_blank\">\n                            <img decoding=\"async\" src=\"https:\/\/factory.sale\/wp-content\/themes\/factory-sale\/img\/icons\/linkedin-alt.svg\">\n                        <\/a>\n                            <\/div>\n              <div class=\"col d-flex flex-column col-member\">\n          <div class=\"ratio-1x1 ratio\">\n            <img decoding=\"async\" src=\"https:\/\/factory.sale\/wp-content\/uploads\/2025\/06\/factory-sale-carmen-768x512.jpg\" class=\"img-fluid object-fit-cover\">\n          <\/div>\n\n          <span>Carmen Karu<\/span>\n          <span>Markkinointijohtaja<\/span>\n          <a href=\"mailto:carmen@factory.sale\">carmen@factory.sale<\/a>\n                                 <a href=\"https:\/\/www.linkedin.com\/in\/carmen-karu-44aa04115\/\" rel=\"nofollow noopener\" target=\"_blank\">\n                            <img decoding=\"async\" src=\"https:\/\/factory.sale\/wp-content\/themes\/factory-sale\/img\/icons\/linkedin-alt.svg\">\n                        <\/a>\n                            <\/div>\n              <div class=\"col d-flex flex-column col-member\">\n          <div class=\"ratio-1x1 ratio\">\n            <img decoding=\"async\" src=\"https:\/\/factory.sale\/wp-content\/uploads\/2025\/06\/factory-sale-team-arvo-brand-manager2.jpg\" class=\"img-fluid object-fit-cover\">\n          <\/div>\n\n          <span>Arvo Juhkov<\/span>\n          <span>Myynti- ja br\u00e4ndip\u00e4\u00e4llikk\u00f6<\/span>\n          <a href=\"mailto:arvo@factory.sale\">arvo@factory.sale<\/a>\n                                 <a href=\"https:\/\/www.linkedin.com\/in\/arvojuhkov\/\" rel=\"nofollow noopener\" target=\"_blank\">\n                            <img decoding=\"async\" src=\"https:\/\/factory.sale\/wp-content\/themes\/factory-sale\/img\/icons\/linkedin-alt.svg\">\n                        <\/a>\n                            <\/div>\n              <div class=\"col d-flex flex-column col-member\">\n          <div class=\"ratio-1x1 ratio\">\n            <img decoding=\"async\" src=\"https:\/\/factory.sale\/wp-content\/uploads\/2025\/09\/factory-sale-team-linda-juhkov.jpg\" class=\"img-fluid object-fit-cover\">\n          <\/div>\n\n          <span>Linda Juhkov<\/span>\n          <span>Myynti<\/span>\n          <a href=\"mailto:linda@factory.sale\">linda@factory.sale<\/a>\n                 <\/div>\n              <div class=\"col d-flex flex-column col-member\">\n          <div class=\"ratio-1x1 ratio\">\n            <img decoding=\"async\" src=\"https:\/\/factory.sale\/wp-content\/uploads\/2025\/12\/Christine-Grete-Ruutalu-768x512-1-768x549.jpg\" class=\"img-fluid object-fit-cover\">\n          <\/div>\n\n          <span>Christine Grete R\u00fc\u00fctalu<\/span>\n          <span>Hallinnosta vastaava johtaja<\/span>\n          <a href=\"mailto:christine@factory.sale\">christine@factory.sale<\/a>\n                                 <a href=\"https:\/\/www.linkedin.com\/in\/christine-grete-r%C3%BC%C3%BCtalu-3bb28826b\/\" rel=\"nofollow noopener\" target=\"_blank\">\n                            <img decoding=\"async\" src=\"https:\/\/factory.sale\/wp-content\/themes\/factory-sale\/img\/icons\/linkedin-alt.svg\">\n                        <\/a>\n                            <\/div>\n              <div class=\"col d-flex flex-column col-member\">\n          <div class=\"ratio-1x1 ratio\">\n            <img decoding=\"async\" src=\"https:\/\/factory.sale\/wp-content\/uploads\/2025\/06\/factory-sale-eva-768x512.jpg\" class=\"img-fluid object-fit-cover\">\n          <\/div>\n\n          <span>Eva Prual<\/span>\n          <span>J\u00e4rjestelm\u00e4asiantuntija<\/span>\n          <a href=\"mailto:evaprual@factory.sale\">evaprual@factory.sale<\/a>\n                                 <a href=\"https:\/\/www.linkedin.com\/in\/eva-prual-0aa7b8103\/\" rel=\"nofollow noopener\" target=\"_blank\">\n                            <img decoding=\"async\" src=\"https:\/\/factory.sale\/wp-content\/themes\/factory-sale\/img\/icons\/linkedin-alt.svg\">\n                        <\/a>\n                            <\/div>\n              <div class=\"col d-flex flex-column col-member\">\n          <div class=\"ratio-1x1 ratio\">\n            <img decoding=\"async\" src=\"https:\/\/factory.sale\/wp-content\/uploads\/2026\/02\/factory-sale-team-marge-laas-768x512.jpg\" class=\"img-fluid object-fit-cover\">\n          <\/div>\n\n          <span>Marge Laas<\/span>\n          <span>Assistentti<\/span>\n          <a href=\"mailto:marge@@factory.sale\">marge@@factory.sale<\/a>\n                 <\/div>\n              <div class=\"col d-flex flex-column col-member\">\n          <div class=\"ratio-1x1 ratio\">\n            <img decoding=\"async\" src=\"https:\/\/factory.sale\/wp-content\/uploads\/2025\/06\/Sandra-Mesipuu-600x400-1.jpg\" class=\"img-fluid object-fit-cover\">\n          <\/div>\n\n          <span>Sandra Mesipuu<\/span>\n          <span>Kumppani<\/span>\n          <a href=\"mailto:sandra@factory.sale\">sandra@factory.sale<\/a>\n                 <\/div>\n              <div class=\"col d-flex flex-column col-member\">\n          <div class=\"ratio-1x1 ratio\">\n            <img decoding=\"async\" src=\"https:\/\/factory.sale\/wp-content\/uploads\/2025\/06\/Richard-Shaumyan-768x512.jpg\" class=\"img-fluid object-fit-cover\">\n          <\/div>\n\n          <span>Richard Shaumyan<\/span>\n          <span>Myynti<\/span>\n          <a href=\"mailto:richard@factory.sale\">richard@factory.sale<\/a>\n                 <\/div>\n          <\/div>\n  <\/div>\n\n\n\n\n\n    <div class=\"el-text-columns pb-3\">\n        <div class=\"row\">\n                            <div class=\"col-xl-6 pe-xl-4 \">\n                    <h4>Miksi valita meid\u00e4t<\/h4>\n<p>Ymm\u00e4rr\u00e4mme \u2013 rakennusalan yrityksi\u00e4 on paljon.<\/p>\n<p>Mutta tekev\u00e4tk\u00f6 ne todella kaikkensa sinun hyv\u00e4ksesi?<\/p>\n<p>Antavatko ne sinulle projektianalyysin ja suunnitelmaluonnokset veloituksetta?<\/p>\n<p>Ottavatko ne huomioon jokaisen tarpeesi, toiveesi ja ideasi?<\/p>\n<p>&nbsp;<\/p>\n                <\/div>\n                            <div class=\"col-xl-6  ps-xl-4\">\n                    <p>Kaikilla alan asiantuntijoillamme on vuosien kokemus, ja varmistamme, ett\u00e4 he ymm\u00e4rt\u00e4v\u00e4t t\u00e4rkeimm\u00e4n \u2013 usein rakennusalalla unohdetun \u2013 periaatteen: ty\u00f6skentelemme sinun kodissasi, ja se ansaitsee korkeimman kunnioituksen!<\/p>\n<p>Emme j\u00e4t\u00e4 j\u00e4lkeemme sotkua, emmek\u00e4 j\u00e4\u00e4 takapihallesi kuukausiksi.<\/p>\n<p>Yksi ydinarvoistamme on nopeus \u2013 koskien sek\u00e4 toimitusta ett\u00e4 asennusta.<\/p>\n<p>Toinen arvoistamme on yksinkertaisuus: emme vaikeuta asioita teknisell\u00e4 jargonilla, vaan selit\u00e4mme kaiken selke\u00e4sti ja ymm\u00e4rrett\u00e4v\u00e4sti.<\/p>\n<p>Kolmas perusarvomme on luovuus: olemme ylpeit\u00e4 innovatiivisista ideoistamme ja suunnitelmistamme, jotka ovat aina r\u00e4\u00e4t\u00e4l\u00f6ity juuri sinun toiveidesi mukaan.<\/p>\n<p>Emme koskaan tee asioita puolivillaisesti vain s\u00e4\u00e4st\u00e4\u00e4ksemme \u2013 valitsemme kest\u00e4v\u00e4n ja ymp\u00e4rist\u00f6yst\u00e4v\u00e4llisen l\u00e4hestymistavan, ei siksi ett\u00e4 t\u00e4ytyy, vaan koska meille aidosti merkitsee, millainen vaikutus Factory.Salella on maailmaan.<\/p>\n<p>Emme halua vain rahojasi \u2013 haluamme rakentaa elinik\u00e4isen yst\u00e4vyyden, jotta palaat luoksemme aina, koska palvelumme on oikeasti poikkeuksellisen hyv\u00e4\u00e4.<\/p>\n<p>Tuntuuko t\u00e4m\u00e4 oikealta valinnalta sinulle?<\/p>\n<p>Jos kyll\u00e4, ota meihin yhteytt\u00e4 osoitteessa <a href=\"mailto:order@factory.sale\">order@factory.sale<\/a> ja aloitetaan yhdess\u00e4 muutosmatka kohti uutta tilaa \u2013 jo t\u00e4n\u00e4\u00e4n!<\/p>\n<p><a href=\"https:\/\/factory.sale\/shop-all\/\">Osta nyt<\/a><\/p>\n                <\/div>\n                    <\/div>\n    <\/div>\n\n\n\n\n<div class=\"el-text-icons pb-5\">\n        <div class=\"row\">\n            <div class=\"col-xl-12 pb-xl-5 pb-4\">\n                <!-- <h4>Suomeksi<\/h4> -->\n            <\/div>\n                            <div class=\"col-xl-3 col-icon\">\n                    <img decoding=\"async\" src=\"https:\/\/factory.sale\/wp-content\/uploads\/2025\/04\/Vector-18.svg\">\n                    <div class=\"d-flex flex-column align-items-start justify-content-center align-items-xl-center\">\n                    <span class=\"icon-title\">Helppo tilaus<\/span>\n                    <span class=\"icon-description\">Tarjousta varten t\u00e4yt\u00e4 tarjouspyynt\u00f6lomake<\/span>\n                    <\/div>\n                <\/div>\n                            <div class=\"col-xl-3 col-icon\">\n                    <img decoding=\"async\" src=\"https:\/\/factory.sale\/wp-content\/uploads\/2025\/05\/Vector-33.svg\">\n                    <div class=\"d-flex flex-column align-items-start justify-content-center align-items-xl-center\">\n                    <span class=\"icon-title\">Vastausaika 24 tunnin kuluessa<\/span>\n                    <span class=\"icon-description\">Nopea ja asiallinen kommunikointi<\/span>\n                    <\/div>\n                <\/div>\n                            <div class=\"col-xl-3 col-icon\">\n                    <img decoding=\"async\" src=\"https:\/\/factory.sale\/wp-content\/uploads\/2025\/05\/Vector-34.svg\">\n                    <div class=\"d-flex flex-column align-items-start justify-content-center align-items-xl-center\">\n                    <span class=\"icon-title\">Parhaan hinnan takuu<\/span>\n                    <span class=\"icon-description\">Edulliset tehdashinnat<\/span>\n                    <\/div>\n                <\/div>\n                            <div class=\"col-xl-3 col-icon\">\n                    <img decoding=\"async\" src=\"https:\/\/factory.sale\/wp-content\/uploads\/2025\/05\/Vector-35.svg\">\n                    <div class=\"d-flex flex-column align-items-start justify-content-center align-items-xl-center\">\n                    <span class=\"icon-title\">Nopea toimitus ymp\u00e4ri Euroopan<\/span>\n                    <span class=\"icon-description\">Laaja logistiikkaverkosto koko Euroopassa<\/span>\n                    <\/div>\n                <\/div>\n                    <\/div>\n    <\/div>\n","protected":false},"excerpt":{"rendered":"<p>Factory.Sale on kokonaisvaltainen alusta \u2013 tarjoamme sek\u00e4 korkealaatuisia rakennustuotteita ett\u00e4 ammattitaitoisia asennuspalveluita. Olipa kyse sitten kodin, toimiston tai mink\u00e4 tahansa kiinteist\u00f6n remontista \u2013 meilt\u00e4 saat kaiken tarvittavan. Lis\u00e4ksi, toisin kuin useimmat rakennusyritykset, jotka k\u00e4ytt\u00e4v\u00e4t v\u00e4lik\u00e4si\u00e4, me toimitamme SUORAAN tehtaalta arkkitehdeille, rakentajille, urakoitsijoille ja kotitalouksille ymp\u00e4ri Skandinaviaa ja Baltiaa! Missiomme Missiomme on olla luotettava kumppani Skandinaviassa [&hellip;]<\/p>\n","protected":false},"author":5,"featured_media":0,"parent":0,"menu_order":0,"comment_status":"closed","ping_status":"closed","template":"page-templates\/template-about.php","meta":{"_acf_changed":false,"footnotes":""},"class_list":["post-105116","page","type-page","status-publish","hentry"],"acf":[],"_links":{"self":[{"href":"https:\/\/factory.sale\/fi\/wp-json\/wp\/v2\/pages\/105116","targetHints":{"allow":["GET"]}}],"collection":[{"href":"https:\/\/factory.sale\/fi\/wp-json\/wp\/v2\/pages"}],"about":[{"href":"https:\/\/factory.sale\/fi\/wp-json\/wp\/v2\/types\/page"}],"author":[{"embeddable":true,"href":"https:\/\/factory.sale\/fi\/wp-json\/wp\/v2\/users\/5"}],"replies":[{"embeddable":true,"href":"https:\/\/factory.sale\/fi\/wp-json\/wp\/v2\/comments?post=105116"}],"version-history":[{"count":23,"href":"https:\/\/factory.sale\/fi\/wp-json\/wp\/v2\/pages\/105116\/revisions"}],"predecessor-version":[{"id":141087,"href":"https:\/\/factory.sale\/fi\/wp-json\/wp\/v2\/pages\/105116\/revisions\/141087"}],"wp:attachment":[{"href":"https:\/\/factory.sale\/fi\/wp-json\/wp\/v2\/media?parent=105116"}],"curies":[{"name":"wp","href":"https:\/\/api.w.org\/{rel}","templated":true}]}}