{"id":105110,"date":"2025-04-29T22:59:47","date_gmt":"2025-04-29T22:59:47","guid":{"rendered":"https:\/\/factory.sale\/shop-all\/"},"modified":"2025-10-29T10:55:13","modified_gmt":"2025-10-29T07:55:13","slug":"shop-all","status":"publish","type":"page","link":"https:\/\/factory.sale\/fi\/shop-all\/","title":{"rendered":"Kauppa"},"content":{"rendered":"\n<h4 class=\"wp-block-heading\"><strong>Tervetuloa verkkokauppaamme \u2013 tutustu kaikkiin tuoteryhmiines<\/strong><\/h4>\n\n\n\n<p>Factory Sale tarjoaa laajan valikoiman laadukkaita tuotteita kaikissa kategorioissa. Etsitp\u00e4 sitten rakennusmateriaaleja, sisustustuotteita, puutarhatarvikkeita, ty\u00f6kaluja tai teollisuuskontteja \u2013 l\u00f6yd\u00e4t ne meilt\u00e4. Tuotteemme on valittu huolella t\u00e4ytt\u00e4m\u00e4\u00e4n sek\u00e4 ammattilaisten ett\u00e4 kuluttajien tarpeet. Kilpailukykyiset hinnat, nopea toimitus Eurooppaan ja erinomainen asiakastuki tekev\u00e4t Factory Salesta luotettavan valinnan.<\/p>\n","protected":false},"excerpt":{"rendered":"<p>Tervetuloa verkkokauppaamme \u2013 tutustu kaikkiin tuoteryhmiines Factory Sale tarjoaa laajan valikoiman laadukkaita tuotteita kaikissa kategorioissa. Etsitp\u00e4 sitten rakennusmateriaaleja, sisustustuotteita, puutarhatarvikkeita, ty\u00f6kaluja tai teollisuuskontteja \u2013 l\u00f6yd\u00e4t ne meilt\u00e4. Tuotteemme on valittu huolella t\u00e4ytt\u00e4m\u00e4\u00e4n sek\u00e4 ammattilaisten ett\u00e4 kuluttajien tarpeet. Kilpailukykyiset hinnat, nopea toimitus Eurooppaan ja erinomainen asiakastuki tekev\u00e4t Factory Salesta luotettavan valinnan.<\/p>\n","protected":false},"author":5,"featured_media":0,"parent":0,"menu_order":0,"comment_status":"closed","ping_status":"closed","template":"page-templates\/template-shop.php","meta":{"_acf_changed":false,"footnotes":""},"class_list":["post-105110","page","type-page","status-publish","hentry"],"acf":[],"_links":{"self":[{"href":"https:\/\/factory.sale\/fi\/wp-json\/wp\/v2\/pages\/105110","targetHints":{"allow":["GET"]}}],"collection":[{"href":"https:\/\/factory.sale\/fi\/wp-json\/wp\/v2\/pages"}],"about":[{"href":"https:\/\/factory.sale\/fi\/wp-json\/wp\/v2\/types\/page"}],"author":[{"embeddable":true,"href":"https:\/\/factory.sale\/fi\/wp-json\/wp\/v2\/users\/5"}],"replies":[{"embeddable":true,"href":"https:\/\/factory.sale\/fi\/wp-json\/wp\/v2\/comments?post=105110"}],"version-history":[{"count":5,"href":"https:\/\/factory.sale\/fi\/wp-json\/wp\/v2\/pages\/105110\/revisions"}],"predecessor-version":[{"id":130591,"href":"https:\/\/factory.sale\/fi\/wp-json\/wp\/v2\/pages\/105110\/revisions\/130591"}],"wp:attachment":[{"href":"https:\/\/factory.sale\/fi\/wp-json\/wp\/v2\/media?parent=105110"}],"curies":[{"name":"wp","href":"https:\/\/api.w.org\/{rel}","templated":true}]}}