{"id":105106,"date":"2025-05-02T22:04:04","date_gmt":"2025-05-02T22:04:04","guid":{"rendered":"https:\/\/factory.sale\/price\/"},"modified":"2025-10-23T14:12:15","modified_gmt":"2025-10-23T11:12:15","slug":"price-inquiry","status":"publish","type":"page","link":"https:\/\/factory.sale\/fi\/price-inquiry\/","title":{"rendered":"Tarjouspyynt\u00f6lomake"},"content":{"rendered":"\n<p><\/p>\n\n\n\n<h4 class=\"wp-block-heading\">Etk\u00f6 l\u00f6yt\u00e4nyt etsim\u00e4\u00e4si tuotetta?<\/h4>\n\n\n\n<p>Ei h\u00e4t\u00e4\u00e4 &#8211; ota meihin yhteytt\u00e4 t\u00e4ytt\u00e4m\u00e4ll\u00e4 alla oleva tarjouspyynt\u00f6lomake tai l\u00e4het\u00e4 s\u00e4hk\u00f6postia osoitteeseen <a href=\"mailto:myynti@factory.sale\">myynti@factory.sale<\/a> &#8211; tiimimme ottaa Sinuun yhteytt\u00e4 24h sis\u00e4ll\u00e4.<\/p>\n\n\n\n<p><\/p>\n","protected":false},"excerpt":{"rendered":"<p>Etk\u00f6 l\u00f6yt\u00e4nyt etsim\u00e4\u00e4si tuotetta? Ei h\u00e4t\u00e4\u00e4 &#8211; ota meihin yhteytt\u00e4 t\u00e4ytt\u00e4m\u00e4ll\u00e4 alla oleva tarjouspyynt\u00f6lomake tai l\u00e4het\u00e4 s\u00e4hk\u00f6postia osoitteeseen myynti@factory.sale &#8211; tiimimme ottaa Sinuun yhteytt\u00e4 24h sis\u00e4ll\u00e4.<\/p>\n","protected":false},"author":5,"featured_media":0,"parent":0,"menu_order":0,"comment_status":"closed","ping_status":"closed","template":"page-templates\/template-price-inquiry.php","meta":{"_acf_changed":false,"footnotes":""},"class_list":["post-105106","page","type-page","status-publish","hentry"],"acf":[],"_links":{"self":[{"href":"https:\/\/factory.sale\/fi\/wp-json\/wp\/v2\/pages\/105106","targetHints":{"allow":["GET"]}}],"collection":[{"href":"https:\/\/factory.sale\/fi\/wp-json\/wp\/v2\/pages"}],"about":[{"href":"https:\/\/factory.sale\/fi\/wp-json\/wp\/v2\/types\/page"}],"author":[{"embeddable":true,"href":"https:\/\/factory.sale\/fi\/wp-json\/wp\/v2\/users\/5"}],"replies":[{"embeddable":true,"href":"https:\/\/factory.sale\/fi\/wp-json\/wp\/v2\/comments?post=105106"}],"version-history":[{"count":5,"href":"https:\/\/factory.sale\/fi\/wp-json\/wp\/v2\/pages\/105106\/revisions"}],"predecessor-version":[{"id":130219,"href":"https:\/\/factory.sale\/fi\/wp-json\/wp\/v2\/pages\/105106\/revisions\/130219"}],"wp:attachment":[{"href":"https:\/\/factory.sale\/fi\/wp-json\/wp\/v2\/media?parent=105106"}],"curies":[{"name":"wp","href":"https:\/\/api.w.org\/{rel}","templated":true}]}}