{"id":105094,"date":"2025-06-05T13:33:41","date_gmt":"2025-06-05T10:33:41","guid":{"rendered":"https:\/\/factory.sale\/reliable-partner\/"},"modified":"2025-08-03T22:39:53","modified_gmt":"2025-08-03T19:39:53","slug":"reliable-partner","status":"publish","type":"page","link":"https:\/\/factory.sale\/fi\/reliable-partner\/","title":{"rendered":"Luotettava Kumppani"},"content":{"rendered":"\n    <div class=\"el-text-columns pb-3\">\n        <div class=\"row\">\n                            <div class=\"col-xl-6 pe-xl-4 \">\n                    <p><img loading=\"lazy\" decoding=\"async\" class=\"alignnone size-full wp-image-105084\" src=\"https:\/\/factory.sale\/wp-content\/uploads\/2025\/06\/vastuu-group-logo.webp\" alt=\"\" width=\"239\" height=\"36\" srcset=\"https:\/\/factory.sale\/wp-content\/uploads\/2025\/06\/vastuu-group-logo.webp 239w, https:\/\/factory.sale\/wp-content\/uploads\/2025\/06\/vastuu-group-logo-150x23.webp 150w\" sizes=\"auto, (max-width: 239px) 100vw, 239px\" \/><br \/>\n&nbsp;<\/p>\n<h1>Luotettava Kumppani<\/h1>\n<p>Factory.Sale on liittynyt Vastuu Group OY Luotettava Kumppani -ohjelmaan. Luotettavaan Kumppani -ohjelmaan liittyminen on meid\u00e4n takuumme sek\u00e4 kumppaneille ett\u00e4 asiakkaille siit\u00e4, ett\u00e4 tarjoamme korkealaatuisia tuotteita ja luotettavaa palvelua.<\/p>\n<p>Tarkkuutemme, sitoutumisemme ja l\u00e4pin\u00e4kyvyytemme takaavat asiakkaille mielenrauhan, sill\u00e4 he voivat olla varmoja saavansa juuri sen, mit\u00e4 tarvitsevat, ja n\u00e4in ollen v\u00e4lt\u00e4mme kaikenlaiset ongelmat v\u00e4\u00e4r\u00e4n tavaran kanssa. Luotettavaan Kumppani -ohjelmaan liittyminen on merkki siit\u00e4, ett\u00e4 t\u00e4yt\u00e4mme sopimusvastuulain mukaiset yhteiskunnalliset velvoitteet.<\/p>\n<h4><strong>Mik\u00e4 on Tilaajavastuulaki??<\/strong><\/h4>\n<p>Tilaajavastuulaki (22.12.2006\/1233) velvoittaa tilaajan selvitt\u00e4m\u00e4\u00e4n, t\u00e4ytt\u00e4v\u00e4tk\u00f6 sen sopimuskumppanit sopimusosapuolina ja ty\u00f6nantajina lain s\u00e4\u00e4t\u00e4mi\u00e4 velvoitteita. Lain tavoitteena on est\u00e4\u00e4 harmaata taloutta ja edist\u00e4\u00e4 yritysten v\u00e4list\u00e4 tasapuolista kilpailua sek\u00e4 asianmukaisten ty\u00f6olojen turvaamista. Etel\u00e4-Suomen aluehallintovirasto valvoo lain noudattamista.<\/p>\n<p>Lue lis\u00e4\u00e4: Etel\u00e4-Suomen aluehallintovirasto<br \/>\nhttps:\/\/www.vastuugroup.fi\/fi-fi\/tilaajavastuulaki<\/p>\n                <\/div>\n                            <div class=\"col-xl-6  ps-xl-4\">\n                    <h4>Luotettavan Kumppanin palvelun edut Factory.Sale:<\/h4>\n<ul>\n<li>sopimusvastuulain edellytt\u00e4m\u00e4t asiakirjat ovat saatavilla osoitteessa <a href=\"https:\/\/www.vastuugroup.fi\" target=\"_blank\" rel=\"noopener\">https:\/\/www.vastuugroup.fi<\/a>;<\/li>\n<li>kaikki asiakkaamme voivat hankkia yrityksemme Luotettavan Kumppanin s\u00e4hk\u00f6isen raportin, joka on voimassa ajallisesti;<\/li>\n<li>luotettavan Kumppanin logo verkkosivustollamme takaa tilaajalle, ett\u00e4 yrityksemme t\u00e4ytt\u00e4\u00e4 sopimusvastuulain mukaiset yhteiskunnalliset velvoitteet.<\/li>\n<\/ul>\n<p>Luotettavan kumppanin raportti sis\u00e4lt\u00e4\u00e4 seuraavat selitykset:<\/p>\n<ul>\n<li>selitys esirekister\u00f6intiin, arvonlis\u00e4verovelvollisten rekisteriin ja ty\u00f6nantajien rekisteriin kuulumisesta;<\/li>\n<li>taupparekisteriotte;<\/li>\n<li>todistus maksetuista veroista;<\/li>\n<li>todistus el\u00e4kevakuutuksen olemassaolosta ja el\u00e4kevakuutusmaksujen suorittamisesta;<\/li>\n<li>todistus sovellettavasta ty\u00f6ehtosopimuksesta;<\/li>\n<li>todistus voimassa olevasta tapaturmavakuutuksesta;<\/li>\n<li>liiketoimintakieltoja;<\/li>\n<li>selvitys ty\u00f6terveyshuollon j\u00e4rjest\u00e4misest\u00e4.<\/li>\n<\/ul>\n<p>Ty\u00f6terveyshuollon j\u00e4rjest\u00e4misen selitys.<\/p>\n<p><img loading=\"lazy\" decoding=\"async\" class=\"\" src=\"https:\/\/factory.sale\/wp-content\/uploads\/2024\/04\/factory-sale-luotettava-kumppani-logo-fin-252x100.webp\" alt=\"factory-sale-luotettava-kumppani-logo-fin\" width=\"272\" height=\"108\" \/><\/p>\n                <\/div>\n                    <\/div>\n    <\/div>\n\n","protected":false},"excerpt":{"rendered":"","protected":false},"author":5,"featured_media":105082,"parent":0,"menu_order":0,"comment_status":"closed","ping_status":"closed","template":"page-templates\/template-partner.php","meta":{"_acf_changed":false,"footnotes":""},"class_list":["post-105094","page","type-page","status-publish","has-post-thumbnail","hentry"],"acf":[],"_links":{"self":[{"href":"https:\/\/factory.sale\/fi\/wp-json\/wp\/v2\/pages\/105094","targetHints":{"allow":["GET"]}}],"collection":[{"href":"https:\/\/factory.sale\/fi\/wp-json\/wp\/v2\/pages"}],"about":[{"href":"https:\/\/factory.sale\/fi\/wp-json\/wp\/v2\/types\/page"}],"author":[{"embeddable":true,"href":"https:\/\/factory.sale\/fi\/wp-json\/wp\/v2\/users\/5"}],"replies":[{"embeddable":true,"href":"https:\/\/factory.sale\/fi\/wp-json\/wp\/v2\/comments?post=105094"}],"version-history":[{"count":2,"href":"https:\/\/factory.sale\/fi\/wp-json\/wp\/v2\/pages\/105094\/revisions"}],"predecessor-version":[{"id":115561,"href":"https:\/\/factory.sale\/fi\/wp-json\/wp\/v2\/pages\/105094\/revisions\/115561"}],"wp:featuredmedia":[{"embeddable":true,"href":"https:\/\/factory.sale\/fi\/wp-json\/wp\/v2\/media\/105082"}],"wp:attachment":[{"href":"https:\/\/factory.sale\/fi\/wp-json\/wp\/v2\/media?parent=105094"}],"curies":[{"name":"wp","href":"https:\/\/api.w.org\/{rel}","templated":true}]}}