{"id":99854,"date":"2025-02-11T21:53:54","date_gmt":"2025-02-11T19:12:21","guid":{"rendered":"https:\/\/factory.sale\/?post_type=product&#038;p=99854"},"modified":"2025-03-23T00:57:58","modified_gmt":"2025-03-22T21:57:58","slug":"inverter-kontio-solar-4kw-3-faasiline-380v-50hz","status":"publish","type":"product","link":"https:\/\/factory.sale\/et\/toode\/inverter-kontio-solar-4kw-3-faasiline-380v-50hz\/","title":{"rendered":"Inverter Kontio Solar, 4kW, 3-faasiline, 380V, 50Hz"},"content":{"rendered":"<p><strong>Tootekood:<\/strong> KON-KS00013<\/p>\n<p>&nbsp;<\/p>\n<p>T\u00f5hus ja usaldusv\u00e4\u00e4rne Kontio Solar 4 kW On-Grid inverter on loodud p\u00e4ikesepaneelide maksimaalse kasu saavutamiseks. See k\u00f5rgekvaliteediline v\u00f5rguinverter (\u00fchendatud elektriv\u00f5rku) on ideaalne lahendus nii elamu- kui ka \u00e4rikasutuseks m\u00f5eldud p\u00e4ikeseelektrijaamadele. Tehnoloogia liidrina pakume tipptasemel inverterit, mis tagab t\u00f5husa ja stabiilse energia muundamise.<\/p>\n<p>&nbsp;<\/p>\n<p><strong>TIPPTASEMEL TEHNOLOOGIA<\/strong><\/p>\n<p>Kontio Solar On-Grid inverter pakub \u00fcle 99% efektiivsust. See muundab p\u00e4ikesepaneelidest tuleva alalisvoolu (DC) usaldusv\u00e4\u00e4rselt vahelduvvooluks (AC), valmistades selle ette v\u00f5rku suunamiseks. See kvaliteetne inverter t\u00f5stab pinge 400V-ni 3-faasilises s\u00fcsteemis, tagades efektiivse ja stabiilse energiavarustuse.<\/p>\n<p>&nbsp;<\/p>\n<p><strong>PARIM VALIK 3-FAASILISELE S\u00dcSTEEMILE<\/strong><\/p>\n<p>Kontio Solar 4 kW inverter annab selge eelise 3-faasilistes s\u00fcsteemides. Erinevalt \u00fchefaasilisest inverterist tagab kolmefaasiline inverter optimaalse energiakasutuse, maksimeerides t\u00f5husust ja v\u00e4hendades tarbetut energiakadu.<\/p>\n<p>&nbsp;<\/p>\n<p><strong>\u00dcHILDUVUS MITME P\u00c4IKESEPANEELIGA<\/strong><\/p>\n<p>Selleks, et tagada parim investeeringutasuvus, saab Kontio Solar 4 kW inverterit \u00fchendada kuni 12 p\u00e4ikesepaneeliga. Maksimaalne sisendv\u00f5imsus on 5.2 kW ja aktiivne vahelduvvoolu v\u00e4ljundv\u00f5imsus 4.4 kW, mis tagab efektiivse energiatoomise.<\/p>\n<p>&nbsp;<\/p>\n<p><strong>LIHTNE HALDUS WIFI \u00dcHENDUSEGA<\/strong><\/p>\n<p>Kontio Solar inverter toetab WiFi-\u00fchendust, muutes seadme j\u00e4lgimise ja haldamise lihtsaks. J\u00e4lgi oma energiatootmist ja optimeeri s\u00fcsteemi t\u00f5husust igal ajal ja igas kohas.<\/p>\n<p>&nbsp;<\/p>\n<p>&nbsp;<\/p>\n<p><strong>Toote spetsifikatsioonid:<\/strong><\/p>\n<ul>\n<li>Maksimaalne DC sisendv\u00f5imsus (kW): 5.2<\/li>\n<li>Maksimaalne DC sisendpinge (V): 1000<\/li>\n<li>DC k\u00e4ivituspinge (V): 140<\/li>\n<li>MPPT (Maksimaalse v\u00f5imsuspunkti j\u00e4lgimise) t\u00f6\u00f6piirkond (V): 120-850<\/li>\n<li>Maksimaalne DC sisendvool (A): 20+20<\/li>\n<li>Maksimaalne l\u00fchisvool (A): 30+30<\/li>\n<li>MPPT j\u00e4lgimisseadmete arv: 2<\/li>\n<li>Stringide arv MPPT j\u00e4lgimise kohta: 1<\/li>\n<li>Nimiv\u00e4ljundv\u00f5imsus (kW): 4<\/li>\n<li>Maksimaalne aktiivne v\u00f5imsus (kW): 4.4<\/li>\n<li>Nimipinge \/ vahemik (V): 3L\/N\/PE 220\/380V, 230\/400V<\/li>\n<li>Nominaalne sagedus (Hz): 50\/60 (valitav)<\/li>\n<li>T\u00f6\u00f6faasid: Kolmefaasiline<\/li>\n<li>Nominaalne AC v\u00f5rgu v\u00e4ljundvool (A): 6.1\/5.8<\/li>\n<li>Maksimaalne AC v\u00e4ljundvool (A): 6.7\/6.4<\/li>\n<li>V\u00e4ljundv\u00f5imsustegur: 0.8 (viivitus 0.8)<\/li>\n<li>V\u00f5rgut\u00e4mbri THD (harmooniline kogu-moonutus): &lt;3%<\/li>\n<li>DC s\u00fcstimispinge (mA): &lt;0.5%<\/li>\n<li>V\u00f5rgusageduse vahemik (Hz): 4752 v\u00f5i 5762 (valitav)<\/li>\n<li>Maksimaalne efektiivsus: 98.3%<\/li>\n<li>Euroopa efektiivsus: 97.5%<\/li>\n<li>MPPT j\u00e4lgimise efektiivsus: &gt;99%<\/li>\n<li>Kaitsefunktsioonid<\/li>\n<li>DC polaarsuse p\u00f6\u00f6rdkaitse<\/li>\n<li>AC l\u00fchisekaitse<\/li>\n<li>AC v\u00e4ljundi \u00fclekoormuskaitse<\/li>\n<li>V\u00e4ljundi \u00fclepinge kaitse<\/li>\n<li>Isolatsioonitakistuse j\u00e4lgimine<\/li>\n<li>Maandusrikke j\u00e4lgimine<\/li>\n<li>Saare moodustumise v\u00e4ltimine (anti-islanding)<\/li>\n<li>\u00dclekuumenemiskaitse<\/li>\n<li>Integreeritud DC-l\u00fcliti<\/li>\n<li>Tarkvara kaugv\u00e4rskendused<\/li>\n<li>Kaugseadete muutmine<\/li>\n<li>\u00dclepinge kaitse DC t\u00fc\u00fcp 2 \/ AC t\u00fc\u00fcp 2<\/li>\n<li>Br\u00e4nd: Kontio Solar<\/li>\n<li>Tootjariik: Hiina<\/li>\n<li>GTIN-kood: 6438431035508<\/li>\n<li>Toote m\u00f5\u00f5tmed<\/li>\n<li>K\u00f5rgus (mm): 185<\/li>\n<li>Laius (mm): 457<\/li>\n<li>S\u00fcgavus (mm): 330<\/li>\n<li>Kaal (kg): 10<\/li>\n<li>V\u00e4rvus: Valge<\/li>\n<li>Topoloogia: Trafo vaba (Transformerless)<\/li>\n<li>Sisemine energiakasutus: &lt;1W (\u00f6\u00f6re\u017eiimis)<\/li>\n<li>T\u00f6\u00f6temperatuur: -25 kuni 65\u00b0C<\/li>\n<li>M\u00fcratase: \u226430 dB<\/li>\n<li>Jahutus: Looduslik jahutus<\/li>\n<li>Maksimaalne paigaldusk\u00f5rgus (m): 2000<\/li>\n<li>V\u00f5rguliidese standardid: VDE4105, IEC61727\/62116, VDE0126, AS4777.2, CEI021, EN50549-1, G98, G99, C10-11, UNE217002, NBR16149\/NBR16150<\/li>\n<li>T\u00f6\u00f6keskkonna niiskusvahemik: 0-100%<\/li>\n<li>Ohutus &amp; EMC standardid: IEC\/EN61000-6-1\/2\/3\/4, IEC\/EN62109-1, IEC\/EN62109-2<\/li>\n<li>\u00dchildub MC4-ga<\/li>\n<li>IP65 kaitseklassiga pistik<\/li>\n<li>Ekraan: LCD1602<\/li>\n<li>Liidesed: RS485 \/ RS232 \/ WiFi \/ LAN<\/li>\n<li>Pakendi m\u00f5\u00f5tmed ja kaal<\/li>\n<li>Pakendi laius (mm): 457.00<\/li>\n<li>Pakendi k\u00f5rgus (mm): 185.00<\/li>\n<li>Pakendi s\u00fcgavus (mm): 330.00<\/li>\n<li>Saatmiskaal (kg): 10.00<\/li>\n<\/ul>\n<p>&nbsp;<\/p>\n<p>&nbsp;<\/p>\n<p><a href=\"https:\/\/factory.sale\/wp-content\/uploads\/2025\/02\/Kontio-Solar-standardid.pdf\" target=\"_blank\" rel=\"noopener\">Kontio Solar standardid<\/a><\/p>\n","protected":false},"excerpt":{"rendered":"<p>Kontio Solar 4 kW 3-faasiline inverter \u00fchendab efektiivsuse, t\u00f6\u00f6kindluse ja tipptasemel tehnoloogia, olles ideaalne valik elamu- ja \u00e4rikasutuseks m\u00f5eldud p\u00e4ikeseenergias\u00fcsteemidele.<\/p>\n","protected":false},"featured_media":99852,"comment_status":"open","ping_status":"closed","template":"","meta":{"_acf_changed":false},"factory":[],"free-shipment":[],"product_brand":[],"product_cat":[4176,965],"product_tag":[3002],"class_list":{"0":"post-99854","1":"product","2":"type-product","3":"status-publish","4":"has-post-thumbnail","6":"product_cat-kontio-solar-et","7":"product_cat-taastuv-energia","8":"product_tag-renewable-energy-et","10":"first","11":"instock","12":"sale","13":"taxable","14":"shipping-taxable","15":"purchasable","16":"product-type-simple"},"acf":[],"_links":{"self":[{"href":"https:\/\/factory.sale\/et\/wp-json\/wp\/v2\/product\/99854","targetHints":{"allow":["GET"]}}],"collection":[{"href":"https:\/\/factory.sale\/et\/wp-json\/wp\/v2\/product"}],"about":[{"href":"https:\/\/factory.sale\/et\/wp-json\/wp\/v2\/types\/product"}],"replies":[{"embeddable":true,"href":"https:\/\/factory.sale\/et\/wp-json\/wp\/v2\/comments?post=99854"}],"wp:featuredmedia":[{"embeddable":true,"href":"https:\/\/factory.sale\/et\/wp-json\/wp\/v2\/media\/99852"}],"wp:attachment":[{"href":"https:\/\/factory.sale\/et\/wp-json\/wp\/v2\/media?parent=99854"}],"wp:term":[{"taxonomy":"factory","embeddable":true,"href":"https:\/\/factory.sale\/et\/wp-json\/wp\/v2\/factory?post=99854"},{"taxonomy":"free-shipment","embeddable":true,"href":"https:\/\/factory.sale\/et\/wp-json\/wp\/v2\/free-shipment?post=99854"},{"taxonomy":"product_brand","embeddable":true,"href":"https:\/\/factory.sale\/et\/wp-json\/wp\/v2\/product_brand?post=99854"},{"taxonomy":"product_cat","embeddable":true,"href":"https:\/\/factory.sale\/et\/wp-json\/wp\/v2\/product_cat?post=99854"},{"taxonomy":"product_tag","embeddable":true,"href":"https:\/\/factory.sale\/et\/wp-json\/wp\/v2\/product_tag?post=99854"}],"curies":[{"name":"wp","href":"https:\/\/api.w.org\/{rel}","templated":true}]}}