{"id":99814,"date":"2025-02-11T19:40:21","date_gmt":"2025-02-11T16:49:31","guid":{"rendered":"https:\/\/factory.sale\/?post_type=product&#038;p=99814"},"modified":"2025-02-25T10:50:34","modified_gmt":"2025-02-25T07:50:34","slug":"kontio-solar-410w-paikesepaneel-must-1-tk","status":"publish","type":"product","link":"https:\/\/factory.sale\/et\/toode\/kontio-solar-410w-paikesepaneel-must-1-tk\/","title":{"rendered":"Kontio Solar 410W p\u00e4ikesepaneel, must, 1 tk"},"content":{"rendered":"<p><strong>Tootekood:<\/strong> KON-KS005<\/p>\n<p>&nbsp;<\/p>\n<p>Kontio Solar 405W p\u00e4ikesepaneel on stiilse musta raamiga.<\/p>\n<p>&nbsp;<\/p>\n<p><strong>Tipptasemel p\u00e4ikeseenergia tehnoloogiad maksimaalseks efektiivsuseks<\/strong><\/p>\n<p><strong>MBB (Multi-Bus-Bar) tehnoloogia<\/strong><br \/>\nMBB-tehnoloogia t\u00e4hendab, et p\u00e4ikeseelement on varustatud 12 v\u00f5i 16 juhtivribaga, v\u00f5rreldes tavap\u00e4raste 4, 5 v\u00f5i 6 ribaga. See tagab suurema v\u00f5imsuse ja parema t\u00f6\u00f6kindluse. MBB kasutab \u00f5hukesi, \u00fcmarad kupartraate, mis v\u00e4listavad vajaduse ribade j\u00e4rele, mis ristuvad p\u00e4ikeseelemendiga. \u00dcmar ristl\u00f5ige parandab optilist j\u00f5udlust, kuna rohkem valgust peegeldub tagasi elemendi sisse.<\/p>\n<p>&nbsp;<\/p>\n<p><strong>PERC (Passivated Emitter and Rear Contact) tehnoloogia<\/strong><\/p>\n<p>PERC-tehnoloogia sisaldab passiveeritud tagakihti, mis hoiab \u00e4ra kiirguse lekke elemendi tagant, suurendades valguse neeldumist ja t\u00f5husust.<\/p>\n<p>&nbsp;<\/p>\n<p><strong>Half-Cut elemendi tehnoloogia<\/strong><\/p>\n<p>Half-Cut tehnoloogia suurendab energia tootmist, v\u00e4hendades elemendi suurust ja kahekordistades paneeli sees olevate elementide arvu. V\u00e4iksemad elemendid on vastupidavamad, mis pikendab paneeli eluiga. Kontio Solar monokristalliline element on laseriga l\u00f5igatud kaheks s\u00f5ltumatuks osaks, v\u00f5imaldades t\u00f5husamat energiatootmist ka varjutatud tingimustes.<br \/>\nN\u00e4iteks, kui puu vari osaliselt katab paneeli, j\u00e4tkab \u00fclemine pool ikkagi t\u00e4isv\u00f5imsusel t\u00f6\u00f6tamist. Samuti v\u00e4hendavad v\u00e4iksemad elemendid sisemist takistust, minimeerides energia kadu ja kuumenemist \u2013 tulemuseks on suurem elektritootlikkus.<\/p>\n<p>&nbsp;<\/p>\n<p><strong>Anti-PID (Potential-Induced Degradation) kaitse<\/strong><\/p>\n<p>Kontio Solar Anti-PID tehnoloogia v\u00e4hendab oluliselt PID n\u00e4htuse riski, kasutades kvaliteetset kvartsist klaasi, mis loomulikult sisaldab naatriumi. PID efekt tekib p\u00e4ikesepaneelides pooljuhtmaterjali ja paneeli muude osade, nagu klaasi, kinnituste v\u00f5i alumiiniumraami, vahelise potentsiaalierinevuse t\u00f5ttu.<br \/>\nKontio Solar maandustehnoloogia aitab PID m\u00f5ju piirata, tagades parema vastupidavuse ja pikaajalise j\u00f5udluse.<\/p>\n<p>&nbsp;<\/p>\n<p>&nbsp;<\/p>\n<p><strong>Toote spetsifikatsioonid:<\/strong><\/p>\n<ul>\n<li>Br\u00e4nd: Kontio Solar<\/li>\n<li>P\u00e4ritoluriik: Hiina<\/li>\n<li>K\u00f5rgus: 30 mm<\/li>\n<li>Laius: 1 134 mm<\/li>\n<li>S\u00fcgavus: 1 722 mm<\/li>\n<li>Raami v\u00e4rv: Must<\/li>\n<li>100% kontrollitud toode<\/li>\n<li>Kvaliteetne pakend<\/li>\n<li>Monokristalliline paneel<\/li>\n<li>Half-Cut elemendi tehnoloogia<\/li>\n<li>MBB (Multi-Bus-Bar) tehnoloogia<\/li>\n<li>Tuulekoormuse vastupidavus (alumine k\u00fclg): 2 400 Pa<\/li>\n<li>Lume koormuse vastupidavus: 5 400 Pa<\/li>\n<li>Raami materjal: Anodeeritud alumiinium<\/li>\n<li>Elementide arv: 108 (182 mm, 2&#215;54)<\/li>\n<li>T\u00f5husus: 20,8%<\/li>\n<li>Klaas: AR (Anti-reflective) kate, karastatud klaas, 3,2 mm paksune<\/li>\n<li>\u00dchendus: MC4, IP68 kaitseaste<\/li>\n<li>Kaabli pikkus: 1 200 mm (+ ja -), 4 mm\u00b2 paksusega<\/li>\n<li>Avatud vooluringi pinge: 37,23 V<\/li>\n<li>L\u00fchisvool: 13,87 A<\/li>\n<li>Maksimaalne v\u00f5imsuspinge: 31,21 V<\/li>\n<li>Maksimaalne v\u00f5imsusvool: 12,98 A<\/li>\n<li>Maksimaalne s\u00fcsteemipinge: 1 500 V<\/li>\n<li>Maksimaalne kaitse: 25 A<\/li>\n<li>T\u00f6\u00f6temperatuur: -40\u00b0C kuni +85\u00b0C<\/li>\n<li>Sertifikaadid: IEC\/EN61730-1, IEC\/EN61730-2<\/li>\n<li>V\u00f5imsus (W): 405W<\/li>\n<\/ul>\n<p>&nbsp;<\/p>\n<p><strong>Kogusep\u00f5hine allahindlus:<\/strong><\/p>\n<p>1 tk \u2013 105,11 EUR<br \/>\n2 tk \u2013 93,31 EUR<br \/>\n10 tk \u2013 89,41 EUR<br \/>\n18 tk \u2013 87,86 EUR<br \/>\n32 tk \u2013 85,53 EUR<\/p>\n<p>&nbsp;<\/p>\n<p><strong>Saadaval ka j\u00e4rgmised lisatarvikud:<\/strong><\/p>\n<ul>\n<li>Paigaldustarvikute komplekt \u2013 EASY RAIL esihoidik kivikatuse kinnitusele<\/li>\n<li>Paigaldustarvikute komplekt \u2013 EASY RAIL kivikatuse kinnitus<\/li>\n<li>Kinnituskomplekt \u2013 EASY RAIL kivikatusele<\/li>\n<li>Kinnituskomplekt \u2013 EASY RAIL tundlikule\/profiilplekile<\/li>\n<li>Kinnituskomplekt \u2013 EASY RAIL mustrikatusele<\/li>\n<li>Kinnituskomplekt \u2013 EASY RAIL kaldkatusele<\/li>\n<li>EASY RAIL kruvid kaldkatusele<\/li>\n<li>EASY RAIL hoidik laineplekile<\/li>\n<li>P\u00e4ikesejaama v\u00e4ljal\u00fclitusl\u00fcliti \u2013 KSM 425 4X25A 400V 11KW<\/li>\n<li>EASY RAIL kivikatuse alus<\/li>\n<li>Isolatsiooni eemaldamise tangid 160 mm<\/li>\n<li>EASY RAIL kruvid laineplekile<\/li>\n<li>EASY RAIL hoidik kaldkatusele<\/li>\n<li>EASY RAIL hoidik tellismustriga katusele<\/li>\n<li>EASY RAIL kruvid telliskivikatusele<\/li>\n<li>P\u00e4ikesejaama hoiatuskleebis<\/li>\n<\/ul>\n<p>&nbsp;<\/p>\n<p><a href=\"https:\/\/factory.sale\/wp-content\/uploads\/2025\/02\/kontio_solar_aurinkopaneeli_mittakuva.pdf\" target=\"_blank\" rel=\"noopener\">M\u00f5\u00f5tkava joonis<\/a><\/p>\n<p><a href=\"https:\/\/factory.sale\/wp-content\/uploads\/2025\/02\/Kontio-Solar-standardid.pdf\" target=\"_blank\" rel=\"noopener\">Kontio Solar standardid<\/a><\/p>\n","protected":false},"excerpt":{"rendered":"<p>Kontio Solar 405W p\u00e4ikesepaneelid pakuvad k\u00f5rget j\u00f5udlust, vastupidavust ja uuenduslikku tehnoloogiat, mist\u00f5ttu on need ideaalne valik kodudele, \u00e4ripindadele ja t\u00f6\u00f6stuslikuks kasutamiseks.<\/p>\n<p>Tee samm energias\u00f5ltumatuse poole Kontio Solar\u2019i k\u00f5rge efektiivsusega p\u00e4ikesepaneelidega juba t\u00e4na!<\/p>\n","protected":false},"featured_media":99811,"comment_status":"open","ping_status":"closed","template":"","meta":{"_acf_changed":false},"factory":[],"free-shipment":[],"product_brand":[],"product_cat":[4176,965],"product_tag":[2110],"class_list":{"0":"post-99814","1":"product","2":"type-product","3":"status-publish","4":"has-post-thumbnail","6":"product_cat-kontio-solar-et","7":"product_cat-taastuv-energia","8":"product_tag-solar-panel-et","10":"first","11":"instock","12":"sale","13":"taxable","14":"shipping-taxable","15":"purchasable","16":"product-type-simple"},"acf":[],"_links":{"self":[{"href":"https:\/\/factory.sale\/et\/wp-json\/wp\/v2\/product\/99814","targetHints":{"allow":["GET"]}}],"collection":[{"href":"https:\/\/factory.sale\/et\/wp-json\/wp\/v2\/product"}],"about":[{"href":"https:\/\/factory.sale\/et\/wp-json\/wp\/v2\/types\/product"}],"replies":[{"embeddable":true,"href":"https:\/\/factory.sale\/et\/wp-json\/wp\/v2\/comments?post=99814"}],"wp:featuredmedia":[{"embeddable":true,"href":"https:\/\/factory.sale\/et\/wp-json\/wp\/v2\/media\/99811"}],"wp:attachment":[{"href":"https:\/\/factory.sale\/et\/wp-json\/wp\/v2\/media?parent=99814"}],"wp:term":[{"taxonomy":"factory","embeddable":true,"href":"https:\/\/factory.sale\/et\/wp-json\/wp\/v2\/factory?post=99814"},{"taxonomy":"free-shipment","embeddable":true,"href":"https:\/\/factory.sale\/et\/wp-json\/wp\/v2\/free-shipment?post=99814"},{"taxonomy":"product_brand","embeddable":true,"href":"https:\/\/factory.sale\/et\/wp-json\/wp\/v2\/product_brand?post=99814"},{"taxonomy":"product_cat","embeddable":true,"href":"https:\/\/factory.sale\/et\/wp-json\/wp\/v2\/product_cat?post=99814"},{"taxonomy":"product_tag","embeddable":true,"href":"https:\/\/factory.sale\/et\/wp-json\/wp\/v2\/product_tag?post=99814"}],"curies":[{"name":"wp","href":"https:\/\/api.w.org\/{rel}","templated":true}]}}